{"id":748,"date":"2024-12-23T15:53:50","date_gmt":"2024-12-23T14:53:50","guid":{"rendered":"https:\/\/los-odpowiedzialni-spolecznie.pl\/?post_type=product&#038;p=748"},"modified":"2024-12-23T15:55:43","modified_gmt":"2024-12-23T14:55:43","slug":"syrop-dla-dzieci-z-babki-lancetowatej-i-dzikiej-rozy-bio-250g-apotheke","status":"publish","type":"product","link":"https:\/\/los-odpowiedzialni-spolecznie.pl\/en\/sklep\/produkty-spozywcze\/syropy\/smakowe-syropy\/syrop-dla-dzieci-z-babki-lancetowatej-i-dzikiej-rozy-bio-250g-apotheke\/","title":{"rendered":"Syrop dla dzieci z babki lancetowatej i dzikiej r\u00f3\u017cy BIO 250g Apotheke"},"content":{"rendered":"<h3>Opis Produktu<\/h3>\n<p class=\"name\"><strong>Syrop dla dzieci z babki lancetowatej i dzikiej r\u00f3\u017cy BIO 250g Apotheke<\/strong><\/p>\n<p><span data-containter=\"modal\">Zawarto\u015b\u0107 ekstraktu z li\u015bcia babki lancetowatej: 820 mg, zawarto\u015b\u0107 ekstraktu z suszonych owoc\u00f3w dzikiej r\u00f3\u017cy: 792 mg w maksymalnej dziennej dawce 20 ml.<\/span><strong><br \/>\nW sk\u0142adzie tylko ekologiczne sk\u0142adniki dobrane tak by wspomaga\u0107 organizm w walce z infekcj\u0105.<\/strong><\/p>\n<div class=\"dlugi_opis\"><strong>Sk\u0142ad:<\/strong>\u00a0<span data-containter=\"modal\">Cukier trzcinowy*, woda, ekstrakt z suszonego li\u015bcia babki lancetowatej* (4 %), ekstrakt z suszonych owoc\u00f3w r\u00f3zy* (4 %), regulator kwasowosci: kwas cytrynowy, koncentrat soku cytrynowego* (*certyfikowany sk\u0142adnik ekologiczny)<\/span><br \/>\n<strong>WARTO\u015a\u0106 OD\u017bYWCZA W 100 g<\/strong><br \/>\n<strong>Warto\u015b\u0107 energetyczna:\u00a01092 kJ \/\u00a0261 kcal<\/strong><br \/>\n<strong>T\u0142uszcz:\u00a0<\/strong>0 g<br \/>\n<strong>w tym kwasy t\u0142uszczowe nasycone:\u00a0<\/strong> 0 g<br \/>\n<strong>W\u0119glowodany:\u00a0<\/strong>65 g<br \/>\n<strong>w tym cukry<\/strong>:\u00a065 g<br \/>\n<strong>Bia\u0142ko:<\/strong> 0 g<br \/>\n<strong>S\u00f3l:<\/strong>\u00a00 g<strong>ZALECANE DZIENNE SPO\u017bYCIE<\/strong><br \/>\nDzieci od 12 miesiaca \u017cycia: 2 razy dziennie (2 x 7,5 ml dziennie),<br \/>\nDzieci powy\u017cej 3-go roku \u017cycia: 2 razy dziennie (2 x 10 ml dziennie).<strong>UWAGI<\/strong><br \/>\nNieodpowiedni dla kobiet w cia\u017cy i\u00a0 karmi\u0105cych. Suplement diety nie powinien byc stosowany jako substytut zr\u00f3\u017cnicowanej diety. Wstrz\u0105sn\u0105\u0107 przed spo\u017cyciem. Spo\u017cywa\u0107 bezpo\u015brednio lub wymieszany z napojem. Nie nale\u017cy przekracza\u0107 zalecanego dziennego spo\u017cycia. Nie zawiera alkoholu. Przechowywa\u0107 w miejscu niedost\u0119pnym dla ma\u0142ych dzieci!<strong>ZALECANE WARUNKI PRZECHOWYWANIA<\/strong><br \/>\nPrzechowywa\u0107 w suchym i\u00a0 ch\u0142odnym miejscu. Po otwarciu przechowywa\u0107 w lod\u00f3wce i spo\u017cy\u0107 w ci\u0105gu 2 tygodni.<\/div>","protected":false},"excerpt":{"rendered":"<p>Opis Produktu Syrop dla dzieci z babki lancetowatej i dzikiej r\u00f3\u017cy BIO 250g Apotheke Zawarto\u015b\u0107 ekstraktu z li\u015bcia babki lancetowatej: 820 mg, zawarto\u015b\u0107 ekstraktu z suszonych owoc\u00f3w dzikiej r\u00f3\u017cy: 792 mg w maksymalnej dziennej dawce 20 ml. W sk\u0142adzie tylko ekologiczne sk\u0142adniki dobrane tak by wspomaga\u0107 organizm w walce z infekcj\u0105. Sk\u0142ad:\u00a0Cukier trzcinowy*, woda, ekstrakt [&hellip;]<\/p>","protected":false},"featured_media":798,"template":"","meta":{"site-sidebar-layout":"default","site-content-layout":"","ast-site-content-layout":"default","site-content-style":"default","site-sidebar-style":"default","ast-global-header-display":"","ast-banner-title-visibility":"","ast-main-header-display":"","ast-hfb-above-header-display":"","ast-hfb-below-header-display":"","ast-hfb-mobile-header-display":"","site-post-title":"","ast-breadcrumbs-content":"","ast-featured-img":"","footer-sml-layout":"","theme-transparent-header-meta":"default","adv-header-id-meta":"","stick-header-meta":"","header-above-stick-meta":"","header-main-stick-meta":"","header-below-stick-meta":"","astra-migrate-meta-layouts":"set","ast-page-background-enabled":"default","ast-page-background-meta":{"desktop":{"background-color":"var(--ast-global-color-4)","background-image":"","background-repeat":"repeat","background-position":"center center","background-size":"auto","background-attachment":"scroll","background-type":"","background-media":"","overlay-type":"","overlay-color":"","overlay-opacity":"","overlay-gradient":""},"tablet":{"background-color":"","background-image":"","background-repeat":"repeat","background-position":"center center","background-size":"auto","background-attachment":"scroll","background-type":"","background-media":"","overlay-type":"","overlay-color":"","overlay-opacity":"","overlay-gradient":""},"mobile":{"background-color":"","background-image":"","background-repeat":"repeat","background-position":"center center","background-size":"auto","background-attachment":"scroll","background-type":"","background-media":"","overlay-type":"","overlay-color":"","overlay-opacity":"","overlay-gradient":""}},"ast-content-background-meta":{"desktop":{"background-color":"var(--ast-global-color-5)","background-image":"","background-repeat":"repeat","background-position":"center center","background-size":"auto","background-attachment":"scroll","background-type":"","background-media":"","overlay-type":"","overlay-color":"","overlay-opacity":"","overlay-gradient":""},"tablet":{"background-color":"var(--ast-global-color-5)","background-image":"","background-repeat":"repeat","background-position":"center center","background-size":"auto","background-attachment":"scroll","background-type":"","background-media":"","overlay-type":"","overlay-color":"","overlay-opacity":"","overlay-gradient":""},"mobile":{"background-color":"var(--ast-global-color-5)","background-image":"","background-repeat":"repeat","background-position":"center center","background-size":"auto","background-attachment":"scroll","background-type":"","background-media":"","overlay-type":"","overlay-color":"","overlay-opacity":"","overlay-gradient":""}}},"product_cat":[98,97],"product_tag":[34],"class_list":{"0":"post-748","1":"product","2":"type-product","3":"status-publish","4":"has-post-thumbnail","6":"product_cat-smakowe-syropy","7":"product_cat-syropy","8":"product_tag-etykieta-eko","9":"desktop-align-center","10":"tablet-align-left","11":"mobile-align-left","13":"first","14":"instock","15":"purchasable","16":"product-type-simple"},"_links":{"self":[{"href":"https:\/\/los-odpowiedzialni-spolecznie.pl\/en\/wp-json\/wp\/v2\/product\/748","targetHints":{"allow":["GET"]}}],"collection":[{"href":"https:\/\/los-odpowiedzialni-spolecznie.pl\/en\/wp-json\/wp\/v2\/product"}],"about":[{"href":"https:\/\/los-odpowiedzialni-spolecznie.pl\/en\/wp-json\/wp\/v2\/types\/product"}],"wp:featuredmedia":[{"embeddable":true,"href":"https:\/\/los-odpowiedzialni-spolecznie.pl\/en\/wp-json\/wp\/v2\/media\/798"}],"wp:attachment":[{"href":"https:\/\/los-odpowiedzialni-spolecznie.pl\/en\/wp-json\/wp\/v2\/media?parent=748"}],"wp:term":[{"taxonomy":"product_cat","embeddable":true,"href":"https:\/\/los-odpowiedzialni-spolecznie.pl\/en\/wp-json\/wp\/v2\/product_cat?post=748"},{"taxonomy":"product_tag","embeddable":true,"href":"https:\/\/los-odpowiedzialni-spolecznie.pl\/en\/wp-json\/wp\/v2\/product_tag?post=748"}],"curies":[{"name":"wp","href":"https:\/\/api.w.org\/{rel}","templated":true}]}}