{"id":741,"date":"2024-12-23T15:53:27","date_gmt":"2024-12-23T14:53:27","guid":{"rendered":"https:\/\/los-odpowiedzialni-spolecznie.pl\/?post_type=product&#038;p=741"},"modified":"2024-12-23T15:55:35","modified_gmt":"2024-12-23T14:55:35","slug":"herbatka-dla-dzieci-bajkowa-dzika-roza-i-truskawka-ekspres-20t-apotheke-bio","status":"publish","type":"product","link":"https:\/\/los-odpowiedzialni-spolecznie.pl\/en\/sklep\/produkty-spozywcze\/herbaty\/ekspresowe\/herbatka-dla-dzieci-bajkowa-dzika-roza-i-truskawka-ekspres-20t-apotheke-bio\/","title":{"rendered":"Herbatka dla dzieci Bajkowa dzika r\u00f3\u017ca i truskawka ekspres 20T APOTHEKE BIO"},"content":{"rendered":"<h3>Opis <strong>Produktu<\/strong><\/h3>\n<p class=\"h1 page-title\"><strong>Herbatka dla dzieci Bajkowa dzika r\u00f3\u017ca i truskawka ekspres 20T APOTHEKE BIO<\/strong><\/p>\n<div>Herbatka owocowa z dodatkiem dzikiej r\u00f3\u017cy i truskawek.<\/div>\n<div>Odpowiednia dla dzieci od 9- go miesi\u0105ca \u017cycia.<\/div>\n<div>\n<div><strong>Stosowanie:<\/strong> dzieci powy\u017cej 9- go miesi\u0105ca \u017cycia: 1 szklanka dziennie, dzieci powy\u017cej 3 lat: 2- 3 szklanki dziennie.<br \/>\n<strong>Waga<\/strong>: 40g<br \/>\n<strong>Sk\u0142adniki<\/strong>: owoc dzikiej r\u00f3\u017cy* 33%, kwiat hibiskusa*, owoc rokitnika*, li\u015b\u0107 je\u017cyny*, li\u015b\u0107 truskawki*, truskawki*\u00a05%, naturalny aromat truskawki, owoce any\u017cu*\u00a0(*certyfikowany sk\u0142adnik ekologiczny)<\/div>\n<\/div>\n<div><strong>Produkt rolnictwa ekologicznego.\u00a0<\/strong><\/div>","protected":false},"excerpt":{"rendered":"<p>Opis Produktu Herbatka dla dzieci Bajkowa dzika r\u00f3\u017ca i truskawka ekspres 20T APOTHEKE BIO Herbatka owocowa z dodatkiem dzikiej r\u00f3\u017cy i truskawek. Odpowiednia dla dzieci od 9- go miesi\u0105ca \u017cycia. Stosowanie: dzieci powy\u017cej 9- go miesi\u0105ca \u017cycia: 1 szklanka dziennie, dzieci powy\u017cej 3 lat: 2- 3 szklanki dziennie. Waga: 40g Sk\u0142adniki: owoc dzikiej r\u00f3\u017cy* 33%, [&hellip;]<\/p>","protected":false},"featured_media":796,"template":"","meta":{"site-sidebar-layout":"default","site-content-layout":"","ast-site-content-layout":"default","site-content-style":"default","site-sidebar-style":"default","ast-global-header-display":"","ast-banner-title-visibility":"","ast-main-header-display":"","ast-hfb-above-header-display":"","ast-hfb-below-header-display":"","ast-hfb-mobile-header-display":"","site-post-title":"","ast-breadcrumbs-content":"","ast-featured-img":"","footer-sml-layout":"","theme-transparent-header-meta":"default","adv-header-id-meta":"","stick-header-meta":"","header-above-stick-meta":"","header-main-stick-meta":"","header-below-stick-meta":"","astra-migrate-meta-layouts":"set","ast-page-background-enabled":"default","ast-page-background-meta":{"desktop":{"background-color":"var(--ast-global-color-4)","background-image":"","background-repeat":"repeat","background-position":"center center","background-size":"auto","background-attachment":"scroll","background-type":"","background-media":"","overlay-type":"","overlay-color":"","overlay-opacity":"","overlay-gradient":""},"tablet":{"background-color":"","background-image":"","background-repeat":"repeat","background-position":"center center","background-size":"auto","background-attachment":"scroll","background-type":"","background-media":"","overlay-type":"","overlay-color":"","overlay-opacity":"","overlay-gradient":""},"mobile":{"background-color":"","background-image":"","background-repeat":"repeat","background-position":"center center","background-size":"auto","background-attachment":"scroll","background-type":"","background-media":"","overlay-type":"","overlay-color":"","overlay-opacity":"","overlay-gradient":""}},"ast-content-background-meta":{"desktop":{"background-color":"var(--ast-global-color-5)","background-image":"","background-repeat":"repeat","background-position":"center center","background-size":"auto","background-attachment":"scroll","background-type":"","background-media":"","overlay-type":"","overlay-color":"","overlay-opacity":"","overlay-gradient":""},"tablet":{"background-color":"var(--ast-global-color-5)","background-image":"","background-repeat":"repeat","background-position":"center center","background-size":"auto","background-attachment":"scroll","background-type":"","background-media":"","overlay-type":"","overlay-color":"","overlay-opacity":"","overlay-gradient":""},"mobile":{"background-color":"var(--ast-global-color-5)","background-image":"","background-repeat":"repeat","background-position":"center center","background-size":"auto","background-attachment":"scroll","background-type":"","background-media":"","overlay-type":"","overlay-color":"","overlay-opacity":"","overlay-gradient":""}}},"product_cat":[45,44,47],"product_tag":[34],"class_list":{"0":"post-741","1":"product","2":"type-product","3":"status-publish","4":"has-post-thumbnail","6":"product_cat-ekspresowe","7":"product_cat-herbaty","8":"product_cat-owocowe-herbaty","9":"product_tag-etykieta-eko","10":"desktop-align-center","11":"tablet-align-left","12":"mobile-align-left","14":"first","15":"instock","16":"purchasable","17":"product-type-simple"},"_links":{"self":[{"href":"https:\/\/los-odpowiedzialni-spolecznie.pl\/en\/wp-json\/wp\/v2\/product\/741","targetHints":{"allow":["GET"]}}],"collection":[{"href":"https:\/\/los-odpowiedzialni-spolecznie.pl\/en\/wp-json\/wp\/v2\/product"}],"about":[{"href":"https:\/\/los-odpowiedzialni-spolecznie.pl\/en\/wp-json\/wp\/v2\/types\/product"}],"wp:featuredmedia":[{"embeddable":true,"href":"https:\/\/los-odpowiedzialni-spolecznie.pl\/en\/wp-json\/wp\/v2\/media\/796"}],"wp:attachment":[{"href":"https:\/\/los-odpowiedzialni-spolecznie.pl\/en\/wp-json\/wp\/v2\/media?parent=741"}],"wp:term":[{"taxonomy":"product_cat","embeddable":true,"href":"https:\/\/los-odpowiedzialni-spolecznie.pl\/en\/wp-json\/wp\/v2\/product_cat?post=741"},{"taxonomy":"product_tag","embeddable":true,"href":"https:\/\/los-odpowiedzialni-spolecznie.pl\/en\/wp-json\/wp\/v2\/product_tag?post=741"}],"curies":[{"name":"wp","href":"https:\/\/api.w.org\/{rel}","templated":true}]}}