{"id":740,"date":"2024-12-23T15:53:27","date_gmt":"2024-12-23T14:53:27","guid":{"rendered":"https:\/\/los-odpowiedzialni-spolecznie.pl\/?post_type=product&#038;p=740"},"modified":"2024-12-23T15:55:29","modified_gmt":"2024-12-23T14:55:29","slug":"herbatka-dla-dzieci-melisa-mieta-i-rumianek-po-6-miesiacu-bio-20-x-15-g-30-g-apotheke","status":"publish","type":"product","link":"https:\/\/los-odpowiedzialni-spolecznie.pl\/en\/sklep\/produkty-spozywcze\/herbaty\/ekspresowe\/herbatka-dla-dzieci-melisa-mieta-i-rumianek-po-6-miesiacu-bio-20-x-15-g-30-g-apotheke\/","title":{"rendered":"HERBATKA DLA DZIECI &#8211; MELISA, MI\u0118TA I RUMIANEK PO 6 MIESI\u0104CU BIO (20 x 1,5 g) 30 g &#8211; APOTHEKE"},"content":{"rendered":"<h3>Opis Produktu<\/h3>\n<p><strong>HERBATKA DLA DZIECI &#8211; MELISA, MI\u0118TA I RUMIANEK PO 6 MIESI\u0104CU BIO (20 x 1,5 g) 30 g &#8211; APOTHEKE<\/strong><\/p>\n<p>Herbata dla dzieci o dzia\u0142aniu uspokajaj\u0105cym, dzia\u0142a te\u017c pozytywnie na uk\u0142ad trawienia.<\/p>\n<p><strong>SK\u0141ADNIKI<\/strong><br \/>\nziele melisy (Herba Melissae)*, ziele mi\u0119ty pieprzowej (Herba Menthae Piperitas)*, kwiat rumianku (Flos Chamomiliae)*, owoc kopru w\u0142oskiego (Fructus Foenicull)* (*certyfikowany sk\u0142adnik ekologiczny)<\/p>\n<p><span style=\"font-family: Open Sans;font-size: small\"><strong>SPOS\u00d3B PRZYGOTOWANIA<\/strong><br \/>\n1 saszetk\u0119 zala\u0107 250 ml wrz\u0105cej wody, pozostawi\u0107 na 10 minut do zaparzenia.<\/span><\/p>\n<p><span style=\"font-family: Open Sans;font-size: small\"><strong>ZALECANE SPO\u017bYCIE<\/strong><br \/>\nDzieci od 6 miesi\u0105ca: 1 szklanka dziennie.<br \/>\nDzieci od 3 lat: 2 &#8211; 3 szklanki dziennie.<\/span><\/p>\n<p><span style=\"font-family: Open Sans;font-size: small\"><strong>ZALECANE WARUNKI PRZECHOWYWANIA<br \/>\n<\/strong>Przechowywa\u0107 w suchym i ch\u0142odnym miejscu.<\/span><\/p>","protected":false},"excerpt":{"rendered":"<p>Opis Produktu HERBATKA DLA DZIECI &#8211; MELISA, MI\u0118TA I RUMIANEK PO 6 MIESI\u0104CU BIO (20 x 1,5 g) 30 g &#8211; APOTHEKE Herbata dla dzieci o dzia\u0142aniu uspokajaj\u0105cym, dzia\u0142a te\u017c pozytywnie na uk\u0142ad trawienia. SK\u0141ADNIKI ziele melisy (Herba Melissae)*, ziele mi\u0119ty pieprzowej (Herba Menthae Piperitas)*, kwiat rumianku (Flos Chamomiliae)*, owoc kopru w\u0142oskiego (Fructus Foenicull)* (*certyfikowany [&hellip;]<\/p>","protected":false},"featured_media":795,"template":"","meta":{"site-sidebar-layout":"default","site-content-layout":"","ast-site-content-layout":"default","site-content-style":"default","site-sidebar-style":"default","ast-global-header-display":"","ast-banner-title-visibility":"","ast-main-header-display":"","ast-hfb-above-header-display":"","ast-hfb-below-header-display":"","ast-hfb-mobile-header-display":"","site-post-title":"","ast-breadcrumbs-content":"","ast-featured-img":"","footer-sml-layout":"","theme-transparent-header-meta":"default","adv-header-id-meta":"","stick-header-meta":"","header-above-stick-meta":"","header-main-stick-meta":"","header-below-stick-meta":"","astra-migrate-meta-layouts":"set","ast-page-background-enabled":"default","ast-page-background-meta":{"desktop":{"background-color":"var(--ast-global-color-4)","background-image":"","background-repeat":"repeat","background-position":"center center","background-size":"auto","background-attachment":"scroll","background-type":"","background-media":"","overlay-type":"","overlay-color":"","overlay-opacity":"","overlay-gradient":""},"tablet":{"background-color":"","background-image":"","background-repeat":"repeat","background-position":"center center","background-size":"auto","background-attachment":"scroll","background-type":"","background-media":"","overlay-type":"","overlay-color":"","overlay-opacity":"","overlay-gradient":""},"mobile":{"background-color":"","background-image":"","background-repeat":"repeat","background-position":"center center","background-size":"auto","background-attachment":"scroll","background-type":"","background-media":"","overlay-type":"","overlay-color":"","overlay-opacity":"","overlay-gradient":""}},"ast-content-background-meta":{"desktop":{"background-color":"var(--ast-global-color-5)","background-image":"","background-repeat":"repeat","background-position":"center center","background-size":"auto","background-attachment":"scroll","background-type":"","background-media":"","overlay-type":"","overlay-color":"","overlay-opacity":"","overlay-gradient":""},"tablet":{"background-color":"var(--ast-global-color-5)","background-image":"","background-repeat":"repeat","background-position":"center center","background-size":"auto","background-attachment":"scroll","background-type":"","background-media":"","overlay-type":"","overlay-color":"","overlay-opacity":"","overlay-gradient":""},"mobile":{"background-color":"var(--ast-global-color-5)","background-image":"","background-repeat":"repeat","background-position":"center center","background-size":"auto","background-attachment":"scroll","background-type":"","background-media":"","overlay-type":"","overlay-color":"","overlay-opacity":"","overlay-gradient":""}}},"product_cat":[45,44,46],"product_tag":[34],"class_list":{"0":"post-740","1":"product","2":"type-product","3":"status-publish","4":"has-post-thumbnail","6":"product_cat-ekspresowe","7":"product_cat-herbaty","8":"product_cat-ziolowe","9":"product_tag-etykieta-eko","10":"desktop-align-center","11":"tablet-align-left","12":"mobile-align-left","14":"first","15":"instock","16":"purchasable","17":"product-type-simple"},"_links":{"self":[{"href":"https:\/\/los-odpowiedzialni-spolecznie.pl\/en\/wp-json\/wp\/v2\/product\/740","targetHints":{"allow":["GET"]}}],"collection":[{"href":"https:\/\/los-odpowiedzialni-spolecznie.pl\/en\/wp-json\/wp\/v2\/product"}],"about":[{"href":"https:\/\/los-odpowiedzialni-spolecznie.pl\/en\/wp-json\/wp\/v2\/types\/product"}],"wp:featuredmedia":[{"embeddable":true,"href":"https:\/\/los-odpowiedzialni-spolecznie.pl\/en\/wp-json\/wp\/v2\/media\/795"}],"wp:attachment":[{"href":"https:\/\/los-odpowiedzialni-spolecznie.pl\/en\/wp-json\/wp\/v2\/media?parent=740"}],"wp:term":[{"taxonomy":"product_cat","embeddable":true,"href":"https:\/\/los-odpowiedzialni-spolecznie.pl\/en\/wp-json\/wp\/v2\/product_cat?post=740"},{"taxonomy":"product_tag","embeddable":true,"href":"https:\/\/los-odpowiedzialni-spolecznie.pl\/en\/wp-json\/wp\/v2\/product_tag?post=740"}],"curies":[{"name":"wp","href":"https:\/\/api.w.org\/{rel}","templated":true}]}}