{"id":739,"date":"2024-12-23T15:53:27","date_gmt":"2024-12-23T14:53:27","guid":{"rendered":"https:\/\/los-odpowiedzialni-spolecznie.pl\/?post_type=product&#038;p=739"},"modified":"2024-12-23T15:55:21","modified_gmt":"2024-12-23T14:55:21","slug":"herbata-dla-dzieci-dzika-roza-i-rokitnik-bio-20x15g-apotheke","status":"publish","type":"product","link":"https:\/\/los-odpowiedzialni-spolecznie.pl\/en\/sklep\/produkty-spozywcze\/herbaty\/ekspresowe\/herbata-dla-dzieci-dzika-roza-i-rokitnik-bio-20x15g-apotheke\/","title":{"rendered":"Herbata dla Dzieci Dzika R\u00f3\u017ca i Rokitnik BIO 20&#215;1,5g Apotheke"},"content":{"rendered":"<h3>Opis Produktu<\/h3>\n<p><strong>Herbata dla Dzieci Dzika R\u00f3\u017ca i Rokitnik BIO 20&#215;1,5g Apotheke<\/strong><\/p>\n<p><strong>Sk\u0142adniki:<\/strong><br \/>\nziele melisy (Herba Melissae)*, li\u015b\u0107 mi\u0119ty pieprzowej (Herba Menthae Piperitae)*, ziele naw\u0142oci (Herba Virgaureae)*, owoc dzikiej r\u00f3\u017cy (Fructus Cynosbati)*10%, kwiat nagietka (Flos Calendulae)*, owoc rokitnika (Fructus Hippophae)*10% (*certyfikowany sk\u0142adnik ekologiczny)<\/p>\n<p><strong>Stosowanie:<\/strong><br \/>\nOdpowiednio dobrane zio\u0142a wp\u0142ywaj\u0105 na wytrzyma\u0142o\u015b\u0107 i zwi\u0119kszaj\u0105 wydajno\u015b\u0107<\/p>\n<p><strong>Przygotowanie:<\/strong><br \/>\n1 saszetk\u0119 zala\u0107 250 ml wrz\u0105cej wody i parzy\u0107 10 minut.<\/p>\n<p><strong>Zalecane spo\u017cycie:<\/strong><br \/>\nDla dzieci powy\u017cej 9 miesi\u0105ca.<br \/>\nWskazane dawkowanie: 2 &#8211; 3 szklanki dziennie.<\/p>\n<p><strong>Zalecane warunki przechowywania:<\/strong><br \/>\nPrzechowywa\u0107 w suchym i ch\u0142odnym miejscu.<\/p>","protected":false},"excerpt":{"rendered":"<p>Opis Produktu Herbata dla Dzieci Dzika R\u00f3\u017ca i Rokitnik BIO 20&#215;1,5g Apotheke Sk\u0142adniki: ziele melisy (Herba Melissae)*, li\u015b\u0107 mi\u0119ty pieprzowej (Herba Menthae Piperitae)*, ziele naw\u0142oci (Herba Virgaureae)*, owoc dzikiej r\u00f3\u017cy (Fructus Cynosbati)*10%, kwiat nagietka (Flos Calendulae)*, owoc rokitnika (Fructus Hippophae)*10% (*certyfikowany sk\u0142adnik ekologiczny) Stosowanie: Odpowiednio dobrane zio\u0142a wp\u0142ywaj\u0105 na wytrzyma\u0142o\u015b\u0107 i zwi\u0119kszaj\u0105 wydajno\u015b\u0107 Przygotowanie: 1 [&hellip;]<\/p>","protected":false},"featured_media":790,"template":"","meta":{"site-sidebar-layout":"default","site-content-layout":"","ast-site-content-layout":"default","site-content-style":"default","site-sidebar-style":"default","ast-global-header-display":"","ast-banner-title-visibility":"","ast-main-header-display":"","ast-hfb-above-header-display":"","ast-hfb-below-header-display":"","ast-hfb-mobile-header-display":"","site-post-title":"","ast-breadcrumbs-content":"","ast-featured-img":"","footer-sml-layout":"","theme-transparent-header-meta":"default","adv-header-id-meta":"","stick-header-meta":"","header-above-stick-meta":"","header-main-stick-meta":"","header-below-stick-meta":"","astra-migrate-meta-layouts":"set","ast-page-background-enabled":"default","ast-page-background-meta":{"desktop":{"background-color":"var(--ast-global-color-4)","background-image":"","background-repeat":"repeat","background-position":"center center","background-size":"auto","background-attachment":"scroll","background-type":"","background-media":"","overlay-type":"","overlay-color":"","overlay-opacity":"","overlay-gradient":""},"tablet":{"background-color":"","background-image":"","background-repeat":"repeat","background-position":"center center","background-size":"auto","background-attachment":"scroll","background-type":"","background-media":"","overlay-type":"","overlay-color":"","overlay-opacity":"","overlay-gradient":""},"mobile":{"background-color":"","background-image":"","background-repeat":"repeat","background-position":"center center","background-size":"auto","background-attachment":"scroll","background-type":"","background-media":"","overlay-type":"","overlay-color":"","overlay-opacity":"","overlay-gradient":""}},"ast-content-background-meta":{"desktop":{"background-color":"var(--ast-global-color-5)","background-image":"","background-repeat":"repeat","background-position":"center center","background-size":"auto","background-attachment":"scroll","background-type":"","background-media":"","overlay-type":"","overlay-color":"","overlay-opacity":"","overlay-gradient":""},"tablet":{"background-color":"var(--ast-global-color-5)","background-image":"","background-repeat":"repeat","background-position":"center center","background-size":"auto","background-attachment":"scroll","background-type":"","background-media":"","overlay-type":"","overlay-color":"","overlay-opacity":"","overlay-gradient":""},"mobile":{"background-color":"var(--ast-global-color-5)","background-image":"","background-repeat":"repeat","background-position":"center center","background-size":"auto","background-attachment":"scroll","background-type":"","background-media":"","overlay-type":"","overlay-color":"","overlay-opacity":"","overlay-gradient":""}}},"product_cat":[45,44,46,47],"product_tag":[34],"class_list":{"0":"post-739","1":"product","2":"type-product","3":"status-publish","4":"has-post-thumbnail","6":"product_cat-ekspresowe","7":"product_cat-herbaty","8":"product_cat-ziolowe","9":"product_cat-owocowe-herbaty","10":"product_tag-etykieta-eko","11":"desktop-align-center","12":"tablet-align-left","13":"mobile-align-left","15":"first","16":"instock","17":"purchasable","18":"product-type-simple"},"_links":{"self":[{"href":"https:\/\/los-odpowiedzialni-spolecznie.pl\/en\/wp-json\/wp\/v2\/product\/739","targetHints":{"allow":["GET"]}}],"collection":[{"href":"https:\/\/los-odpowiedzialni-spolecznie.pl\/en\/wp-json\/wp\/v2\/product"}],"about":[{"href":"https:\/\/los-odpowiedzialni-spolecznie.pl\/en\/wp-json\/wp\/v2\/types\/product"}],"wp:featuredmedia":[{"embeddable":true,"href":"https:\/\/los-odpowiedzialni-spolecznie.pl\/en\/wp-json\/wp\/v2\/media\/790"}],"wp:attachment":[{"href":"https:\/\/los-odpowiedzialni-spolecznie.pl\/en\/wp-json\/wp\/v2\/media?parent=739"}],"wp:term":[{"taxonomy":"product_cat","embeddable":true,"href":"https:\/\/los-odpowiedzialni-spolecznie.pl\/en\/wp-json\/wp\/v2\/product_cat?post=739"},{"taxonomy":"product_tag","embeddable":true,"href":"https:\/\/los-odpowiedzialni-spolecznie.pl\/en\/wp-json\/wp\/v2\/product_tag?post=739"}],"curies":[{"name":"wp","href":"https:\/\/api.w.org\/{rel}","templated":true}]}}