{"id":738,"date":"2024-12-23T15:53:27","date_gmt":"2024-12-23T14:53:27","guid":{"rendered":"https:\/\/los-odpowiedzialni-spolecznie.pl\/?post_type=product&#038;p=738"},"modified":"2024-12-23T15:55:15","modified_gmt":"2024-12-23T14:55:15","slug":"herbatka-dla-dzieci-owocowa-bio-20-x-2-g-apotheke","status":"publish","type":"product","link":"https:\/\/los-odpowiedzialni-spolecznie.pl\/en\/sklep\/produkty-spozywcze\/herbaty\/ekspresowe\/herbatka-dla-dzieci-owocowa-bio-20-x-2-g-apotheke\/","title":{"rendered":"Herbatka Dla Dzieci Owocowa Bio 20 X 2 G Apotheke"},"content":{"rendered":"<h3>Opis Produktu<\/h3>\n<p><strong>Herbatka Dla Dzieci Owocowa Bio 20 X 2 G Apotheke<\/strong><\/p>\n<p>Herbata do codziennego spo\u017cycia o przyjemnym smaku i aromacie, skutecznie gasi pragnienie.<\/p>\n<p><strong>SK\u0141ADNIKI<\/strong><br \/>\nowoc dzikiej r\u00f3\u017cy (Fructus Cynosbati)*, rooibos (Aspalathus Linearis)*, owoc czarnej porzeczki (Fructus Ribis Nigri)*, owoc bzu czarnego (Fructus Sambuci)*, kwiat hibiskusa (Flos Hibisci)*, jab\u0142ko (Fructus Mali Dom)*, kwiat bzu czarnego (Flos Sambuci)*, korze\u0144 lukrecji (Radix Liquiritiae)*, cynamon (Cortex Cinnamomi)* (*certyfikowany sk\u0142adnik ekologiczny)<\/p>\n<p><strong>ZALECANE SPO\u017bYCIE<\/strong><br \/>\nDla dzieci powy\u017cej 9 miesi\u0105ca.<br \/>\nDzieci od 9 miesi\u0105ca: 1 szklanka dziennie.<br \/>\nDzieci od 3 lat: 2 &#8211; 3 szklanki dziennie.<\/p>\n<p>&nbsp;<\/p>","protected":false},"excerpt":{"rendered":"<p>Opis Produktu Herbatka Dla Dzieci Owocowa Bio 20 X 2 G Apotheke Herbata do codziennego spo\u017cycia o przyjemnym smaku i aromacie, skutecznie gasi pragnienie. SK\u0141ADNIKI owoc dzikiej r\u00f3\u017cy (Fructus Cynosbati)*, rooibos (Aspalathus Linearis)*, owoc czarnej porzeczki (Fructus Ribis Nigri)*, owoc bzu czarnego (Fructus Sambuci)*, kwiat hibiskusa (Flos Hibisci)*, jab\u0142ko (Fructus Mali Dom)*, kwiat bzu czarnego [&hellip;]<\/p>","protected":false},"featured_media":789,"template":"","meta":{"site-sidebar-layout":"default","site-content-layout":"","ast-site-content-layout":"default","site-content-style":"default","site-sidebar-style":"default","ast-global-header-display":"","ast-banner-title-visibility":"","ast-main-header-display":"","ast-hfb-above-header-display":"","ast-hfb-below-header-display":"","ast-hfb-mobile-header-display":"","site-post-title":"","ast-breadcrumbs-content":"","ast-featured-img":"","footer-sml-layout":"","theme-transparent-header-meta":"default","adv-header-id-meta":"","stick-header-meta":"","header-above-stick-meta":"","header-main-stick-meta":"","header-below-stick-meta":"","astra-migrate-meta-layouts":"set","ast-page-background-enabled":"default","ast-page-background-meta":{"desktop":{"background-color":"var(--ast-global-color-4)","background-image":"","background-repeat":"repeat","background-position":"center center","background-size":"auto","background-attachment":"scroll","background-type":"","background-media":"","overlay-type":"","overlay-color":"","overlay-opacity":"","overlay-gradient":""},"tablet":{"background-color":"","background-image":"","background-repeat":"repeat","background-position":"center center","background-size":"auto","background-attachment":"scroll","background-type":"","background-media":"","overlay-type":"","overlay-color":"","overlay-opacity":"","overlay-gradient":""},"mobile":{"background-color":"","background-image":"","background-repeat":"repeat","background-position":"center center","background-size":"auto","background-attachment":"scroll","background-type":"","background-media":"","overlay-type":"","overlay-color":"","overlay-opacity":"","overlay-gradient":""}},"ast-content-background-meta":{"desktop":{"background-color":"var(--ast-global-color-5)","background-image":"","background-repeat":"repeat","background-position":"center center","background-size":"auto","background-attachment":"scroll","background-type":"","background-media":"","overlay-type":"","overlay-color":"","overlay-opacity":"","overlay-gradient":""},"tablet":{"background-color":"var(--ast-global-color-5)","background-image":"","background-repeat":"repeat","background-position":"center center","background-size":"auto","background-attachment":"scroll","background-type":"","background-media":"","overlay-type":"","overlay-color":"","overlay-opacity":"","overlay-gradient":""},"mobile":{"background-color":"var(--ast-global-color-5)","background-image":"","background-repeat":"repeat","background-position":"center center","background-size":"auto","background-attachment":"scroll","background-type":"","background-media":"","overlay-type":"","overlay-color":"","overlay-opacity":"","overlay-gradient":""}}},"product_cat":[45,44,47],"product_tag":[34],"class_list":{"0":"post-738","1":"product","2":"type-product","3":"status-publish","4":"has-post-thumbnail","6":"product_cat-ekspresowe","7":"product_cat-herbaty","8":"product_cat-owocowe-herbaty","9":"product_tag-etykieta-eko","10":"desktop-align-center","11":"tablet-align-left","12":"mobile-align-left","14":"first","15":"instock","16":"purchasable","17":"product-type-simple"},"_links":{"self":[{"href":"https:\/\/los-odpowiedzialni-spolecznie.pl\/en\/wp-json\/wp\/v2\/product\/738","targetHints":{"allow":["GET"]}}],"collection":[{"href":"https:\/\/los-odpowiedzialni-spolecznie.pl\/en\/wp-json\/wp\/v2\/product"}],"about":[{"href":"https:\/\/los-odpowiedzialni-spolecznie.pl\/en\/wp-json\/wp\/v2\/types\/product"}],"wp:featuredmedia":[{"embeddable":true,"href":"https:\/\/los-odpowiedzialni-spolecznie.pl\/en\/wp-json\/wp\/v2\/media\/789"}],"wp:attachment":[{"href":"https:\/\/los-odpowiedzialni-spolecznie.pl\/en\/wp-json\/wp\/v2\/media?parent=738"}],"wp:term":[{"taxonomy":"product_cat","embeddable":true,"href":"https:\/\/los-odpowiedzialni-spolecznie.pl\/en\/wp-json\/wp\/v2\/product_cat?post=738"},{"taxonomy":"product_tag","embeddable":true,"href":"https:\/\/los-odpowiedzialni-spolecznie.pl\/en\/wp-json\/wp\/v2\/product_tag?post=738"}],"curies":[{"name":"wp","href":"https:\/\/api.w.org\/{rel}","templated":true}]}}