{"id":737,"date":"2024-12-23T15:53:27","date_gmt":"2024-12-23T14:53:27","guid":{"rendered":"https:\/\/los-odpowiedzialni-spolecznie.pl\/?post_type=product&#038;p=737"},"modified":"2024-12-23T15:55:09","modified_gmt":"2024-12-23T14:55:09","slug":"herbatka-dla-dzieci-na-trawienie-bio-20-x-15-g-apotheke","status":"publish","type":"product","link":"https:\/\/los-odpowiedzialni-spolecznie.pl\/en\/sklep\/produkty-spozywcze\/herbaty\/ekspresowe\/herbatka-dla-dzieci-na-trawienie-bio-20-x-15-g-apotheke\/","title":{"rendered":"Herbatka Dla Dzieci Na Trawienie Bio 20 X 15 G Apotheke"},"content":{"rendered":"<h3>Opis Produktu<\/h3>\n<p><strong>Herbatka Dla Dzieci Na Trawienie Bio 20 X 15 G Apotheke<\/strong><\/p>\n<p>Dzia\u0142a przeciw wzd\u0119ciom i u\u0142atwia trawienie.<\/p>\n<p><b>SK\u0141ADNIKI<\/b><br \/>\nowoc kopru w\u0142oskiego (Fructus Foeniculi)*, ziele melisy (Herba Melissae)*, li\u015b\u0107 mi\u0119ty pieprzowej (Herba Menthae Pepetitae)*, li\u015b\u0107 maliny (Folium Rubi Idaei)*, kwiatostan lipy (Flos Tiliae), owoc kminku (Fructus Carvi)*<br \/>\n(*certyfikowany sk\u0142adnik ekologiczny)<\/p>\n<p><b>SPOS\u00d3B PRZYGOTOWANIA<\/b><br \/>\n1 saszetk\u0119 zala\u0107 250 ml wrz\u0105cej wody, pozostawi\u0107 na 10 minut do zaparzenia.<\/p>\n<p><b>ZALECANE SPO\u017bYCIE<\/b><br \/>\nDla dzieci powy\u017cej 6 miesi\u0105ca.<br \/>\n2-3 szklanki dziennie<\/p>\n<p><b>ZALECANE WARUNKI PRZECHOWYWANIA<br \/>\n<\/b>Przechowywa\u0107 w suchym i ch\u0142odnym miejscu<\/p>\n<p><b>BEZ GLUTENU (w sk\u0142adnikach):\u00a0<\/b>TAK<br \/>\n<b>Certyfikat bio:\u00a0<\/b>TAK<br \/>\n<b>EAN:\u00a0<\/b>8595178200748<br \/>\n<b>Gwarantowany termin przydatno\u015bci (w dniach):\u00a0<\/b>90<br \/>\n<b>Kraj producenta:\u00a0<\/b>Czechy<br \/>\n<b>Producent &#8211; nazwa i adres:\u00a0<\/b>MEDIATE S.R.O., DOLNI LIBCHAVY 325, 56116 LIBCHAVY<br \/>\n<b>Wega\u0144ski:\u00a0<\/b>TAK<br \/>\n<b>Wegetaria\u0144ski:\u00a0<\/b>TAK<\/p>","protected":false},"excerpt":{"rendered":"<p>Opis Produktu Herbatka Dla Dzieci Na Trawienie Bio 20 X 15 G Apotheke Dzia\u0142a przeciw wzd\u0119ciom i u\u0142atwia trawienie. SK\u0141ADNIKI owoc kopru w\u0142oskiego (Fructus Foeniculi)*, ziele melisy (Herba Melissae)*, li\u015b\u0107 mi\u0119ty pieprzowej (Herba Menthae Pepetitae)*, li\u015b\u0107 maliny (Folium Rubi Idaei)*, kwiatostan lipy (Flos Tiliae), owoc kminku (Fructus Carvi)* (*certyfikowany sk\u0142adnik ekologiczny) SPOS\u00d3B PRZYGOTOWANIA 1 saszetk\u0119 [&hellip;]<\/p>","protected":false},"featured_media":788,"template":"","meta":{"site-sidebar-layout":"default","site-content-layout":"","ast-site-content-layout":"default","site-content-style":"default","site-sidebar-style":"default","ast-global-header-display":"","ast-banner-title-visibility":"","ast-main-header-display":"","ast-hfb-above-header-display":"","ast-hfb-below-header-display":"","ast-hfb-mobile-header-display":"","site-post-title":"","ast-breadcrumbs-content":"","ast-featured-img":"","footer-sml-layout":"","theme-transparent-header-meta":"default","adv-header-id-meta":"","stick-header-meta":"","header-above-stick-meta":"","header-main-stick-meta":"","header-below-stick-meta":"","astra-migrate-meta-layouts":"set","ast-page-background-enabled":"default","ast-page-background-meta":{"desktop":{"background-color":"var(--ast-global-color-4)","background-image":"","background-repeat":"repeat","background-position":"center center","background-size":"auto","background-attachment":"scroll","background-type":"","background-media":"","overlay-type":"","overlay-color":"","overlay-opacity":"","overlay-gradient":""},"tablet":{"background-color":"","background-image":"","background-repeat":"repeat","background-position":"center center","background-size":"auto","background-attachment":"scroll","background-type":"","background-media":"","overlay-type":"","overlay-color":"","overlay-opacity":"","overlay-gradient":""},"mobile":{"background-color":"","background-image":"","background-repeat":"repeat","background-position":"center center","background-size":"auto","background-attachment":"scroll","background-type":"","background-media":"","overlay-type":"","overlay-color":"","overlay-opacity":"","overlay-gradient":""}},"ast-content-background-meta":{"desktop":{"background-color":"var(--ast-global-color-5)","background-image":"","background-repeat":"repeat","background-position":"center center","background-size":"auto","background-attachment":"scroll","background-type":"","background-media":"","overlay-type":"","overlay-color":"","overlay-opacity":"","overlay-gradient":""},"tablet":{"background-color":"var(--ast-global-color-5)","background-image":"","background-repeat":"repeat","background-position":"center center","background-size":"auto","background-attachment":"scroll","background-type":"","background-media":"","overlay-type":"","overlay-color":"","overlay-opacity":"","overlay-gradient":""},"mobile":{"background-color":"var(--ast-global-color-5)","background-image":"","background-repeat":"repeat","background-position":"center center","background-size":"auto","background-attachment":"scroll","background-type":"","background-media":"","overlay-type":"","overlay-color":"","overlay-opacity":"","overlay-gradient":""}}},"product_cat":[45,44,46],"product_tag":[34],"class_list":{"0":"post-737","1":"product","2":"type-product","3":"status-publish","4":"has-post-thumbnail","6":"product_cat-ekspresowe","7":"product_cat-herbaty","8":"product_cat-ziolowe","9":"product_tag-etykieta-eko","10":"desktop-align-center","11":"tablet-align-left","12":"mobile-align-left","14":"first","15":"instock","16":"purchasable","17":"product-type-simple"},"_links":{"self":[{"href":"https:\/\/los-odpowiedzialni-spolecznie.pl\/en\/wp-json\/wp\/v2\/product\/737","targetHints":{"allow":["GET"]}}],"collection":[{"href":"https:\/\/los-odpowiedzialni-spolecznie.pl\/en\/wp-json\/wp\/v2\/product"}],"about":[{"href":"https:\/\/los-odpowiedzialni-spolecznie.pl\/en\/wp-json\/wp\/v2\/types\/product"}],"wp:featuredmedia":[{"embeddable":true,"href":"https:\/\/los-odpowiedzialni-spolecznie.pl\/en\/wp-json\/wp\/v2\/media\/788"}],"wp:attachment":[{"href":"https:\/\/los-odpowiedzialni-spolecznie.pl\/en\/wp-json\/wp\/v2\/media?parent=737"}],"wp:term":[{"taxonomy":"product_cat","embeddable":true,"href":"https:\/\/los-odpowiedzialni-spolecznie.pl\/en\/wp-json\/wp\/v2\/product_cat?post=737"},{"taxonomy":"product_tag","embeddable":true,"href":"https:\/\/los-odpowiedzialni-spolecznie.pl\/en\/wp-json\/wp\/v2\/product_tag?post=737"}],"curies":[{"name":"wp","href":"https:\/\/api.w.org\/{rel}","templated":true}]}}