{"id":727,"date":"2024-12-23T15:53:03","date_gmt":"2024-12-23T14:53:03","guid":{"rendered":"https:\/\/los-odpowiedzialni-spolecznie.pl\/?post_type=product&#038;p=727"},"modified":"2024-12-23T15:54:54","modified_gmt":"2024-12-23T14:54:54","slug":"herbata-dla-dzieci-rumiankowa-bio-20-x-1-g-20-g-apotheke","status":"publish","type":"product","link":"https:\/\/los-odpowiedzialni-spolecznie.pl\/en\/sklep\/produkty-spozywcze\/herbaty\/ekspresowe\/herbata-dla-dzieci-rumiankowa-bio-20-x-1-g-20-g-apotheke\/","title":{"rendered":"Herbata dla dzieci &#8211; rumiankowa BIO (20 \u00d7 1 g) 20 g &#8211; Apotheke"},"content":{"rendered":"<h3>Opis Produktu<\/h3>\n<p class=\"product-meta__title heading h1\"><strong>Herbata dla dzieci &#8211; rumiankowa BIO (20 \u00d7 1 g) 20 g &#8211; Apotheke<\/strong><\/p>\n<p>Szukasz naturalnego sposobu na ukojenie brzuszka Twojego maluszka? Spr\u00f3buj ekologicznej herbaty rumiankowej dla dzieci! To delikatny nap\u00f3j z suszonych kwiat\u00f3w rumianku, kt\u00f3ry ma w\u0142a\u015bciwo\u015bci rozkurczaj\u0105ce i przeciwzapalne. Pomaga w \u0142agodzeniu kolki jelitowej, zapar\u0107 i nudno\u015bci u niemowl\u0105t i starszych dzieci.<\/p>\n<p>Rumianek, kt\u00f3ry stanowi g\u0142\u00f3wny sk\u0142adnik herbaty, jest znany ze swoich w\u0142a\u015bciwo\u015bci uspokajaj\u0105cych i koj\u0105cych, co jest szczeg\u00f3lnie wa\u017cne przed snem. Ponadto, herbata ta nie zawiera kofeiny, dzi\u0119ki czemu mo\u017cna j\u0105 pi\u0107 wieczorem bez obaw o problemy z zasypianiem.<\/p>\n<p>Herbatka przeznaczona dla dzieci powy\u017cej\u00a04 miesi\u0105ca \u017cycia.<\/p>\n<h3>Sk\u0142adniki<\/h3>\n<p>Kwiat rumianku* (*certyfikowany sk\u0142adnik ekologiczny)<\/p>\n<p><strong>Spos\u00f3b przygotowania<\/strong><\/p>\n<p>Torebk\u0119 zala\u0107 \u015bwie\u017co przegotowan\u0105 wod\u0105 i zaparza\u0107 przez 10 minut. Pi\u0107 2-3 razy dziennie.<\/p>\n<p><strong>Zalecane warunki przechowywania<\/strong><\/p>\n<p>Przechowywa\u0107 w suchym i ch\u0142odnym miejscu.<\/p>","protected":false},"excerpt":{"rendered":"<p>Opis Produktu Herbata dla dzieci &#8211; rumiankowa BIO (20 \u00d7 1 g) 20 g &#8211; Apotheke Szukasz naturalnego sposobu na ukojenie brzuszka Twojego maluszka? Spr\u00f3buj ekologicznej herbaty rumiankowej dla dzieci! To delikatny nap\u00f3j z suszonych kwiat\u00f3w rumianku, kt\u00f3ry ma w\u0142a\u015bciwo\u015bci rozkurczaj\u0105ce i przeciwzapalne. Pomaga w \u0142agodzeniu kolki jelitowej, zapar\u0107 i nudno\u015bci u niemowl\u0105t i starszych [&hellip;]<\/p>","protected":false},"featured_media":780,"template":"","meta":{"site-sidebar-layout":"default","site-content-layout":"","ast-site-content-layout":"default","site-content-style":"default","site-sidebar-style":"default","ast-global-header-display":"","ast-banner-title-visibility":"","ast-main-header-display":"","ast-hfb-above-header-display":"","ast-hfb-below-header-display":"","ast-hfb-mobile-header-display":"","site-post-title":"","ast-breadcrumbs-content":"","ast-featured-img":"","footer-sml-layout":"","theme-transparent-header-meta":"default","adv-header-id-meta":"","stick-header-meta":"","header-above-stick-meta":"","header-main-stick-meta":"","header-below-stick-meta":"","astra-migrate-meta-layouts":"set","ast-page-background-enabled":"default","ast-page-background-meta":{"desktop":{"background-color":"var(--ast-global-color-4)","background-image":"","background-repeat":"repeat","background-position":"center center","background-size":"auto","background-attachment":"scroll","background-type":"","background-media":"","overlay-type":"","overlay-color":"","overlay-opacity":"","overlay-gradient":""},"tablet":{"background-color":"","background-image":"","background-repeat":"repeat","background-position":"center center","background-size":"auto","background-attachment":"scroll","background-type":"","background-media":"","overlay-type":"","overlay-color":"","overlay-opacity":"","overlay-gradient":""},"mobile":{"background-color":"","background-image":"","background-repeat":"repeat","background-position":"center center","background-size":"auto","background-attachment":"scroll","background-type":"","background-media":"","overlay-type":"","overlay-color":"","overlay-opacity":"","overlay-gradient":""}},"ast-content-background-meta":{"desktop":{"background-color":"var(--ast-global-color-5)","background-image":"","background-repeat":"repeat","background-position":"center center","background-size":"auto","background-attachment":"scroll","background-type":"","background-media":"","overlay-type":"","overlay-color":"","overlay-opacity":"","overlay-gradient":""},"tablet":{"background-color":"var(--ast-global-color-5)","background-image":"","background-repeat":"repeat","background-position":"center center","background-size":"auto","background-attachment":"scroll","background-type":"","background-media":"","overlay-type":"","overlay-color":"","overlay-opacity":"","overlay-gradient":""},"mobile":{"background-color":"var(--ast-global-color-5)","background-image":"","background-repeat":"repeat","background-position":"center center","background-size":"auto","background-attachment":"scroll","background-type":"","background-media":"","overlay-type":"","overlay-color":"","overlay-opacity":"","overlay-gradient":""}}},"product_cat":[45,44,46],"product_tag":[34],"class_list":{"0":"post-727","1":"product","2":"type-product","3":"status-publish","4":"has-post-thumbnail","6":"product_cat-ekspresowe","7":"product_cat-herbaty","8":"product_cat-ziolowe","9":"product_tag-etykieta-eko","10":"desktop-align-center","11":"tablet-align-left","12":"mobile-align-left","14":"first","15":"instock","16":"purchasable","17":"product-type-simple"},"_links":{"self":[{"href":"https:\/\/los-odpowiedzialni-spolecznie.pl\/en\/wp-json\/wp\/v2\/product\/727","targetHints":{"allow":["GET"]}}],"collection":[{"href":"https:\/\/los-odpowiedzialni-spolecznie.pl\/en\/wp-json\/wp\/v2\/product"}],"about":[{"href":"https:\/\/los-odpowiedzialni-spolecznie.pl\/en\/wp-json\/wp\/v2\/types\/product"}],"wp:featuredmedia":[{"embeddable":true,"href":"https:\/\/los-odpowiedzialni-spolecznie.pl\/en\/wp-json\/wp\/v2\/media\/780"}],"wp:attachment":[{"href":"https:\/\/los-odpowiedzialni-spolecznie.pl\/en\/wp-json\/wp\/v2\/media?parent=727"}],"wp:term":[{"taxonomy":"product_cat","embeddable":true,"href":"https:\/\/los-odpowiedzialni-spolecznie.pl\/en\/wp-json\/wp\/v2\/product_cat?post=727"},{"taxonomy":"product_tag","embeddable":true,"href":"https:\/\/los-odpowiedzialni-spolecznie.pl\/en\/wp-json\/wp\/v2\/product_tag?post=727"}],"curies":[{"name":"wp","href":"https:\/\/api.w.org\/{rel}","templated":true}]}}