{"id":726,"date":"2024-12-23T15:53:03","date_gmt":"2024-12-23T14:53:03","guid":{"rendered":"https:\/\/los-odpowiedzialni-spolecznie.pl\/?post_type=product&#038;p=726"},"modified":"2024-12-23T15:54:48","modified_gmt":"2024-12-23T14:54:48","slug":"apotheke-herbatka-bio-dla-dzieci-na-drogi-oddechowe-z-rumiankiem-20-saszetek","status":"publish","type":"product","link":"https:\/\/los-odpowiedzialni-spolecznie.pl\/en\/sklep\/produkty-spozywcze\/herbaty\/ekspresowe\/apotheke-herbatka-bio-dla-dzieci-na-drogi-oddechowe-z-rumiankiem-20-saszetek\/","title":{"rendered":"Apotheke Herbatka Bio dla dzieci na drogi oddechowe z rumiankiem &#8211; 20 saszetek"},"content":{"rendered":"<h3>Opis Produktu<\/h3>\n<p><strong>Herbata dla dzieci &#8211; na drogi oddechowe BIO (20 \u00d7 1,5 g) 30 g &#8211; Apotheke<\/strong><\/p>\n<p>Ekologiczna\u00a0herbatka zio\u0142owa dla dzieci to naturalny i skuteczny spos\u00f3b na\u00a0<strong>wspomaganie zdrowia g\u00f3rnych dr\u00f3g oddechowych<\/strong>\u00a0i uk\u0142adu odporno\u015bciowego.<\/p>\n<p>Zawiera starannie dobrane sk\u0142adniki pochodzenia ro\u015blinnego, takie jak:<\/p>\n<ul>\n<li><strong>Ziele \u015blazu dzikiego<\/strong>\u00a0i\u00a0<strong>korze\u0144 prawo\u015blazu<\/strong>\u00a0zawieraj\u0105 \u015bluzy, kt\u00f3re tworz\u0105 na b\u0142onach \u015bluzowych g\u00f3rnych dr\u00f3g oddechowych ochronn\u0105 warstw\u0119, \u0142agodz\u0105c podra\u017cnienia i kaszel.<\/li>\n<li><strong>Owoce dzikiej r\u00f3\u017cy<\/strong>\u00a0s\u0105 bogate w witamin\u0119 C, kt\u00f3ra wzmacnia odporno\u015b\u0107 i pomaga zwalcza\u0107 infekcje.<\/li>\n<li><strong>Kwiat rumianku<\/strong>\u00a0ma dzia\u0142anie przeciwzapalne i przeciwbakteryjne, a tak\u017ce uspokaja i u\u0142atwia zasypianie.<\/li>\n<li><strong>Owoce any\u017cu<\/strong>\u00a0maj\u0105 w\u0142a\u015bciwo\u015bci wykrztu\u015bne i rozkurczowe, u\u0142atwiaj\u0105c odkrztuszanie zalegaj\u0105cej wydzieliny.<\/li>\n<li><strong>Korze\u0144 lukrecji<\/strong>\u00a0ma dzia\u0142anie przeciwzapalne i przeciwalergiczne, a tak\u017ce wspomaga regeneracj\u0119 b\u0142on \u015bluzowych.<\/li>\n<\/ul>\n<p>Herbatka zio\u0142owa dla dzieci jest delikatna i bezpieczna, nie zawiera kofeiny ani sztucznych dodatk\u00f3w.<\/p>\n<p>Herbatka przeznaczona dla dzieci powy\u017cej 9 miesi\u0119cy \u017cycia.<\/p>\n<h3>Sk\u0142adniki<\/h3>\n<p>Ziele \u015blazu dzikiego* 25%, owoc dzikiej r\u00f3\u017cy*, kwiat rumianku* 25%, owoc any\u017cu*, korze\u0144 prawo\u015blazu* 9%, korze\u0144 lukrecji* (*certyfikowany sk\u0142adnik ekologiczny)<\/p>\n<h3>Spos\u00f3b przygotowania<\/h3>\n<p>Torebk\u0119 zala\u0107 \u015bwie\u017co przegotowan\u0105 wod\u0105 i zaparza\u0107 przez 10 minut.<\/p>\n<p>Dzieci od 9 miesi\u0105ca: 1 szklanka dziennie.<\/p>\n<p>Dzieci od 3 lat: 2-3 szklanki dziennie.<\/p>\n<h3>Zalecane warunki przechowywania<\/h3>\n<p>Przechowywa\u0107 w suchym i ch\u0142odnym miejscu.<\/p>\n<p>&nbsp;<\/p>","protected":false},"excerpt":{"rendered":"<p>Opis Produktu Herbata dla dzieci &#8211; na drogi oddechowe BIO (20 \u00d7 1,5 g) 30 g &#8211; Apotheke Ekologiczna\u00a0herbatka zio\u0142owa dla dzieci to naturalny i skuteczny spos\u00f3b na\u00a0wspomaganie zdrowia g\u00f3rnych dr\u00f3g oddechowych\u00a0i uk\u0142adu odporno\u015bciowego. Zawiera starannie dobrane sk\u0142adniki pochodzenia ro\u015blinnego, takie jak: Ziele \u015blazu dzikiego\u00a0i\u00a0korze\u0144 prawo\u015blazu\u00a0zawieraj\u0105 \u015bluzy, kt\u00f3re tworz\u0105 na b\u0142onach \u015bluzowych g\u00f3rnych dr\u00f3g oddechowych [&hellip;]<\/p>","protected":false},"featured_media":779,"template":"","meta":{"site-sidebar-layout":"default","site-content-layout":"","ast-site-content-layout":"default","site-content-style":"default","site-sidebar-style":"default","ast-global-header-display":"","ast-banner-title-visibility":"","ast-main-header-display":"","ast-hfb-above-header-display":"","ast-hfb-below-header-display":"","ast-hfb-mobile-header-display":"","site-post-title":"","ast-breadcrumbs-content":"","ast-featured-img":"","footer-sml-layout":"","theme-transparent-header-meta":"default","adv-header-id-meta":"","stick-header-meta":"","header-above-stick-meta":"","header-main-stick-meta":"","header-below-stick-meta":"","astra-migrate-meta-layouts":"set","ast-page-background-enabled":"default","ast-page-background-meta":{"desktop":{"background-color":"var(--ast-global-color-4)","background-image":"","background-repeat":"repeat","background-position":"center center","background-size":"auto","background-attachment":"scroll","background-type":"","background-media":"","overlay-type":"","overlay-color":"","overlay-opacity":"","overlay-gradient":""},"tablet":{"background-color":"","background-image":"","background-repeat":"repeat","background-position":"center center","background-size":"auto","background-attachment":"scroll","background-type":"","background-media":"","overlay-type":"","overlay-color":"","overlay-opacity":"","overlay-gradient":""},"mobile":{"background-color":"","background-image":"","background-repeat":"repeat","background-position":"center center","background-size":"auto","background-attachment":"scroll","background-type":"","background-media":"","overlay-type":"","overlay-color":"","overlay-opacity":"","overlay-gradient":""}},"ast-content-background-meta":{"desktop":{"background-color":"var(--ast-global-color-5)","background-image":"","background-repeat":"repeat","background-position":"center center","background-size":"auto","background-attachment":"scroll","background-type":"","background-media":"","overlay-type":"","overlay-color":"","overlay-opacity":"","overlay-gradient":""},"tablet":{"background-color":"var(--ast-global-color-5)","background-image":"","background-repeat":"repeat","background-position":"center center","background-size":"auto","background-attachment":"scroll","background-type":"","background-media":"","overlay-type":"","overlay-color":"","overlay-opacity":"","overlay-gradient":""},"mobile":{"background-color":"var(--ast-global-color-5)","background-image":"","background-repeat":"repeat","background-position":"center center","background-size":"auto","background-attachment":"scroll","background-type":"","background-media":"","overlay-type":"","overlay-color":"","overlay-opacity":"","overlay-gradient":""}}},"product_cat":[45,44,46],"product_tag":[34],"class_list":{"0":"post-726","1":"product","2":"type-product","3":"status-publish","4":"has-post-thumbnail","6":"product_cat-ekspresowe","7":"product_cat-herbaty","8":"product_cat-ziolowe","9":"product_tag-etykieta-eko","10":"desktop-align-center","11":"tablet-align-left","12":"mobile-align-left","14":"first","15":"instock","16":"purchasable","17":"product-type-simple"},"_links":{"self":[{"href":"https:\/\/los-odpowiedzialni-spolecznie.pl\/en\/wp-json\/wp\/v2\/product\/726","targetHints":{"allow":["GET"]}}],"collection":[{"href":"https:\/\/los-odpowiedzialni-spolecznie.pl\/en\/wp-json\/wp\/v2\/product"}],"about":[{"href":"https:\/\/los-odpowiedzialni-spolecznie.pl\/en\/wp-json\/wp\/v2\/types\/product"}],"wp:featuredmedia":[{"embeddable":true,"href":"https:\/\/los-odpowiedzialni-spolecznie.pl\/en\/wp-json\/wp\/v2\/media\/779"}],"wp:attachment":[{"href":"https:\/\/los-odpowiedzialni-spolecznie.pl\/en\/wp-json\/wp\/v2\/media?parent=726"}],"wp:term":[{"taxonomy":"product_cat","embeddable":true,"href":"https:\/\/los-odpowiedzialni-spolecznie.pl\/en\/wp-json\/wp\/v2\/product_cat?post=726"},{"taxonomy":"product_tag","embeddable":true,"href":"https:\/\/los-odpowiedzialni-spolecznie.pl\/en\/wp-json\/wp\/v2\/product_tag?post=726"}],"curies":[{"name":"wp","href":"https:\/\/api.w.org\/{rel}","templated":true}]}}