{"id":725,"date":"2024-12-23T15:53:03","date_gmt":"2024-12-23T14:53:03","guid":{"rendered":"https:\/\/los-odpowiedzialni-spolecznie.pl\/?post_type=product&#038;p=725"},"modified":"2024-12-23T15:54:43","modified_gmt":"2024-12-23T14:54:43","slug":"apotheke-herbatka-dla-dzieci-lipa-czarny-bez-rumianek-bio-powyzej-9-miesiaca-15-g-x-20-saszetek","status":"publish","type":"product","link":"https:\/\/los-odpowiedzialni-spolecznie.pl\/en\/sklep\/produkty-spozywcze\/herbaty\/ekspresowe\/apotheke-herbatka-dla-dzieci-lipa-czarny-bez-rumianek-bio-powyzej-9-miesiaca-15-g-x-20-saszetek\/","title":{"rendered":"Apotheke Herbatka dla dzieci Lipa, czarny bez, rumianek, Bio, powy\u017cej 9 miesi\u0105ca, 1,5, g x 20 saszetek"},"content":{"rendered":"<h3>Opis Produktu<\/h3>\n<p class=\"text-19 mb-2 mt-4 sm:mt-2 text-black\"><strong>Apotheke Herbatka dla dzieci Lipa, czarny bez, rumianek, Bio, powy\u017cej 9 miesi\u0105ca, 1,5, g x 20 saszetek<\/strong><\/p>\n<p>Herbatka jest mieszank\u0105\u00a0zi\u00f3\u0142, kt\u00f3ra mo\u017ce by\u0107 stosowana podczas\u00a0przezi\u0119bienia.<\/p>\n<p class=\"text-19 mb-2 font-bold text-black\"><strong>Zastosowanie<\/strong><\/p>\n<div class=\"text-14 text-black scroll-spy-section\">\n<p>Dla niemowl\u0105t powy\u017cej 9 miesi\u0105ca.<\/p>\n<div class=\"last:mb-0 p-4 mb-4 rounded-lg bg-white\">\n<p class=\"text-19 mb-2 font-bold text-black\"><strong>Spos\u00f3b u\u017cycia<\/strong><\/p>\n<div class=\"text-14 text-black scroll-spy-section\">\n<p>2 &#8211; 3 szklanki dziennie.<\/p>\n<\/div>\n<\/div>\n<div class=\"last:mb-0 p-4 mb-4 rounded-lg bg-white\">\n<p class=\"text-19 mb-2 font-bold text-black\"><strong>Sk\u0142adniki<\/strong><\/p>\n<div class=\"text-14 text-black scroll-spy-section\">\n<p>Kwiatostan lipy (Flos Tiliae)*, owoc bzu czarnego (Fructus Sambuci)*, kwiat rumianku (Flos Chamimillae Vulgaris)*, li\u015b\u0107 maliny (Folium Rubi)*, li\u015b\u0107 mi\u0119ty pieprzowej (Herba Menthae Piperitae)*, owoc rokitnika (Fructus Hippophae)*<\/p>\n<div><\/div>\n<div>*certyfikowany sk\u0142adnik ekologiczny<\/div>\n<\/div>\n<\/div>\n<div class=\"last:mb-0 p-4 mb-4 rounded-lg bg-white\">\n<p class=\"text-19 mb-2 font-bold text-black\"><strong>Wa\u017cne wskaz\u00f3wki<\/strong><\/p>\n<div class=\"text-14 text-black scroll-spy-section\">\n<p>Przechowywa\u0107 w suchym i ch\u0142odnym miejscu.<\/p>\n<\/div>\n<\/div>\n<div class=\"last:mb-0 p-4 mb-4 rounded-lg bg-white\">\n<p class=\"text-19 mb-2 font-bold text-black\"><strong>Zawarto\u015b\u0107 netto<\/strong><\/p>\n<div class=\"text-14 text-black scroll-spy-section\">\n<p>20&#215;1,5g<\/p>\n<\/div>\n<\/div>\n<\/div>","protected":false},"excerpt":{"rendered":"<p>Opis Produktu Apotheke Herbatka dla dzieci Lipa, czarny bez, rumianek, Bio, powy\u017cej 9 miesi\u0105ca, 1,5, g x 20 saszetek Herbatka jest mieszank\u0105\u00a0zi\u00f3\u0142, kt\u00f3ra mo\u017ce by\u0107 stosowana podczas\u00a0przezi\u0119bienia. Zastosowanie Dla niemowl\u0105t powy\u017cej 9 miesi\u0105ca. Spos\u00f3b u\u017cycia 2 &#8211; 3 szklanki dziennie. Sk\u0142adniki Kwiatostan lipy (Flos Tiliae)*, owoc bzu czarnego (Fructus Sambuci)*, kwiat rumianku (Flos Chamimillae Vulgaris)*, [&hellip;]<\/p>","protected":false},"featured_media":778,"template":"","meta":{"site-sidebar-layout":"default","site-content-layout":"","ast-site-content-layout":"default","site-content-style":"default","site-sidebar-style":"default","ast-global-header-display":"","ast-banner-title-visibility":"","ast-main-header-display":"","ast-hfb-above-header-display":"","ast-hfb-below-header-display":"","ast-hfb-mobile-header-display":"","site-post-title":"","ast-breadcrumbs-content":"","ast-featured-img":"","footer-sml-layout":"","theme-transparent-header-meta":"default","adv-header-id-meta":"","stick-header-meta":"","header-above-stick-meta":"","header-main-stick-meta":"","header-below-stick-meta":"","astra-migrate-meta-layouts":"set","ast-page-background-enabled":"default","ast-page-background-meta":{"desktop":{"background-color":"var(--ast-global-color-4)","background-image":"","background-repeat":"repeat","background-position":"center center","background-size":"auto","background-attachment":"scroll","background-type":"","background-media":"","overlay-type":"","overlay-color":"","overlay-opacity":"","overlay-gradient":""},"tablet":{"background-color":"","background-image":"","background-repeat":"repeat","background-position":"center center","background-size":"auto","background-attachment":"scroll","background-type":"","background-media":"","overlay-type":"","overlay-color":"","overlay-opacity":"","overlay-gradient":""},"mobile":{"background-color":"","background-image":"","background-repeat":"repeat","background-position":"center center","background-size":"auto","background-attachment":"scroll","background-type":"","background-media":"","overlay-type":"","overlay-color":"","overlay-opacity":"","overlay-gradient":""}},"ast-content-background-meta":{"desktop":{"background-color":"var(--ast-global-color-5)","background-image":"","background-repeat":"repeat","background-position":"center center","background-size":"auto","background-attachment":"scroll","background-type":"","background-media":"","overlay-type":"","overlay-color":"","overlay-opacity":"","overlay-gradient":""},"tablet":{"background-color":"var(--ast-global-color-5)","background-image":"","background-repeat":"repeat","background-position":"center center","background-size":"auto","background-attachment":"scroll","background-type":"","background-media":"","overlay-type":"","overlay-color":"","overlay-opacity":"","overlay-gradient":""},"mobile":{"background-color":"var(--ast-global-color-5)","background-image":"","background-repeat":"repeat","background-position":"center center","background-size":"auto","background-attachment":"scroll","background-type":"","background-media":"","overlay-type":"","overlay-color":"","overlay-opacity":"","overlay-gradient":""}}},"product_cat":[45,44,46,47],"product_tag":[34],"class_list":{"0":"post-725","1":"product","2":"type-product","3":"status-publish","4":"has-post-thumbnail","6":"product_cat-ekspresowe","7":"product_cat-herbaty","8":"product_cat-ziolowe","9":"product_cat-owocowe-herbaty","10":"product_tag-etykieta-eko","11":"desktop-align-center","12":"tablet-align-left","13":"mobile-align-left","15":"first","16":"instock","17":"purchasable","18":"product-type-simple"},"_links":{"self":[{"href":"https:\/\/los-odpowiedzialni-spolecznie.pl\/en\/wp-json\/wp\/v2\/product\/725","targetHints":{"allow":["GET"]}}],"collection":[{"href":"https:\/\/los-odpowiedzialni-spolecznie.pl\/en\/wp-json\/wp\/v2\/product"}],"about":[{"href":"https:\/\/los-odpowiedzialni-spolecznie.pl\/en\/wp-json\/wp\/v2\/types\/product"}],"wp:featuredmedia":[{"embeddable":true,"href":"https:\/\/los-odpowiedzialni-spolecznie.pl\/en\/wp-json\/wp\/v2\/media\/778"}],"wp:attachment":[{"href":"https:\/\/los-odpowiedzialni-spolecznie.pl\/en\/wp-json\/wp\/v2\/media?parent=725"}],"wp:term":[{"taxonomy":"product_cat","embeddable":true,"href":"https:\/\/los-odpowiedzialni-spolecznie.pl\/en\/wp-json\/wp\/v2\/product_cat?post=725"},{"taxonomy":"product_tag","embeddable":true,"href":"https:\/\/los-odpowiedzialni-spolecznie.pl\/en\/wp-json\/wp\/v2\/product_tag?post=725"}],"curies":[{"name":"wp","href":"https:\/\/api.w.org\/{rel}","templated":true}]}}