{"id":720,"date":"2024-12-23T15:52:40","date_gmt":"2024-12-23T14:52:40","guid":{"rendered":"https:\/\/los-odpowiedzialni-spolecznie.pl\/?post_type=product&#038;p=720"},"modified":"2024-12-23T15:54:38","modified_gmt":"2024-12-23T14:54:38","slug":"bonum-costa-rica-shb-kawa-ziarnista-250g","status":"publish","type":"product","link":"https:\/\/los-odpowiedzialni-spolecznie.pl\/en\/sklep\/produkty-spozywcze\/kawy-2\/ziarniste\/bonum-costa-rica-shb-kawa-ziarnista-250g\/","title":{"rendered":"BONUM Costa Rica SHB Kawa ziarnista 250g"},"content":{"rendered":"<h3>Opis Produktu<\/h3>\n<p>Kawa z Kostaryki Tarrazu La Pastora, produkowana jest w prowincji San Jose. Kawa posiada charakterystyczny aromat owoc\u00f3w cytrusowych, w smaku natomiast dominuje s\u0142odycz dojrza\u0142ych pomara\u0144czy z czekoladowym finiszem. \u00a0Kostaryka Tarrazu La Pastora jest kaw\u0105, kt\u00f3ra \u015bwietnie smakuje na wszystkich stopniach wypalenia. Zaliczana jest do najlepszych kaw na \u015bwiecie, ze wzgl\u0119du na fakt, \u017ce ro\u015bnie na bardzo \u017cyznych glebach. Kawa Kostaryka La Pastora, pochodz\u0105ca z regionu Tarrazu jest jedn\u0105 z najbardziej rozpoznawalnych kaw w Kostaryce i na \u015bwiecie.<\/p>\n<p>&nbsp;<\/p>\n<p>SHB, czyli Strictly Hard Bean to informacja o tym, ze drzewka kawowe rosn\u0105 na wulkanicznej glebie powy\u017cej 1500 m n.p.m. Dzi\u0119ki du\u017cej zasobno\u015bci gleby w minera\u0142y i korzystnym warunkom wodnym produkcja kawy nie jest wspomagana nawozami i pestycydami. Razem ze wzrostem wysoko\u015bci uprawiana kawa nabiera odpowiedniej kwasowo\u015bci, a jej aromat staje si\u0119 coraz wyra\u017aniejszy.<\/p>\n<p><strong>Sk\u0142ad:<\/strong>\u00a0100% Arabica<\/p>\n<p><strong>Kraj pochodzenia:<\/strong>\u00a0Kostaryka<\/p>\n<p><strong>Nuta smakowa<\/strong>:\u00a0nuta s\u0142odka, \u0142agodna, lekko cytrynowa<\/p>\n<p>Kwasowo\u015b\u0107: 4\/5<\/p>\n<p>Intensywno\u015b\u0107: 4\/5<\/p>\n<p>Palenie: 3\/5<\/p>","protected":false},"excerpt":{"rendered":"<p>Opis Produktu Kawa z Kostaryki Tarrazu La Pastora, produkowana jest w prowincji San Jose. Kawa posiada charakterystyczny aromat owoc\u00f3w cytrusowych, w smaku natomiast dominuje s\u0142odycz dojrza\u0142ych pomara\u0144czy z czekoladowym finiszem. \u00a0Kostaryka Tarrazu La Pastora jest kaw\u0105, kt\u00f3ra \u015bwietnie smakuje na wszystkich stopniach wypalenia. Zaliczana jest do najlepszych kaw na \u015bwiecie, ze wzgl\u0119du na fakt, \u017ce [&hellip;]<\/p>","protected":false},"featured_media":777,"template":"","meta":{"site-sidebar-layout":"default","site-content-layout":"","ast-site-content-layout":"default","site-content-style":"default","site-sidebar-style":"default","ast-global-header-display":"","ast-banner-title-visibility":"","ast-main-header-display":"","ast-hfb-above-header-display":"","ast-hfb-below-header-display":"","ast-hfb-mobile-header-display":"","site-post-title":"","ast-breadcrumbs-content":"","ast-featured-img":"","footer-sml-layout":"","theme-transparent-header-meta":"default","adv-header-id-meta":"","stick-header-meta":"","header-above-stick-meta":"","header-main-stick-meta":"","header-below-stick-meta":"","astra-migrate-meta-layouts":"set","ast-page-background-enabled":"default","ast-page-background-meta":{"desktop":{"background-color":"var(--ast-global-color-4)","background-image":"","background-repeat":"repeat","background-position":"center center","background-size":"auto","background-attachment":"scroll","background-type":"","background-media":"","overlay-type":"","overlay-color":"","overlay-opacity":"","overlay-gradient":""},"tablet":{"background-color":"","background-image":"","background-repeat":"repeat","background-position":"center center","background-size":"auto","background-attachment":"scroll","background-type":"","background-media":"","overlay-type":"","overlay-color":"","overlay-opacity":"","overlay-gradient":""},"mobile":{"background-color":"","background-image":"","background-repeat":"repeat","background-position":"center center","background-size":"auto","background-attachment":"scroll","background-type":"","background-media":"","overlay-type":"","overlay-color":"","overlay-opacity":"","overlay-gradient":""}},"ast-content-background-meta":{"desktop":{"background-color":"var(--ast-global-color-5)","background-image":"","background-repeat":"repeat","background-position":"center center","background-size":"auto","background-attachment":"scroll","background-type":"","background-media":"","overlay-type":"","overlay-color":"","overlay-opacity":"","overlay-gradient":""},"tablet":{"background-color":"var(--ast-global-color-5)","background-image":"","background-repeat":"repeat","background-position":"center center","background-size":"auto","background-attachment":"scroll","background-type":"","background-media":"","overlay-type":"","overlay-color":"","overlay-opacity":"","overlay-gradient":""},"mobile":{"background-color":"var(--ast-global-color-5)","background-image":"","background-repeat":"repeat","background-position":"center center","background-size":"auto","background-attachment":"scroll","background-type":"","background-media":"","overlay-type":"","overlay-color":"","overlay-opacity":"","overlay-gradient":""}}},"product_cat":[40,41],"product_tag":[70],"class_list":{"0":"post-720","1":"product","2":"type-product","3":"status-publish","4":"has-post-thumbnail","6":"product_cat-kawy-2","7":"product_cat-ziarniste","8":"product_tag-eko","9":"desktop-align-center","10":"tablet-align-left","11":"mobile-align-left","13":"first","14":"instock","15":"purchasable","16":"product-type-simple"},"_links":{"self":[{"href":"https:\/\/los-odpowiedzialni-spolecznie.pl\/en\/wp-json\/wp\/v2\/product\/720","targetHints":{"allow":["GET"]}}],"collection":[{"href":"https:\/\/los-odpowiedzialni-spolecznie.pl\/en\/wp-json\/wp\/v2\/product"}],"about":[{"href":"https:\/\/los-odpowiedzialni-spolecznie.pl\/en\/wp-json\/wp\/v2\/types\/product"}],"wp:featuredmedia":[{"embeddable":true,"href":"https:\/\/los-odpowiedzialni-spolecznie.pl\/en\/wp-json\/wp\/v2\/media\/777"}],"wp:attachment":[{"href":"https:\/\/los-odpowiedzialni-spolecznie.pl\/en\/wp-json\/wp\/v2\/media?parent=720"}],"wp:term":[{"taxonomy":"product_cat","embeddable":true,"href":"https:\/\/los-odpowiedzialni-spolecznie.pl\/en\/wp-json\/wp\/v2\/product_cat?post=720"},{"taxonomy":"product_tag","embeddable":true,"href":"https:\/\/los-odpowiedzialni-spolecznie.pl\/en\/wp-json\/wp\/v2\/product_tag?post=720"}],"curies":[{"name":"wp","href":"https:\/\/api.w.org\/{rel}","templated":true}]}}