{"id":719,"date":"2024-12-23T15:52:40","date_gmt":"2024-12-23T14:52:40","guid":{"rendered":"https:\/\/los-odpowiedzialni-spolecznie.pl\/?post_type=product&#038;p=719"},"modified":"2024-12-23T15:54:34","modified_gmt":"2024-12-23T14:54:34","slug":"bonum-guatemala-shb-kawa-ziarnista-500g","status":"publish","type":"product","link":"https:\/\/los-odpowiedzialni-spolecznie.pl\/en\/sklep\/produkty-spozywcze\/kawy-2\/ziarniste\/bonum-guatemala-shb-kawa-ziarnista-500g\/","title":{"rendered":"BONUM Guatemala SHB Kawa ziarnista 500g"},"content":{"rendered":"<h3>Opis Produktu<\/h3>\n<p>Guatemala Sana Rosa\u00a0to\u00a0kawa\u00a0o mocniejszym stopniu wypalenia i bardzo przyjemnym smaku, w kt\u00f3rym mo\u017cna wyczu\u0107 s\u0142odk\u0105 \u015bliwk\u0119, orzech w\u0142oski i kakao.<\/p>\n<p>Nazwa Arabica Santa Rosa jest indywidualnie nadana przez plantator\u00f3w i wyr\u00f3\u017cnia j\u0105 od pozosta\u0142ych odmian pochodz\u0105cych z tego regionu i sygnowanych symbolem S.H.B. Kawa ta jest najcz\u0119\u015bciej uzyskiwana z odmian Burbon, Typica i Arabigo.\u00a0 Plony zbierane s\u0105 r\u0119cznie, metod\u0105 selektywn\u0105 polegaj\u0105c\u0105 na kilkukrotnym obchodzeniu plantacji i zbieraniu wy\u0142\u0105cznie dojrza\u0142ych owoc\u00f3w. Surowiec jest sortowany i czyszczony mechanicznie. Arabica Santa Rosa zaliczana jest do najszlachetniejszych na \u015bwiecie. Napar z niej jest wyrazisty i mocny, mo\u017ce poszczyci\u0107 si\u0119 jedwabisto\u015bci\u0105 i wyj\u0105tkow\u0105 r\u00f3wnowag\u0105. Doskonale nadaje si\u0119 do klasycznego w\u0142oskiego espresso i kaw deserowych, kt\u00f3re \u015bwietnie wydobywaj\u0105 jej owocowy charakter.<\/p>\n<p><strong>Sk\u0142ad<\/strong>:\u00a0100% Arabica<\/p>\n<p><strong>Kraj pochodzenia:<\/strong>\u00a0Gwatemala<\/p>\n<p><strong>Nuta smakowa:<\/strong>\u00a0Nuta s\u0142odkiej \u015bliwki, orzecha w\u0142oskiego, kakao<\/p>\n<p>Kwasowo\u015b\u0107: 2\/5<\/p>\n<p>Intensywno\u015b\u0107: 3\/5<\/p>\n<p>Palenie: 3\/5<\/p>","protected":false},"excerpt":{"rendered":"<p>Opis Produktu Guatemala Sana Rosa\u00a0to\u00a0kawa\u00a0o mocniejszym stopniu wypalenia i bardzo przyjemnym smaku, w kt\u00f3rym mo\u017cna wyczu\u0107 s\u0142odk\u0105 \u015bliwk\u0119, orzech w\u0142oski i kakao. Nazwa Arabica Santa Rosa jest indywidualnie nadana przez plantator\u00f3w i wyr\u00f3\u017cnia j\u0105 od pozosta\u0142ych odmian pochodz\u0105cych z tego regionu i sygnowanych symbolem S.H.B. Kawa ta jest najcz\u0119\u015bciej uzyskiwana z odmian Burbon, Typica i [&hellip;]<\/p>","protected":false},"featured_media":770,"template":"","meta":{"site-sidebar-layout":"default","site-content-layout":"","ast-site-content-layout":"default","site-content-style":"default","site-sidebar-style":"default","ast-global-header-display":"","ast-banner-title-visibility":"","ast-main-header-display":"","ast-hfb-above-header-display":"","ast-hfb-below-header-display":"","ast-hfb-mobile-header-display":"","site-post-title":"","ast-breadcrumbs-content":"","ast-featured-img":"","footer-sml-layout":"","theme-transparent-header-meta":"default","adv-header-id-meta":"","stick-header-meta":"","header-above-stick-meta":"","header-main-stick-meta":"","header-below-stick-meta":"","astra-migrate-meta-layouts":"set","ast-page-background-enabled":"default","ast-page-background-meta":{"desktop":{"background-color":"var(--ast-global-color-4)","background-image":"","background-repeat":"repeat","background-position":"center center","background-size":"auto","background-attachment":"scroll","background-type":"","background-media":"","overlay-type":"","overlay-color":"","overlay-opacity":"","overlay-gradient":""},"tablet":{"background-color":"","background-image":"","background-repeat":"repeat","background-position":"center center","background-size":"auto","background-attachment":"scroll","background-type":"","background-media":"","overlay-type":"","overlay-color":"","overlay-opacity":"","overlay-gradient":""},"mobile":{"background-color":"","background-image":"","background-repeat":"repeat","background-position":"center center","background-size":"auto","background-attachment":"scroll","background-type":"","background-media":"","overlay-type":"","overlay-color":"","overlay-opacity":"","overlay-gradient":""}},"ast-content-background-meta":{"desktop":{"background-color":"var(--ast-global-color-5)","background-image":"","background-repeat":"repeat","background-position":"center center","background-size":"auto","background-attachment":"scroll","background-type":"","background-media":"","overlay-type":"","overlay-color":"","overlay-opacity":"","overlay-gradient":""},"tablet":{"background-color":"var(--ast-global-color-5)","background-image":"","background-repeat":"repeat","background-position":"center center","background-size":"auto","background-attachment":"scroll","background-type":"","background-media":"","overlay-type":"","overlay-color":"","overlay-opacity":"","overlay-gradient":""},"mobile":{"background-color":"var(--ast-global-color-5)","background-image":"","background-repeat":"repeat","background-position":"center center","background-size":"auto","background-attachment":"scroll","background-type":"","background-media":"","overlay-type":"","overlay-color":"","overlay-opacity":"","overlay-gradient":""}}},"product_cat":[40,41],"product_tag":[70],"class_list":{"0":"post-719","1":"product","2":"type-product","3":"status-publish","4":"has-post-thumbnail","6":"product_cat-kawy-2","7":"product_cat-ziarniste","8":"product_tag-eko","9":"desktop-align-center","10":"tablet-align-left","11":"mobile-align-left","13":"first","14":"instock","15":"taxable","16":"shipping-taxable","17":"purchasable","18":"product-type-simple"},"_links":{"self":[{"href":"https:\/\/los-odpowiedzialni-spolecznie.pl\/en\/wp-json\/wp\/v2\/product\/719","targetHints":{"allow":["GET"]}}],"collection":[{"href":"https:\/\/los-odpowiedzialni-spolecznie.pl\/en\/wp-json\/wp\/v2\/product"}],"about":[{"href":"https:\/\/los-odpowiedzialni-spolecznie.pl\/en\/wp-json\/wp\/v2\/types\/product"}],"wp:featuredmedia":[{"embeddable":true,"href":"https:\/\/los-odpowiedzialni-spolecznie.pl\/en\/wp-json\/wp\/v2\/media\/770"}],"wp:attachment":[{"href":"https:\/\/los-odpowiedzialni-spolecznie.pl\/en\/wp-json\/wp\/v2\/media?parent=719"}],"wp:term":[{"taxonomy":"product_cat","embeddable":true,"href":"https:\/\/los-odpowiedzialni-spolecznie.pl\/en\/wp-json\/wp\/v2\/product_cat?post=719"},{"taxonomy":"product_tag","embeddable":true,"href":"https:\/\/los-odpowiedzialni-spolecznie.pl\/en\/wp-json\/wp\/v2\/product_tag?post=719"}],"curies":[{"name":"wp","href":"https:\/\/api.w.org\/{rel}","templated":true}]}}