{"id":716,"date":"2024-12-23T15:52:40","date_gmt":"2024-12-23T14:52:40","guid":{"rendered":"https:\/\/los-odpowiedzialni-spolecznie.pl\/?post_type=product&#038;p=716"},"modified":"2024-12-23T15:54:23","modified_gmt":"2024-12-23T14:54:23","slug":"bonum-espresso-blend-kawa-ziarnista-250g","status":"publish","type":"product","link":"https:\/\/los-odpowiedzialni-spolecznie.pl\/en\/sklep\/produkty-spozywcze\/kawy-2\/ziarniste\/bonum-espresso-blend-kawa-ziarnista-250g\/","title":{"rendered":"BONUM Espresso Blend Kawa ziarnista 250g"},"content":{"rendered":"<h3>Opis Produktu<\/h3>\n<p>Kawa BONUM Espresso Blend to mieszanka wyselekcjonowanych ziaren arabki Brazylia Santos oraz wysokiej jako\u015bci robusty Vietnam, kt\u00f3re nadaj\u0105 jej wyrazisty smak i aromat.<\/p>\n<p>Robusta Wietnam\u00a0to kawa o\u00a0\u0142agodnej kwasowo\u015bci oraz przyjemnym aromacie i\u00a0smaku. Jej ziarna po zaparzeniu uwalniaj\u0105 du\u017c\u0105 moc kofeiny, kt\u00f3ra jest ponad dwukrotnie wy\u017csza ni\u017c w\u00a0przypadku innych odmian kawy. Nadaje si\u0119 nie tylko do parzenia najmocniejszych kaw jak espresso, ale r\u00f3wnie\u017c do parzenia &#8222;po turecku&#8221;.<br \/>\nArabica Brazylia Santos\u00a0to jeden z\u00a0najbardziej klasycznych produkt\u00f3w na rynku kawy. Arabica Santos charakteryzuje si\u0119 s\u0142odkawym, \u0142agodnym, delikatnie czekoladowym smakiem. Daje napar pozbawiony goryczy o\u00a0intensywnym aromacie.<\/p>\n<p><strong>Sk\u0142ad:<\/strong><\/p>\n<p>Arabica i Robusta<br \/>\n<strong>Kraj pochodzenia<\/strong>:<\/p>\n<p>Brazylia, Wietnam<\/p>\n<p><strong>Nuta smakowa:<\/strong><\/p>\n<p>gorzka czekolada<\/p>\n<p>Kwasowo\u015b\u0107: 2\/5<br \/>\nIntensywno\u015b\u0107: 3\/5<br \/>\nPalenie: 3\/5<\/p>","protected":false},"excerpt":{"rendered":"<p>Opis Produktu Kawa BONUM Espresso Blend to mieszanka wyselekcjonowanych ziaren arabki Brazylia Santos oraz wysokiej jako\u015bci robusty Vietnam, kt\u00f3re nadaj\u0105 jej wyrazisty smak i aromat. Robusta Wietnam\u00a0to kawa o\u00a0\u0142agodnej kwasowo\u015bci oraz przyjemnym aromacie i\u00a0smaku. Jej ziarna po zaparzeniu uwalniaj\u0105 du\u017c\u0105 moc kofeiny, kt\u00f3ra jest ponad dwukrotnie wy\u017csza ni\u017c w\u00a0przypadku innych odmian kawy. Nadaje si\u0119 nie [&hellip;]<\/p>","protected":false},"featured_media":767,"template":"","meta":{"site-sidebar-layout":"default","site-content-layout":"","ast-site-content-layout":"default","site-content-style":"default","site-sidebar-style":"default","ast-global-header-display":"","ast-banner-title-visibility":"","ast-main-header-display":"","ast-hfb-above-header-display":"","ast-hfb-below-header-display":"","ast-hfb-mobile-header-display":"","site-post-title":"","ast-breadcrumbs-content":"","ast-featured-img":"","footer-sml-layout":"","theme-transparent-header-meta":"default","adv-header-id-meta":"","stick-header-meta":"","header-above-stick-meta":"","header-main-stick-meta":"","header-below-stick-meta":"","astra-migrate-meta-layouts":"set","ast-page-background-enabled":"default","ast-page-background-meta":{"desktop":{"background-color":"var(--ast-global-color-4)","background-image":"","background-repeat":"repeat","background-position":"center center","background-size":"auto","background-attachment":"scroll","background-type":"","background-media":"","overlay-type":"","overlay-color":"","overlay-opacity":"","overlay-gradient":""},"tablet":{"background-color":"","background-image":"","background-repeat":"repeat","background-position":"center center","background-size":"auto","background-attachment":"scroll","background-type":"","background-media":"","overlay-type":"","overlay-color":"","overlay-opacity":"","overlay-gradient":""},"mobile":{"background-color":"","background-image":"","background-repeat":"repeat","background-position":"center center","background-size":"auto","background-attachment":"scroll","background-type":"","background-media":"","overlay-type":"","overlay-color":"","overlay-opacity":"","overlay-gradient":""}},"ast-content-background-meta":{"desktop":{"background-color":"var(--ast-global-color-5)","background-image":"","background-repeat":"repeat","background-position":"center center","background-size":"auto","background-attachment":"scroll","background-type":"","background-media":"","overlay-type":"","overlay-color":"","overlay-opacity":"","overlay-gradient":""},"tablet":{"background-color":"var(--ast-global-color-5)","background-image":"","background-repeat":"repeat","background-position":"center center","background-size":"auto","background-attachment":"scroll","background-type":"","background-media":"","overlay-type":"","overlay-color":"","overlay-opacity":"","overlay-gradient":""},"mobile":{"background-color":"var(--ast-global-color-5)","background-image":"","background-repeat":"repeat","background-position":"center center","background-size":"auto","background-attachment":"scroll","background-type":"","background-media":"","overlay-type":"","overlay-color":"","overlay-opacity":"","overlay-gradient":""}}},"product_cat":[40,41],"product_tag":[70],"class_list":{"0":"post-716","1":"product","2":"type-product","3":"status-publish","4":"has-post-thumbnail","6":"product_cat-kawy-2","7":"product_cat-ziarniste","8":"product_tag-eko","9":"desktop-align-center","10":"tablet-align-left","11":"mobile-align-left","13":"first","14":"instock","15":"taxable","16":"shipping-taxable","17":"purchasable","18":"product-type-simple"},"_links":{"self":[{"href":"https:\/\/los-odpowiedzialni-spolecznie.pl\/en\/wp-json\/wp\/v2\/product\/716","targetHints":{"allow":["GET"]}}],"collection":[{"href":"https:\/\/los-odpowiedzialni-spolecznie.pl\/en\/wp-json\/wp\/v2\/product"}],"about":[{"href":"https:\/\/los-odpowiedzialni-spolecznie.pl\/en\/wp-json\/wp\/v2\/types\/product"}],"wp:featuredmedia":[{"embeddable":true,"href":"https:\/\/los-odpowiedzialni-spolecznie.pl\/en\/wp-json\/wp\/v2\/media\/767"}],"wp:attachment":[{"href":"https:\/\/los-odpowiedzialni-spolecznie.pl\/en\/wp-json\/wp\/v2\/media?parent=716"}],"wp:term":[{"taxonomy":"product_cat","embeddable":true,"href":"https:\/\/los-odpowiedzialni-spolecznie.pl\/en\/wp-json\/wp\/v2\/product_cat?post=716"},{"taxonomy":"product_tag","embeddable":true,"href":"https:\/\/los-odpowiedzialni-spolecznie.pl\/en\/wp-json\/wp\/v2\/product_tag?post=716"}],"curies":[{"name":"wp","href":"https:\/\/api.w.org\/{rel}","templated":true}]}}