{"id":710,"date":"2024-12-23T15:52:16","date_gmt":"2024-12-23T14:52:16","guid":{"rendered":"https:\/\/los-odpowiedzialni-spolecznie.pl\/?post_type=product&#038;p=710"},"modified":"2024-12-23T15:54:19","modified_gmt":"2024-12-23T14:54:19","slug":"bonum-espresso-creme-kawa-mielona-250g","status":"publish","type":"product","link":"https:\/\/los-odpowiedzialni-spolecznie.pl\/en\/sklep\/produkty-spozywcze\/kawy-2\/mielone\/bonum-espresso-creme-kawa-mielona-250g\/","title":{"rendered":"BONUM Espresso Cr\u00e8me Kawa mielona 250g"},"content":{"rendered":"<h3>Opis Produktu<\/h3>\n<p>Wyselekcjonowane ziarna arabiki Brazylia Santos oraz szczypta wysokiej jako\u015bci indyjskiej robusty India Cherry AA, nadaj\u0105 jej wyrazisty smak i aromat.<\/p>\n<p>Wyrazista, pe\u0142na i intensywna.<\/p>\n<p>Znakomita z mlekiem lub \u015bmietank\u0105.<\/p>\n<p><strong>Sk\u0142ad:<\/strong><\/p>\n<p>wyselekcjonowana mieszanka kaw: arabica (ok. 70%) i robusta (ok. 30%).<\/p>\n<p><strong>Kraj pochodzenia:<\/strong><\/p>\n<p>Arabica \u2013 Brazylia Santos, Robusta \u2013 India Cherry AA<\/p>\n<p><strong>Nuta smakowa:<\/strong>\u00a0gorzka czekolada<\/p>\n<p>Kwasowo\u015b\u0107: 1\/5<\/p>\n<p>Intensywno\u015b\u0107: 4\/5<\/p>\n<p>Palenie: 3\/5<\/p>","protected":false},"excerpt":{"rendered":"<p>Opis Produktu Wyselekcjonowane ziarna arabiki Brazylia Santos oraz szczypta wysokiej jako\u015bci indyjskiej robusty India Cherry AA, nadaj\u0105 jej wyrazisty smak i aromat. Wyrazista, pe\u0142na i intensywna. Znakomita z mlekiem lub \u015bmietank\u0105. Sk\u0142ad: wyselekcjonowana mieszanka kaw: arabica (ok. 70%) i robusta (ok. 30%). Kraj pochodzenia: Arabica \u2013 Brazylia Santos, Robusta \u2013 India Cherry AA Nuta smakowa:\u00a0gorzka [&hellip;]<\/p>","protected":false},"featured_media":766,"template":"","meta":{"site-sidebar-layout":"default","site-content-layout":"","ast-site-content-layout":"default","site-content-style":"default","site-sidebar-style":"default","ast-global-header-display":"","ast-banner-title-visibility":"","ast-main-header-display":"","ast-hfb-above-header-display":"","ast-hfb-below-header-display":"","ast-hfb-mobile-header-display":"","site-post-title":"","ast-breadcrumbs-content":"","ast-featured-img":"","footer-sml-layout":"","theme-transparent-header-meta":"default","adv-header-id-meta":"","stick-header-meta":"","header-above-stick-meta":"","header-main-stick-meta":"","header-below-stick-meta":"","astra-migrate-meta-layouts":"set","ast-page-background-enabled":"default","ast-page-background-meta":{"desktop":{"background-color":"var(--ast-global-color-4)","background-image":"","background-repeat":"repeat","background-position":"center center","background-size":"auto","background-attachment":"scroll","background-type":"","background-media":"","overlay-type":"","overlay-color":"","overlay-opacity":"","overlay-gradient":""},"tablet":{"background-color":"","background-image":"","background-repeat":"repeat","background-position":"center center","background-size":"auto","background-attachment":"scroll","background-type":"","background-media":"","overlay-type":"","overlay-color":"","overlay-opacity":"","overlay-gradient":""},"mobile":{"background-color":"","background-image":"","background-repeat":"repeat","background-position":"center center","background-size":"auto","background-attachment":"scroll","background-type":"","background-media":"","overlay-type":"","overlay-color":"","overlay-opacity":"","overlay-gradient":""}},"ast-content-background-meta":{"desktop":{"background-color":"var(--ast-global-color-5)","background-image":"","background-repeat":"repeat","background-position":"center center","background-size":"auto","background-attachment":"scroll","background-type":"","background-media":"","overlay-type":"","overlay-color":"","overlay-opacity":"","overlay-gradient":""},"tablet":{"background-color":"var(--ast-global-color-5)","background-image":"","background-repeat":"repeat","background-position":"center center","background-size":"auto","background-attachment":"scroll","background-type":"","background-media":"","overlay-type":"","overlay-color":"","overlay-opacity":"","overlay-gradient":""},"mobile":{"background-color":"var(--ast-global-color-5)","background-image":"","background-repeat":"repeat","background-position":"center center","background-size":"auto","background-attachment":"scroll","background-type":"","background-media":"","overlay-type":"","overlay-color":"","overlay-opacity":"","overlay-gradient":""}}},"product_cat":[40,42],"product_tag":[70],"class_list":{"0":"post-710","1":"product","2":"type-product","3":"status-publish","4":"has-post-thumbnail","6":"product_cat-kawy-2","7":"product_cat-mielone","8":"product_tag-eko","9":"desktop-align-center","10":"tablet-align-left","11":"mobile-align-left","13":"first","14":"instock","15":"taxable","16":"shipping-taxable","17":"purchasable","18":"product-type-simple"},"_links":{"self":[{"href":"https:\/\/los-odpowiedzialni-spolecznie.pl\/en\/wp-json\/wp\/v2\/product\/710","targetHints":{"allow":["GET"]}}],"collection":[{"href":"https:\/\/los-odpowiedzialni-spolecznie.pl\/en\/wp-json\/wp\/v2\/product"}],"about":[{"href":"https:\/\/los-odpowiedzialni-spolecznie.pl\/en\/wp-json\/wp\/v2\/types\/product"}],"wp:featuredmedia":[{"embeddable":true,"href":"https:\/\/los-odpowiedzialni-spolecznie.pl\/en\/wp-json\/wp\/v2\/media\/766"}],"wp:attachment":[{"href":"https:\/\/los-odpowiedzialni-spolecznie.pl\/en\/wp-json\/wp\/v2\/media?parent=710"}],"wp:term":[{"taxonomy":"product_cat","embeddable":true,"href":"https:\/\/los-odpowiedzialni-spolecznie.pl\/en\/wp-json\/wp\/v2\/product_cat?post=710"},{"taxonomy":"product_tag","embeddable":true,"href":"https:\/\/los-odpowiedzialni-spolecznie.pl\/en\/wp-json\/wp\/v2\/product_tag?post=710"}],"curies":[{"name":"wp","href":"https:\/\/api.w.org\/{rel}","templated":true}]}}