{"id":709,"date":"2024-12-23T15:52:16","date_gmt":"2024-12-23T14:52:16","guid":{"rendered":"https:\/\/los-odpowiedzialni-spolecznie.pl\/?post_type=product&#038;p=709"},"modified":"2024-12-23T15:54:16","modified_gmt":"2024-12-23T14:54:16","slug":"bonum-columbia-excelso-kawa-ziarnista-250g","status":"publish","type":"product","link":"https:\/\/los-odpowiedzialni-spolecznie.pl\/en\/sklep\/produkty-spozywcze\/kawy-2\/ziarniste\/bonum-columbia-excelso-kawa-ziarnista-250g\/","title":{"rendered":"BONUM Columbia Excelso Kawa ziarnista 250g"},"content":{"rendered":"<h3>Opis Produktu<\/h3>\n<p>BONUM Columbia Excelso Kawa ziarnista 250g to kawa pochodz\u0105ca z Kolumbii, jest mielon\u0105 kaw\u0105 ziarnist\u0105 o wadze 250g. Jest to wysokiej jako\u015bci kawa, produkowana z dok\u0142adnie wyselekcjonowanych ziaren kolumbijskich kawowc\u00f3w. Charakteryzuje si\u0119 wyj\u0105tkowym aromatem i delikatnym smakiem<\/p>\n<p>. Kawa ta charakteryzuje si\u0119 lekk\u0105 kwasowo\u015bci\u0105 czarnych porzeczek po\u0142\u0105czon\u0105 ze s\u0142odkimi dojrza\u0142ymi owocami. Wysoka zawarto\u015b\u0107 kofeiny w tej kawie idealnie komponuje si\u0119 z jej delikatno\u015bci\u0105.Excelso &#8211; z \u0142aciny oznaczaj\u0105ca wspania\u0142\u0105.<\/p>\n<p>&nbsp;<\/p>\n<p><strong>Sk\u0142ad:<\/strong><\/p>\n<p>100% Arabica<\/p>\n<p><strong>Kraj pochodzenia:<\/strong><\/p>\n<p>Kolumbia<\/p>\n<p><strong>Nuta smakowa:<\/strong><\/p>\n<p>owocowa kwasowo\u015b\u0107, posmak winny<\/p>\n<p>Kwasowo\u015b\u0107: 3\/5<\/p>\n<p>Intensywno\u015b\u0107: 3\/5<\/p>\n<p>Palenie: 3\/5<\/p>\n<p>&nbsp;<\/p>","protected":false},"excerpt":{"rendered":"<p>Opis Produktu BONUM Columbia Excelso Kawa ziarnista 250g to kawa pochodz\u0105ca z Kolumbii, jest mielon\u0105 kaw\u0105 ziarnist\u0105 o wadze 250g. Jest to wysokiej jako\u015bci kawa, produkowana z dok\u0142adnie wyselekcjonowanych ziaren kolumbijskich kawowc\u00f3w. Charakteryzuje si\u0119 wyj\u0105tkowym aromatem i delikatnym smakiem . Kawa ta charakteryzuje si\u0119 lekk\u0105 kwasowo\u015bci\u0105 czarnych porzeczek po\u0142\u0105czon\u0105 ze s\u0142odkimi dojrza\u0142ymi owocami. Wysoka zawarto\u015b\u0107 [&hellip;]<\/p>","protected":false},"featured_media":765,"template":"","meta":{"site-sidebar-layout":"default","site-content-layout":"","ast-site-content-layout":"default","site-content-style":"default","site-sidebar-style":"default","ast-global-header-display":"","ast-banner-title-visibility":"","ast-main-header-display":"","ast-hfb-above-header-display":"","ast-hfb-below-header-display":"","ast-hfb-mobile-header-display":"","site-post-title":"","ast-breadcrumbs-content":"","ast-featured-img":"","footer-sml-layout":"","theme-transparent-header-meta":"default","adv-header-id-meta":"","stick-header-meta":"","header-above-stick-meta":"","header-main-stick-meta":"","header-below-stick-meta":"","astra-migrate-meta-layouts":"set","ast-page-background-enabled":"default","ast-page-background-meta":{"desktop":{"background-color":"var(--ast-global-color-4)","background-image":"","background-repeat":"repeat","background-position":"center center","background-size":"auto","background-attachment":"scroll","background-type":"","background-media":"","overlay-type":"","overlay-color":"","overlay-opacity":"","overlay-gradient":""},"tablet":{"background-color":"","background-image":"","background-repeat":"repeat","background-position":"center center","background-size":"auto","background-attachment":"scroll","background-type":"","background-media":"","overlay-type":"","overlay-color":"","overlay-opacity":"","overlay-gradient":""},"mobile":{"background-color":"","background-image":"","background-repeat":"repeat","background-position":"center center","background-size":"auto","background-attachment":"scroll","background-type":"","background-media":"","overlay-type":"","overlay-color":"","overlay-opacity":"","overlay-gradient":""}},"ast-content-background-meta":{"desktop":{"background-color":"var(--ast-global-color-5)","background-image":"","background-repeat":"repeat","background-position":"center center","background-size":"auto","background-attachment":"scroll","background-type":"","background-media":"","overlay-type":"","overlay-color":"","overlay-opacity":"","overlay-gradient":""},"tablet":{"background-color":"var(--ast-global-color-5)","background-image":"","background-repeat":"repeat","background-position":"center center","background-size":"auto","background-attachment":"scroll","background-type":"","background-media":"","overlay-type":"","overlay-color":"","overlay-opacity":"","overlay-gradient":""},"mobile":{"background-color":"var(--ast-global-color-5)","background-image":"","background-repeat":"repeat","background-position":"center center","background-size":"auto","background-attachment":"scroll","background-type":"","background-media":"","overlay-type":"","overlay-color":"","overlay-opacity":"","overlay-gradient":""}}},"product_cat":[40,41],"product_tag":[70],"class_list":{"0":"post-709","1":"product","2":"type-product","3":"status-publish","4":"has-post-thumbnail","6":"product_cat-kawy-2","7":"product_cat-ziarniste","8":"product_tag-eko","9":"desktop-align-center","10":"tablet-align-left","11":"mobile-align-left","13":"first","14":"instock","15":"purchasable","16":"product-type-simple"},"_links":{"self":[{"href":"https:\/\/los-odpowiedzialni-spolecznie.pl\/en\/wp-json\/wp\/v2\/product\/709","targetHints":{"allow":["GET"]}}],"collection":[{"href":"https:\/\/los-odpowiedzialni-spolecznie.pl\/en\/wp-json\/wp\/v2\/product"}],"about":[{"href":"https:\/\/los-odpowiedzialni-spolecznie.pl\/en\/wp-json\/wp\/v2\/types\/product"}],"wp:featuredmedia":[{"embeddable":true,"href":"https:\/\/los-odpowiedzialni-spolecznie.pl\/en\/wp-json\/wp\/v2\/media\/765"}],"wp:attachment":[{"href":"https:\/\/los-odpowiedzialni-spolecznie.pl\/en\/wp-json\/wp\/v2\/media?parent=709"}],"wp:term":[{"taxonomy":"product_cat","embeddable":true,"href":"https:\/\/los-odpowiedzialni-spolecznie.pl\/en\/wp-json\/wp\/v2\/product_cat?post=709"},{"taxonomy":"product_tag","embeddable":true,"href":"https:\/\/los-odpowiedzialni-spolecznie.pl\/en\/wp-json\/wp\/v2\/product_tag?post=709"}],"curies":[{"name":"wp","href":"https:\/\/api.w.org\/{rel}","templated":true}]}}