{"id":707,"date":"2024-12-23T15:52:16","date_gmt":"2024-12-23T14:52:16","guid":{"rendered":"https:\/\/los-odpowiedzialni-spolecznie.pl\/?post_type=product&#038;p=707"},"modified":"2024-12-23T15:54:07","modified_gmt":"2024-12-23T14:54:07","slug":"the-fudge-karamell-250g-czekolada-do-picia","status":"publish","type":"product","link":"https:\/\/los-odpowiedzialni-spolecznie.pl\/en\/sklep\/produkty-spozywcze\/inne-napoje\/the-fudge-karamell-250g-czekolada-do-picia\/","title":{"rendered":"The Fudge, Karamell 250g &#8211; Czekolada do picia"},"content":{"rendered":"<h3>Opis Produktu<\/h3>\n<p><strong>The Fudge, Karamell 250g- Czekolada do picia<\/strong><\/p>\n<p>Kr\u00f3wka (Karmel) Kakao o delikatnym smaku z kremowym karmelem. S\u0142odki w smaku; z mi\u0119kko\u015bci\u0105, kt\u00f3r\u0105 mi\u0142o\u015bnicy smaku nazywaj\u0105 \u201eodczuciem w ustach\u201d i sprawia, \u017ce \u200b\u200bdzieci s\u0105 \u201emufff\u201d.<\/p>\n<p><strong>Zawarto\u015b\u0107 opakowania<\/strong> &#8211; 250g<\/p>\n<h3>Sk\u0142ad<\/h3>\n<p><strong>Sk\u0142adniki:<\/strong>surowy cukier trzcinowy*, kakao*, mleczny karmel (5,8%) (cukier, odt\u0142uszczone mleko w proszku), naturalny karmel , aromat, s\u00f3l morska, kakao, cukier trzcinowy: sprzedawane zgodnie ze standardami Fairtrade, \u0142\u0105czny udzia\u0142: 90%.*z certyfikowanych upraw ekologicznych<\/p>\n<p><strong>Stosowanie<\/strong><\/p>\n<p>Czekolad\u0119\u00a0 wymiesza\u0107 20g (2 \u0142y\u017ceczki) z 0,25l spienionego mleka pe\u0142nego (maks. 78\u00b0C). Nie miesza\u0107 z wod\u0105. Nadaje si\u0119 r\u00f3wnie\u017c do przygotowania z mlekiem migda\u0142owym, owsianym, sojowym, kokosowym i orkiszowym .<\/p>\n<p><strong>Wskaz\u00f3wki dotycz\u0105ce przechowywania:<\/strong> Chroni\u0107 przed wysok\u0105 temperatur\u0105 i przechowywa\u0107 w suchym miejscu Producent \/ importer Pit Sweets Hoffmann GmbH &amp; Co. KGDE- 83071 Stephanskirchen<\/p>","protected":false},"excerpt":{"rendered":"<p>Opis Produktu The Fudge, Karamell 250g- Czekolada do picia Kr\u00f3wka (Karmel) Kakao o delikatnym smaku z kremowym karmelem. S\u0142odki w smaku; z mi\u0119kko\u015bci\u0105, kt\u00f3r\u0105 mi\u0142o\u015bnicy smaku nazywaj\u0105 \u201eodczuciem w ustach\u201d i sprawia, \u017ce \u200b\u200bdzieci s\u0105 \u201emufff\u201d. Zawarto\u015b\u0107 opakowania &#8211; 250g Sk\u0142ad Sk\u0142adniki:surowy cukier trzcinowy*, kakao*, mleczny karmel (5,8%) (cukier, odt\u0142uszczone mleko w proszku), naturalny karmel [&hellip;]<\/p>","protected":false},"featured_media":757,"template":"","meta":{"site-sidebar-layout":"default","site-content-layout":"","ast-site-content-layout":"default","site-content-style":"default","site-sidebar-style":"default","ast-global-header-display":"","ast-banner-title-visibility":"","ast-main-header-display":"","ast-hfb-above-header-display":"","ast-hfb-below-header-display":"","ast-hfb-mobile-header-display":"","site-post-title":"","ast-breadcrumbs-content":"","ast-featured-img":"","footer-sml-layout":"","theme-transparent-header-meta":"default","adv-header-id-meta":"","stick-header-meta":"","header-above-stick-meta":"","header-main-stick-meta":"","header-below-stick-meta":"","astra-migrate-meta-layouts":"set","ast-page-background-enabled":"default","ast-page-background-meta":{"desktop":{"background-color":"var(--ast-global-color-4)","background-image":"","background-repeat":"repeat","background-position":"center center","background-size":"auto","background-attachment":"scroll","background-type":"","background-media":"","overlay-type":"","overlay-color":"","overlay-opacity":"","overlay-gradient":""},"tablet":{"background-color":"","background-image":"","background-repeat":"repeat","background-position":"center center","background-size":"auto","background-attachment":"scroll","background-type":"","background-media":"","overlay-type":"","overlay-color":"","overlay-opacity":"","overlay-gradient":""},"mobile":{"background-color":"","background-image":"","background-repeat":"repeat","background-position":"center center","background-size":"auto","background-attachment":"scroll","background-type":"","background-media":"","overlay-type":"","overlay-color":"","overlay-opacity":"","overlay-gradient":""}},"ast-content-background-meta":{"desktop":{"background-color":"var(--ast-global-color-5)","background-image":"","background-repeat":"repeat","background-position":"center center","background-size":"auto","background-attachment":"scroll","background-type":"","background-media":"","overlay-type":"","overlay-color":"","overlay-opacity":"","overlay-gradient":""},"tablet":{"background-color":"var(--ast-global-color-5)","background-image":"","background-repeat":"repeat","background-position":"center center","background-size":"auto","background-attachment":"scroll","background-type":"","background-media":"","overlay-type":"","overlay-color":"","overlay-opacity":"","overlay-gradient":""},"mobile":{"background-color":"var(--ast-global-color-5)","background-image":"","background-repeat":"repeat","background-position":"center center","background-size":"auto","background-attachment":"scroll","background-type":"","background-media":"","overlay-type":"","overlay-color":"","overlay-opacity":"","overlay-gradient":""}}},"product_cat":[95],"product_tag":[34],"class_list":{"0":"post-707","1":"product","2":"type-product","3":"status-publish","4":"has-post-thumbnail","6":"product_cat-inne-napoje","7":"product_tag-etykieta-eko","8":"desktop-align-center","9":"tablet-align-left","10":"mobile-align-left","12":"first","13":"instock","14":"purchasable","15":"product-type-simple"},"_links":{"self":[{"href":"https:\/\/los-odpowiedzialni-spolecznie.pl\/en\/wp-json\/wp\/v2\/product\/707","targetHints":{"allow":["GET"]}}],"collection":[{"href":"https:\/\/los-odpowiedzialni-spolecznie.pl\/en\/wp-json\/wp\/v2\/product"}],"about":[{"href":"https:\/\/los-odpowiedzialni-spolecznie.pl\/en\/wp-json\/wp\/v2\/types\/product"}],"wp:featuredmedia":[{"embeddable":true,"href":"https:\/\/los-odpowiedzialni-spolecznie.pl\/en\/wp-json\/wp\/v2\/media\/757"}],"wp:attachment":[{"href":"https:\/\/los-odpowiedzialni-spolecznie.pl\/en\/wp-json\/wp\/v2\/media?parent=707"}],"wp:term":[{"taxonomy":"product_cat","embeddable":true,"href":"https:\/\/los-odpowiedzialni-spolecznie.pl\/en\/wp-json\/wp\/v2\/product_cat?post=707"},{"taxonomy":"product_tag","embeddable":true,"href":"https:\/\/los-odpowiedzialni-spolecznie.pl\/en\/wp-json\/wp\/v2\/product_tag?post=707"}],"curies":[{"name":"wp","href":"https:\/\/api.w.org\/{rel}","templated":true}]}}