{"id":706,"date":"2024-12-23T15:52:16","date_gmt":"2024-12-23T14:52:16","guid":{"rendered":"https:\/\/los-odpowiedzialni-spolecznie.pl\/?post_type=product&#038;p=706"},"modified":"2024-12-23T15:54:03","modified_gmt":"2024-12-23T14:54:03","slug":"czekolada-do-picia-hot-winter-fair-trade-bezglutenowa-bio-250-g-becks-cocoa","status":"publish","type":"product","link":"https:\/\/los-odpowiedzialni-spolecznie.pl\/en\/sklep\/produkty-spozywcze\/inne-napoje\/czekolada-do-picia-hot-winter-fair-trade-bezglutenowa-bio-250-g-becks-cocoa\/","title":{"rendered":"CZEKOLADA DO PICIA HOT WINTER FAIR TRADE BEZGLUTENOWA BIO 250 g &#8211; BECKS COCOA"},"content":{"rendered":"<h3>Opis Produktu<\/h3>\n<p><strong>CZEKOLADA DO PICIA HOT WINTER FAIR TRADE BEZGLUTENOWA BIO 250 g &#8211; BECKS COCOA<\/strong><\/p>\n<p><strong>SK\u0141ADNIKI<\/strong><br \/>\nkakao* 50 %, surowy cukier trzcinowy*, s\u00f3l morska, cynamon*, kwiat muszkato\u0142owy*, go\u017adziki*, ziele angielskie*, ga\u0142ka muszkato\u0142owa*, kardamon*, imbir*, pieprz cayenne*. (*sk\u0142adniki ekologiczne)<\/p>\n<p><strong>SPOS\u00d3B PRZYGOTOWANIA<\/strong><br \/>\n2 czubate \u0142y\u017ceczki proszku zala\u0107 250 ml spienionego MLEKA (78 \u00b0C), dobrze wymiesza\u0107. Nie podawa\u0107 z wod\u0105.<br \/>\nMo\u017cna zamiast MLEKA u\u017cy\u0107 napoju sojowego lub migda\u0142owego.<\/p>\n<p><strong>WARTO\u015a\u0106 OD\u017bYWCZA W 100 g<\/strong><br \/>\n<strong>Warto\u015b\u0107 energetyczna: 1585 kJ\/378 kcal<\/strong><br \/>\n<strong>T\u0142uszcz<\/strong>: 11 g<br \/>\n<strong>w tym kwasy t\u0142uszczowe nasycone:<\/strong> 6,4 g<br \/>\n<strong>W\u0119glowodany:<\/strong> 53 g<br \/>\n<strong>w tym cukry:<\/strong> 48 g<br \/>\n<strong>Bia\u0142ko:<\/strong> 9,9 g<br \/>\n<strong>S\u00f3l:<\/strong> 0,77 g<\/p>\n<p><strong>ZALECANE WARUNKI PRZECHOWYWANIA<\/strong><br \/>\nPrzechowywa\u0107 w suchym i ch\u0142odnym miejscu.<\/p>","protected":false},"excerpt":{"rendered":"<p>Opis Produktu CZEKOLADA DO PICIA HOT WINTER FAIR TRADE BEZGLUTENOWA BIO 250 g &#8211; BECKS COCOA SK\u0141ADNIKI kakao* 50 %, surowy cukier trzcinowy*, s\u00f3l morska, cynamon*, kwiat muszkato\u0142owy*, go\u017adziki*, ziele angielskie*, ga\u0142ka muszkato\u0142owa*, kardamon*, imbir*, pieprz cayenne*. (*sk\u0142adniki ekologiczne) SPOS\u00d3B PRZYGOTOWANIA 2 czubate \u0142y\u017ceczki proszku zala\u0107 250 ml spienionego MLEKA (78 \u00b0C), dobrze wymiesza\u0107. Nie [&hellip;]<\/p>","protected":false},"featured_media":756,"template":"","meta":{"site-sidebar-layout":"default","site-content-layout":"","ast-site-content-layout":"default","site-content-style":"default","site-sidebar-style":"default","ast-global-header-display":"","ast-banner-title-visibility":"","ast-main-header-display":"","ast-hfb-above-header-display":"","ast-hfb-below-header-display":"","ast-hfb-mobile-header-display":"","site-post-title":"","ast-breadcrumbs-content":"","ast-featured-img":"","footer-sml-layout":"","theme-transparent-header-meta":"default","adv-header-id-meta":"","stick-header-meta":"","header-above-stick-meta":"","header-main-stick-meta":"","header-below-stick-meta":"","astra-migrate-meta-layouts":"set","ast-page-background-enabled":"default","ast-page-background-meta":{"desktop":{"background-color":"var(--ast-global-color-4)","background-image":"","background-repeat":"repeat","background-position":"center center","background-size":"auto","background-attachment":"scroll","background-type":"","background-media":"","overlay-type":"","overlay-color":"","overlay-opacity":"","overlay-gradient":""},"tablet":{"background-color":"","background-image":"","background-repeat":"repeat","background-position":"center center","background-size":"auto","background-attachment":"scroll","background-type":"","background-media":"","overlay-type":"","overlay-color":"","overlay-opacity":"","overlay-gradient":""},"mobile":{"background-color":"","background-image":"","background-repeat":"repeat","background-position":"center center","background-size":"auto","background-attachment":"scroll","background-type":"","background-media":"","overlay-type":"","overlay-color":"","overlay-opacity":"","overlay-gradient":""}},"ast-content-background-meta":{"desktop":{"background-color":"var(--ast-global-color-5)","background-image":"","background-repeat":"repeat","background-position":"center center","background-size":"auto","background-attachment":"scroll","background-type":"","background-media":"","overlay-type":"","overlay-color":"","overlay-opacity":"","overlay-gradient":""},"tablet":{"background-color":"var(--ast-global-color-5)","background-image":"","background-repeat":"repeat","background-position":"center center","background-size":"auto","background-attachment":"scroll","background-type":"","background-media":"","overlay-type":"","overlay-color":"","overlay-opacity":"","overlay-gradient":""},"mobile":{"background-color":"var(--ast-global-color-5)","background-image":"","background-repeat":"repeat","background-position":"center center","background-size":"auto","background-attachment":"scroll","background-type":"","background-media":"","overlay-type":"","overlay-color":"","overlay-opacity":"","overlay-gradient":""}}},"product_cat":[95],"product_tag":[34],"class_list":{"0":"post-706","1":"product","2":"type-product","3":"status-publish","4":"has-post-thumbnail","6":"product_cat-inne-napoje","7":"product_tag-etykieta-eko","8":"desktop-align-center","9":"tablet-align-left","10":"mobile-align-left","12":"first","13":"instock","14":"purchasable","15":"product-type-simple"},"_links":{"self":[{"href":"https:\/\/los-odpowiedzialni-spolecznie.pl\/en\/wp-json\/wp\/v2\/product\/706","targetHints":{"allow":["GET"]}}],"collection":[{"href":"https:\/\/los-odpowiedzialni-spolecznie.pl\/en\/wp-json\/wp\/v2\/product"}],"about":[{"href":"https:\/\/los-odpowiedzialni-spolecznie.pl\/en\/wp-json\/wp\/v2\/types\/product"}],"wp:featuredmedia":[{"embeddable":true,"href":"https:\/\/los-odpowiedzialni-spolecznie.pl\/en\/wp-json\/wp\/v2\/media\/756"}],"wp:attachment":[{"href":"https:\/\/los-odpowiedzialni-spolecznie.pl\/en\/wp-json\/wp\/v2\/media?parent=706"}],"wp:term":[{"taxonomy":"product_cat","embeddable":true,"href":"https:\/\/los-odpowiedzialni-spolecznie.pl\/en\/wp-json\/wp\/v2\/product_cat?post=706"},{"taxonomy":"product_tag","embeddable":true,"href":"https:\/\/los-odpowiedzialni-spolecznie.pl\/en\/wp-json\/wp\/v2\/product_tag?post=706"}],"curies":[{"name":"wp","href":"https:\/\/api.w.org\/{rel}","templated":true}]}}