{"id":699,"date":"2024-12-23T15:51:55","date_gmt":"2024-12-23T14:51:55","guid":{"rendered":"https:\/\/los-odpowiedzialni-spolecznie.pl\/?post_type=product&#038;p=699"},"modified":"2024-12-23T15:53:57","modified_gmt":"2024-12-23T14:53:57","slug":"alce-nero-6mc-ciastka-z-plaskurki-witamina-b1-bio-250g","status":"publish","type":"product","link":"https:\/\/los-odpowiedzialni-spolecznie.pl\/en\/sklep\/produkty-spozywcze\/przekaski\/slodkie\/alce-nero-6mc-ciastka-z-plaskurki-witamina-b1-bio-250g\/","title":{"rendered":"Alce Nero 6Mc Ciastka Z P\u0142askurki Witamin\u0105 B1 Bio 250G"},"content":{"rendered":"<h3>Opis Produktu<\/h3>\n<p><strong>Alce Nero 6Mc Ciastka Z P\u0142askurki Witamin\u0105 B1 Bio 250G<\/strong><\/p>\n<p>Ciastka orkiszowe dla dzieci, ktore uko\u0144czy\u0142y 6 miesi\u0105c \u017cycia. Produkt zawiera naturalnie wystepuj\u0105ce cukry z soku jab\u0142kowego i syropu ry\u017cowego.<\/p>\n<p><strong>SK\u0141ADNIKI<\/strong><br \/>\nm\u0105ka z\u00a0<strong>pszenicy p\u0142askurki<\/strong>* 58 %, koncentrat soku jab\u0142kowego*, oliwa z oliwek extra virgin*, olej s\u0142onecznikowy*, syrop ry\u017cowy*, m\u0105ka\u00a0<strong>pszenna<\/strong>\u00a0hydrolizowana*, m\u0105ka ry\u017cowa*, pasteryzowane\u00a0<strong>mleko<\/strong>\u00a0\u015bwie\u017ce *, ekstrakt s\u0142odu\u00a0<strong>j\u0119czmiennego<\/strong>*, substancje spulchniaj\u0105ce (w\u0119glany amonu, w\u0119glany sodu)*, witamina B1 (monoazotan tiaminy) (*sk\u0142adniki ekologiczne)<\/p>\n<p><strong>WARTO\u015a\u0106 OD\u017bYWCZA W 100 g<\/strong><br \/>\n<strong>Warto\u015b\u0107 energetyczna &#8211; 1915 kJ\/456 kcal<\/strong><br \/>\n<strong>T\u0142uszcz<\/strong> &#8211; 15 g<br \/>\n<strong>w tym kwasy t\u0142uszczowe nasycone<\/strong> &#8211; 2,3 g<br \/>\n<strong>W\u0119glowodany<\/strong> -70 g<br \/>\n<strong>w tym cukry<\/strong> &#8211; 20 g<br \/>\n<strong>B\u0142onnik<\/strong> &#8211; 1,8 g<br \/>\n<strong>Bia\u0142ko<\/strong> &#8211; 9,3 g<br \/>\n<strong>S\u00f3l<\/strong> &#8211; 0,3 g<br \/>\n<strong>Tiamina<\/strong> &#8211; 0,5 mg (100 %)**<br \/>\n** Warto\u015b\u0107 Referencyjna dla etykietowania sk\u0142adnik\u00f3w pokarmowych dla \u017cywno\u015bci przeznaczonej dla niemowl\u0105t i ma\u0142ych dzieci<\/p>\n<p><strong>INFORMACJA ALERGENNA<\/strong><br \/>\nProdukt mo\u017ce zawiera\u0107 jaja, soj\u0119 oraz orzechy (migda\u0142y, orzechy laskowe, orzechy brazylijskie)<\/p>\n<p><strong>ZALECANE WARUNKI PRZECHOWYWANIA<\/strong><br \/>\nPrzechowywa\u0107 w suchym i ch\u0142odnym miejscu. Chroni\u0107 przed \u015bwiat\u0142em. Po otwarciu przechowywa\u0107 szczelnie zamkni\u0119te.<\/p>","protected":false},"excerpt":{"rendered":"<p>Opis Produktu Alce Nero 6Mc Ciastka Z P\u0142askurki Witamin\u0105 B1 Bio 250G Ciastka orkiszowe dla dzieci, ktore uko\u0144czy\u0142y 6 miesi\u0105c \u017cycia. Produkt zawiera naturalnie wystepuj\u0105ce cukry z soku jab\u0142kowego i syropu ry\u017cowego. SK\u0141ADNIKI m\u0105ka z\u00a0pszenicy p\u0142askurki* 58 %, koncentrat soku jab\u0142kowego*, oliwa z oliwek extra virgin*, olej s\u0142onecznikowy*, syrop ry\u017cowy*, m\u0105ka\u00a0pszenna\u00a0hydrolizowana*, m\u0105ka ry\u017cowa*, pasteryzowane\u00a0mleko\u00a0\u015bwie\u017ce *, [&hellip;]<\/p>","protected":false},"featured_media":754,"template":"","meta":{"site-sidebar-layout":"default","site-content-layout":"","ast-site-content-layout":"default","site-content-style":"default","site-sidebar-style":"default","ast-global-header-display":"","ast-banner-title-visibility":"","ast-main-header-display":"","ast-hfb-above-header-display":"","ast-hfb-below-header-display":"","ast-hfb-mobile-header-display":"","site-post-title":"","ast-breadcrumbs-content":"","ast-featured-img":"","footer-sml-layout":"","theme-transparent-header-meta":"default","adv-header-id-meta":"","stick-header-meta":"","header-above-stick-meta":"","header-main-stick-meta":"","header-below-stick-meta":"","astra-migrate-meta-layouts":"set","ast-page-background-enabled":"default","ast-page-background-meta":{"desktop":{"background-color":"var(--ast-global-color-4)","background-image":"","background-repeat":"repeat","background-position":"center center","background-size":"auto","background-attachment":"scroll","background-type":"","background-media":"","overlay-type":"","overlay-color":"","overlay-opacity":"","overlay-gradient":""},"tablet":{"background-color":"","background-image":"","background-repeat":"repeat","background-position":"center center","background-size":"auto","background-attachment":"scroll","background-type":"","background-media":"","overlay-type":"","overlay-color":"","overlay-opacity":"","overlay-gradient":""},"mobile":{"background-color":"","background-image":"","background-repeat":"repeat","background-position":"center center","background-size":"auto","background-attachment":"scroll","background-type":"","background-media":"","overlay-type":"","overlay-color":"","overlay-opacity":"","overlay-gradient":""}},"ast-content-background-meta":{"desktop":{"background-color":"var(--ast-global-color-5)","background-image":"","background-repeat":"repeat","background-position":"center center","background-size":"auto","background-attachment":"scroll","background-type":"","background-media":"","overlay-type":"","overlay-color":"","overlay-opacity":"","overlay-gradient":""},"tablet":{"background-color":"var(--ast-global-color-5)","background-image":"","background-repeat":"repeat","background-position":"center center","background-size":"auto","background-attachment":"scroll","background-type":"","background-media":"","overlay-type":"","overlay-color":"","overlay-opacity":"","overlay-gradient":""},"mobile":{"background-color":"var(--ast-global-color-5)","background-image":"","background-repeat":"repeat","background-position":"center center","background-size":"auto","background-attachment":"scroll","background-type":"","background-media":"","overlay-type":"","overlay-color":"","overlay-opacity":"","overlay-gradient":""}}},"product_cat":[25,24],"product_tag":[34],"class_list":{"0":"post-699","1":"product","2":"type-product","3":"status-publish","4":"has-post-thumbnail","6":"product_cat-slodkie","7":"product_cat-przekaski","8":"product_tag-etykieta-eko","9":"desktop-align-center","10":"tablet-align-left","11":"mobile-align-left","13":"first","14":"onbackorder","15":"purchasable","16":"product-type-simple"},"_links":{"self":[{"href":"https:\/\/los-odpowiedzialni-spolecznie.pl\/en\/wp-json\/wp\/v2\/product\/699","targetHints":{"allow":["GET"]}}],"collection":[{"href":"https:\/\/los-odpowiedzialni-spolecznie.pl\/en\/wp-json\/wp\/v2\/product"}],"about":[{"href":"https:\/\/los-odpowiedzialni-spolecznie.pl\/en\/wp-json\/wp\/v2\/types\/product"}],"wp:featuredmedia":[{"embeddable":true,"href":"https:\/\/los-odpowiedzialni-spolecznie.pl\/en\/wp-json\/wp\/v2\/media\/754"}],"wp:attachment":[{"href":"https:\/\/los-odpowiedzialni-spolecznie.pl\/en\/wp-json\/wp\/v2\/media?parent=699"}],"wp:term":[{"taxonomy":"product_cat","embeddable":true,"href":"https:\/\/los-odpowiedzialni-spolecznie.pl\/en\/wp-json\/wp\/v2\/product_cat?post=699"},{"taxonomy":"product_tag","embeddable":true,"href":"https:\/\/los-odpowiedzialni-spolecznie.pl\/en\/wp-json\/wp\/v2\/product_tag?post=699"}],"curies":[{"name":"wp","href":"https:\/\/api.w.org\/{rel}","templated":true}]}}