{"id":690,"date":"2024-12-23T15:51:34","date_gmt":"2024-12-23T14:51:34","guid":{"rendered":"https:\/\/los-odpowiedzialni-spolecznie.pl\/?post_type=product&#038;p=690"},"modified":"2024-12-23T15:53:38","modified_gmt":"2024-12-23T14:53:38","slug":"ksylitol-w-saszetkach-40-x-5-g-200-g-santini-finlandia","status":"publish","type":"product","link":"https:\/\/los-odpowiedzialni-spolecznie.pl\/en\/sklep\/produkty-spozywcze\/produkty-slodzace\/ksylitol\/ksylitol-w-saszetkach-40-x-5-g-200-g-santini-finlandia\/","title":{"rendered":"KSYLITOL W SASZETKACH (40 x 5 g) 200 g &#8211; SANTINI (FINLANDIA)"},"content":{"rendered":"<h3>Opis Produktu<\/h3>\n<p><strong>KSYLITOL W SASZETKACH (40 x 5 g) 200 g &#8211; SANTINI (FINLANDIA)<\/strong><\/p>\n<p>Ksylitol, nazywany &#8222;cukrem brzozowym&#8221; to s\u0142odzik pozyskiwany z drewna drzew li\u015bciastych, g\u0142\u00f3wnie z brzozy. Ksylitol jest substancj\u0105 pochodzenia naturalnego u\u017cywan\u0105 jako zamiennik bia\u0142ego cukru. Indeks glikemiczny ksylitolu jest bliski 8, co oznacza, \u017ce jest przetwarzany w organizmie z minimalnym udzia\u0142em insuliny, a warto\u015b\u0107 energetyczna to jedynie 240 kcal na 100 g, czyli 12 kcal na \u0142y\u017ceczk\u0119 (5 g). Wytwarzanie ksylitolu odbywa si\u0119 bez udzia\u0142u dro\u017cd\u017cy. Ksylitol nie fermentuje i nie ulega karmelizacji.<\/p>\n<p><strong>SK\u0141ADNIKI<\/strong><br \/>\n100 % ksylitol (substancja s\u0142odz\u0105ca)<\/p>\n<p><strong>WARTO\u015a\u0106 OD\u017bYWCZA W 100 g<\/strong><br \/>\n<strong>Waro\u015b\u0107 energetyczna: 1000 kJ\/240 kcal<\/strong><br \/>\n<strong>T\u0142uszcz:<\/strong> 0 g<br \/>\n<strong>w tym kwasy t\u0142uszczowe nasycone<\/strong>: 0 g<br \/>\n<strong>W\u0119glowodany<\/strong>: 99,8 g<br \/>\n<strong>w tym cukry:<\/strong> 0,2 g<br \/>\n<strong>w tym alkohole wielowodorotlenowe<\/strong>: 98,5 g<br \/>\n<strong>Bia\u0142ko:<\/strong> 0 g<br \/>\n<strong>S\u00f3l:<\/strong> 0,01 g<\/p>\n<p><strong>SPOS\u00d3B U\u017bYCIA<\/strong><br \/>\n&#8211; jako s\u0142odzik sto\u0142owy, gdzie jedna \u0142y\u017ceczka ksylitolu odpowiada oko\u0142o 1 \u0142y\u017ceczce cukru bia\u0142ego.<br \/>\n&#8211; do s\u0142odzenia potraw, deser\u00f3w, napoj\u00f3w<br \/>\n&#8211; do wypiek\u00f3w z uwzgl\u0119dnieniem, \u017ce ksylitol nie jest po\u017cywk\u0105 dla dro\u017cd\u017cy oraz, \u017ce jest mocno higroskopijny i nie ulega karmelizacji.<\/p>\n<p><strong>UWAGA<\/strong><br \/>\nSpo\u017cycie w nadmiernych ilo\u015bciach mo\u017ce mie\u0107 efekt przeczyszczaj\u0105cy. Nie podawa\u0107 dzieciom do 3 roku \u017cycia<\/p>\n<p><strong>ZALECANE WARUNKI PRZECHOWYWANIA<\/strong><br \/>\nPrzechowywa\u0107 w suchym miejscu w temperaturze poni\u017cej 25 stopni Celsjusza.<\/p>","protected":false},"excerpt":{"rendered":"<p>Opis Produktu KSYLITOL W SASZETKACH (40 x 5 g) 200 g &#8211; SANTINI (FINLANDIA) Ksylitol, nazywany &#8222;cukrem brzozowym&#8221; to s\u0142odzik pozyskiwany z drewna drzew li\u015bciastych, g\u0142\u00f3wnie z brzozy. Ksylitol jest substancj\u0105 pochodzenia naturalnego u\u017cywan\u0105 jako zamiennik bia\u0142ego cukru. Indeks glikemiczny ksylitolu jest bliski 8, co oznacza, \u017ce jest przetwarzany w organizmie z minimalnym udzia\u0142em insuliny, [&hellip;]<\/p>","protected":false},"featured_media":745,"template":"","meta":{"site-sidebar-layout":"default","site-content-layout":"","ast-site-content-layout":"default","site-content-style":"default","site-sidebar-style":"default","ast-global-header-display":"","ast-banner-title-visibility":"","ast-main-header-display":"","ast-hfb-above-header-display":"","ast-hfb-below-header-display":"","ast-hfb-mobile-header-display":"","site-post-title":"","ast-breadcrumbs-content":"","ast-featured-img":"","footer-sml-layout":"","theme-transparent-header-meta":"default","adv-header-id-meta":"","stick-header-meta":"","header-above-stick-meta":"","header-main-stick-meta":"","header-below-stick-meta":"","astra-migrate-meta-layouts":"set","ast-page-background-enabled":"default","ast-page-background-meta":{"desktop":{"background-color":"var(--ast-global-color-4)","background-image":"","background-repeat":"repeat","background-position":"center center","background-size":"auto","background-attachment":"scroll","background-type":"","background-media":"","overlay-type":"","overlay-color":"","overlay-opacity":"","overlay-gradient":""},"tablet":{"background-color":"","background-image":"","background-repeat":"repeat","background-position":"center center","background-size":"auto","background-attachment":"scroll","background-type":"","background-media":"","overlay-type":"","overlay-color":"","overlay-opacity":"","overlay-gradient":""},"mobile":{"background-color":"","background-image":"","background-repeat":"repeat","background-position":"center center","background-size":"auto","background-attachment":"scroll","background-type":"","background-media":"","overlay-type":"","overlay-color":"","overlay-opacity":"","overlay-gradient":""}},"ast-content-background-meta":{"desktop":{"background-color":"var(--ast-global-color-5)","background-image":"","background-repeat":"repeat","background-position":"center center","background-size":"auto","background-attachment":"scroll","background-type":"","background-media":"","overlay-type":"","overlay-color":"","overlay-opacity":"","overlay-gradient":""},"tablet":{"background-color":"var(--ast-global-color-5)","background-image":"","background-repeat":"repeat","background-position":"center center","background-size":"auto","background-attachment":"scroll","background-type":"","background-media":"","overlay-type":"","overlay-color":"","overlay-opacity":"","overlay-gradient":""},"mobile":{"background-color":"var(--ast-global-color-5)","background-image":"","background-repeat":"repeat","background-position":"center center","background-size":"auto","background-attachment":"scroll","background-type":"","background-media":"","overlay-type":"","overlay-color":"","overlay-opacity":"","overlay-gradient":""}}},"product_cat":[91,89],"product_tag":[],"class_list":{"0":"post-690","1":"product","2":"type-product","3":"status-publish","4":"has-post-thumbnail","6":"product_cat-ksylitol","7":"product_cat-produkty-slodzace","8":"desktop-align-center","9":"tablet-align-left","10":"mobile-align-left","12":"first","13":"instock","14":"purchasable","15":"product-type-simple"},"_links":{"self":[{"href":"https:\/\/los-odpowiedzialni-spolecznie.pl\/en\/wp-json\/wp\/v2\/product\/690","targetHints":{"allow":["GET"]}}],"collection":[{"href":"https:\/\/los-odpowiedzialni-spolecznie.pl\/en\/wp-json\/wp\/v2\/product"}],"about":[{"href":"https:\/\/los-odpowiedzialni-spolecznie.pl\/en\/wp-json\/wp\/v2\/types\/product"}],"wp:featuredmedia":[{"embeddable":true,"href":"https:\/\/los-odpowiedzialni-spolecznie.pl\/en\/wp-json\/wp\/v2\/media\/745"}],"wp:attachment":[{"href":"https:\/\/los-odpowiedzialni-spolecznie.pl\/en\/wp-json\/wp\/v2\/media?parent=690"}],"wp:term":[{"taxonomy":"product_cat","embeddable":true,"href":"https:\/\/los-odpowiedzialni-spolecznie.pl\/en\/wp-json\/wp\/v2\/product_cat?post=690"},{"taxonomy":"product_tag","embeddable":true,"href":"https:\/\/los-odpowiedzialni-spolecznie.pl\/en\/wp-json\/wp\/v2\/product_tag?post=690"}],"curies":[{"name":"wp","href":"https:\/\/api.w.org\/{rel}","templated":true}]}}