{"id":689,"date":"2024-12-23T15:51:34","date_gmt":"2024-12-23T14:51:34","guid":{"rendered":"https:\/\/los-odpowiedzialni-spolecznie.pl\/?post_type=product&#038;p=689"},"modified":"2024-12-23T15:53:33","modified_gmt":"2024-12-23T14:53:33","slug":"stevia-na-bazie-erytrytolu-i-glikozydow-stewiolowych-ze-stewii-naturavena-150g","status":"publish","type":"product","link":"https:\/\/los-odpowiedzialni-spolecznie.pl\/en\/sklep\/produkty-spozywcze\/produkty-slodzace\/stewia\/stevia-na-bazie-erytrytolu-i-glikozydow-stewiolowych-ze-stewii-naturavena-150g\/","title":{"rendered":"STEVIA (NA BAZIE ERYTRYTOLU I GLIKOZYD\u00d3W STEWIOLOWYCH ZE STEWII) &#8211; NATURAVENA 150g"},"content":{"rendered":"<h3>Opis Produktu<\/h3>\n<p><strong>STEVIA (NA BAZIE ERYTRYTOLU I GLIKOZYD\u00d3W STEWIOLOWYCH ZE STEWII) &#8211; NATURAVENA 150g<\/strong><\/p>\n<p>S\u0142odzik sto\u0142owy na bazie erytrytolu i glikozyd\u00f3w stewiolowych ze stewii.<\/p>\n<p><strong>SK\u0141ADNIKI<\/strong><br \/>\nerytrytol 99,8 %, glikozydy stewiolowe ze stewii 0,2 %.<\/p>\n<p><strong>INFORMACJA ALERGENNA<\/strong><br \/>\n<strong>Produkt mo\u017ce zawiera\u0107:<\/strong> ZBO\u017bA ZAWIERAJ\u0104CE GLUTEN, ORZESZKI ZIEMNE, ORZECHY, NASIONA SEZAMU, soj\u0119.<\/p>\n<p><strong>ZALECANE WARUNKI PRZECHOWYWANIA<\/strong><br \/>\nPrzechowywa\u0107 w suchym i ch\u0142odnym miejscu.<\/p>","protected":false},"excerpt":{"rendered":"<p>Opis Produktu STEVIA (NA BAZIE ERYTRYTOLU I GLIKOZYD\u00d3W STEWIOLOWYCH ZE STEWII) &#8211; NATURAVENA 150g S\u0142odzik sto\u0142owy na bazie erytrytolu i glikozyd\u00f3w stewiolowych ze stewii. SK\u0141ADNIKI erytrytol 99,8 %, glikozydy stewiolowe ze stewii 0,2 %. INFORMACJA ALERGENNA Produkt mo\u017ce zawiera\u0107: ZBO\u017bA ZAWIERAJ\u0104CE GLUTEN, ORZESZKI ZIEMNE, ORZECHY, NASIONA SEZAMU, soj\u0119. ZALECANE WARUNKI PRZECHOWYWANIA Przechowywa\u0107 w suchym i [&hellip;]<\/p>","protected":false},"featured_media":744,"template":"","meta":{"site-sidebar-layout":"default","site-content-layout":"","ast-site-content-layout":"default","site-content-style":"default","site-sidebar-style":"default","ast-global-header-display":"","ast-banner-title-visibility":"","ast-main-header-display":"","ast-hfb-above-header-display":"","ast-hfb-below-header-display":"","ast-hfb-mobile-header-display":"","site-post-title":"","ast-breadcrumbs-content":"","ast-featured-img":"","footer-sml-layout":"","theme-transparent-header-meta":"default","adv-header-id-meta":"","stick-header-meta":"","header-above-stick-meta":"","header-main-stick-meta":"","header-below-stick-meta":"","astra-migrate-meta-layouts":"set","ast-page-background-enabled":"default","ast-page-background-meta":{"desktop":{"background-color":"var(--ast-global-color-4)","background-image":"","background-repeat":"repeat","background-position":"center center","background-size":"auto","background-attachment":"scroll","background-type":"","background-media":"","overlay-type":"","overlay-color":"","overlay-opacity":"","overlay-gradient":""},"tablet":{"background-color":"","background-image":"","background-repeat":"repeat","background-position":"center center","background-size":"auto","background-attachment":"scroll","background-type":"","background-media":"","overlay-type":"","overlay-color":"","overlay-opacity":"","overlay-gradient":""},"mobile":{"background-color":"","background-image":"","background-repeat":"repeat","background-position":"center center","background-size":"auto","background-attachment":"scroll","background-type":"","background-media":"","overlay-type":"","overlay-color":"","overlay-opacity":"","overlay-gradient":""}},"ast-content-background-meta":{"desktop":{"background-color":"var(--ast-global-color-5)","background-image":"","background-repeat":"repeat","background-position":"center center","background-size":"auto","background-attachment":"scroll","background-type":"","background-media":"","overlay-type":"","overlay-color":"","overlay-opacity":"","overlay-gradient":""},"tablet":{"background-color":"var(--ast-global-color-5)","background-image":"","background-repeat":"repeat","background-position":"center center","background-size":"auto","background-attachment":"scroll","background-type":"","background-media":"","overlay-type":"","overlay-color":"","overlay-opacity":"","overlay-gradient":""},"mobile":{"background-color":"var(--ast-global-color-5)","background-image":"","background-repeat":"repeat","background-position":"center center","background-size":"auto","background-attachment":"scroll","background-type":"","background-media":"","overlay-type":"","overlay-color":"","overlay-opacity":"","overlay-gradient":""}}},"product_cat":[93,89],"product_tag":[],"class_list":{"0":"post-689","1":"product","2":"type-product","3":"status-publish","4":"has-post-thumbnail","6":"product_cat-stewia","7":"product_cat-produkty-slodzace","8":"desktop-align-center","9":"tablet-align-left","10":"mobile-align-left","12":"first","13":"instock","14":"purchasable","15":"product-type-simple"},"_links":{"self":[{"href":"https:\/\/los-odpowiedzialni-spolecznie.pl\/en\/wp-json\/wp\/v2\/product\/689","targetHints":{"allow":["GET"]}}],"collection":[{"href":"https:\/\/los-odpowiedzialni-spolecznie.pl\/en\/wp-json\/wp\/v2\/product"}],"about":[{"href":"https:\/\/los-odpowiedzialni-spolecznie.pl\/en\/wp-json\/wp\/v2\/types\/product"}],"wp:featuredmedia":[{"embeddable":true,"href":"https:\/\/los-odpowiedzialni-spolecznie.pl\/en\/wp-json\/wp\/v2\/media\/744"}],"wp:attachment":[{"href":"https:\/\/los-odpowiedzialni-spolecznie.pl\/en\/wp-json\/wp\/v2\/media?parent=689"}],"wp:term":[{"taxonomy":"product_cat","embeddable":true,"href":"https:\/\/los-odpowiedzialni-spolecznie.pl\/en\/wp-json\/wp\/v2\/product_cat?post=689"},{"taxonomy":"product_tag","embeddable":true,"href":"https:\/\/los-odpowiedzialni-spolecznie.pl\/en\/wp-json\/wp\/v2\/product_tag?post=689"}],"curies":[{"name":"wp","href":"https:\/\/api.w.org\/{rel}","templated":true}]}}