{"id":687,"date":"2024-12-23T15:51:33","date_gmt":"2024-12-23T14:51:33","guid":{"rendered":"https:\/\/los-odpowiedzialni-spolecznie.pl\/?post_type=product&#038;p=687"},"modified":"2024-12-23T15:53:26","modified_gmt":"2024-12-23T14:53:26","slug":"daktyle-sproszkowane-bio-300-g-bio-planet","status":"publish","type":"product","link":"https:\/\/los-odpowiedzialni-spolecznie.pl\/en\/sklep\/produkty-spozywcze\/produkty-slodzace\/sproszkowane-daktyle\/daktyle-sproszkowane-bio-300-g-bio-planet\/","title":{"rendered":"DAKTYLE SPROSZKOWANE BIO 300 g &#8211; BIO PLANET"},"content":{"rendered":"<h3>Opis Produktu<\/h3>\n<p><strong>DAKTYLE SPROSZKOWANE BIO 300 g &#8211; BIO PLANET<\/strong><\/p>\n<p>Ekologiczne daktyle w formie sproszkowanej charakteryzuj\u0105 si\u0119 lekko s\u0142odkim smakiem z nutk\u0105 toffi. Nadaj\u0105 s\u0142odyczy ka\u017cdej potrawie, dzi\u0119ki temu stanowi\u0105 idealny dodatek do wypiek\u00f3w, deser\u00f3w, jogurt\u00f3w, musli, a tak\u017ce da\u0144 orientalnych. Nie rozpuszczaj\u0105 si\u0119 w zimnych i ciep\u0142ych napojach.<\/p>\n<p><strong>SK\u0141ADNIKI<\/strong><br \/>\ndaktyle sproszkowane* 100% (*certyfikowany sk\u0142adnik ekologiczny)<\/p>\n<p><strong>WARTO\u015a\u0106 OD\u017bYWCZA W 100 g<\/strong><br \/>\n<strong>Warto\u015b\u0107 energetyczna 1493 kJ \/ 353 kcal<\/strong><br \/>\n<strong>T\u0142uszcz<\/strong> &#8211; 0 g<br \/>\n<strong>w tym kwasy t\u0142uszczowe nasycone<\/strong> &#8211; 0 g<br \/>\n<strong>W\u0119glowodany<\/strong> &#8211; 80 g<br \/>\n<strong>w tym cukry<\/strong> &#8211; 74 g<br \/>\n<strong>B\u0142onnik<\/strong> &#8211; 11 g<br \/>\n<strong>Bia\u0142ko<\/strong> &#8211; 2,7 g<br \/>\n<strong>S\u00f3l<\/strong> &#8211; 0,02 g<\/p>\n<p><strong>ZALECANEWARUNKI PRZECHOWYWANIA<\/strong><br \/>\nPrzechowywa\u0107 w suchym i ch\u0142odnym miejscu.<\/p>","protected":false},"excerpt":{"rendered":"<p>Opis Produktu DAKTYLE SPROSZKOWANE BIO 300 g &#8211; BIO PLANET Ekologiczne daktyle w formie sproszkowanej charakteryzuj\u0105 si\u0119 lekko s\u0142odkim smakiem z nutk\u0105 toffi. Nadaj\u0105 s\u0142odyczy ka\u017cdej potrawie, dzi\u0119ki temu stanowi\u0105 idealny dodatek do wypiek\u00f3w, deser\u00f3w, jogurt\u00f3w, musli, a tak\u017ce da\u0144 orientalnych. Nie rozpuszczaj\u0105 si\u0119 w zimnych i ciep\u0142ych napojach. SK\u0141ADNIKI daktyle sproszkowane* 100% (*certyfikowany sk\u0142adnik [&hellip;]<\/p>","protected":false},"featured_media":735,"template":"","meta":{"site-sidebar-layout":"default","site-content-layout":"","ast-site-content-layout":"default","site-content-style":"default","site-sidebar-style":"default","ast-global-header-display":"","ast-banner-title-visibility":"","ast-main-header-display":"","ast-hfb-above-header-display":"","ast-hfb-below-header-display":"","ast-hfb-mobile-header-display":"","site-post-title":"","ast-breadcrumbs-content":"","ast-featured-img":"","footer-sml-layout":"","theme-transparent-header-meta":"default","adv-header-id-meta":"","stick-header-meta":"","header-above-stick-meta":"","header-main-stick-meta":"","header-below-stick-meta":"","astra-migrate-meta-layouts":"set","ast-page-background-enabled":"default","ast-page-background-meta":{"desktop":{"background-color":"var(--ast-global-color-4)","background-image":"","background-repeat":"repeat","background-position":"center center","background-size":"auto","background-attachment":"scroll","background-type":"","background-media":"","overlay-type":"","overlay-color":"","overlay-opacity":"","overlay-gradient":""},"tablet":{"background-color":"","background-image":"","background-repeat":"repeat","background-position":"center center","background-size":"auto","background-attachment":"scroll","background-type":"","background-media":"","overlay-type":"","overlay-color":"","overlay-opacity":"","overlay-gradient":""},"mobile":{"background-color":"","background-image":"","background-repeat":"repeat","background-position":"center center","background-size":"auto","background-attachment":"scroll","background-type":"","background-media":"","overlay-type":"","overlay-color":"","overlay-opacity":"","overlay-gradient":""}},"ast-content-background-meta":{"desktop":{"background-color":"var(--ast-global-color-5)","background-image":"","background-repeat":"repeat","background-position":"center center","background-size":"auto","background-attachment":"scroll","background-type":"","background-media":"","overlay-type":"","overlay-color":"","overlay-opacity":"","overlay-gradient":""},"tablet":{"background-color":"var(--ast-global-color-5)","background-image":"","background-repeat":"repeat","background-position":"center center","background-size":"auto","background-attachment":"scroll","background-type":"","background-media":"","overlay-type":"","overlay-color":"","overlay-opacity":"","overlay-gradient":""},"mobile":{"background-color":"var(--ast-global-color-5)","background-image":"","background-repeat":"repeat","background-position":"center center","background-size":"auto","background-attachment":"scroll","background-type":"","background-media":"","overlay-type":"","overlay-color":"","overlay-opacity":"","overlay-gradient":""}}},"product_cat":[92,89],"product_tag":[34],"class_list":{"0":"post-687","1":"product","2":"type-product","3":"status-publish","4":"has-post-thumbnail","6":"product_cat-sproszkowane-daktyle","7":"product_cat-produkty-slodzace","8":"product_tag-etykieta-eko","9":"desktop-align-center","10":"tablet-align-left","11":"mobile-align-left","13":"first","14":"instock","15":"purchasable","16":"product-type-simple"},"_links":{"self":[{"href":"https:\/\/los-odpowiedzialni-spolecznie.pl\/en\/wp-json\/wp\/v2\/product\/687","targetHints":{"allow":["GET"]}}],"collection":[{"href":"https:\/\/los-odpowiedzialni-spolecznie.pl\/en\/wp-json\/wp\/v2\/product"}],"about":[{"href":"https:\/\/los-odpowiedzialni-spolecznie.pl\/en\/wp-json\/wp\/v2\/types\/product"}],"wp:featuredmedia":[{"embeddable":true,"href":"https:\/\/los-odpowiedzialni-spolecznie.pl\/en\/wp-json\/wp\/v2\/media\/735"}],"wp:attachment":[{"href":"https:\/\/los-odpowiedzialni-spolecznie.pl\/en\/wp-json\/wp\/v2\/media?parent=687"}],"wp:term":[{"taxonomy":"product_cat","embeddable":true,"href":"https:\/\/los-odpowiedzialni-spolecznie.pl\/en\/wp-json\/wp\/v2\/product_cat?post=687"},{"taxonomy":"product_tag","embeddable":true,"href":"https:\/\/los-odpowiedzialni-spolecznie.pl\/en\/wp-json\/wp\/v2\/product_tag?post=687"}],"curies":[{"name":"wp","href":"https:\/\/api.w.org\/{rel}","templated":true}]}}