{"id":685,"date":"2024-12-23T15:51:33","date_gmt":"2024-12-23T14:51:33","guid":{"rendered":"https:\/\/los-odpowiedzialni-spolecznie.pl\/?post_type=product&#038;p=685"},"modified":"2024-12-23T15:53:19","modified_gmt":"2024-12-23T14:53:19","slug":"ksylitol-250g-naturavena","status":"publish","type":"product","link":"https:\/\/los-odpowiedzialni-spolecznie.pl\/en\/sklep\/produkty-spozywcze\/produkty-slodzace\/ksylitol\/ksylitol-250g-naturavena\/","title":{"rendered":"Ksylitol 250g NaturaVena"},"content":{"rendered":"<h3>Opis Produktu<\/h3>\n<p class=\"title\"><strong>Ksylitol 250g NaturaVena<\/strong><\/p>\n<p>Ksylitol pozyskuje si\u0119 z kory brzozy. Wyst\u0119puj\u0119 naturalnie w niekt\u00f3rych owocach i warzywach. Wytwarzany jest, r\u00f3wnie\u017c w naszym organizmie w niewielkich ilo\u015bciach, oko\u0142o 15 g na dob\u0119. Ksylitol jest zdecydowanie s\u0142odszy od tradacyjnego cukru bia\u0142ego, wi\u0119c nale\u017cy u\u017cywa\u0107 go w mniejszych ilo\u015bciach. Wykazuje wszechstronno\u015b\u0107 zastosowania kulinarnego. Polecany jest przede wszystkim do wypiek\u00f3w, deser\u00f3w, nale\u015bnik\u00f3w oraz napoj\u00f3w gor\u0105cych i zimnych.<\/p>\n<p><strong>SK\u0141ADNIKI<\/strong><br \/>\nksylitol 100 %<\/p>\n<p><strong>WARTO\u015a\u0106 OD\u017bYWCZA W 100 g<\/strong><br \/>\n<strong>Warto\u015b\u0107 energetyczna 1000 kj \/ 240 kcal<\/strong><br \/>\n<strong>T\u0142uszcz<\/strong> 0 g<br \/>\n<strong>w tym kwasy t\u0142uszczowe nasycone<\/strong> 0 g<br \/>\n<strong>W\u0119glowodany<\/strong> 99,8 g<br \/>\n<strong>w tym cukry<\/strong> 0,2 g<br \/>\n<strong>B\u0142onnik<\/strong> 0 g<br \/>\n<strong>Bia\u0142ko<\/strong> 0 g<br \/>\n<strong>S\u00f3l<\/strong> 0 g<\/p>\n<p><strong>INFORMACJA ALERGENNA<\/strong><br \/>\ngluten, ORZECHY (brazylijskie, NERKOWCA, w\u0142oskie, laskowe, migda\u0142y), ORZESZKI ZIEMNE, SOJ\u0118, SEZAM, seler<\/p>\n<p><strong>ZALECANE WARUNKI PRZECHOWYWANIA<\/strong><br \/>\nPrzechowywa\u0107 w suchym i ch\u0142odnym miejscu. Chroni\u0107 przed dzia\u0142aniem promieni s\u0142onecznych<\/p>","protected":false},"excerpt":{"rendered":"<p>Opis Produktu Ksylitol 250g NaturaVena Ksylitol pozyskuje si\u0119 z kory brzozy. Wyst\u0119puj\u0119 naturalnie w niekt\u00f3rych owocach i warzywach. Wytwarzany jest, r\u00f3wnie\u017c w naszym organizmie w niewielkich ilo\u015bciach, oko\u0142o 15 g na dob\u0119. Ksylitol jest zdecydowanie s\u0142odszy od tradacyjnego cukru bia\u0142ego, wi\u0119c nale\u017cy u\u017cywa\u0107 go w mniejszych ilo\u015bciach. Wykazuje wszechstronno\u015b\u0107 zastosowania kulinarnego. Polecany jest przede wszystkim [&hellip;]<\/p>","protected":false},"featured_media":733,"template":"","meta":{"site-sidebar-layout":"default","site-content-layout":"","ast-site-content-layout":"default","site-content-style":"default","site-sidebar-style":"default","ast-global-header-display":"","ast-banner-title-visibility":"","ast-main-header-display":"","ast-hfb-above-header-display":"","ast-hfb-below-header-display":"","ast-hfb-mobile-header-display":"","site-post-title":"","ast-breadcrumbs-content":"","ast-featured-img":"","footer-sml-layout":"","theme-transparent-header-meta":"default","adv-header-id-meta":"","stick-header-meta":"","header-above-stick-meta":"","header-main-stick-meta":"","header-below-stick-meta":"","astra-migrate-meta-layouts":"set","ast-page-background-enabled":"default","ast-page-background-meta":{"desktop":{"background-color":"var(--ast-global-color-4)","background-image":"","background-repeat":"repeat","background-position":"center center","background-size":"auto","background-attachment":"scroll","background-type":"","background-media":"","overlay-type":"","overlay-color":"","overlay-opacity":"","overlay-gradient":""},"tablet":{"background-color":"","background-image":"","background-repeat":"repeat","background-position":"center center","background-size":"auto","background-attachment":"scroll","background-type":"","background-media":"","overlay-type":"","overlay-color":"","overlay-opacity":"","overlay-gradient":""},"mobile":{"background-color":"","background-image":"","background-repeat":"repeat","background-position":"center center","background-size":"auto","background-attachment":"scroll","background-type":"","background-media":"","overlay-type":"","overlay-color":"","overlay-opacity":"","overlay-gradient":""}},"ast-content-background-meta":{"desktop":{"background-color":"var(--ast-global-color-5)","background-image":"","background-repeat":"repeat","background-position":"center center","background-size":"auto","background-attachment":"scroll","background-type":"","background-media":"","overlay-type":"","overlay-color":"","overlay-opacity":"","overlay-gradient":""},"tablet":{"background-color":"var(--ast-global-color-5)","background-image":"","background-repeat":"repeat","background-position":"center center","background-size":"auto","background-attachment":"scroll","background-type":"","background-media":"","overlay-type":"","overlay-color":"","overlay-opacity":"","overlay-gradient":""},"mobile":{"background-color":"var(--ast-global-color-5)","background-image":"","background-repeat":"repeat","background-position":"center center","background-size":"auto","background-attachment":"scroll","background-type":"","background-media":"","overlay-type":"","overlay-color":"","overlay-opacity":"","overlay-gradient":""}}},"product_cat":[91,89],"product_tag":[],"class_list":{"0":"post-685","1":"product","2":"type-product","3":"status-publish","4":"has-post-thumbnail","6":"product_cat-ksylitol","7":"product_cat-produkty-slodzace","8":"desktop-align-center","9":"tablet-align-left","10":"mobile-align-left","12":"first","13":"onbackorder","14":"purchasable","15":"product-type-simple"},"_links":{"self":[{"href":"https:\/\/los-odpowiedzialni-spolecznie.pl\/en\/wp-json\/wp\/v2\/product\/685","targetHints":{"allow":["GET"]}}],"collection":[{"href":"https:\/\/los-odpowiedzialni-spolecznie.pl\/en\/wp-json\/wp\/v2\/product"}],"about":[{"href":"https:\/\/los-odpowiedzialni-spolecznie.pl\/en\/wp-json\/wp\/v2\/types\/product"}],"wp:featuredmedia":[{"embeddable":true,"href":"https:\/\/los-odpowiedzialni-spolecznie.pl\/en\/wp-json\/wp\/v2\/media\/733"}],"wp:attachment":[{"href":"https:\/\/los-odpowiedzialni-spolecznie.pl\/en\/wp-json\/wp\/v2\/media?parent=685"}],"wp:term":[{"taxonomy":"product_cat","embeddable":true,"href":"https:\/\/los-odpowiedzialni-spolecznie.pl\/en\/wp-json\/wp\/v2\/product_cat?post=685"},{"taxonomy":"product_tag","embeddable":true,"href":"https:\/\/los-odpowiedzialni-spolecznie.pl\/en\/wp-json\/wp\/v2\/product_tag?post=685"}],"curies":[{"name":"wp","href":"https:\/\/api.w.org\/{rel}","templated":true}]}}