{"id":676,"date":"2024-12-23T15:51:08","date_gmt":"2024-12-23T14:51:08","guid":{"rendered":"https:\/\/los-odpowiedzialni-spolecznie.pl\/?post_type=product&#038;p=676"},"modified":"2024-12-23T15:53:09","modified_gmt":"2024-12-23T14:53:09","slug":"herbata-rooibos-czerwonokrzew-eko-25x15-g-dary-natury","status":"publish","type":"product","link":"https:\/\/los-odpowiedzialni-spolecznie.pl\/en\/sklep\/produkty-spozywcze\/herbaty\/ekspresowe\/herbata-rooibos-czerwonokrzew-eko-25x15-g-dary-natury\/","title":{"rendered":"Herbata Rooibos Czerwonokrzew EKO (25&#215;1,5 g) &#8211; Dary Natury"},"content":{"rendered":"<h3>Opis Produktu<\/h3>\n<p class=\"name\"><strong>Herbata Rooibos Czerwonokrzew EKO (25&#215;1,5 g) &#8211; Dary Natury<\/strong><\/p>\n<div id=\"box_description\" class=\"tab-wrap\">\n<div class=\"resetcss\">\n<p>Rooibos, czyli czerwonokrzew afryka\u0144ski, pochodzi z Republiki Po\u0142udniowej Afryki, gdzie uprawiany jest w g\u00f3rach Cederberg. Napar charakteryzuje si\u0119 czerwon\u0105 barw\u0105 i przyjemnym, miodowym smakiem. Nie zawiera kofeiny oraz garbnik\u00f3w, co sprawia, \u017ce mo\u017ce by\u0107 pity bez ogranicze\u0144, w upalne dni skutecznie gasi pragnienie i nawadnia organizm. Wspomaga wydzielanie serotoniny i dzia\u0142a przeciw depresyjnie. Rooibos polecany jest jako codzienny nap\u00f3j, tak\u017ce dla kobiet w ci\u0105\u017cy, matek karmi\u0105cych .Podawany ma\u0142ym dzieciom\u00a0<b>usprawnia prac\u0119 jelit, chroni przed kolk\u0105 i poprawia apetyt<\/b>.<\/p>\n<p><strong>Sk\u0142adniki:<\/strong><\/p>\n<p>rooibos* 100%.<\/p>\n<p>*produkt rolnictwa ekologicznego<\/p>\n<p><strong>Spos\u00f3b u\u017cycia:<\/strong><\/p>\n<p>1 saszetk\u0119 herbatki zala\u0107 szklank\u0105 wrz\u0105tku i zaparza\u0107 przez 3 &#8211; 5 min pod przykryciem.<\/p>\n<p><strong>Opakowanie:<\/strong><\/p>\n<p>25&#215;1,5\u00a0g<\/p>\n<\/div>\n<\/div>\n<div id=\"boxdetails\" class=\"tab-wrap\">\n<h3 class=\"tab-title\">Dodatkowe informacje<\/h3>\n<div class=\"resetcss\">\n<p>herbata ekspresowa<\/p>\n<\/div>\n<\/div>\n<div id=\"box_description\" class=\"tab-wrap\">\n<div class=\"resetcss\"><\/div>\n<\/div>\n<div id=\"boxdetails\" class=\"tab-wrap\">\n<div class=\"resetcss\">\n<p>&nbsp;<\/p>\n<\/div>\n<\/div>","protected":false},"excerpt":{"rendered":"<p>Opis Produktu Herbata Rooibos Czerwonokrzew EKO (25&#215;1,5 g) &#8211; Dary Natury Rooibos, czyli czerwonokrzew afryka\u0144ski, pochodzi z Republiki Po\u0142udniowej Afryki, gdzie uprawiany jest w g\u00f3rach Cederberg. Napar charakteryzuje si\u0119 czerwon\u0105 barw\u0105 i przyjemnym, miodowym smakiem. Nie zawiera kofeiny oraz garbnik\u00f3w, co sprawia, \u017ce mo\u017ce by\u0107 pity bez ogranicze\u0144, w upalne dni skutecznie gasi pragnienie i [&hellip;]<\/p>","protected":false},"featured_media":730,"template":"","meta":{"site-sidebar-layout":"default","site-content-layout":"","ast-site-content-layout":"default","site-content-style":"default","site-sidebar-style":"default","ast-global-header-display":"","ast-banner-title-visibility":"","ast-main-header-display":"","ast-hfb-above-header-display":"","ast-hfb-below-header-display":"","ast-hfb-mobile-header-display":"","site-post-title":"","ast-breadcrumbs-content":"","ast-featured-img":"","footer-sml-layout":"","theme-transparent-header-meta":"default","adv-header-id-meta":"","stick-header-meta":"","header-above-stick-meta":"","header-main-stick-meta":"","header-below-stick-meta":"","astra-migrate-meta-layouts":"set","ast-page-background-enabled":"default","ast-page-background-meta":{"desktop":{"background-color":"var(--ast-global-color-4)","background-image":"","background-repeat":"repeat","background-position":"center center","background-size":"auto","background-attachment":"scroll","background-type":"","background-media":"","overlay-type":"","overlay-color":"","overlay-opacity":"","overlay-gradient":""},"tablet":{"background-color":"","background-image":"","background-repeat":"repeat","background-position":"center center","background-size":"auto","background-attachment":"scroll","background-type":"","background-media":"","overlay-type":"","overlay-color":"","overlay-opacity":"","overlay-gradient":""},"mobile":{"background-color":"","background-image":"","background-repeat":"repeat","background-position":"center center","background-size":"auto","background-attachment":"scroll","background-type":"","background-media":"","overlay-type":"","overlay-color":"","overlay-opacity":"","overlay-gradient":""}},"ast-content-background-meta":{"desktop":{"background-color":"var(--ast-global-color-5)","background-image":"","background-repeat":"repeat","background-position":"center center","background-size":"auto","background-attachment":"scroll","background-type":"","background-media":"","overlay-type":"","overlay-color":"","overlay-opacity":"","overlay-gradient":""},"tablet":{"background-color":"var(--ast-global-color-5)","background-image":"","background-repeat":"repeat","background-position":"center center","background-size":"auto","background-attachment":"scroll","background-type":"","background-media":"","overlay-type":"","overlay-color":"","overlay-opacity":"","overlay-gradient":""},"mobile":{"background-color":"var(--ast-global-color-5)","background-image":"","background-repeat":"repeat","background-position":"center center","background-size":"auto","background-attachment":"scroll","background-type":"","background-media":"","overlay-type":"","overlay-color":"","overlay-opacity":"","overlay-gradient":""}}},"product_cat":[45,44,88],"product_tag":[34],"class_list":{"0":"post-676","1":"product","2":"type-product","3":"status-publish","4":"has-post-thumbnail","6":"product_cat-ekspresowe","7":"product_cat-herbaty","8":"product_cat-czerwone","9":"product_tag-etykieta-eko","10":"desktop-align-center","11":"tablet-align-left","12":"mobile-align-left","14":"first","15":"instock","16":"purchasable","17":"product-type-simple"},"_links":{"self":[{"href":"https:\/\/los-odpowiedzialni-spolecznie.pl\/en\/wp-json\/wp\/v2\/product\/676","targetHints":{"allow":["GET"]}}],"collection":[{"href":"https:\/\/los-odpowiedzialni-spolecznie.pl\/en\/wp-json\/wp\/v2\/product"}],"about":[{"href":"https:\/\/los-odpowiedzialni-spolecznie.pl\/en\/wp-json\/wp\/v2\/types\/product"}],"wp:featuredmedia":[{"embeddable":true,"href":"https:\/\/los-odpowiedzialni-spolecznie.pl\/en\/wp-json\/wp\/v2\/media\/730"}],"wp:attachment":[{"href":"https:\/\/los-odpowiedzialni-spolecznie.pl\/en\/wp-json\/wp\/v2\/media?parent=676"}],"wp:term":[{"taxonomy":"product_cat","embeddable":true,"href":"https:\/\/los-odpowiedzialni-spolecznie.pl\/en\/wp-json\/wp\/v2\/product_cat?post=676"},{"taxonomy":"product_tag","embeddable":true,"href":"https:\/\/los-odpowiedzialni-spolecznie.pl\/en\/wp-json\/wp\/v2\/product_tag?post=676"}],"curies":[{"name":"wp","href":"https:\/\/api.w.org\/{rel}","templated":true}]}}