{"id":657,"date":"2024-12-23T15:50:21","date_gmt":"2024-12-23T14:50:21","guid":{"rendered":"https:\/\/los-odpowiedzialni-spolecznie.pl\/?post_type=product&#038;p=657"},"modified":"2024-12-23T15:52:24","modified_gmt":"2024-12-23T14:52:24","slug":"herbatka-swiateczna-eko-120g","status":"publish","type":"product","link":"https:\/\/los-odpowiedzialni-spolecznie.pl\/en\/sklep\/produkty-spozywcze\/herbaty\/ziolowe\/herbatka-swiateczna-eko-120g\/","title":{"rendered":"Herbatka \u015awi\u0105teczna EKO 120g"},"content":{"rendered":"<h3>Opis Produktu<\/h3>\n<p class=\"name\"><strong>Herbatka \u015awi\u0105teczna EKO 120g<\/strong><\/p>\n<div id=\"box_description\" class=\"tab-wrap\">\n<div class=\"resetcss\">\n<p>Doskona\u0142a herbatka, szczeg\u00f3lnie na ch\u0142odniejsz\u0105 por\u0119 roku. Po\u0142\u0105czenie wysokiej jako\u015bci ekologicznych sk\u0142adnik\u00f3w pozwoli nam przygotowa\u0107 idealny, rozgrzewaj\u0105cy i aromatyczny nap\u00f3j na niezwyk\u0142y czas, jakim s\u0105 \u015awi\u0119ta Bo\u017cego Narodzenia.<\/p>\n<\/div>\n<\/div>\n<div id=\"boxdetails\" class=\"tab-wrap\">\n<h3 class=\"tab-title\">Dodatkowe informacje<\/h3>\n<div class=\"resetcss\">\n<p><strong>Sk\u0142adniki:\u00a0<\/strong>r\u00f3\u017ca owoc*, pigwowiec owoc*, g\u0142\u00f3g owoc*, werbena cytrynowa*, hibiskus*, sk\u00f3rka pomara\u0144czy*, cynamon kora*, imbir*, go\u017adziki*, kardamon*. *produkt rolnictwa ekologicznego<\/p>\n<p><strong>Spos\u00f3b u\u017cycia:\u00a0<\/strong>jedn\u0105 \u0142y\u017ceczk\u0119 zala\u0107 szklank\u0105 wrz\u0105tku i pozostawi\u0107 pod przykryciem do zaparzenia na oko\u0142o 10-15 minut.<\/p>\n<p><strong>Masa netto:\u00a0<\/strong>120 g<\/p>\n<p><strong>Warunki przechowywania:\u00a0<\/strong>przechowywa\u0107 w suchym miejscu.<\/p>\n<p><strong>Kod EAN:\u00a0<\/strong>5903246861075<\/p>\n<\/div>\n<\/div>","protected":false},"excerpt":{"rendered":"<p>Opis Produktu Herbatka \u015awi\u0105teczna EKO 120g Doskona\u0142a herbatka, szczeg\u00f3lnie na ch\u0142odniejsz\u0105 por\u0119 roku. Po\u0142\u0105czenie wysokiej jako\u015bci ekologicznych sk\u0142adnik\u00f3w pozwoli nam przygotowa\u0107 idealny, rozgrzewaj\u0105cy i aromatyczny nap\u00f3j na niezwyk\u0142y czas, jakim s\u0105 \u015awi\u0119ta Bo\u017cego Narodzenia. Dodatkowe informacje Sk\u0142adniki:\u00a0r\u00f3\u017ca owoc*, pigwowiec owoc*, g\u0142\u00f3g owoc*, werbena cytrynowa*, hibiskus*, sk\u00f3rka pomara\u0144czy*, cynamon kora*, imbir*, go\u017adziki*, kardamon*. *produkt rolnictwa ekologicznego [&hellip;]<\/p>","protected":false},"featured_media":712,"template":"","meta":{"site-sidebar-layout":"default","site-content-layout":"","ast-site-content-layout":"default","site-content-style":"default","site-sidebar-style":"default","ast-global-header-display":"","ast-banner-title-visibility":"","ast-main-header-display":"","ast-hfb-above-header-display":"","ast-hfb-below-header-display":"","ast-hfb-mobile-header-display":"","site-post-title":"","ast-breadcrumbs-content":"","ast-featured-img":"","footer-sml-layout":"","theme-transparent-header-meta":"default","adv-header-id-meta":"","stick-header-meta":"","header-above-stick-meta":"","header-main-stick-meta":"","header-below-stick-meta":"","astra-migrate-meta-layouts":"set","ast-page-background-enabled":"default","ast-page-background-meta":{"desktop":{"background-color":"var(--ast-global-color-4)","background-image":"","background-repeat":"repeat","background-position":"center center","background-size":"auto","background-attachment":"scroll","background-type":"","background-media":"","overlay-type":"","overlay-color":"","overlay-opacity":"","overlay-gradient":""},"tablet":{"background-color":"","background-image":"","background-repeat":"repeat","background-position":"center center","background-size":"auto","background-attachment":"scroll","background-type":"","background-media":"","overlay-type":"","overlay-color":"","overlay-opacity":"","overlay-gradient":""},"mobile":{"background-color":"","background-image":"","background-repeat":"repeat","background-position":"center center","background-size":"auto","background-attachment":"scroll","background-type":"","background-media":"","overlay-type":"","overlay-color":"","overlay-opacity":"","overlay-gradient":""}},"ast-content-background-meta":{"desktop":{"background-color":"var(--ast-global-color-5)","background-image":"","background-repeat":"repeat","background-position":"center center","background-size":"auto","background-attachment":"scroll","background-type":"","background-media":"","overlay-type":"","overlay-color":"","overlay-opacity":"","overlay-gradient":""},"tablet":{"background-color":"var(--ast-global-color-5)","background-image":"","background-repeat":"repeat","background-position":"center center","background-size":"auto","background-attachment":"scroll","background-type":"","background-media":"","overlay-type":"","overlay-color":"","overlay-opacity":"","overlay-gradient":""},"mobile":{"background-color":"var(--ast-global-color-5)","background-image":"","background-repeat":"repeat","background-position":"center center","background-size":"auto","background-attachment":"scroll","background-type":"","background-media":"","overlay-type":"","overlay-color":"","overlay-opacity":"","overlay-gradient":""}}},"product_cat":[44,46,47],"product_tag":[34],"class_list":{"0":"post-657","1":"product","2":"type-product","3":"status-publish","4":"has-post-thumbnail","6":"product_cat-herbaty","7":"product_cat-ziolowe","8":"product_cat-owocowe-herbaty","9":"product_tag-etykieta-eko","10":"desktop-align-center","11":"tablet-align-left","12":"mobile-align-left","14":"first","15":"instock","16":"purchasable","17":"product-type-simple"},"_links":{"self":[{"href":"https:\/\/los-odpowiedzialni-spolecznie.pl\/en\/wp-json\/wp\/v2\/product\/657","targetHints":{"allow":["GET"]}}],"collection":[{"href":"https:\/\/los-odpowiedzialni-spolecznie.pl\/en\/wp-json\/wp\/v2\/product"}],"about":[{"href":"https:\/\/los-odpowiedzialni-spolecznie.pl\/en\/wp-json\/wp\/v2\/types\/product"}],"wp:featuredmedia":[{"embeddable":true,"href":"https:\/\/los-odpowiedzialni-spolecznie.pl\/en\/wp-json\/wp\/v2\/media\/712"}],"wp:attachment":[{"href":"https:\/\/los-odpowiedzialni-spolecznie.pl\/en\/wp-json\/wp\/v2\/media?parent=657"}],"wp:term":[{"taxonomy":"product_cat","embeddable":true,"href":"https:\/\/los-odpowiedzialni-spolecznie.pl\/en\/wp-json\/wp\/v2\/product_cat?post=657"},{"taxonomy":"product_tag","embeddable":true,"href":"https:\/\/los-odpowiedzialni-spolecznie.pl\/en\/wp-json\/wp\/v2\/product_tag?post=657"}],"curies":[{"name":"wp","href":"https:\/\/api.w.org\/{rel}","templated":true}]}}