{"id":635,"date":"2024-12-23T15:49:11","date_gmt":"2024-12-23T14:49:11","guid":{"rendered":"https:\/\/los-odpowiedzialni-spolecznie.pl\/?post_type=product&#038;p=635"},"modified":"2024-12-23T15:51:39","modified_gmt":"2024-12-23T14:51:39","slug":"jeczmien-ekspandowany-140-g-naturavena","status":"publish","type":"product","link":"https:\/\/los-odpowiedzialni-spolecznie.pl\/en\/sklep\/produkty-spozywcze\/przekaski\/zbozowe\/jeczmien-ekspandowany-140-g-naturavena\/","title":{"rendered":"J\u0118CZMIE\u0143 EKSPANDOWANY 140 g &#8211; NATURAVENA"},"content":{"rendered":"<h3>Opis Produktu<\/h3>\n<p><strong>J\u0118CZMIE\u0143 EKSPANDOWANY 140 g &#8211; NATURAVENA<\/strong><\/p>\n<p>Produkt ten powsta\u0142 dzi\u0119ki ekspandowaniu, kt\u00f3re polega na poddaniu ziarna dzia\u0142aniu gor\u0105cej pary pod wysokim ci\u015bnieniem. U\u017cywa si\u0119 do niego ca\u0142ych ziaren zb\u00f3\u017c, dlatego produkty ekspandowane zachowuj\u0105 wi\u0119kszo\u015b\u0107 cennych sk\u0142adnik\u00f3w od\u017cywczych, kt\u00f3re si\u0119 w nim znajduj\u0105.<\/p>\n<p><strong>SK\u0141ADNIKI<\/strong><br \/>\nJ\u0118CZMIE\u0143 ekspandowany<\/p>\n<p><strong>WARTO\u015a\u0106 OD\u017bYWCZA W 100 g<\/strong><br \/>\n<strong>Warto\u015b\u0107 energetyczna 1502 kJ\/355 kcal<\/strong><br \/>\n<strong>T\u0142uszcz<\/strong> 2,2 g<br \/>\n<strong>w tym kwasy t\u0142uszczowe nasycone<\/strong> 0,6 g<br \/>\n<strong>W\u0119glowodany<\/strong> 67,7 g<br \/>\n<strong>w tym cukry<\/strong> 3,9 g<br \/>\n<strong>B\u0142onnik<\/strong> 10,3 g<br \/>\n<strong>Bia\u0142ko<\/strong> 11 g<br \/>\n<strong>S\u00f3l<\/strong> &lt;0,01 g<\/p>\n<p><strong>INFORMACJA ALERGENNA<\/strong><br \/>\nProdukt mo\u017ce zawiera\u0107: ORZECHY, ORZESZKI ZIEMNE, NASIONA SEZAMU, soj\u0119<\/p>\n<p><strong>ZALECANE WARUNKI PRZECHOWYWANIA<\/strong><br \/>\nPrzechowywa\u0107 w suchym i ch\u0142odnym miejscu.<\/p>","protected":false},"excerpt":{"rendered":"<p>Opis Produktu J\u0118CZMIE\u0143 EKSPANDOWANY 140 g &#8211; NATURAVENA Produkt ten powsta\u0142 dzi\u0119ki ekspandowaniu, kt\u00f3re polega na poddaniu ziarna dzia\u0142aniu gor\u0105cej pary pod wysokim ci\u015bnieniem. U\u017cywa si\u0119 do niego ca\u0142ych ziaren zb\u00f3\u017c, dlatego produkty ekspandowane zachowuj\u0105 wi\u0119kszo\u015b\u0107 cennych sk\u0142adnik\u00f3w od\u017cywczych, kt\u00f3re si\u0119 w nim znajduj\u0105. SK\u0141ADNIKI J\u0118CZMIE\u0143 ekspandowany WARTO\u015a\u0106 OD\u017bYWCZA W 100 g Warto\u015b\u0107 energetyczna 1502 [&hellip;]<\/p>","protected":false},"featured_media":691,"template":"","meta":{"site-sidebar-layout":"default","site-content-layout":"","ast-site-content-layout":"default","site-content-style":"default","site-sidebar-style":"default","ast-global-header-display":"","ast-banner-title-visibility":"","ast-main-header-display":"","ast-hfb-above-header-display":"","ast-hfb-below-header-display":"","ast-hfb-mobile-header-display":"","site-post-title":"","ast-breadcrumbs-content":"","ast-featured-img":"","footer-sml-layout":"","theme-transparent-header-meta":"default","adv-header-id-meta":"","stick-header-meta":"","header-above-stick-meta":"","header-main-stick-meta":"","header-below-stick-meta":"","astra-migrate-meta-layouts":"set","ast-page-background-enabled":"default","ast-page-background-meta":{"desktop":{"background-color":"var(--ast-global-color-4)","background-image":"","background-repeat":"repeat","background-position":"center center","background-size":"auto","background-attachment":"scroll","background-type":"","background-media":"","overlay-type":"","overlay-color":"","overlay-opacity":"","overlay-gradient":""},"tablet":{"background-color":"","background-image":"","background-repeat":"repeat","background-position":"center center","background-size":"auto","background-attachment":"scroll","background-type":"","background-media":"","overlay-type":"","overlay-color":"","overlay-opacity":"","overlay-gradient":""},"mobile":{"background-color":"","background-image":"","background-repeat":"repeat","background-position":"center center","background-size":"auto","background-attachment":"scroll","background-type":"","background-media":"","overlay-type":"","overlay-color":"","overlay-opacity":"","overlay-gradient":""}},"ast-content-background-meta":{"desktop":{"background-color":"var(--ast-global-color-5)","background-image":"","background-repeat":"repeat","background-position":"center center","background-size":"auto","background-attachment":"scroll","background-type":"","background-media":"","overlay-type":"","overlay-color":"","overlay-opacity":"","overlay-gradient":""},"tablet":{"background-color":"var(--ast-global-color-5)","background-image":"","background-repeat":"repeat","background-position":"center center","background-size":"auto","background-attachment":"scroll","background-type":"","background-media":"","overlay-type":"","overlay-color":"","overlay-opacity":"","overlay-gradient":""},"mobile":{"background-color":"var(--ast-global-color-5)","background-image":"","background-repeat":"repeat","background-position":"center center","background-size":"auto","background-attachment":"scroll","background-type":"","background-media":"","overlay-type":"","overlay-color":"","overlay-opacity":"","overlay-gradient":""}}},"product_cat":[33,24],"product_tag":[],"class_list":{"0":"post-635","1":"product","2":"type-product","3":"status-publish","4":"has-post-thumbnail","6":"product_cat-zbozowe","7":"product_cat-przekaski","8":"desktop-align-center","9":"tablet-align-left","10":"mobile-align-left","12":"first","13":"instock","14":"purchasable","15":"product-type-simple"},"_links":{"self":[{"href":"https:\/\/los-odpowiedzialni-spolecznie.pl\/en\/wp-json\/wp\/v2\/product\/635","targetHints":{"allow":["GET"]}}],"collection":[{"href":"https:\/\/los-odpowiedzialni-spolecznie.pl\/en\/wp-json\/wp\/v2\/product"}],"about":[{"href":"https:\/\/los-odpowiedzialni-spolecznie.pl\/en\/wp-json\/wp\/v2\/types\/product"}],"wp:featuredmedia":[{"embeddable":true,"href":"https:\/\/los-odpowiedzialni-spolecznie.pl\/en\/wp-json\/wp\/v2\/media\/691"}],"wp:attachment":[{"href":"https:\/\/los-odpowiedzialni-spolecznie.pl\/en\/wp-json\/wp\/v2\/media?parent=635"}],"wp:term":[{"taxonomy":"product_cat","embeddable":true,"href":"https:\/\/los-odpowiedzialni-spolecznie.pl\/en\/wp-json\/wp\/v2\/product_cat?post=635"},{"taxonomy":"product_tag","embeddable":true,"href":"https:\/\/los-odpowiedzialni-spolecznie.pl\/en\/wp-json\/wp\/v2\/product_tag?post=635"}],"curies":[{"name":"wp","href":"https:\/\/api.w.org\/{rel}","templated":true}]}}