{"id":632,"date":"2024-12-23T15:49:11","date_gmt":"2024-12-23T14:49:11","guid":{"rendered":"https:\/\/los-odpowiedzialni-spolecznie.pl\/?post_type=product&#038;p=632"},"modified":"2024-12-23T15:51:20","modified_gmt":"2024-12-23T14:51:20","slug":"chipsy-jablkowe-bio-40-g-naturavena","status":"publish","type":"product","link":"https:\/\/los-odpowiedzialni-spolecznie.pl\/en\/sklep\/produkty-spozywcze\/przekaski\/slodkie\/chipsy-jablkowe-bio-40-g-naturavena\/","title":{"rendered":"CHIPSY JAB\u0141KOWE BIO 40 g &#8211; NATURAVENA"},"content":{"rendered":"<h3>Opis Produktu<\/h3>\n<p><strong>CHIPSY JAB\u0141KOWE BIO 40 g &#8211; NATURAVENA<\/strong><\/p>\n<p>Ekologiczne chipsy jab\u0142kowe s\u0105 idealne jako zdrowa przek\u0105ska lub dodatek do da\u0144 gotowych. Mog\u0105 by\u0107 \u015bwietnym zamiennikiem dla tradycyjnych, t\u0142ustych chips\u00f3w ziemniaczanych, poniewa\u017c s\u0105 niskokaloryczne i bogate w sk\u0142adniki od\u017cywcze.<\/p>\n<p><strong>SK\u0141ADNIKI<\/strong><br \/>\nsuszone jab\u0142ka ekologiczne 100 %<\/p>\n<p><strong>WARTO\u015a\u0106 OD\u017bYWCZA W 100 g<\/strong><br \/>\n<strong>Warto\u015b\u0107 energetyczna: 1468 kJ\/347 kcal<\/strong><br \/>\n<strong>T\u0142uszcz:<\/strong> &lt;0,2 g<br \/>\n<strong>w tym kwasy t\u0142uszczowe nasycone:<\/strong> &lt;0,1 g<br \/>\n<strong>W\u0119glowodany<\/strong>: 92 g<br \/>\n<strong>w tym cukry:<\/strong> 60 g<br \/>\n<strong>B\u0142onnik:<\/strong> 14 g<br \/>\n<strong>Bia\u0142ko:<\/strong> 1,7 g<br \/>\n<strong>S\u00f3l:<\/strong> &lt;0,1 g<\/p>\n<p><strong>INFORMACJA ALERGENNA<\/strong><br \/>\n<strong>Produkt mo\u017ce zawiera\u0107:<\/strong> ZBO\u017bA ZAWIERAJ\u0104CE GLUTEN, ORZESZKI ZIEMNE, ORZECHY, NASIONA SEZAMU, soj\u0119.<\/p>\n<p><strong>ZALECANE WARUNKI PRZECHOWYWANIA<\/strong><br \/>\nPrzechowywa\u0107 w suchym i ch\u0142odnym miejscu, w szczelnie zamkni\u0119tym opakowaniu.<\/p>","protected":false},"excerpt":{"rendered":"<p>Opis Produktu CHIPSY JAB\u0141KOWE BIO 40 g &#8211; NATURAVENA Ekologiczne chipsy jab\u0142kowe s\u0105 idealne jako zdrowa przek\u0105ska lub dodatek do da\u0144 gotowych. Mog\u0105 by\u0107 \u015bwietnym zamiennikiem dla tradycyjnych, t\u0142ustych chips\u00f3w ziemniaczanych, poniewa\u017c s\u0105 niskokaloryczne i bogate w sk\u0142adniki od\u017cywcze. SK\u0141ADNIKI suszone jab\u0142ka ekologiczne 100 % WARTO\u015a\u0106 OD\u017bYWCZA W 100 g Warto\u015b\u0107 energetyczna: 1468 kJ\/347 kcal [&hellip;]<\/p>","protected":false},"featured_media":682,"template":"","meta":{"site-sidebar-layout":"default","site-content-layout":"","ast-site-content-layout":"default","site-content-style":"default","site-sidebar-style":"default","ast-global-header-display":"","ast-banner-title-visibility":"","ast-main-header-display":"","ast-hfb-above-header-display":"","ast-hfb-below-header-display":"","ast-hfb-mobile-header-display":"","site-post-title":"","ast-breadcrumbs-content":"","ast-featured-img":"","footer-sml-layout":"","theme-transparent-header-meta":"default","adv-header-id-meta":"","stick-header-meta":"","header-above-stick-meta":"","header-main-stick-meta":"","header-below-stick-meta":"","astra-migrate-meta-layouts":"set","ast-page-background-enabled":"default","ast-page-background-meta":{"desktop":{"background-color":"var(--ast-global-color-4)","background-image":"","background-repeat":"repeat","background-position":"center center","background-size":"auto","background-attachment":"scroll","background-type":"","background-media":"","overlay-type":"","overlay-color":"","overlay-opacity":"","overlay-gradient":""},"tablet":{"background-color":"","background-image":"","background-repeat":"repeat","background-position":"center center","background-size":"auto","background-attachment":"scroll","background-type":"","background-media":"","overlay-type":"","overlay-color":"","overlay-opacity":"","overlay-gradient":""},"mobile":{"background-color":"","background-image":"","background-repeat":"repeat","background-position":"center center","background-size":"auto","background-attachment":"scroll","background-type":"","background-media":"","overlay-type":"","overlay-color":"","overlay-opacity":"","overlay-gradient":""}},"ast-content-background-meta":{"desktop":{"background-color":"var(--ast-global-color-5)","background-image":"","background-repeat":"repeat","background-position":"center center","background-size":"auto","background-attachment":"scroll","background-type":"","background-media":"","overlay-type":"","overlay-color":"","overlay-opacity":"","overlay-gradient":""},"tablet":{"background-color":"var(--ast-global-color-5)","background-image":"","background-repeat":"repeat","background-position":"center center","background-size":"auto","background-attachment":"scroll","background-type":"","background-media":"","overlay-type":"","overlay-color":"","overlay-opacity":"","overlay-gradient":""},"mobile":{"background-color":"var(--ast-global-color-5)","background-image":"","background-repeat":"repeat","background-position":"center center","background-size":"auto","background-attachment":"scroll","background-type":"","background-media":"","overlay-type":"","overlay-color":"","overlay-opacity":"","overlay-gradient":""}}},"product_cat":[25,37,24],"product_tag":[34],"class_list":{"0":"post-632","1":"product","2":"type-product","3":"status-publish","4":"has-post-thumbnail","6":"product_cat-slodkie","7":"product_cat-owocowe","8":"product_cat-przekaski","9":"product_tag-etykieta-eko","10":"desktop-align-center","11":"tablet-align-left","12":"mobile-align-left","14":"first","15":"onbackorder","16":"purchasable","17":"product-type-simple"},"_links":{"self":[{"href":"https:\/\/los-odpowiedzialni-spolecznie.pl\/en\/wp-json\/wp\/v2\/product\/632","targetHints":{"allow":["GET"]}}],"collection":[{"href":"https:\/\/los-odpowiedzialni-spolecznie.pl\/en\/wp-json\/wp\/v2\/product"}],"about":[{"href":"https:\/\/los-odpowiedzialni-spolecznie.pl\/en\/wp-json\/wp\/v2\/types\/product"}],"wp:featuredmedia":[{"embeddable":true,"href":"https:\/\/los-odpowiedzialni-spolecznie.pl\/en\/wp-json\/wp\/v2\/media\/682"}],"wp:attachment":[{"href":"https:\/\/los-odpowiedzialni-spolecznie.pl\/en\/wp-json\/wp\/v2\/media?parent=632"}],"wp:term":[{"taxonomy":"product_cat","embeddable":true,"href":"https:\/\/los-odpowiedzialni-spolecznie.pl\/en\/wp-json\/wp\/v2\/product_cat?post=632"},{"taxonomy":"product_tag","embeddable":true,"href":"https:\/\/los-odpowiedzialni-spolecznie.pl\/en\/wp-json\/wp\/v2\/product_tag?post=632"}],"curies":[{"name":"wp","href":"https:\/\/api.w.org\/{rel}","templated":true}]}}