{"id":631,"date":"2024-12-23T15:49:11","date_gmt":"2024-12-23T14:49:11","guid":{"rendered":"https:\/\/los-odpowiedzialni-spolecznie.pl\/?post_type=product&#038;p=631"},"modified":"2024-12-23T15:51:17","modified_gmt":"2024-12-23T14:51:17","slug":"andruty-kakaowe-bio-32-g-8-szt-biominki","status":"publish","type":"product","link":"https:\/\/los-odpowiedzialni-spolecznie.pl\/en\/sklep\/produkty-spozywcze\/przekaski\/slodkie\/andruty-kakaowe-bio-32-g-8-szt-biominki\/","title":{"rendered":"ANDRUTY KAKAOWE BIO 32 g (8 szt.) &#8211; BIOMINKI"},"content":{"rendered":"<h3>Opis Produktu<\/h3>\n<p><strong>ANDRUTY KAKAOWE BIO 32 g (8 szt.) &#8211; BIOMINKI<\/strong><\/p>\n<p>Ekologiczne andruty kakaowe mog\u0105 stanowi\u0107 idealn\u0105 przek\u0105sk\u0119 dla dzieci w szkole, w domu i na spacerze!<\/p>\n<p><strong>SK\u0141ADNIKI<\/strong><br \/>\nm\u0105ka PSZENNA*, mi\u00f3d wielokwiatowy* 5 %, kakao* 2 %, olej rzepakowy* (*certyfikowany sk\u0142adnik ekologiczny).<\/p>\n<p><strong>WARTO\u015a\u0106 OD\u017bYWCZA W 100 g<\/strong><br \/>\n<strong>Warto\u015b\u0107 energetyczna &#8211; 1463 kJ \/ 345 kcal<\/strong><br \/>\n<strong>T\u0142uszcz<\/strong> &#8211; 1,8 g<br \/>\n<strong>w tym kwasy t\u0142uszczowe nasycone<\/strong> &#8211; 0,6 g<br \/>\n<strong>W\u0119glowodany<\/strong> &#8211; 71 g<br \/>\n<strong>w tym cukry<\/strong> &#8211; 3,1 g<br \/>\n<strong>B\u0142onnik<\/strong> &#8211; 2,3 g<br \/>\n<strong>Bia\u0142ko<\/strong> &#8211; 9,8 g<br \/>\n<strong>S\u00f3l<\/strong> &#8211; 0 g<\/p>\n<p><strong>ZALECANE WARUNKI PRZECHOWYWANIA<\/strong><br \/>\nPrzechowywa\u0107 w suchym i ch\u0142odnym miejscu<\/p>","protected":false},"excerpt":{"rendered":"<p>Opis Produktu ANDRUTY KAKAOWE BIO 32 g (8 szt.) &#8211; BIOMINKI Ekologiczne andruty kakaowe mog\u0105 stanowi\u0107 idealn\u0105 przek\u0105sk\u0119 dla dzieci w szkole, w domu i na spacerze! SK\u0141ADNIKI m\u0105ka PSZENNA*, mi\u00f3d wielokwiatowy* 5 %, kakao* 2 %, olej rzepakowy* (*certyfikowany sk\u0142adnik ekologiczny). WARTO\u015a\u0106 OD\u017bYWCZA W 100 g Warto\u015b\u0107 energetyczna &#8211; 1463 kJ \/ 345 kcal [&hellip;]<\/p>","protected":false},"featured_media":681,"template":"","meta":{"site-sidebar-layout":"default","site-content-layout":"","ast-site-content-layout":"default","site-content-style":"default","site-sidebar-style":"default","ast-global-header-display":"","ast-banner-title-visibility":"","ast-main-header-display":"","ast-hfb-above-header-display":"","ast-hfb-below-header-display":"","ast-hfb-mobile-header-display":"","site-post-title":"","ast-breadcrumbs-content":"","ast-featured-img":"","footer-sml-layout":"","theme-transparent-header-meta":"default","adv-header-id-meta":"","stick-header-meta":"","header-above-stick-meta":"","header-main-stick-meta":"","header-below-stick-meta":"","astra-migrate-meta-layouts":"set","ast-page-background-enabled":"default","ast-page-background-meta":{"desktop":{"background-color":"var(--ast-global-color-4)","background-image":"","background-repeat":"repeat","background-position":"center center","background-size":"auto","background-attachment":"scroll","background-type":"","background-media":"","overlay-type":"","overlay-color":"","overlay-opacity":"","overlay-gradient":""},"tablet":{"background-color":"","background-image":"","background-repeat":"repeat","background-position":"center center","background-size":"auto","background-attachment":"scroll","background-type":"","background-media":"","overlay-type":"","overlay-color":"","overlay-opacity":"","overlay-gradient":""},"mobile":{"background-color":"","background-image":"","background-repeat":"repeat","background-position":"center center","background-size":"auto","background-attachment":"scroll","background-type":"","background-media":"","overlay-type":"","overlay-color":"","overlay-opacity":"","overlay-gradient":""}},"ast-content-background-meta":{"desktop":{"background-color":"var(--ast-global-color-5)","background-image":"","background-repeat":"repeat","background-position":"center center","background-size":"auto","background-attachment":"scroll","background-type":"","background-media":"","overlay-type":"","overlay-color":"","overlay-opacity":"","overlay-gradient":""},"tablet":{"background-color":"var(--ast-global-color-5)","background-image":"","background-repeat":"repeat","background-position":"center center","background-size":"auto","background-attachment":"scroll","background-type":"","background-media":"","overlay-type":"","overlay-color":"","overlay-opacity":"","overlay-gradient":""},"mobile":{"background-color":"var(--ast-global-color-5)","background-image":"","background-repeat":"repeat","background-position":"center center","background-size":"auto","background-attachment":"scroll","background-type":"","background-media":"","overlay-type":"","overlay-color":"","overlay-opacity":"","overlay-gradient":""}}},"product_cat":[25,24],"product_tag":[34],"class_list":{"0":"post-631","1":"product","2":"type-product","3":"status-publish","4":"has-post-thumbnail","6":"product_cat-slodkie","7":"product_cat-przekaski","8":"product_tag-etykieta-eko","9":"desktop-align-center","10":"tablet-align-left","11":"mobile-align-left","13":"first","14":"onbackorder","15":"purchasable","16":"product-type-simple"},"_links":{"self":[{"href":"https:\/\/los-odpowiedzialni-spolecznie.pl\/en\/wp-json\/wp\/v2\/product\/631","targetHints":{"allow":["GET"]}}],"collection":[{"href":"https:\/\/los-odpowiedzialni-spolecznie.pl\/en\/wp-json\/wp\/v2\/product"}],"about":[{"href":"https:\/\/los-odpowiedzialni-spolecznie.pl\/en\/wp-json\/wp\/v2\/types\/product"}],"wp:featuredmedia":[{"embeddable":true,"href":"https:\/\/los-odpowiedzialni-spolecznie.pl\/en\/wp-json\/wp\/v2\/media\/681"}],"wp:attachment":[{"href":"https:\/\/los-odpowiedzialni-spolecznie.pl\/en\/wp-json\/wp\/v2\/media?parent=631"}],"wp:term":[{"taxonomy":"product_cat","embeddable":true,"href":"https:\/\/los-odpowiedzialni-spolecznie.pl\/en\/wp-json\/wp\/v2\/product_cat?post=631"},{"taxonomy":"product_tag","embeddable":true,"href":"https:\/\/los-odpowiedzialni-spolecznie.pl\/en\/wp-json\/wp\/v2\/product_tag?post=631"}],"curies":[{"name":"wp","href":"https:\/\/api.w.org\/{rel}","templated":true}]}}