{"id":603,"date":"2024-12-23T15:47:57","date_gmt":"2024-12-23T14:47:57","guid":{"rendered":"https:\/\/los-odpowiedzialni-spolecznie.pl\/?post_type=product&#038;p=603"},"modified":"2024-12-23T15:50:26","modified_gmt":"2024-12-23T14:50:26","slug":"naturavena-babcianki-z-jagodami-goji-100g","status":"publish","type":"product","link":"https:\/\/los-odpowiedzialni-spolecznie.pl\/en\/sklep\/produkty-spozywcze\/przekaski\/slodkie\/naturavena-babcianki-z-jagodami-goji-100g\/","title":{"rendered":"Naturavena Babcianki Z Jagodami Goji 100G"},"content":{"rendered":"<h3>Opis Produktu<\/h3>\n<p><strong>Naturavena Babcianki Z Jagodami Goji 100G<\/strong><\/p>\n<p>Babcianki to cieniutkie wafelki z pieca wypiekane na suchej p\u0142ycie bez stosowania zb\u0119dnego t\u0142uszczu. Okr\u0105g\u0142e, chrupi\u0105ce ciasteczka stanowi\u0105 idealn\u0105 przek\u0105sk\u0119. Nie zawieraj\u0105 barwnik\u00f3w i spulchniaczy.<\/p>\n<p><strong>SK\u0141ADNIKI<\/strong><br \/>\nm\u0105ka pszenna, cukier, olej rzepakowy, jagody goji suszone 3,4%<\/p>\n<h3>Warto\u015bci Od\u017cywcze<\/h3>\n<p><strong>WARTO\u015a\u0106 OD\u017bYWCZA W 100 g<\/strong><br \/>\n<strong>Warto\u015b\u0107 energetyczna 1492KJ\/357KCAL<\/strong><br \/>\n<strong>T\u0142uszcz<\/strong> 3,1<br \/>\n<strong>w tym kwasy t\u0142uszczowe nasycone<\/strong> 0,7<br \/>\n<strong>W\u0119glowodany<\/strong> 73,2<br \/>\n<strong>w tym cukry<\/strong> 8,1<br \/>\n<strong>B\u0142onnik<\/strong> 8,9<br \/>\n<strong>Bia\u0142ko<\/strong> 2,2<br \/>\n<strong>S\u00f3l<\/strong> 0,15<\/p>\n<p><strong>INFORMACJA ALERGENNA<\/strong><br \/>\ngluten, sezam, mleko<\/p>\n<p><strong>ZALECANE WARUNKI PRZECHOWYWANIA<\/strong><br \/>\nW suchym i ch\u0142odnym miejscu.<\/p>","protected":false},"excerpt":{"rendered":"<p>Opis Produktu Naturavena Babcianki Z Jagodami Goji 100G Babcianki to cieniutkie wafelki z pieca wypiekane na suchej p\u0142ycie bez stosowania zb\u0119dnego t\u0142uszczu. Okr\u0105g\u0142e, chrupi\u0105ce ciasteczka stanowi\u0105 idealn\u0105 przek\u0105sk\u0119. Nie zawieraj\u0105 barwnik\u00f3w i spulchniaczy. SK\u0141ADNIKI m\u0105ka pszenna, cukier, olej rzepakowy, jagody goji suszone 3,4% Warto\u015bci Od\u017cywcze WARTO\u015a\u0106 OD\u017bYWCZA W 100 g Warto\u015b\u0107 energetyczna 1492KJ\/357KCAL T\u0142uszcz 3,1 [&hellip;]<\/p>","protected":false},"featured_media":659,"template":"","meta":{"site-sidebar-layout":"default","site-content-layout":"","ast-site-content-layout":"default","site-content-style":"default","site-sidebar-style":"default","ast-global-header-display":"","ast-banner-title-visibility":"","ast-main-header-display":"","ast-hfb-above-header-display":"","ast-hfb-below-header-display":"","ast-hfb-mobile-header-display":"","site-post-title":"","ast-breadcrumbs-content":"","ast-featured-img":"","footer-sml-layout":"","theme-transparent-header-meta":"default","adv-header-id-meta":"","stick-header-meta":"","header-above-stick-meta":"","header-main-stick-meta":"","header-below-stick-meta":"","astra-migrate-meta-layouts":"set","ast-page-background-enabled":"default","ast-page-background-meta":{"desktop":{"background-color":"var(--ast-global-color-4)","background-image":"","background-repeat":"repeat","background-position":"center center","background-size":"auto","background-attachment":"scroll","background-type":"","background-media":"","overlay-type":"","overlay-color":"","overlay-opacity":"","overlay-gradient":""},"tablet":{"background-color":"","background-image":"","background-repeat":"repeat","background-position":"center center","background-size":"auto","background-attachment":"scroll","background-type":"","background-media":"","overlay-type":"","overlay-color":"","overlay-opacity":"","overlay-gradient":""},"mobile":{"background-color":"","background-image":"","background-repeat":"repeat","background-position":"center center","background-size":"auto","background-attachment":"scroll","background-type":"","background-media":"","overlay-type":"","overlay-color":"","overlay-opacity":"","overlay-gradient":""}},"ast-content-background-meta":{"desktop":{"background-color":"var(--ast-global-color-5)","background-image":"","background-repeat":"repeat","background-position":"center center","background-size":"auto","background-attachment":"scroll","background-type":"","background-media":"","overlay-type":"","overlay-color":"","overlay-opacity":"","overlay-gradient":""},"tablet":{"background-color":"var(--ast-global-color-5)","background-image":"","background-repeat":"repeat","background-position":"center center","background-size":"auto","background-attachment":"scroll","background-type":"","background-media":"","overlay-type":"","overlay-color":"","overlay-opacity":"","overlay-gradient":""},"mobile":{"background-color":"var(--ast-global-color-5)","background-image":"","background-repeat":"repeat","background-position":"center center","background-size":"auto","background-attachment":"scroll","background-type":"","background-media":"","overlay-type":"","overlay-color":"","overlay-opacity":"","overlay-gradient":""}}},"product_cat":[25,24],"product_tag":[],"class_list":{"0":"post-603","1":"product","2":"type-product","3":"status-publish","4":"has-post-thumbnail","6":"product_cat-slodkie","7":"product_cat-przekaski","8":"desktop-align-center","9":"tablet-align-left","10":"mobile-align-left","12":"first","13":"instock","14":"purchasable","15":"product-type-simple"},"_links":{"self":[{"href":"https:\/\/los-odpowiedzialni-spolecznie.pl\/en\/wp-json\/wp\/v2\/product\/603","targetHints":{"allow":["GET"]}}],"collection":[{"href":"https:\/\/los-odpowiedzialni-spolecznie.pl\/en\/wp-json\/wp\/v2\/product"}],"about":[{"href":"https:\/\/los-odpowiedzialni-spolecznie.pl\/en\/wp-json\/wp\/v2\/types\/product"}],"wp:featuredmedia":[{"embeddable":true,"href":"https:\/\/los-odpowiedzialni-spolecznie.pl\/en\/wp-json\/wp\/v2\/media\/659"}],"wp:attachment":[{"href":"https:\/\/los-odpowiedzialni-spolecznie.pl\/en\/wp-json\/wp\/v2\/media?parent=603"}],"wp:term":[{"taxonomy":"product_cat","embeddable":true,"href":"https:\/\/los-odpowiedzialni-spolecznie.pl\/en\/wp-json\/wp\/v2\/product_cat?post=603"},{"taxonomy":"product_tag","embeddable":true,"href":"https:\/\/los-odpowiedzialni-spolecznie.pl\/en\/wp-json\/wp\/v2\/product_tag?post=603"}],"curies":[{"name":"wp","href":"https:\/\/api.w.org\/{rel}","templated":true}]}}