{"id":602,"date":"2024-12-23T15:47:57","date_gmt":"2024-12-23T14:47:57","guid":{"rendered":"https:\/\/los-odpowiedzialni-spolecznie.pl\/?post_type=product&#038;p=602"},"modified":"2024-12-23T15:50:19","modified_gmt":"2024-12-23T14:50:19","slug":"naturavena-babcianki-slone-wafelki-100-g","status":"publish","type":"product","link":"https:\/\/los-odpowiedzialni-spolecznie.pl\/en\/sklep\/produkty-spozywcze\/przekaski\/slone\/naturavena-babcianki-slone-wafelki-100-g\/","title":{"rendered":"NaturaVena &#8211; Babcianki S\u0142one, wafelki, 100 g"},"content":{"rendered":"<h3>Opis Produktu<\/h3>\n<p><strong>NaturaVena &#8211; Babcianki S\u0142one, wafelki, 100 g<\/strong><\/p>\n<p><strong>Wafelki firmy NaturaVena z dodatkiem soli<\/strong> to zdrowa i smaczna przek\u0105ska, kt\u00f3ra jest wypiekana na suchej p\u0142ycie bez dodatku t\u0142uszczu. Dzi\u0119ki temu maj\u0105 one ni\u017csz\u0105 zawarto\u015b\u0107 t\u0142uszczu ni\u017c tradycyjne wafle, co czyni je idealnym wyborem dla os\u00f3b dbaj\u0105cych o zdrow\u0105 diet\u0119.<\/p>\n<p>Wypiekanie na suchej p\u0142ycie bez stosowania t\u0142uszczu pozwala na zachowanie naturalnego smaku i chrupko\u015bci wafelek, a tak\u017ce pozwala na unikni\u0119cie nadmiernego spo\u017cycia t\u0142uszczu. Wafelki firmy NaturaVena s\u0105 przygotowane z wysokiej jako\u015bci sk\u0142adnik\u00f3w, a dodatek soli dodaje im lekko s\u0142onego smaku, kt\u00f3ry doskonale komponuje si\u0119 z ich chrupi\u0105c\u0105 konsystencj\u0105<\/p>\n<h3><strong>Sk\u0142adniki:<\/strong><\/h3>\n<p>M\u0105ka pszenna 80%, p\u0142atki owsiane 9,7%, cukier, olej rzepakowy, s\u00f3l 0,9%.<\/p>\n<p><strong>Produkt mo\u017ce zawiera\u0107<\/strong>:\u00a0gluten, sezam.<\/p>\n<h3><strong>Warto\u015bci od\u017cywcze w 100g:\u00a0<\/strong><\/h3>\n<p><strong>Warto\u015b\u0107 energetyczna: 1537kj\/368kcal<\/strong><\/p>\n<p><strong>T\u0142uszcz:<\/strong> 4,2g<\/p>\n<p><strong>\u00a0Kwasy t\u0142uszczowe nasycone : 0,5g<\/strong><\/p>\n<p><strong>\u00a0W\u0119glowodany<\/strong> : 73,1g<strong> w\u00a0tym cukry<\/strong> : 6,7g<\/p>\n<p><strong>B\u0142onnik<\/strong> : 2,7g,<\/p>\n<p><strong>Bia\u0142ko:<\/strong> 9,5g,<\/p>\n<p><strong>S\u00f3l:<\/strong> 0,95g.<\/p>\n<h3><strong>Przechowywanie:<\/strong><\/h3>\n<p>Produkt nale\u017cy przechowywa\u0107 w suchym i ch\u0142odnym miejscu. Chroni\u0107 przed dzia\u0142aniem promieni s\u0142onecznych.<\/p>","protected":false},"excerpt":{"rendered":"<p>Opis Produktu NaturaVena &#8211; Babcianki S\u0142one, wafelki, 100 g Wafelki firmy NaturaVena z dodatkiem soli to zdrowa i smaczna przek\u0105ska, kt\u00f3ra jest wypiekana na suchej p\u0142ycie bez dodatku t\u0142uszczu. Dzi\u0119ki temu maj\u0105 one ni\u017csz\u0105 zawarto\u015b\u0107 t\u0142uszczu ni\u017c tradycyjne wafle, co czyni je idealnym wyborem dla os\u00f3b dbaj\u0105cych o zdrow\u0105 diet\u0119. Wypiekanie na suchej p\u0142ycie bez [&hellip;]<\/p>","protected":false},"featured_media":653,"template":"","meta":{"site-sidebar-layout":"default","site-content-layout":"","ast-site-content-layout":"default","site-content-style":"default","site-sidebar-style":"default","ast-global-header-display":"","ast-banner-title-visibility":"","ast-main-header-display":"","ast-hfb-above-header-display":"","ast-hfb-below-header-display":"","ast-hfb-mobile-header-display":"","site-post-title":"","ast-breadcrumbs-content":"","ast-featured-img":"","footer-sml-layout":"","theme-transparent-header-meta":"default","adv-header-id-meta":"","stick-header-meta":"","header-above-stick-meta":"","header-main-stick-meta":"","header-below-stick-meta":"","astra-migrate-meta-layouts":"set","ast-page-background-enabled":"default","ast-page-background-meta":{"desktop":{"background-color":"var(--ast-global-color-4)","background-image":"","background-repeat":"repeat","background-position":"center center","background-size":"auto","background-attachment":"scroll","background-type":"","background-media":"","overlay-type":"","overlay-color":"","overlay-opacity":"","overlay-gradient":""},"tablet":{"background-color":"","background-image":"","background-repeat":"repeat","background-position":"center center","background-size":"auto","background-attachment":"scroll","background-type":"","background-media":"","overlay-type":"","overlay-color":"","overlay-opacity":"","overlay-gradient":""},"mobile":{"background-color":"","background-image":"","background-repeat":"repeat","background-position":"center center","background-size":"auto","background-attachment":"scroll","background-type":"","background-media":"","overlay-type":"","overlay-color":"","overlay-opacity":"","overlay-gradient":""}},"ast-content-background-meta":{"desktop":{"background-color":"var(--ast-global-color-5)","background-image":"","background-repeat":"repeat","background-position":"center center","background-size":"auto","background-attachment":"scroll","background-type":"","background-media":"","overlay-type":"","overlay-color":"","overlay-opacity":"","overlay-gradient":""},"tablet":{"background-color":"var(--ast-global-color-5)","background-image":"","background-repeat":"repeat","background-position":"center center","background-size":"auto","background-attachment":"scroll","background-type":"","background-media":"","overlay-type":"","overlay-color":"","overlay-opacity":"","overlay-gradient":""},"mobile":{"background-color":"var(--ast-global-color-5)","background-image":"","background-repeat":"repeat","background-position":"center center","background-size":"auto","background-attachment":"scroll","background-type":"","background-media":"","overlay-type":"","overlay-color":"","overlay-opacity":"","overlay-gradient":""}}},"product_cat":[66,24],"product_tag":[],"class_list":{"0":"post-602","1":"product","2":"type-product","3":"status-publish","4":"has-post-thumbnail","6":"product_cat-slone","7":"product_cat-przekaski","8":"desktop-align-center","9":"tablet-align-left","10":"mobile-align-left","12":"first","13":"onbackorder","14":"purchasable","15":"product-type-simple"},"_links":{"self":[{"href":"https:\/\/los-odpowiedzialni-spolecznie.pl\/en\/wp-json\/wp\/v2\/product\/602","targetHints":{"allow":["GET"]}}],"collection":[{"href":"https:\/\/los-odpowiedzialni-spolecznie.pl\/en\/wp-json\/wp\/v2\/product"}],"about":[{"href":"https:\/\/los-odpowiedzialni-spolecznie.pl\/en\/wp-json\/wp\/v2\/types\/product"}],"wp:featuredmedia":[{"embeddable":true,"href":"https:\/\/los-odpowiedzialni-spolecznie.pl\/en\/wp-json\/wp\/v2\/media\/653"}],"wp:attachment":[{"href":"https:\/\/los-odpowiedzialni-spolecznie.pl\/en\/wp-json\/wp\/v2\/media?parent=602"}],"wp:term":[{"taxonomy":"product_cat","embeddable":true,"href":"https:\/\/los-odpowiedzialni-spolecznie.pl\/en\/wp-json\/wp\/v2\/product_cat?post=602"},{"taxonomy":"product_tag","embeddable":true,"href":"https:\/\/los-odpowiedzialni-spolecznie.pl\/en\/wp-json\/wp\/v2\/product_tag?post=602"}],"curies":[{"name":"wp","href":"https:\/\/api.w.org\/{rel}","templated":true}]}}