{"id":601,"date":"2024-12-23T15:47:57","date_gmt":"2024-12-23T14:47:57","guid":{"rendered":"https:\/\/los-odpowiedzialni-spolecznie.pl\/?post_type=product&#038;p=601"},"modified":"2024-12-23T15:50:16","modified_gmt":"2024-12-23T14:50:16","slug":"babcianki-waniliowe-100g-naturavena","status":"publish","type":"product","link":"https:\/\/los-odpowiedzialni-spolecznie.pl\/en\/sklep\/produkty-spozywcze\/przekaski\/slodkie\/babcianki-waniliowe-100g-naturavena\/","title":{"rendered":"Babcianki Waniliowe 100g &#8211; NaturaVena"},"content":{"rendered":"<h3>Opis Produktu<\/h3>\n<p><strong>Babcianki Waniliowe 100g &#8211; NaturaVena<\/strong><\/p>\n<p>Babcianki to cieniutkie wafelki z pieca wypiekane na suchej p\u0142ycie bez stosowania zb\u0119dnego t\u0142uszczu. Okr\u0105g\u0142e, chrupi\u0105ce ciasteczka stanowi\u0105 idealn\u0105 przek\u0105sk\u0119. Nie zawieraj\u0105 barwnik\u00f3w i spulchniaczy.<\/p>\n<p>&nbsp;<\/p>\n<h3 class=\"wyroznienie2\">\u015arednie warto\u015bci od\u017cywcze w 100 g:<\/h3>\n<p class=\"wyroznienie2\"><strong>warto\u015b\u0107 energetyczna\u00a01549KJ \/ 371 Kcal<\/strong><br \/>\n<strong>t\u0142uszcz<\/strong>\u00a04,7 g<br \/>\n<strong>w tym kwasy t\u0142uszczowe nasycone<\/strong>\u00a00,4 g<br \/>\n<strong>w\u0119glowodany<\/strong>\u00a072,2 g<br \/>\n<strong>w tym cukry<\/strong>\u00a06,2 g<br \/>\n<strong>b\u0142onnik<\/strong>\u00a01,7 g<br \/>\n<strong>bia\u0142ko<\/strong>\u00a09,9 g<br \/>\n<strong>s\u00f3l<\/strong>\u00a00,05 g<\/p>\n<div class=\"wyroznienie2\"><strong>Sk\u0142adniki:<\/strong><\/div>\n<div class=\"wyroznienie2\">\n<p>m\u0105ka\u00a0<b>pszenna<\/b>, m\u0105ka\u00a0<b>orkiszowa<\/b>\u00a022%, cukier, olej rzepakowy, aromat waniliowy 0,3%<\/p>\n<\/div>\n<div class=\"wyroznienie2\"><strong>Dodatkowe informacje o produkcie:<\/strong><\/div>\n<p>Mo\u017ce zawiera\u0107 gluten, sezam, mleko<\/p>\n<p><strong>Przechowywa\u0107 w suchym i ch\u0142odnym miejscu<\/strong><\/p>","protected":false},"excerpt":{"rendered":"<p>Opis Produktu Babcianki Waniliowe 100g &#8211; NaturaVena Babcianki to cieniutkie wafelki z pieca wypiekane na suchej p\u0142ycie bez stosowania zb\u0119dnego t\u0142uszczu. Okr\u0105g\u0142e, chrupi\u0105ce ciasteczka stanowi\u0105 idealn\u0105 przek\u0105sk\u0119. Nie zawieraj\u0105 barwnik\u00f3w i spulchniaczy. &nbsp; \u015arednie warto\u015bci od\u017cywcze w 100 g: warto\u015b\u0107 energetyczna\u00a01549KJ \/ 371 Kcal t\u0142uszcz\u00a04,7 g w tym kwasy t\u0142uszczowe nasycone\u00a00,4 g w\u0119glowodany\u00a072,2 g w [&hellip;]<\/p>","protected":false},"featured_media":652,"template":"","meta":{"site-sidebar-layout":"default","site-content-layout":"","ast-site-content-layout":"default","site-content-style":"default","site-sidebar-style":"default","ast-global-header-display":"","ast-banner-title-visibility":"","ast-main-header-display":"","ast-hfb-above-header-display":"","ast-hfb-below-header-display":"","ast-hfb-mobile-header-display":"","site-post-title":"","ast-breadcrumbs-content":"","ast-featured-img":"","footer-sml-layout":"","theme-transparent-header-meta":"default","adv-header-id-meta":"","stick-header-meta":"","header-above-stick-meta":"","header-main-stick-meta":"","header-below-stick-meta":"","astra-migrate-meta-layouts":"set","ast-page-background-enabled":"default","ast-page-background-meta":{"desktop":{"background-color":"var(--ast-global-color-4)","background-image":"","background-repeat":"repeat","background-position":"center center","background-size":"auto","background-attachment":"scroll","background-type":"","background-media":"","overlay-type":"","overlay-color":"","overlay-opacity":"","overlay-gradient":""},"tablet":{"background-color":"","background-image":"","background-repeat":"repeat","background-position":"center center","background-size":"auto","background-attachment":"scroll","background-type":"","background-media":"","overlay-type":"","overlay-color":"","overlay-opacity":"","overlay-gradient":""},"mobile":{"background-color":"","background-image":"","background-repeat":"repeat","background-position":"center center","background-size":"auto","background-attachment":"scroll","background-type":"","background-media":"","overlay-type":"","overlay-color":"","overlay-opacity":"","overlay-gradient":""}},"ast-content-background-meta":{"desktop":{"background-color":"var(--ast-global-color-5)","background-image":"","background-repeat":"repeat","background-position":"center center","background-size":"auto","background-attachment":"scroll","background-type":"","background-media":"","overlay-type":"","overlay-color":"","overlay-opacity":"","overlay-gradient":""},"tablet":{"background-color":"var(--ast-global-color-5)","background-image":"","background-repeat":"repeat","background-position":"center center","background-size":"auto","background-attachment":"scroll","background-type":"","background-media":"","overlay-type":"","overlay-color":"","overlay-opacity":"","overlay-gradient":""},"mobile":{"background-color":"var(--ast-global-color-5)","background-image":"","background-repeat":"repeat","background-position":"center center","background-size":"auto","background-attachment":"scroll","background-type":"","background-media":"","overlay-type":"","overlay-color":"","overlay-opacity":"","overlay-gradient":""}}},"product_cat":[25,24],"product_tag":[],"class_list":{"0":"post-601","1":"product","2":"type-product","3":"status-publish","4":"has-post-thumbnail","6":"product_cat-slodkie","7":"product_cat-przekaski","8":"desktop-align-center","9":"tablet-align-left","10":"mobile-align-left","12":"first","13":"onbackorder","14":"purchasable","15":"product-type-simple"},"_links":{"self":[{"href":"https:\/\/los-odpowiedzialni-spolecznie.pl\/en\/wp-json\/wp\/v2\/product\/601","targetHints":{"allow":["GET"]}}],"collection":[{"href":"https:\/\/los-odpowiedzialni-spolecznie.pl\/en\/wp-json\/wp\/v2\/product"}],"about":[{"href":"https:\/\/los-odpowiedzialni-spolecznie.pl\/en\/wp-json\/wp\/v2\/types\/product"}],"wp:featuredmedia":[{"embeddable":true,"href":"https:\/\/los-odpowiedzialni-spolecznie.pl\/en\/wp-json\/wp\/v2\/media\/652"}],"wp:attachment":[{"href":"https:\/\/los-odpowiedzialni-spolecznie.pl\/en\/wp-json\/wp\/v2\/media?parent=601"}],"wp:term":[{"taxonomy":"product_cat","embeddable":true,"href":"https:\/\/los-odpowiedzialni-spolecznie.pl\/en\/wp-json\/wp\/v2\/product_cat?post=601"},{"taxonomy":"product_tag","embeddable":true,"href":"https:\/\/los-odpowiedzialni-spolecznie.pl\/en\/wp-json\/wp\/v2\/product_tag?post=601"}],"curies":[{"name":"wp","href":"https:\/\/api.w.org\/{rel}","templated":true}]}}