{"id":595,"date":"2024-12-23T15:47:35","date_gmt":"2024-12-23T14:47:35","guid":{"rendered":"https:\/\/los-odpowiedzialni-spolecznie.pl\/?post_type=product&#038;p=595"},"modified":"2024-12-23T15:50:07","modified_gmt":"2024-12-23T14:50:07","slug":"naturavena-babcianki-z-zurawina-100-g","status":"publish","type":"product","link":"https:\/\/los-odpowiedzialni-spolecznie.pl\/en\/sklep\/produkty-spozywcze\/przekaski\/slodkie\/naturavena-babcianki-z-zurawina-100-g\/","title":{"rendered":"NATURAVENA Babcianki z \u017curawin\u0105 100 g"},"content":{"rendered":"<h3>Opis Produktu<\/h3>\n<div class=\"pb-left-column col-xs-12 col-sm-8 col-md-7\">\n<p class=\"pinfo-products-name\"><strong><span class=\"products-title-prefix\">NATURAVENA<\/span>\u00a0<span class=\"products-title-name\">Babcianki z \u017curawin\u0105<\/span>\u00a0<span class=\"products-title-suffix\">100 g<\/span><\/strong><\/p>\n<p>Babcianki to cieniutkie wafelki z pieca wypiekane na suchej p\u0142ycie bez stosowania zb\u0119dnego t\u0142uszczu. Okr\u0105g\u0142e, chrupi\u0105ce ciasteczka stanowi\u0105 idealn\u0105 przek\u0105sk\u0119. Nie zawieraj\u0105 barwnik\u00f3w i spulchniaczy.<\/p>\n<p><b>Sk\u0142adniki:\u00a0<\/b>m\u0105ka pszenna, cukier, olej rzepakowy, \u017curawina 7,9%<\/p>\n<div class=\"c-product-section-header\">\n<h3 class=\"c-product-section-header__title\">Warto\u015bci od\u017cywcze<\/h3>\n<\/div>\n<div class=\"c-procuct-section-content\">\n<p><strong>Warto\u015b\u0107 energetyczna &#8211; 1485 kJ\/355 kcal<\/strong><br \/>\n<strong>T\u0142uszcz<\/strong> &#8211; 3,1g<br \/>\n<strong>w tym kwasy t\u0142uszczowe nasycone<\/strong> &#8211; 0,7g<br \/>\n<strong>W\u0119glowodany<\/strong> &#8211; 73,2g<br \/>\n<strong>w tym cukry<\/strong> &#8211; 9,2g<br \/>\n<strong>B\u0142onnik<\/strong> &#8211; 2,3g<br \/>\n<strong>Bia\u0142ko<\/strong> &#8211; 8,7g<br \/>\n<strong>S\u00f3l<\/strong> &#8211; 0,17g<\/p>\n<p><strong>Masa netto:<\/strong> 100g<\/p>\n<div class=\"c-product-section-header\">\n<h3 class=\"c-product-section-header__title\">Przechowywanie<\/h3>\n<\/div>\n<div class=\"c-procuct-section-content\">\n<p>W suchym i ch\u0142odnym miejscu. Chronic przed dzia\u0142aniem promieni s\u0142onecznych.<\/p>\n<\/div>\n<\/div>\n<\/div>","protected":false},"excerpt":{"rendered":"<p>Opis Produktu NATURAVENA\u00a0Babcianki z \u017curawin\u0105\u00a0100 g Babcianki to cieniutkie wafelki z pieca wypiekane na suchej p\u0142ycie bez stosowania zb\u0119dnego t\u0142uszczu. Okr\u0105g\u0142e, chrupi\u0105ce ciasteczka stanowi\u0105 idealn\u0105 przek\u0105sk\u0119. Nie zawieraj\u0105 barwnik\u00f3w i spulchniaczy. Sk\u0142adniki:\u00a0m\u0105ka pszenna, cukier, olej rzepakowy, \u017curawina 7,9% Warto\u015bci od\u017cywcze Warto\u015b\u0107 energetyczna &#8211; 1485 kJ\/355 kcal T\u0142uszcz &#8211; 3,1g w tym kwasy t\u0142uszczowe nasycone &#8211; [&hellip;]<\/p>","protected":false},"featured_media":650,"template":"","meta":{"site-sidebar-layout":"default","site-content-layout":"","ast-site-content-layout":"default","site-content-style":"default","site-sidebar-style":"default","ast-global-header-display":"","ast-banner-title-visibility":"","ast-main-header-display":"","ast-hfb-above-header-display":"","ast-hfb-below-header-display":"","ast-hfb-mobile-header-display":"","site-post-title":"","ast-breadcrumbs-content":"","ast-featured-img":"","footer-sml-layout":"","theme-transparent-header-meta":"default","adv-header-id-meta":"","stick-header-meta":"","header-above-stick-meta":"","header-main-stick-meta":"","header-below-stick-meta":"","astra-migrate-meta-layouts":"set","ast-page-background-enabled":"default","ast-page-background-meta":{"desktop":{"background-color":"var(--ast-global-color-4)","background-image":"","background-repeat":"repeat","background-position":"center center","background-size":"auto","background-attachment":"scroll","background-type":"","background-media":"","overlay-type":"","overlay-color":"","overlay-opacity":"","overlay-gradient":""},"tablet":{"background-color":"","background-image":"","background-repeat":"repeat","background-position":"center center","background-size":"auto","background-attachment":"scroll","background-type":"","background-media":"","overlay-type":"","overlay-color":"","overlay-opacity":"","overlay-gradient":""},"mobile":{"background-color":"","background-image":"","background-repeat":"repeat","background-position":"center center","background-size":"auto","background-attachment":"scroll","background-type":"","background-media":"","overlay-type":"","overlay-color":"","overlay-opacity":"","overlay-gradient":""}},"ast-content-background-meta":{"desktop":{"background-color":"var(--ast-global-color-5)","background-image":"","background-repeat":"repeat","background-position":"center center","background-size":"auto","background-attachment":"scroll","background-type":"","background-media":"","overlay-type":"","overlay-color":"","overlay-opacity":"","overlay-gradient":""},"tablet":{"background-color":"var(--ast-global-color-5)","background-image":"","background-repeat":"repeat","background-position":"center center","background-size":"auto","background-attachment":"scroll","background-type":"","background-media":"","overlay-type":"","overlay-color":"","overlay-opacity":"","overlay-gradient":""},"mobile":{"background-color":"var(--ast-global-color-5)","background-image":"","background-repeat":"repeat","background-position":"center center","background-size":"auto","background-attachment":"scroll","background-type":"","background-media":"","overlay-type":"","overlay-color":"","overlay-opacity":"","overlay-gradient":""}}},"product_cat":[25,37,24],"product_tag":[],"class_list":{"0":"post-595","1":"product","2":"type-product","3":"status-publish","4":"has-post-thumbnail","6":"product_cat-slodkie","7":"product_cat-owocowe","8":"product_cat-przekaski","9":"desktop-align-center","10":"tablet-align-left","11":"mobile-align-left","13":"first","14":"onbackorder","15":"purchasable","16":"product-type-simple"},"_links":{"self":[{"href":"https:\/\/los-odpowiedzialni-spolecznie.pl\/en\/wp-json\/wp\/v2\/product\/595","targetHints":{"allow":["GET"]}}],"collection":[{"href":"https:\/\/los-odpowiedzialni-spolecznie.pl\/en\/wp-json\/wp\/v2\/product"}],"about":[{"href":"https:\/\/los-odpowiedzialni-spolecznie.pl\/en\/wp-json\/wp\/v2\/types\/product"}],"wp:featuredmedia":[{"embeddable":true,"href":"https:\/\/los-odpowiedzialni-spolecznie.pl\/en\/wp-json\/wp\/v2\/media\/650"}],"wp:attachment":[{"href":"https:\/\/los-odpowiedzialni-spolecznie.pl\/en\/wp-json\/wp\/v2\/media?parent=595"}],"wp:term":[{"taxonomy":"product_cat","embeddable":true,"href":"https:\/\/los-odpowiedzialni-spolecznie.pl\/en\/wp-json\/wp\/v2\/product_cat?post=595"},{"taxonomy":"product_tag","embeddable":true,"href":"https:\/\/los-odpowiedzialni-spolecznie.pl\/en\/wp-json\/wp\/v2\/product_tag?post=595"}],"curies":[{"name":"wp","href":"https:\/\/api.w.org\/{rel}","templated":true}]}}