{"id":594,"date":"2024-12-23T15:47:35","date_gmt":"2024-12-23T14:47:35","guid":{"rendered":"https:\/\/los-odpowiedzialni-spolecznie.pl\/?post_type=product&#038;p=594"},"modified":"2024-12-23T15:50:04","modified_gmt":"2024-12-23T14:50:04","slug":"babcianki-kakaowe-100-g-naturavena","status":"publish","type":"product","link":"https:\/\/los-odpowiedzialni-spolecznie.pl\/en\/sklep\/produkty-spozywcze\/przekaski\/slodkie\/babcianki-kakaowe-100-g-naturavena\/","title":{"rendered":"BABCIANKI KAKAOWE 100 g \u2013 NATURAVENA"},"content":{"rendered":"<h3>Opis Produktu<\/h3>\n<p class=\"product_title entry-title\"><strong>BABCIANKI KAKAOWE 100 g \u2013 NATURAVENA<\/strong><\/p>\n<p>Babcianki to cieniutkie wafelki wypiekane na suchej p\u0142ycie. Okr\u0105g\u0142e, chrupi\u0105ce wafelki stanowi\u0105 idealn\u0105 przek\u0105sk\u0119<\/p>\n<p><strong>SK\u0141ADNIKI<\/strong><br \/>\nm\u0105ka pszenna (87 %), cukier, olej rzepakowy, kakao (3,5 %), mleko w proszku odt\u0142uszczone, s\u00f3l.<\/p>\n<p><strong>WARTO\u015a\u0106 OD\u017bYWCZA W 100 g<\/strong><br \/>\n<strong>Warto\u015b\u0107 energetyczna 1569 kJ\/375 kcal<\/strong><br \/>\n<strong>T\u0142uszcz<\/strong> 6 g<br \/>\n<strong>w tym kwasy t\u0142uszczowe nasycone<\/strong> 1 g<br \/>\n<strong>W\u0119glowodany<\/strong> 70,7 g<br \/>\n<strong>w tym cukry<\/strong> 4,3 g<br \/>\n<strong>B\u0142onnik<\/strong> 2,1 g<br \/>\n<strong>Bia\u0142ko<\/strong> 9,8 g<br \/>\n<strong>S\u00f3l<\/strong> 0,4 g<\/p>\n<p><strong>ZALECANE WARUNKI PRZECHOWYWANIA<\/strong><br \/>\nPrzechowywa\u0107 w suchym i ch\u0142odnym miejscu. Chroni\u0107 przed dzia\u0142aniem promieni s\u0142onecznych.<\/p>","protected":false},"excerpt":{"rendered":"<p>Opis Produktu BABCIANKI KAKAOWE 100 g \u2013 NATURAVENA Babcianki to cieniutkie wafelki wypiekane na suchej p\u0142ycie. Okr\u0105g\u0142e, chrupi\u0105ce wafelki stanowi\u0105 idealn\u0105 przek\u0105sk\u0119 SK\u0141ADNIKI m\u0105ka pszenna (87 %), cukier, olej rzepakowy, kakao (3,5 %), mleko w proszku odt\u0142uszczone, s\u00f3l. WARTO\u015a\u0106 OD\u017bYWCZA W 100 g Warto\u015b\u0107 energetyczna 1569 kJ\/375 kcal T\u0142uszcz 6 g w tym kwasy t\u0142uszczowe [&hellip;]<\/p>","protected":false},"featured_media":649,"template":"","meta":{"site-sidebar-layout":"default","site-content-layout":"","ast-site-content-layout":"default","site-content-style":"default","site-sidebar-style":"default","ast-global-header-display":"","ast-banner-title-visibility":"","ast-main-header-display":"","ast-hfb-above-header-display":"","ast-hfb-below-header-display":"","ast-hfb-mobile-header-display":"","site-post-title":"","ast-breadcrumbs-content":"","ast-featured-img":"","footer-sml-layout":"","theme-transparent-header-meta":"default","adv-header-id-meta":"","stick-header-meta":"","header-above-stick-meta":"","header-main-stick-meta":"","header-below-stick-meta":"","astra-migrate-meta-layouts":"set","ast-page-background-enabled":"default","ast-page-background-meta":{"desktop":{"background-color":"var(--ast-global-color-4)","background-image":"","background-repeat":"repeat","background-position":"center center","background-size":"auto","background-attachment":"scroll","background-type":"","background-media":"","overlay-type":"","overlay-color":"","overlay-opacity":"","overlay-gradient":""},"tablet":{"background-color":"","background-image":"","background-repeat":"repeat","background-position":"center center","background-size":"auto","background-attachment":"scroll","background-type":"","background-media":"","overlay-type":"","overlay-color":"","overlay-opacity":"","overlay-gradient":""},"mobile":{"background-color":"","background-image":"","background-repeat":"repeat","background-position":"center center","background-size":"auto","background-attachment":"scroll","background-type":"","background-media":"","overlay-type":"","overlay-color":"","overlay-opacity":"","overlay-gradient":""}},"ast-content-background-meta":{"desktop":{"background-color":"var(--ast-global-color-5)","background-image":"","background-repeat":"repeat","background-position":"center center","background-size":"auto","background-attachment":"scroll","background-type":"","background-media":"","overlay-type":"","overlay-color":"","overlay-opacity":"","overlay-gradient":""},"tablet":{"background-color":"var(--ast-global-color-5)","background-image":"","background-repeat":"repeat","background-position":"center center","background-size":"auto","background-attachment":"scroll","background-type":"","background-media":"","overlay-type":"","overlay-color":"","overlay-opacity":"","overlay-gradient":""},"mobile":{"background-color":"var(--ast-global-color-5)","background-image":"","background-repeat":"repeat","background-position":"center center","background-size":"auto","background-attachment":"scroll","background-type":"","background-media":"","overlay-type":"","overlay-color":"","overlay-opacity":"","overlay-gradient":""}}},"product_cat":[25,24],"product_tag":[],"class_list":{"0":"post-594","1":"product","2":"type-product","3":"status-publish","4":"has-post-thumbnail","6":"product_cat-slodkie","7":"product_cat-przekaski","8":"desktop-align-center","9":"tablet-align-left","10":"mobile-align-left","12":"first","13":"onbackorder","14":"purchasable","15":"product-type-simple"},"_links":{"self":[{"href":"https:\/\/los-odpowiedzialni-spolecznie.pl\/en\/wp-json\/wp\/v2\/product\/594","targetHints":{"allow":["GET"]}}],"collection":[{"href":"https:\/\/los-odpowiedzialni-spolecznie.pl\/en\/wp-json\/wp\/v2\/product"}],"about":[{"href":"https:\/\/los-odpowiedzialni-spolecznie.pl\/en\/wp-json\/wp\/v2\/types\/product"}],"wp:featuredmedia":[{"embeddable":true,"href":"https:\/\/los-odpowiedzialni-spolecznie.pl\/en\/wp-json\/wp\/v2\/media\/649"}],"wp:attachment":[{"href":"https:\/\/los-odpowiedzialni-spolecznie.pl\/en\/wp-json\/wp\/v2\/media?parent=594"}],"wp:term":[{"taxonomy":"product_cat","embeddable":true,"href":"https:\/\/los-odpowiedzialni-spolecznie.pl\/en\/wp-json\/wp\/v2\/product_cat?post=594"},{"taxonomy":"product_tag","embeddable":true,"href":"https:\/\/los-odpowiedzialni-spolecznie.pl\/en\/wp-json\/wp\/v2\/product_tag?post=594"}],"curies":[{"name":"wp","href":"https:\/\/api.w.org\/{rel}","templated":true}]}}