{"id":593,"date":"2024-12-23T15:47:35","date_gmt":"2024-12-23T14:47:35","guid":{"rendered":"https:\/\/los-odpowiedzialni-spolecznie.pl\/?post_type=product&#038;p=593"},"modified":"2024-12-23T15:49:57","modified_gmt":"2024-12-23T14:49:57","slug":"naturavena-babcianki-owsiane-z-czarnuszka-bez-dodatku-cukru-100-g","status":"publish","type":"product","link":"https:\/\/los-odpowiedzialni-spolecznie.pl\/en\/sklep\/produkty-spozywcze\/przekaski\/slone\/naturavena-babcianki-owsiane-z-czarnuszka-bez-dodatku-cukru-100-g\/","title":{"rendered":"NATURAVENA Babcianki owsiane z czarnuszk\u0105 bez dodatku cukru 100 g"},"content":{"rendered":"<h3>Opis Produktu<\/h3>\n<p class=\"pinfo-products-name\"><strong><span class=\"products-title-prefix\">NATURAVENA<\/span>\u00a0<span class=\"products-title-name\">Babcianki owsiane z czarnuszk\u0105 bez dodatku cukru<\/span>\u00a0<span class=\"products-title-suffix\">100 g<\/span><\/strong><\/p>\n<p>Babcianki s\u0105\u00a0 lekkie, delikatne i \u0142atwo si\u0119 rozpuszczaj\u0105 w ustach, s\u0105 r\u00f3wnie\u017c bogate w b\u0142onnik, co pomaga w utrzymaniu prawid\u0142owej pracy jelit. Mo\u017cna je je\u015b\u0107 samodzielnie, ale r\u00f3wnie\u017c \u015bwietnie komponuj\u0105 si\u0119 z kaw\u0105, herbat\u0105 lub lodami. Maj\u0105 te\u017c nisk\u0105 zawarto\u015b\u0107 kalorii, dzi\u0119ki czemu mog\u0105 by\u0107 alternatyw\u0105 dla os\u00f3b dbaj\u0105cych o swoj\u0105 wag\u0119. \u015awietnie sprawdzaj\u0105 si\u0119 jako dodatek do deser\u00f3w, np. lod\u00f3w, czy owoc\u00f3w. Babcianki to zdrowa i smaczna przek\u0105ska, kt\u00f3ra mo\u017cemy spo\u017cywa\u0107 bez wyrzut\u00f3w sumienia.<\/p>\n<p><strong>Sk\u0142adniki<\/strong><\/p>\n<p>m\u0105ka owsiana (50%), m\u0105ka pszenna, olej rzepakowy, mleko w proszku pe\u0142ne, czarnuszka (1,4%), s\u00f3l.<\/p>\n<h3>Warto\u015bci Od\u017cywcze<\/h3>\n<p><strong>w 100 g:<\/strong><\/p>\n<ul>\n<li><strong>Warto\u015b\u0107 energetyczna 1901 kJ\/454 kcal<\/strong><\/li>\n<li><strong>T\u0142uszcz<\/strong> 14,4 g<\/li>\n<li><strong>w tym kwasy t\u0142uszczowe nasycone<\/strong> 1,9 g<\/li>\n<li><strong>W\u0119glowodany<\/strong> 54 g<\/li>\n<li><strong>w tym cukry<\/strong> 3,9 g<\/li>\n<li><strong>B\u0142onnik<\/strong> 7,9 g<\/li>\n<li><strong>Bia\u0142ko<\/strong> 13 g<\/li>\n<li><strong>S\u00f3l<\/strong> 1,3 g<\/li>\n<\/ul>\n<p><strong>Spos\u00f3b Przechowywania<\/strong><\/p>\n<p>Przechowywa\u0107 w suchym i ch\u0142odnym miejscu. Do bezpo\u015bredniej konsumpcji.<\/p>\n<p><strong>Alergeny<\/strong><\/p>\n<p>M\u0105ka owsiana, m\u0105ka pszenna, mleko.<\/p>\n<p>&nbsp;<\/p>","protected":false},"excerpt":{"rendered":"<p>Opis Produktu NATURAVENA\u00a0Babcianki owsiane z czarnuszk\u0105 bez dodatku cukru\u00a0100 g Babcianki s\u0105\u00a0 lekkie, delikatne i \u0142atwo si\u0119 rozpuszczaj\u0105 w ustach, s\u0105 r\u00f3wnie\u017c bogate w b\u0142onnik, co pomaga w utrzymaniu prawid\u0142owej pracy jelit. Mo\u017cna je je\u015b\u0107 samodzielnie, ale r\u00f3wnie\u017c \u015bwietnie komponuj\u0105 si\u0119 z kaw\u0105, herbat\u0105 lub lodami. Maj\u0105 te\u017c nisk\u0105 zawarto\u015b\u0107 kalorii, dzi\u0119ki czemu mog\u0105 by\u0107 [&hellip;]<\/p>","protected":false},"featured_media":644,"template":"","meta":{"site-sidebar-layout":"default","site-content-layout":"","ast-site-content-layout":"default","site-content-style":"default","site-sidebar-style":"default","ast-global-header-display":"","ast-banner-title-visibility":"","ast-main-header-display":"","ast-hfb-above-header-display":"","ast-hfb-below-header-display":"","ast-hfb-mobile-header-display":"","site-post-title":"","ast-breadcrumbs-content":"","ast-featured-img":"","footer-sml-layout":"","theme-transparent-header-meta":"default","adv-header-id-meta":"","stick-header-meta":"","header-above-stick-meta":"","header-main-stick-meta":"","header-below-stick-meta":"","astra-migrate-meta-layouts":"set","ast-page-background-enabled":"default","ast-page-background-meta":{"desktop":{"background-color":"var(--ast-global-color-4)","background-image":"","background-repeat":"repeat","background-position":"center center","background-size":"auto","background-attachment":"scroll","background-type":"","background-media":"","overlay-type":"","overlay-color":"","overlay-opacity":"","overlay-gradient":""},"tablet":{"background-color":"","background-image":"","background-repeat":"repeat","background-position":"center center","background-size":"auto","background-attachment":"scroll","background-type":"","background-media":"","overlay-type":"","overlay-color":"","overlay-opacity":"","overlay-gradient":""},"mobile":{"background-color":"","background-image":"","background-repeat":"repeat","background-position":"center center","background-size":"auto","background-attachment":"scroll","background-type":"","background-media":"","overlay-type":"","overlay-color":"","overlay-opacity":"","overlay-gradient":""}},"ast-content-background-meta":{"desktop":{"background-color":"var(--ast-global-color-5)","background-image":"","background-repeat":"repeat","background-position":"center center","background-size":"auto","background-attachment":"scroll","background-type":"","background-media":"","overlay-type":"","overlay-color":"","overlay-opacity":"","overlay-gradient":""},"tablet":{"background-color":"var(--ast-global-color-5)","background-image":"","background-repeat":"repeat","background-position":"center center","background-size":"auto","background-attachment":"scroll","background-type":"","background-media":"","overlay-type":"","overlay-color":"","overlay-opacity":"","overlay-gradient":""},"mobile":{"background-color":"var(--ast-global-color-5)","background-image":"","background-repeat":"repeat","background-position":"center center","background-size":"auto","background-attachment":"scroll","background-type":"","background-media":"","overlay-type":"","overlay-color":"","overlay-opacity":"","overlay-gradient":""}}},"product_cat":[66,24],"product_tag":[],"class_list":{"0":"post-593","1":"product","2":"type-product","3":"status-publish","4":"has-post-thumbnail","6":"product_cat-slone","7":"product_cat-przekaski","8":"desktop-align-center","9":"tablet-align-left","10":"mobile-align-left","12":"first","13":"instock","14":"purchasable","15":"product-type-simple"},"_links":{"self":[{"href":"https:\/\/los-odpowiedzialni-spolecznie.pl\/en\/wp-json\/wp\/v2\/product\/593","targetHints":{"allow":["GET"]}}],"collection":[{"href":"https:\/\/los-odpowiedzialni-spolecznie.pl\/en\/wp-json\/wp\/v2\/product"}],"about":[{"href":"https:\/\/los-odpowiedzialni-spolecznie.pl\/en\/wp-json\/wp\/v2\/types\/product"}],"wp:featuredmedia":[{"embeddable":true,"href":"https:\/\/los-odpowiedzialni-spolecznie.pl\/en\/wp-json\/wp\/v2\/media\/644"}],"wp:attachment":[{"href":"https:\/\/los-odpowiedzialni-spolecznie.pl\/en\/wp-json\/wp\/v2\/media?parent=593"}],"wp:term":[{"taxonomy":"product_cat","embeddable":true,"href":"https:\/\/los-odpowiedzialni-spolecznie.pl\/en\/wp-json\/wp\/v2\/product_cat?post=593"},{"taxonomy":"product_tag","embeddable":true,"href":"https:\/\/los-odpowiedzialni-spolecznie.pl\/en\/wp-json\/wp\/v2\/product_tag?post=593"}],"curies":[{"name":"wp","href":"https:\/\/api.w.org\/{rel}","templated":true}]}}