{"id":589,"date":"2024-12-23T15:47:10","date_gmt":"2024-12-23T14:47:10","guid":{"rendered":"https:\/\/los-odpowiedzialni-spolecznie.pl\/?post_type=product&#038;p=589"},"modified":"2024-12-23T15:49:50","modified_gmt":"2024-12-23T14:49:50","slug":"naturavena-babcianki-pikantne-wafelki-110-g","status":"publish","type":"product","link":"https:\/\/los-odpowiedzialni-spolecznie.pl\/en\/sklep\/produkty-spozywcze\/przekaski\/slone\/naturavena-babcianki-pikantne-wafelki-110-g\/","title":{"rendered":"NaturaVena &#8211; Babcianki pikantne, wafelki, 110 g"},"content":{"rendered":"<h3>Opis Produktu<\/h3>\n<p><strong>NaturaVena &#8211; Babcianki pikantne, wafelki, 100 g<\/strong><\/p>\n<p>Babcianki s\u0105\u00a0 lekkie i delikatne, doskonale pasuj\u0105 do porannej kawy lub herbaty. Ich prosty sk\u0142ad sprawia, \u017ce s\u0105 r\u00f3wnie\u017c odpowiednie dla os\u00f3b dbaj\u0105cych o zdrow\u0105 diet\u0119. Babcianki s\u0105 dost\u0119pne w r\u00f3\u017cnych smakach, takich jak wanilia, czekolada czy kokos, co pozwala ka\u017cdemu znale\u017a\u0107 co\u015b dla siebie. Ich niewielki rozmiar i wygodne opakowanie sprawiaj\u0105, \u017ce mo\u017cna je \u0142atwo zabra\u0107 ze sob\u0105 do pracy, szko\u0142y lub na wycieczk\u0119. Babcianki to wyj\u0105tkowo smaczna alternatywa dla tradycyjnych s\u0142odyczy, nadaj\u0105c si\u0119 zar\u00f3wno dla dzieci, jak i doros\u0142ych.<\/p>\n<h3><strong>Sk\u0142adniki:<\/strong><\/h3>\n<p>M\u0105ka pszenna, olej roslinny, mleko w proszku, ser \u017c\u00f3\u0142ty, naturalny barwnik: beta-karoten, jaja w proszku, s\u00f3l, czosnek, pieprz, papryka, kminek, lecytyna sojowa, spulchniacze: w\u0119glan sodu.<\/p>\n<p>&nbsp;<\/p>\n<p><strong>Warto\u015bci od\u017cywcze w 100 g:<\/strong> Warto\u015b\u0107 energetyczna 1831 kJ\/453 kcal, T\u0142uszcz 15,09 g, w tym kwasy t\u0142uszczowe nasycone 2,1 g, W\u0119glowodany 65,8 g, w tym cukry &lt;0,5 g, B\u0142onnik -, Bia\u0142ko 11,7 g, S\u00f3l 2,48 g.<\/p>\n<h3><strong>Masa netto:<\/strong><\/h3>\n<p>110g<\/p>","protected":false},"excerpt":{"rendered":"<p>Opis Produktu NaturaVena &#8211; Babcianki pikantne, wafelki, 100 g Babcianki s\u0105\u00a0 lekkie i delikatne, doskonale pasuj\u0105 do porannej kawy lub herbaty. Ich prosty sk\u0142ad sprawia, \u017ce s\u0105 r\u00f3wnie\u017c odpowiednie dla os\u00f3b dbaj\u0105cych o zdrow\u0105 diet\u0119. Babcianki s\u0105 dost\u0119pne w r\u00f3\u017cnych smakach, takich jak wanilia, czekolada czy kokos, co pozwala ka\u017cdemu znale\u017a\u0107 co\u015b dla siebie. Ich [&hellip;]<\/p>","protected":false},"featured_media":643,"template":"","meta":{"site-sidebar-layout":"default","site-content-layout":"","ast-site-content-layout":"default","site-content-style":"default","site-sidebar-style":"default","ast-global-header-display":"","ast-banner-title-visibility":"","ast-main-header-display":"","ast-hfb-above-header-display":"","ast-hfb-below-header-display":"","ast-hfb-mobile-header-display":"","site-post-title":"","ast-breadcrumbs-content":"","ast-featured-img":"","footer-sml-layout":"","theme-transparent-header-meta":"default","adv-header-id-meta":"","stick-header-meta":"","header-above-stick-meta":"","header-main-stick-meta":"","header-below-stick-meta":"","astra-migrate-meta-layouts":"set","ast-page-background-enabled":"default","ast-page-background-meta":{"desktop":{"background-color":"var(--ast-global-color-4)","background-image":"","background-repeat":"repeat","background-position":"center center","background-size":"auto","background-attachment":"scroll","background-type":"","background-media":"","overlay-type":"","overlay-color":"","overlay-opacity":"","overlay-gradient":""},"tablet":{"background-color":"","background-image":"","background-repeat":"repeat","background-position":"center center","background-size":"auto","background-attachment":"scroll","background-type":"","background-media":"","overlay-type":"","overlay-color":"","overlay-opacity":"","overlay-gradient":""},"mobile":{"background-color":"","background-image":"","background-repeat":"repeat","background-position":"center center","background-size":"auto","background-attachment":"scroll","background-type":"","background-media":"","overlay-type":"","overlay-color":"","overlay-opacity":"","overlay-gradient":""}},"ast-content-background-meta":{"desktop":{"background-color":"var(--ast-global-color-5)","background-image":"","background-repeat":"repeat","background-position":"center center","background-size":"auto","background-attachment":"scroll","background-type":"","background-media":"","overlay-type":"","overlay-color":"","overlay-opacity":"","overlay-gradient":""},"tablet":{"background-color":"var(--ast-global-color-5)","background-image":"","background-repeat":"repeat","background-position":"center center","background-size":"auto","background-attachment":"scroll","background-type":"","background-media":"","overlay-type":"","overlay-color":"","overlay-opacity":"","overlay-gradient":""},"mobile":{"background-color":"var(--ast-global-color-5)","background-image":"","background-repeat":"repeat","background-position":"center center","background-size":"auto","background-attachment":"scroll","background-type":"","background-media":"","overlay-type":"","overlay-color":"","overlay-opacity":"","overlay-gradient":""}}},"product_cat":[66,24],"product_tag":[],"class_list":{"0":"post-589","1":"product","2":"type-product","3":"status-publish","4":"has-post-thumbnail","6":"product_cat-slone","7":"product_cat-przekaski","8":"desktop-align-center","9":"tablet-align-left","10":"mobile-align-left","12":"first","13":"onbackorder","14":"purchasable","15":"product-type-simple"},"_links":{"self":[{"href":"https:\/\/los-odpowiedzialni-spolecznie.pl\/en\/wp-json\/wp\/v2\/product\/589","targetHints":{"allow":["GET"]}}],"collection":[{"href":"https:\/\/los-odpowiedzialni-spolecznie.pl\/en\/wp-json\/wp\/v2\/product"}],"about":[{"href":"https:\/\/los-odpowiedzialni-spolecznie.pl\/en\/wp-json\/wp\/v2\/types\/product"}],"wp:featuredmedia":[{"embeddable":true,"href":"https:\/\/los-odpowiedzialni-spolecznie.pl\/en\/wp-json\/wp\/v2\/media\/643"}],"wp:attachment":[{"href":"https:\/\/los-odpowiedzialni-spolecznie.pl\/en\/wp-json\/wp\/v2\/media?parent=589"}],"wp:term":[{"taxonomy":"product_cat","embeddable":true,"href":"https:\/\/los-odpowiedzialni-spolecznie.pl\/en\/wp-json\/wp\/v2\/product_cat?post=589"},{"taxonomy":"product_tag","embeddable":true,"href":"https:\/\/los-odpowiedzialni-spolecznie.pl\/en\/wp-json\/wp\/v2\/product_tag?post=589"}],"curies":[{"name":"wp","href":"https:\/\/api.w.org\/{rel}","templated":true}]}}