{"id":588,"date":"2024-12-23T15:47:10","date_gmt":"2024-12-23T14:47:10","guid":{"rendered":"https:\/\/los-odpowiedzialni-spolecznie.pl\/?post_type=product&#038;p=588"},"modified":"2024-12-23T15:49:42","modified_gmt":"2024-12-23T14:49:42","slug":"babcianki-owsiane-bez-dodatku-cukrow-100-g-naturavena","status":"publish","type":"product","link":"https:\/\/los-odpowiedzialni-spolecznie.pl\/en\/sklep\/produkty-spozywcze\/przekaski\/slodkie\/babcianki-owsiane-bez-dodatku-cukrow-100-g-naturavena\/","title":{"rendered":"Babcianki Owsiane Bez Dodatku Cukr\u00f3w 100 G &#8211; NATURAVENA"},"content":{"rendered":"<h3>Opis Produktu<\/h3>\n<p><strong>Babcianki Owsiane Bez Dodatku Cukr\u00f3w 100 G &#8211; NATURAVENA<\/strong><\/p>\n<p><strong>Babcianki to smaczne i lekkie wafelki<\/strong>, kt\u00f3re s\u0105 wypiekane na suchej p\u0142ycie bez konieczno\u015bci u\u017cywania du\u017cej ilo\u015bci t\u0142uszczu. Dzi\u0119ki temu s\u0105 one bardziej zdrow\u0105 alternatyw\u0105 dla innych przek\u0105sek. Ich wafelkowa struktura sprawia, \u017ce s\u0105 one chrupi\u0105ce i delikatne.<\/p>\n<p>Co wa\u017cne, babcianki nie zawieraj\u0105 dodatku cukru, ale naturalnie wyst\u0119puj\u0105ce w nich cukry pochodz\u0105 ze sk\u0142adnik\u00f3w u\u017cytych do ich produkcji. To oznacza, \u017ce s\u0105 one nieco s\u0142odkie, ale nie przesadnie. Dzi\u0119ki temu mo\u017cna je je\u015b\u0107 bez obaw o nadmiar cukru w diecie.<\/p>\n<p>Te przek\u0105ski s\u0105 r\u00f3wnie\u017c w kszta\u0142cie okr\u0105g\u0142ych ciasteczek, co sprawia, \u017ce s\u0105 one nie tylko smaczne, ale r\u00f3wnie\u017c estetyczne. Mog\u0105 by\u0107 idealnym dodatkiem do herbaty lub kawy, ale r\u00f3wnie\u017c mog\u0105 by\u0107 spo\u017cywane samodzielnie jako przek\u0105ska pomi\u0119dzy posi\u0142kami.<\/p>\n<p><strong>Babcianki to z pewno\u015bci\u0105 \u015bwietna opcja dla os\u00f3b szukaj\u0105cych lekkich, smacznych i zdrowszych przek\u0105sek.<\/strong><\/p>\n<p><strong>Sk\u0142adniki<\/strong><\/p>\n<p>m\u0105ka owsiana (50 %), m\u0105ka pszenna, olej rzepakowy, mleko w proszku pe\u0142ne, s\u00f3l.<\/p>\n<p><strong>WARTO\u015a\u0106 OD\u017bYWCZA W 100 g<\/strong><br \/>\n<strong>Warto\u015b\u0107 energetyczna 1750 kJ\/416 kcal<\/strong><br \/>\n<strong>T\u0142uszcz<\/strong> 11,9 g<br \/>\n<strong>w tym kwasy t\u0142uszczowe nasycone<\/strong> 1,3 g<br \/>\n<strong>W\u0119glowodany<\/strong> 67,9 g<br \/>\n<strong>w tym cukry<\/strong> 3,9 g<br \/>\n<strong>B\u0142onnik<\/strong> 8,8 g<br \/>\n<strong>Bia\u0142ko<\/strong> 13,6 g<br \/>\n<strong>S\u00f3l<\/strong> 2,2 g<\/p>\n<p><strong>ZALECANE WARUNKI PRZECHOWYWANIA<\/strong><br \/>\nPrzechowywa\u0107 w suchym i ch\u0142odnym miejscu.<\/p>\n<p>&nbsp;<\/p>","protected":false},"excerpt":{"rendered":"<p>Opis Produktu Babcianki Owsiane Bez Dodatku Cukr\u00f3w 100 G &#8211; NATURAVENA Babcianki to smaczne i lekkie wafelki, kt\u00f3re s\u0105 wypiekane na suchej p\u0142ycie bez konieczno\u015bci u\u017cywania du\u017cej ilo\u015bci t\u0142uszczu. Dzi\u0119ki temu s\u0105 one bardziej zdrow\u0105 alternatyw\u0105 dla innych przek\u0105sek. Ich wafelkowa struktura sprawia, \u017ce s\u0105 one chrupi\u0105ce i delikatne. Co wa\u017cne, babcianki nie zawieraj\u0105 dodatku [&hellip;]<\/p>","protected":false},"featured_media":642,"template":"","meta":{"site-sidebar-layout":"default","site-content-layout":"","ast-site-content-layout":"default","site-content-style":"default","site-sidebar-style":"default","ast-global-header-display":"","ast-banner-title-visibility":"","ast-main-header-display":"","ast-hfb-above-header-display":"","ast-hfb-below-header-display":"","ast-hfb-mobile-header-display":"","site-post-title":"","ast-breadcrumbs-content":"","ast-featured-img":"","footer-sml-layout":"","theme-transparent-header-meta":"default","adv-header-id-meta":"","stick-header-meta":"","header-above-stick-meta":"","header-main-stick-meta":"","header-below-stick-meta":"","astra-migrate-meta-layouts":"set","ast-page-background-enabled":"default","ast-page-background-meta":{"desktop":{"background-color":"var(--ast-global-color-4)","background-image":"","background-repeat":"repeat","background-position":"center center","background-size":"auto","background-attachment":"scroll","background-type":"","background-media":"","overlay-type":"","overlay-color":"","overlay-opacity":"","overlay-gradient":""},"tablet":{"background-color":"","background-image":"","background-repeat":"repeat","background-position":"center center","background-size":"auto","background-attachment":"scroll","background-type":"","background-media":"","overlay-type":"","overlay-color":"","overlay-opacity":"","overlay-gradient":""},"mobile":{"background-color":"","background-image":"","background-repeat":"repeat","background-position":"center center","background-size":"auto","background-attachment":"scroll","background-type":"","background-media":"","overlay-type":"","overlay-color":"","overlay-opacity":"","overlay-gradient":""}},"ast-content-background-meta":{"desktop":{"background-color":"var(--ast-global-color-5)","background-image":"","background-repeat":"repeat","background-position":"center center","background-size":"auto","background-attachment":"scroll","background-type":"","background-media":"","overlay-type":"","overlay-color":"","overlay-opacity":"","overlay-gradient":""},"tablet":{"background-color":"var(--ast-global-color-5)","background-image":"","background-repeat":"repeat","background-position":"center center","background-size":"auto","background-attachment":"scroll","background-type":"","background-media":"","overlay-type":"","overlay-color":"","overlay-opacity":"","overlay-gradient":""},"mobile":{"background-color":"var(--ast-global-color-5)","background-image":"","background-repeat":"repeat","background-position":"center center","background-size":"auto","background-attachment":"scroll","background-type":"","background-media":"","overlay-type":"","overlay-color":"","overlay-opacity":"","overlay-gradient":""}}},"product_cat":[25,24],"product_tag":[],"class_list":{"0":"post-588","1":"product","2":"type-product","3":"status-publish","4":"has-post-thumbnail","6":"product_cat-slodkie","7":"product_cat-przekaski","8":"desktop-align-center","9":"tablet-align-left","10":"mobile-align-left","12":"first","13":"onbackorder","14":"purchasable","15":"product-type-simple"},"_links":{"self":[{"href":"https:\/\/los-odpowiedzialni-spolecznie.pl\/en\/wp-json\/wp\/v2\/product\/588","targetHints":{"allow":["GET"]}}],"collection":[{"href":"https:\/\/los-odpowiedzialni-spolecznie.pl\/en\/wp-json\/wp\/v2\/product"}],"about":[{"href":"https:\/\/los-odpowiedzialni-spolecznie.pl\/en\/wp-json\/wp\/v2\/types\/product"}],"wp:featuredmedia":[{"embeddable":true,"href":"https:\/\/los-odpowiedzialni-spolecznie.pl\/en\/wp-json\/wp\/v2\/media\/642"}],"wp:attachment":[{"href":"https:\/\/los-odpowiedzialni-spolecznie.pl\/en\/wp-json\/wp\/v2\/media?parent=588"}],"wp:term":[{"taxonomy":"product_cat","embeddable":true,"href":"https:\/\/los-odpowiedzialni-spolecznie.pl\/en\/wp-json\/wp\/v2\/product_cat?post=588"},{"taxonomy":"product_tag","embeddable":true,"href":"https:\/\/los-odpowiedzialni-spolecznie.pl\/en\/wp-json\/wp\/v2\/product_tag?post=588"}],"curies":[{"name":"wp","href":"https:\/\/api.w.org\/{rel}","templated":true}]}}