{"id":587,"date":"2024-12-23T15:47:10","date_gmt":"2024-12-23T14:47:10","guid":{"rendered":"https:\/\/los-odpowiedzialni-spolecznie.pl\/?post_type=product&#038;p=587"},"modified":"2024-12-23T15:49:37","modified_gmt":"2024-12-23T14:49:37","slug":"babcianki-z-cynamonem-100-g-naturavena","status":"publish","type":"product","link":"https:\/\/los-odpowiedzialni-spolecznie.pl\/en\/sklep\/produkty-spozywcze\/przekaski\/slodkie\/babcianki-z-cynamonem-100-g-naturavena\/","title":{"rendered":"BABCIANKI Z CYNAMONEM 100 g &#8211; NATURAVENA"},"content":{"rendered":"<h3>Opis Produktu<\/h3>\n<p><strong>Babcianki z cynamonem 100g- NATURAVENA<\/strong><\/p>\n<p><strong>NaturaVena Babcianki z cynamonem<\/strong> s\u0105 nie tylko pysznym, ale tak\u017ce zdrowym przysmakiem. Zrezygnowanie z dodatku t\u0142uszczu oraz sztucznych substancji sprawia, \u017ce wafelki s\u0105 lekkie i idealne jako alternatywna przek\u0105ska.<\/p>\n<p>Dodatkowo, m\u0105ka pszeniczna wzbogacona p\u0142atkami i otr\u0119bami owsianymi dostarcza organizmowi cennego b\u0142onnika, kt\u00f3ry jest niezb\u0119dny dla prawid\u0142owego funkcjonowania uk\u0142adu trawiennego. Dlatego Babcianki mog\u0105 by\u0107 \u015bwietnym sposobem na urozmaicenie diety i zaspokojenie potrzeby podjadania czego\u015b s\u0142odkiego, bez wyrzut\u00f3w sumienia.<\/p>\n<p>Aromatyczny cynamon nadaje wafelkom wyj\u0105tkowy smak, co sprawia, \u017ce s\u0105 one jeszcze bardziej apetyczne. Dzi\u0119ki temu mo\u017cemy cieszy\u0107 si\u0119 pysznymi i zdrowymi przek\u0105skami, bez obaw o dodatkowe kalorie i szkodliwe sk\u0142adniki.<\/p>\n<p><strong>NaturaVena Babcianki z cynamonem to doskona\u0142y wyb\u00f3r<\/strong> dla os\u00f3b, kt\u00f3re ceni\u0105 naturalny smak i dbaj\u0105 o swoje zdrowie. Mo\u017cna je zabra\u0107 ze sob\u0105 do pracy, szko\u0142y lub na wycieczk\u0119, by mie\u0107 zawsze pod r\u0119k\u0105 zdrow\u0105 i syc\u0105c\u0105 przek\u0105sk\u0119.<\/p>\n<p>Cieszmy si\u0119 smakiem i warto\u015bciami od\u017cywczymi, jakie dostarczaj\u0105 nam NaturaVena Babcianki z cynamonem, odkrywaj\u0105c, \u017ce zdrowa przek\u0105ska mo\u017ce by\u0107 r\u00f3wnie smaczna, jak tradycyjne ciasteczka.<\/p>\n<p><strong>SK\u0141ADNIKI<\/strong><br class=\"def\" \/>m\u0105ka pszenna (72%), p\u0142atki OWSIANE (11,5%), otr\u0119by OWSIANE (5,8%), cukier, olej rzepakowy, cynamon (2,9%), s\u00f3l<\/p>\n<p><strong>WARTO\u015a\u0106 OD\u017bYWCZA W 100 g<\/strong><br class=\"def\" \/><strong>Warto\u015b\u0107 energetyczna 1519 kJ\/363 kcal<\/strong><br class=\"def\" \/><strong>T\u0142uszcz<\/strong> 5,6 g<br class=\"def\" \/><strong>w tym kwasy t\u0142uszczowe nasycone<\/strong> 0,7 g<br class=\"def\" \/><strong>W\u0119glowodany<\/strong> 69 g<br class=\"def\" \/><strong>w tym cukry<\/strong> 3,8 g<br class=\"def\" \/><strong>B\u0142onnik<\/strong> 3 g<br class=\"def\" \/><strong>Bia\u0142ko<\/strong> 9,4 g<br class=\"def\" \/><strong>S\u00f3l<\/strong> 0,6 g<br class=\"def\" \/><br class=\"def\" \/><strong>INFORMACJA ALERGENNA<\/strong><br class=\"def\" \/>gluten, sezam, mleko<br class=\"def\" \/><br class=\"def\" \/><strong>ZALECANE WARUNKI PRZECHOWYWANIA<\/strong><br class=\"def\" \/>W suchym i ch\u0142odnym miejscu.<br class=\"def\" \/><strong>Chronic przed dzia\u0142aniem promieni s\u0142onecznych<\/strong><\/p>","protected":false},"excerpt":{"rendered":"<p>Opis Produktu Babcianki z cynamonem 100g- NATURAVENA NaturaVena Babcianki z cynamonem s\u0105 nie tylko pysznym, ale tak\u017ce zdrowym przysmakiem. Zrezygnowanie z dodatku t\u0142uszczu oraz sztucznych substancji sprawia, \u017ce wafelki s\u0105 lekkie i idealne jako alternatywna przek\u0105ska. Dodatkowo, m\u0105ka pszeniczna wzbogacona p\u0142atkami i otr\u0119bami owsianymi dostarcza organizmowi cennego b\u0142onnika, kt\u00f3ry jest niezb\u0119dny dla prawid\u0142owego funkcjonowania uk\u0142adu [&hellip;]<\/p>","protected":false},"featured_media":641,"template":"","meta":{"site-sidebar-layout":"default","site-content-layout":"","ast-site-content-layout":"default","site-content-style":"default","site-sidebar-style":"default","ast-global-header-display":"","ast-banner-title-visibility":"","ast-main-header-display":"","ast-hfb-above-header-display":"","ast-hfb-below-header-display":"","ast-hfb-mobile-header-display":"","site-post-title":"","ast-breadcrumbs-content":"","ast-featured-img":"","footer-sml-layout":"","theme-transparent-header-meta":"default","adv-header-id-meta":"","stick-header-meta":"","header-above-stick-meta":"","header-main-stick-meta":"","header-below-stick-meta":"","astra-migrate-meta-layouts":"set","ast-page-background-enabled":"default","ast-page-background-meta":{"desktop":{"background-color":"var(--ast-global-color-4)","background-image":"","background-repeat":"repeat","background-position":"center center","background-size":"auto","background-attachment":"scroll","background-type":"","background-media":"","overlay-type":"","overlay-color":"","overlay-opacity":"","overlay-gradient":""},"tablet":{"background-color":"","background-image":"","background-repeat":"repeat","background-position":"center center","background-size":"auto","background-attachment":"scroll","background-type":"","background-media":"","overlay-type":"","overlay-color":"","overlay-opacity":"","overlay-gradient":""},"mobile":{"background-color":"","background-image":"","background-repeat":"repeat","background-position":"center center","background-size":"auto","background-attachment":"scroll","background-type":"","background-media":"","overlay-type":"","overlay-color":"","overlay-opacity":"","overlay-gradient":""}},"ast-content-background-meta":{"desktop":{"background-color":"var(--ast-global-color-5)","background-image":"","background-repeat":"repeat","background-position":"center center","background-size":"auto","background-attachment":"scroll","background-type":"","background-media":"","overlay-type":"","overlay-color":"","overlay-opacity":"","overlay-gradient":""},"tablet":{"background-color":"var(--ast-global-color-5)","background-image":"","background-repeat":"repeat","background-position":"center center","background-size":"auto","background-attachment":"scroll","background-type":"","background-media":"","overlay-type":"","overlay-color":"","overlay-opacity":"","overlay-gradient":""},"mobile":{"background-color":"var(--ast-global-color-5)","background-image":"","background-repeat":"repeat","background-position":"center center","background-size":"auto","background-attachment":"scroll","background-type":"","background-media":"","overlay-type":"","overlay-color":"","overlay-opacity":"","overlay-gradient":""}}},"product_cat":[25,24],"product_tag":[],"class_list":{"0":"post-587","1":"product","2":"type-product","3":"status-publish","4":"has-post-thumbnail","6":"product_cat-slodkie","7":"product_cat-przekaski","8":"desktop-align-center","9":"tablet-align-left","10":"mobile-align-left","12":"first","13":"onbackorder","14":"purchasable","15":"product-type-simple"},"_links":{"self":[{"href":"https:\/\/los-odpowiedzialni-spolecznie.pl\/en\/wp-json\/wp\/v2\/product\/587","targetHints":{"allow":["GET"]}}],"collection":[{"href":"https:\/\/los-odpowiedzialni-spolecznie.pl\/en\/wp-json\/wp\/v2\/product"}],"about":[{"href":"https:\/\/los-odpowiedzialni-spolecznie.pl\/en\/wp-json\/wp\/v2\/types\/product"}],"wp:featuredmedia":[{"embeddable":true,"href":"https:\/\/los-odpowiedzialni-spolecznie.pl\/en\/wp-json\/wp\/v2\/media\/641"}],"wp:attachment":[{"href":"https:\/\/los-odpowiedzialni-spolecznie.pl\/en\/wp-json\/wp\/v2\/media?parent=587"}],"wp:term":[{"taxonomy":"product_cat","embeddable":true,"href":"https:\/\/los-odpowiedzialni-spolecznie.pl\/en\/wp-json\/wp\/v2\/product_cat?post=587"},{"taxonomy":"product_tag","embeddable":true,"href":"https:\/\/los-odpowiedzialni-spolecznie.pl\/en\/wp-json\/wp\/v2\/product_tag?post=587"}],"curies":[{"name":"wp","href":"https:\/\/api.w.org\/{rel}","templated":true}]}}