{"id":586,"date":"2024-12-23T15:47:09","date_gmt":"2024-12-23T14:47:09","guid":{"rendered":"https:\/\/los-odpowiedzialni-spolecznie.pl\/?post_type=product&#038;p=586"},"modified":"2024-12-23T15:49:32","modified_gmt":"2024-12-23T14:49:32","slug":"naturavena-babcianki-klasyczne-wafelki-klasyczne-100-g","status":"publish","type":"product","link":"https:\/\/los-odpowiedzialni-spolecznie.pl\/en\/sklep\/produkty-spozywcze\/przekaski\/slodkie\/naturavena-babcianki-klasyczne-wafelki-klasyczne-100-g\/","title":{"rendered":"NaturaVena &#8211; Babcianki Klasyczne, wafelki klasyczne, 100 g"},"content":{"rendered":"<h3>Opis Produktu<\/h3>\n<p><strong>NaturaVena &#8211; Babcianki Klasyczne, wafelki klasyczne, 100 g<\/strong><\/p>\n<div class=\"messageName\"><\/div>\n<div>\n<div data-raw-text=\"Mog\u0105 by\u0107 podawane jako dodatek do herbaty lub kawy, a tak\u017ce jako s\u0142odka przek\u0105ska na ka\u017cd\u0105 okazj\u0119. Babcianki s\u0105 lekkie i delikatne, co sprawia, \u017ce doskonale rozp\u0142ywaj\u0105 si\u0119 w ustach. Ich smak jest wyj\u0105tkowy - lekko waniliowy, aksamitny i niezwykle apetyczny. Idealnie nadaj\u0105 si\u0119 tak\u017ce jako podk\u0142adka pod lody lub inne desery. Babcianki to prawdziwa klasyka w\u015br\u00f3d wypiek\u00f3w i z pewno\u015bci\u0105 przypadn\u0105 do gustu zar\u00f3wno m\u0142odym, jak i starszym smakoszom.\">\n<div class=\"markdown\"><strong>\u00a0Babcianki s\u0105 lekkie i delikatne<\/strong>, co sprawia, \u017ce doskonale rozp\u0142ywaj\u0105 si\u0119 w ustach. Ich smak jest wyj\u0105tkowy &#8211; lekko waniliowy, aksamitny i niezwykle apetyczny. Idealnie nadaj\u0105 si\u0119 tak\u017ce jako podk\u0142adka pod lody lub inne desery. Babcianki to prawdziwa klasyka w\u015br\u00f3d wypiek\u00f3w i z pewno\u015bci\u0105 przypadn\u0105 do gustu zar\u00f3wno m\u0142odym, jak i starszym smakoszom.<\/div>\n<div><strong>SK\u0141ADNIKI<\/strong><br class=\"def\" \/>m\u0105ka pszenna 90%, cukier, olej rzepakowy, aromat ma\u015blany 0,3%<\/div>\n<div><\/div>\n<div><strong>WARTO\u015a\u0106 OD\u017bYWCZA W 100 g<\/strong><br class=\"def\" \/><strong>Warto\u015b\u0107 energetyczna 1512KJ\/362KCAL<\/strong><br class=\"def\" \/><strong>T\u0142uszcz<\/strong> 3,3<br class=\"def\" \/><strong>w tym kwasy t\u0142uszczowe nasycone<\/strong> 1,7<br class=\"def\" \/><strong>W\u0119glowodany<\/strong> 73,9<br class=\"def\" \/><strong>w tym cukry<\/strong> 7,4<br class=\"def\" \/><strong>B\u0142onnik<\/strong> 2,1<br class=\"def\" \/><strong>Bia\u0142ko<\/strong> 9,1<br class=\"def\" \/><strong>S\u00f3l<\/strong> 0,05<br class=\"def\" \/><br class=\"def\" \/><strong>ZALECANE WARUNKI PRZECHOWYWANIA<\/strong><br class=\"def\" \/>W suchym i ch\u0142odnym miejscu.<\/div>\n<\/div>\n<\/div>","protected":false},"excerpt":{"rendered":"<p>Opis Produktu NaturaVena &#8211; Babcianki Klasyczne, wafelki klasyczne, 100 g \u00a0Babcianki s\u0105 lekkie i delikatne, co sprawia, \u017ce doskonale rozp\u0142ywaj\u0105 si\u0119 w ustach. Ich smak jest wyj\u0105tkowy &#8211; lekko waniliowy, aksamitny i niezwykle apetyczny. Idealnie nadaj\u0105 si\u0119 tak\u017ce jako podk\u0142adka pod lody lub inne desery. Babcianki to prawdziwa klasyka w\u015br\u00f3d wypiek\u00f3w i z pewno\u015bci\u0105 przypadn\u0105 [&hellip;]<\/p>","protected":false},"featured_media":638,"template":"","meta":{"site-sidebar-layout":"default","site-content-layout":"","ast-site-content-layout":"default","site-content-style":"default","site-sidebar-style":"default","ast-global-header-display":"","ast-banner-title-visibility":"","ast-main-header-display":"","ast-hfb-above-header-display":"","ast-hfb-below-header-display":"","ast-hfb-mobile-header-display":"","site-post-title":"","ast-breadcrumbs-content":"","ast-featured-img":"","footer-sml-layout":"","theme-transparent-header-meta":"default","adv-header-id-meta":"","stick-header-meta":"","header-above-stick-meta":"","header-main-stick-meta":"","header-below-stick-meta":"","astra-migrate-meta-layouts":"set","ast-page-background-enabled":"default","ast-page-background-meta":{"desktop":{"background-color":"var(--ast-global-color-4)","background-image":"","background-repeat":"repeat","background-position":"center center","background-size":"auto","background-attachment":"scroll","background-type":"","background-media":"","overlay-type":"","overlay-color":"","overlay-opacity":"","overlay-gradient":""},"tablet":{"background-color":"","background-image":"","background-repeat":"repeat","background-position":"center center","background-size":"auto","background-attachment":"scroll","background-type":"","background-media":"","overlay-type":"","overlay-color":"","overlay-opacity":"","overlay-gradient":""},"mobile":{"background-color":"","background-image":"","background-repeat":"repeat","background-position":"center center","background-size":"auto","background-attachment":"scroll","background-type":"","background-media":"","overlay-type":"","overlay-color":"","overlay-opacity":"","overlay-gradient":""}},"ast-content-background-meta":{"desktop":{"background-color":"var(--ast-global-color-5)","background-image":"","background-repeat":"repeat","background-position":"center center","background-size":"auto","background-attachment":"scroll","background-type":"","background-media":"","overlay-type":"","overlay-color":"","overlay-opacity":"","overlay-gradient":""},"tablet":{"background-color":"var(--ast-global-color-5)","background-image":"","background-repeat":"repeat","background-position":"center center","background-size":"auto","background-attachment":"scroll","background-type":"","background-media":"","overlay-type":"","overlay-color":"","overlay-opacity":"","overlay-gradient":""},"mobile":{"background-color":"var(--ast-global-color-5)","background-image":"","background-repeat":"repeat","background-position":"center center","background-size":"auto","background-attachment":"scroll","background-type":"","background-media":"","overlay-type":"","overlay-color":"","overlay-opacity":"","overlay-gradient":""}}},"product_cat":[25,24],"product_tag":[],"class_list":{"0":"post-586","1":"product","2":"type-product","3":"status-publish","4":"has-post-thumbnail","6":"product_cat-slodkie","7":"product_cat-przekaski","8":"desktop-align-center","9":"tablet-align-left","10":"mobile-align-left","12":"first","13":"instock","14":"purchasable","15":"product-type-simple"},"_links":{"self":[{"href":"https:\/\/los-odpowiedzialni-spolecznie.pl\/en\/wp-json\/wp\/v2\/product\/586","targetHints":{"allow":["GET"]}}],"collection":[{"href":"https:\/\/los-odpowiedzialni-spolecznie.pl\/en\/wp-json\/wp\/v2\/product"}],"about":[{"href":"https:\/\/los-odpowiedzialni-spolecznie.pl\/en\/wp-json\/wp\/v2\/types\/product"}],"wp:featuredmedia":[{"embeddable":true,"href":"https:\/\/los-odpowiedzialni-spolecznie.pl\/en\/wp-json\/wp\/v2\/media\/638"}],"wp:attachment":[{"href":"https:\/\/los-odpowiedzialni-spolecznie.pl\/en\/wp-json\/wp\/v2\/media?parent=586"}],"wp:term":[{"taxonomy":"product_cat","embeddable":true,"href":"https:\/\/los-odpowiedzialni-spolecznie.pl\/en\/wp-json\/wp\/v2\/product_cat?post=586"},{"taxonomy":"product_tag","embeddable":true,"href":"https:\/\/los-odpowiedzialni-spolecznie.pl\/en\/wp-json\/wp\/v2\/product_tag?post=586"}],"curies":[{"name":"wp","href":"https:\/\/api.w.org\/{rel}","templated":true}]}}