{"id":578,"date":"2024-12-23T15:46:46","date_gmt":"2024-12-23T14:46:46","guid":{"rendered":"https:\/\/los-odpowiedzialni-spolecznie.pl\/?post_type=product&#038;p=578"},"modified":"2024-12-23T15:49:00","modified_gmt":"2024-12-23T14:49:00","slug":"prazone-migdaly-z-ksylitolem-i-cynamonem-100-g","status":"publish","type":"product","link":"https:\/\/los-odpowiedzialni-spolecznie.pl\/en\/sklep\/produkty-spozywcze\/przekaski\/slodkie\/prazone-migdaly-z-ksylitolem-i-cynamonem-100-g\/","title":{"rendered":"Pra\u017cone migda\u0142y z ksylitolem i cynamonem 100 g"},"content":{"rendered":"<h3>Opis Produktu<\/h3>\n<p class=\"name\"><strong>Pra\u017cone migda\u0142y z ksylitolem i cynamonem 100 g<\/strong><\/p>\n<p>&nbsp;<\/p>\n<p><strong>Pra\u017cone migda\u0142y s\u0142odzone ksylitolem z cynamonem PI\u0118\u0106 PRZEMIAN<\/strong><\/p>\n<p>&nbsp;<\/p>\n<p><strong>Sk\u0142adniki<\/strong>:\u00a0<strong>migda\u0142y<\/strong>\u00a087%, ksylitol (substancja s\u0142odz\u0105ca) 10% (Finlandia), cynamon 1,8% (Cejlon), s\u00f3l k\u0142odawska, kardamon, naturalny aromat pomara\u0144czowy.<\/p>\n<p>Migda\u0142y zosta\u0142y upra\u017cone z zachowaniem zasad Kuchni Pi\u0119ciu Przemian.<\/p>\n<p>Produkt bezglutenowy.<\/p>\n<p>Produkt zawiera alergeny:\u00a0<strong>orzechy.<\/strong><\/p>\n<p>Przechowywa\u0107 w suchym i ch\u0142odnym miejscu.<\/p>\n<p>&nbsp;<\/p>\n<p><strong>Warto\u015bci od\u017cywcze w 100 g produktu:<\/strong><\/p>\n<p><strong>Warto\u015b\u0107 energetyczna: 2377 kJ \/ 568 kcal<\/strong><\/p>\n<p><strong>T\u0142uszcz:<\/strong> 45 g<\/p>\n<p><strong>w tym kwasy t\u0142uszczowe nasycone:<\/strong> 4,1 g<\/p>\n<p><strong>W\u0119glowodany<\/strong>: 17 g<\/p>\n<p><strong>w tym cukry:<\/strong>\u00a03,7 g<\/p>\n<p><strong>w tym alkohole wielowodorotlenowe:<\/strong> 10 g<\/p>\n<p><strong>B\u0142onnik:<\/strong> 11 g<\/p>\n<p><strong>Bia\u0142ko:<\/strong> 17 g<\/p>\n<p><strong>S\u00f3l:<\/strong> 0,5 g<\/p>\n<p>&nbsp;<\/p>\n<p><strong>Masa netto:<\/strong> 100 g<\/p>","protected":false},"excerpt":{"rendered":"<p>Opis Produktu Pra\u017cone migda\u0142y z ksylitolem i cynamonem 100 g &nbsp; Pra\u017cone migda\u0142y s\u0142odzone ksylitolem z cynamonem PI\u0118\u0106 PRZEMIAN &nbsp; Sk\u0142adniki:\u00a0migda\u0142y\u00a087%, ksylitol (substancja s\u0142odz\u0105ca) 10% (Finlandia), cynamon 1,8% (Cejlon), s\u00f3l k\u0142odawska, kardamon, naturalny aromat pomara\u0144czowy. Migda\u0142y zosta\u0142y upra\u017cone z zachowaniem zasad Kuchni Pi\u0119ciu Przemian. Produkt bezglutenowy. Produkt zawiera alergeny:\u00a0orzechy. Przechowywa\u0107 w suchym i ch\u0142odnym miejscu. [&hellip;]<\/p>","protected":false},"featured_media":629,"template":"","meta":{"site-sidebar-layout":"default","site-content-layout":"","ast-site-content-layout":"default","site-content-style":"default","site-sidebar-style":"default","ast-global-header-display":"","ast-banner-title-visibility":"","ast-main-header-display":"","ast-hfb-above-header-display":"","ast-hfb-below-header-display":"","ast-hfb-mobile-header-display":"","site-post-title":"","ast-breadcrumbs-content":"","ast-featured-img":"","footer-sml-layout":"","theme-transparent-header-meta":"default","adv-header-id-meta":"","stick-header-meta":"","header-above-stick-meta":"","header-main-stick-meta":"","header-below-stick-meta":"","astra-migrate-meta-layouts":"set","ast-page-background-enabled":"default","ast-page-background-meta":{"desktop":{"background-color":"var(--ast-global-color-4)","background-image":"","background-repeat":"repeat","background-position":"center center","background-size":"auto","background-attachment":"scroll","background-type":"","background-media":"","overlay-type":"","overlay-color":"","overlay-opacity":"","overlay-gradient":""},"tablet":{"background-color":"","background-image":"","background-repeat":"repeat","background-position":"center center","background-size":"auto","background-attachment":"scroll","background-type":"","background-media":"","overlay-type":"","overlay-color":"","overlay-opacity":"","overlay-gradient":""},"mobile":{"background-color":"","background-image":"","background-repeat":"repeat","background-position":"center center","background-size":"auto","background-attachment":"scroll","background-type":"","background-media":"","overlay-type":"","overlay-color":"","overlay-opacity":"","overlay-gradient":""}},"ast-content-background-meta":{"desktop":{"background-color":"var(--ast-global-color-5)","background-image":"","background-repeat":"repeat","background-position":"center center","background-size":"auto","background-attachment":"scroll","background-type":"","background-media":"","overlay-type":"","overlay-color":"","overlay-opacity":"","overlay-gradient":""},"tablet":{"background-color":"var(--ast-global-color-5)","background-image":"","background-repeat":"repeat","background-position":"center center","background-size":"auto","background-attachment":"scroll","background-type":"","background-media":"","overlay-type":"","overlay-color":"","overlay-opacity":"","overlay-gradient":""},"mobile":{"background-color":"var(--ast-global-color-5)","background-image":"","background-repeat":"repeat","background-position":"center center","background-size":"auto","background-attachment":"scroll","background-type":"","background-media":"","overlay-type":"","overlay-color":"","overlay-opacity":"","overlay-gradient":""}}},"product_cat":[78,25,24],"product_tag":[],"class_list":{"0":"post-578","1":"product","2":"type-product","3":"status-publish","4":"has-post-thumbnail","6":"product_cat-bakalie","7":"product_cat-slodkie","8":"product_cat-przekaski","9":"desktop-align-center","10":"tablet-align-left","11":"mobile-align-left","13":"first","14":"instock","15":"purchasable","16":"product-type-simple"},"_links":{"self":[{"href":"https:\/\/los-odpowiedzialni-spolecznie.pl\/en\/wp-json\/wp\/v2\/product\/578","targetHints":{"allow":["GET"]}}],"collection":[{"href":"https:\/\/los-odpowiedzialni-spolecznie.pl\/en\/wp-json\/wp\/v2\/product"}],"about":[{"href":"https:\/\/los-odpowiedzialni-spolecznie.pl\/en\/wp-json\/wp\/v2\/types\/product"}],"wp:featuredmedia":[{"embeddable":true,"href":"https:\/\/los-odpowiedzialni-spolecznie.pl\/en\/wp-json\/wp\/v2\/media\/629"}],"wp:attachment":[{"href":"https:\/\/los-odpowiedzialni-spolecznie.pl\/en\/wp-json\/wp\/v2\/media?parent=578"}],"wp:term":[{"taxonomy":"product_cat","embeddable":true,"href":"https:\/\/los-odpowiedzialni-spolecznie.pl\/en\/wp-json\/wp\/v2\/product_cat?post=578"},{"taxonomy":"product_tag","embeddable":true,"href":"https:\/\/los-odpowiedzialni-spolecznie.pl\/en\/wp-json\/wp\/v2\/product_tag?post=578"}],"curies":[{"name":"wp","href":"https:\/\/api.w.org\/{rel}","templated":true}]}}