{"id":566,"date":"2024-12-23T15:46:25","date_gmt":"2024-12-23T14:46:25","guid":{"rendered":"https:\/\/los-odpowiedzialni-spolecznie.pl\/?post_type=product&#038;p=566"},"modified":"2024-12-23T15:48:31","modified_gmt":"2024-12-23T14:48:31","slug":"sezamki-z-miodem-bio-25-g-croc-crac-bioveri","status":"publish","type":"product","link":"https:\/\/los-odpowiedzialni-spolecznie.pl\/en\/sklep\/produkty-spozywcze\/przekaski\/slodkie\/sezamki-z-miodem-bio-25-g-croc-crac-bioveri\/","title":{"rendered":"SEZAMKI Z MIODEM BIO 25 g &#8211; CROC-CRAC (BIOVERI)"},"content":{"rendered":"<h3>Opis Produktu<\/h3>\n<p><strong>SEZAMKI Z MIODEM BIO 25 g &#8211; CROC-CRAC (BIOVERI)<\/strong><\/p>\n<div class=\"messageName\"><\/div>\n<div>\n<div data-raw-text=\"Ekologiczne SEZAMki to doskona\u0142a opcja jako smaczna przek\u0105ska w czasie podr\u00f3\u017cy lub podczas intensywnego wysi\u0142ku. Wy\u0142\u0105cznie z ekologicznych sk\u0142adnik\u00f3w, SEZAMki s\u0105 nie tylko pyszne, ale r\u00f3wnie\u017c zdrowe. Sezam jest bogatym \u017ar\u00f3d\u0142em sk\u0142adnik\u00f3w od\u017cywczych, takich jak bia\u0142ko, b\u0142onnik, witaminy i minera\u0142y. Jest tak\u017ce cennym \u017ar\u00f3d\u0142em kwas\u00f3w t\u0142uszczowych o dzia\u0142aniu przeciwzapalnym i przeciwutleniaj\u0105cym. Dlatego te\u017c SEZAMki s\u0105 doskona\u0142ym \u017ar\u00f3d\u0142em energii, kt\u00f3rej organizm potrzebuje podczas podr\u00f3\u017cy lub intensywnego wysi\u0142ku. Co wa\u017cne, SEZAMki s\u0105 wytwarzane wy\u0142\u0105cznie z ekologicznych sk\u0142adnik\u00f3w. Oznacza to, \u017ce nasiono sezamu pochodzi z upraw ekologicznych, gdzie nie stosuje si\u0119 chemikali\u00f3w i sztucznych nawoz\u00f3w. Dzi\u0119ki temu mo\u017cna cieszy\u0107 si\u0119 smakiem przek\u0105ski, kt\u00f3ra nie zawiera substancji chemicznych i sztucznych dodatk\u00f3w. Je\u015bli szukasz smacznej i zdrowej przek\u0105ski, SEZAMki z pewno\u015bci\u0105 spe\u0142ni\u0105 Twoje oczekiwania. Dodatkowo, dzi\u0119ki swojej por\u0119cznej formie, s\u0105 idealne do zabrania w podr\u00f3\u017c lub na si\u0142owni\u0119. Wystarczy zapakowa\u0107 je do s\u0142oiczka lub torebki, aby mie\u0107 przy sobie energetyczn\u0105 przek\u0105sk\u0119 w ka\u017cdej chwili. Pami\u0119taj, \u017ce dbaj\u0105c o w\u0142asne zdrowie i kondycj\u0119, warto wybiera\u0107 produkty ekologiczne. SEZAMki to doskona\u0142y przyk\u0142ad przek\u0105ski, kt\u00f3ra \u0142\u0105czy smak, zdrowe sk\u0142adniki i trosk\u0119 o \u015brodowisko naturalne.\">\n<div class=\"markdown\">\n<p><strong>Ekologiczne SEZAMki<\/strong> to doskona\u0142a opcja jako smaczna przek\u0105ska w czasie podr\u00f3\u017cy lub podczas intensywnego wysi\u0142ku. Wy\u0142\u0105cznie z ekologicznych sk\u0142adnik\u00f3w, sezamki s\u0105 nie tylko pyszne, ale r\u00f3wnie\u017c zdrowe.Sezam jest bogatym \u017ar\u00f3d\u0142em sk\u0142adnik\u00f3w od\u017cywczych, takich jak bia\u0142ko, b\u0142onnik, witaminy i minera\u0142y. Jest tak\u017ce cennym \u017ar\u00f3d\u0142em kwas\u00f3w t\u0142uszczowych o dzia\u0142aniu przeciwzapalnym i przeciwutleniaj\u0105cym. Dlatego te\u017c sezamki s\u0105 doskona\u0142ym \u017ar\u00f3d\u0142em energii, kt\u00f3rej organizm potrzebuje podczas podr\u00f3\u017cy lub intensywnego wysi\u0142ku.<\/p>\n<p>Co wa\u017cne, sezamki s\u0105 wytwarzane wy\u0142\u0105cznie z ekologicznych sk\u0142adnik\u00f3w. Oznacza to, \u017ce nasiono sezamu pochodzi z upraw ekologicznych, gdzie nie stosuje si\u0119 chemikali\u00f3w i sztucznych nawoz\u00f3w. Dzi\u0119ki temu mo\u017cna cieszy\u0107 si\u0119 smakiem przek\u0105ski, kt\u00f3ra nie zawiera substancji chemicznych i sztucznych dodatk\u00f3w.<\/p>\n<p>Je\u015bli szukasz smacznej i zdrowej przek\u0105ski, sezamki\u00a0 z pewno\u015bci\u0105 spe\u0142ni\u0105 Twoje oczekiwania. Dodatkowo, dzi\u0119ki swojej por\u0119cznej formie, s\u0105 idealne do zabrania w podr\u00f3\u017c lub na si\u0142owni\u0119. Wystarczy zapakowa\u0107 je do s\u0142oiczka lub torebki, aby mie\u0107 przy sobie energetyczn\u0105 przek\u0105sk\u0119 w ka\u017cdej chwili.<\/p>\n<p><strong>Pami\u0119taj, \u017ce dbaj\u0105c o w\u0142asne zdrowie i kondycj\u0119, warto wybiera\u0107 produkty ekologiczne. Sezamki\u00a0 to doskona\u0142y przyk\u0142ad przek\u0105ski, kt\u00f3ra \u0142\u0105czy smak, zdrowe sk\u0142adniki i trosk\u0119 o \u015brodowisko naturalne.<\/strong><\/p>\n<p><strong>SK\u0141ADNIKI<\/strong><br \/>\nNASIONA SEZAMU* (50 %), syrop glukozowy*, mi\u00f3d* (*certyfikowany sk\u0142adnik ekologiczny)<\/p>\n<p>&nbsp;<\/p>\n<p><strong>WARTO\u015a\u0106 OD\u017bYWCZA W 100 g<\/strong><br \/>\n<strong>Warto\u015b\u0107 energetyczna &#8211; 2182 kJ\/523 kcal<\/strong><br \/>\n<strong>T\u0142uszcz<\/strong> &#8211; 30 g<br \/>\n<strong>w tym kwasy t\u0142uszczowe nasycone<\/strong> &#8211; 4,4 g<br \/>\n<strong>W\u0119glowodany<\/strong> &#8211; 49 g<br \/>\n<strong>w tym cukry<\/strong> &#8211; 29 g<br \/>\n<strong>B\u0142onnik<\/strong> &#8211; 6,4 g<br \/>\n<strong>Bia\u0142ko<\/strong> &#8211; 12 g<br \/>\n<strong>S\u00f3l &#8211;<\/strong> 0,03 g<\/p>\n<p><strong>ZALECANE WARUNKI PRZECHOWYWANIA<\/strong><br \/>\nPrzechowywa\u0107 w suchym i ch\u0142odnym miejscu.<\/p>\n<\/div>\n<\/div>\n<\/div>","protected":false},"excerpt":{"rendered":"<p>Opis Produktu SEZAMKI Z MIODEM BIO 25 g &#8211; CROC-CRAC (BIOVERI) Ekologiczne SEZAMki to doskona\u0142a opcja jako smaczna przek\u0105ska w czasie podr\u00f3\u017cy lub podczas intensywnego wysi\u0142ku. Wy\u0142\u0105cznie z ekologicznych sk\u0142adnik\u00f3w, sezamki s\u0105 nie tylko pyszne, ale r\u00f3wnie\u017c zdrowe.Sezam jest bogatym \u017ar\u00f3d\u0142em sk\u0142adnik\u00f3w od\u017cywczych, takich jak bia\u0142ko, b\u0142onnik, witaminy i minera\u0142y. Jest tak\u017ce cennym \u017ar\u00f3d\u0142em kwas\u00f3w [&hellip;]<\/p>","protected":false},"featured_media":618,"template":"","meta":{"site-sidebar-layout":"default","site-content-layout":"","ast-site-content-layout":"default","site-content-style":"default","site-sidebar-style":"default","ast-global-header-display":"","ast-banner-title-visibility":"","ast-main-header-display":"","ast-hfb-above-header-display":"","ast-hfb-below-header-display":"","ast-hfb-mobile-header-display":"","site-post-title":"","ast-breadcrumbs-content":"","ast-featured-img":"","footer-sml-layout":"","theme-transparent-header-meta":"default","adv-header-id-meta":"","stick-header-meta":"","header-above-stick-meta":"","header-main-stick-meta":"","header-below-stick-meta":"","astra-migrate-meta-layouts":"set","ast-page-background-enabled":"default","ast-page-background-meta":{"desktop":{"background-color":"var(--ast-global-color-4)","background-image":"","background-repeat":"repeat","background-position":"center center","background-size":"auto","background-attachment":"scroll","background-type":"","background-media":"","overlay-type":"","overlay-color":"","overlay-opacity":"","overlay-gradient":""},"tablet":{"background-color":"","background-image":"","background-repeat":"repeat","background-position":"center center","background-size":"auto","background-attachment":"scroll","background-type":"","background-media":"","overlay-type":"","overlay-color":"","overlay-opacity":"","overlay-gradient":""},"mobile":{"background-color":"","background-image":"","background-repeat":"repeat","background-position":"center center","background-size":"auto","background-attachment":"scroll","background-type":"","background-media":"","overlay-type":"","overlay-color":"","overlay-opacity":"","overlay-gradient":""}},"ast-content-background-meta":{"desktop":{"background-color":"var(--ast-global-color-5)","background-image":"","background-repeat":"repeat","background-position":"center center","background-size":"auto","background-attachment":"scroll","background-type":"","background-media":"","overlay-type":"","overlay-color":"","overlay-opacity":"","overlay-gradient":""},"tablet":{"background-color":"var(--ast-global-color-5)","background-image":"","background-repeat":"repeat","background-position":"center center","background-size":"auto","background-attachment":"scroll","background-type":"","background-media":"","overlay-type":"","overlay-color":"","overlay-opacity":"","overlay-gradient":""},"mobile":{"background-color":"var(--ast-global-color-5)","background-image":"","background-repeat":"repeat","background-position":"center center","background-size":"auto","background-attachment":"scroll","background-type":"","background-media":"","overlay-type":"","overlay-color":"","overlay-opacity":"","overlay-gradient":""}}},"product_cat":[25,24],"product_tag":[34],"class_list":{"0":"post-566","1":"product","2":"type-product","3":"status-publish","4":"has-post-thumbnail","6":"product_cat-slodkie","7":"product_cat-przekaski","8":"product_tag-etykieta-eko","9":"desktop-align-center","10":"tablet-align-left","11":"mobile-align-left","13":"first","14":"onbackorder","15":"purchasable","16":"product-type-simple"},"_links":{"self":[{"href":"https:\/\/los-odpowiedzialni-spolecznie.pl\/en\/wp-json\/wp\/v2\/product\/566","targetHints":{"allow":["GET"]}}],"collection":[{"href":"https:\/\/los-odpowiedzialni-spolecznie.pl\/en\/wp-json\/wp\/v2\/product"}],"about":[{"href":"https:\/\/los-odpowiedzialni-spolecznie.pl\/en\/wp-json\/wp\/v2\/types\/product"}],"wp:featuredmedia":[{"embeddable":true,"href":"https:\/\/los-odpowiedzialni-spolecznie.pl\/en\/wp-json\/wp\/v2\/media\/618"}],"wp:attachment":[{"href":"https:\/\/los-odpowiedzialni-spolecznie.pl\/en\/wp-json\/wp\/v2\/media?parent=566"}],"wp:term":[{"taxonomy":"product_cat","embeddable":true,"href":"https:\/\/los-odpowiedzialni-spolecznie.pl\/en\/wp-json\/wp\/v2\/product_cat?post=566"},{"taxonomy":"product_tag","embeddable":true,"href":"https:\/\/los-odpowiedzialni-spolecznie.pl\/en\/wp-json\/wp\/v2\/product_tag?post=566"}],"curies":[{"name":"wp","href":"https:\/\/api.w.org\/{rel}","templated":true}]}}