{"id":565,"date":"2024-12-23T15:46:25","date_gmt":"2024-12-23T14:46:25","guid":{"rendered":"https:\/\/los-odpowiedzialni-spolecznie.pl\/?post_type=product&#038;p=565"},"modified":"2024-12-23T15:48:26","modified_gmt":"2024-12-23T14:48:26","slug":"sezamki-naturalne-santini-z-ksylitolem-i-maltitolem-27-g","status":"publish","type":"product","link":"https:\/\/los-odpowiedzialni-spolecznie.pl\/en\/sklep\/produkty-spozywcze\/przekaski\/slodkie\/sezamki-naturalne-santini-z-ksylitolem-i-maltitolem-27-g\/","title":{"rendered":"Sezamki naturalne Santini z ksylitolem i maltitolem 27 g"},"content":{"rendered":"<h3>Opis Produktu<\/h3>\n<p class=\"mp4t_0 mryx_0 mj7a_4 mp0t_ji m9qz_yo munh_0 m3h2_0 mqu1_1j mgmw_wo mgn2_21 mgn2_25_s\"><strong>Sezamki naturalne Santini z ksylitolem i maltitolem 27 g<\/strong><\/p>\n<p>&nbsp;<\/p>\n<p><strong>Maltitol i ksylitol to substancje s\u0142odz\u0105ce, kt\u00f3re maj\u0105 niski indeks glikemiczny i minimalny wp\u0142yw na poziom cukru we krwi. S\u0105 one szczeg\u00f3lnie polecane dla os\u00f3b z cukrzyc\u0105 lub kt\u00f3re chc\u0105 ograniczy\u0107 spo\u017cycie cukru w diecie.<\/strong><\/p>\n<p>Sezamki\u00a0 Santini mo\u017cna\u00a0 \u0142atwo zapakowa\u0107 i zabra\u0107 ze sob\u0105 do szko\u0142y, pracy, czy w podr\u00f3\u017c. Stanowi\u0105 one zdrow\u0105 i smaczn\u0105 przek\u0105sk\u0119, kt\u00f3ra zaspokoi g\u0142\u00f3d i dostarczy potrzebnych sk\u0142adnik\u00f3w od\u017cywczych.<\/p>\n<p><strong>Dodatkowo, sezamki Santini charakteryzuj\u0105 si\u0119 wysok\u0105 zawarto\u015bci\u0105 b\u0142onnika<\/strong>, co pomaga w prawid\u0142owym funkcjonowaniu uk\u0142adu trawiennego. B\u0142onnik wp\u0142ywa r\u00f3wnie\u017c na utrzymanie uczucia syto\u015bci, co mo\u017ce by\u0107 szczeg\u00f3lnie wa\u017cne w przypadku pr\u00f3by utrzymania prawid\u0142owej wagi cia\u0142a.<\/p>\n<p><strong>Dlatego, je\u015bli szukasz zdrowej i smacznej przek\u0105ski, sezamki Santini mog\u0105 by\u0107 doskona\u0142ym wyborem. Zawieraj\u0105 one warto\u015bciowe sk\u0142adniki od\u017cywcze, s\u0105 bez dodatku cukru, a s\u0142odzone s\u0105 maltitolem i ksylitolem. Przy okazji dostarczaj\u0105 odpowiedni\u0105 dawk\u0119 energii, kt\u00f3ra pomo\u017ce Ci przej\u015b\u0107 przez ca\u0142y dzie\u0144.<\/strong><\/p>\n<p><strong>SK\u0141AD PRODUKTU:<\/strong> ziarno\u00a0<strong>sezamu<\/strong>, syrop maltitolowy, ksylitol.<\/p>\n<p>&nbsp;<\/p>\n<p><strong>WARTO\u015aCI OD\u017bYWCZE<\/strong><br \/>\n<strong>Warto\u015b\u0107 energetyczna 2254 kJ\/ 540 kcal<\/strong><br \/>\n<strong>T\u0142uszcz<\/strong> 31g<br \/>\n<strong>w tym kwasy t\u0142uszczowe nasycone<\/strong> 4,8g<br \/>\n<strong>W\u0119glowodany<\/strong> 53g<br \/>\n<strong>w tym cukry<\/strong> 0,9g<br \/>\n<strong>Poliole<\/strong> 24g<br \/>\n<strong>w tym maltitol<\/strong> 23g<br \/>\n<strong>ksylitol<\/strong> 1g<br \/>\n<strong>B\u0142onnik<\/strong> 1,6g<br \/>\n<strong>Bia\u0142ko<\/strong> 13g<br \/>\n<strong>S\u00f3l<\/strong> 0,06g<\/p>\n<p>&nbsp;<\/p>\n<p><strong>Waga:<\/strong> 27g<\/p>","protected":false},"excerpt":{"rendered":"<p>Opis Produktu Sezamki naturalne Santini z ksylitolem i maltitolem 27 g &nbsp; Maltitol i ksylitol to substancje s\u0142odz\u0105ce, kt\u00f3re maj\u0105 niski indeks glikemiczny i minimalny wp\u0142yw na poziom cukru we krwi. S\u0105 one szczeg\u00f3lnie polecane dla os\u00f3b z cukrzyc\u0105 lub kt\u00f3re chc\u0105 ograniczy\u0107 spo\u017cycie cukru w diecie. Sezamki\u00a0 Santini mo\u017cna\u00a0 \u0142atwo zapakowa\u0107 i zabra\u0107 ze [&hellip;]<\/p>","protected":false},"featured_media":617,"template":"","meta":{"site-sidebar-layout":"default","site-content-layout":"","ast-site-content-layout":"default","site-content-style":"default","site-sidebar-style":"default","ast-global-header-display":"","ast-banner-title-visibility":"","ast-main-header-display":"","ast-hfb-above-header-display":"","ast-hfb-below-header-display":"","ast-hfb-mobile-header-display":"","site-post-title":"","ast-breadcrumbs-content":"","ast-featured-img":"","footer-sml-layout":"","theme-transparent-header-meta":"default","adv-header-id-meta":"","stick-header-meta":"","header-above-stick-meta":"","header-main-stick-meta":"","header-below-stick-meta":"","astra-migrate-meta-layouts":"set","ast-page-background-enabled":"default","ast-page-background-meta":{"desktop":{"background-color":"var(--ast-global-color-4)","background-image":"","background-repeat":"repeat","background-position":"center center","background-size":"auto","background-attachment":"scroll","background-type":"","background-media":"","overlay-type":"","overlay-color":"","overlay-opacity":"","overlay-gradient":""},"tablet":{"background-color":"","background-image":"","background-repeat":"repeat","background-position":"center center","background-size":"auto","background-attachment":"scroll","background-type":"","background-media":"","overlay-type":"","overlay-color":"","overlay-opacity":"","overlay-gradient":""},"mobile":{"background-color":"","background-image":"","background-repeat":"repeat","background-position":"center center","background-size":"auto","background-attachment":"scroll","background-type":"","background-media":"","overlay-type":"","overlay-color":"","overlay-opacity":"","overlay-gradient":""}},"ast-content-background-meta":{"desktop":{"background-color":"var(--ast-global-color-5)","background-image":"","background-repeat":"repeat","background-position":"center center","background-size":"auto","background-attachment":"scroll","background-type":"","background-media":"","overlay-type":"","overlay-color":"","overlay-opacity":"","overlay-gradient":""},"tablet":{"background-color":"var(--ast-global-color-5)","background-image":"","background-repeat":"repeat","background-position":"center center","background-size":"auto","background-attachment":"scroll","background-type":"","background-media":"","overlay-type":"","overlay-color":"","overlay-opacity":"","overlay-gradient":""},"mobile":{"background-color":"var(--ast-global-color-5)","background-image":"","background-repeat":"repeat","background-position":"center center","background-size":"auto","background-attachment":"scroll","background-type":"","background-media":"","overlay-type":"","overlay-color":"","overlay-opacity":"","overlay-gradient":""}}},"product_cat":[25,24],"product_tag":[],"class_list":{"0":"post-565","1":"product","2":"type-product","3":"status-publish","4":"has-post-thumbnail","6":"product_cat-slodkie","7":"product_cat-przekaski","8":"desktop-align-center","9":"tablet-align-left","10":"mobile-align-left","12":"first","13":"instock","14":"purchasable","15":"product-type-simple"},"_links":{"self":[{"href":"https:\/\/los-odpowiedzialni-spolecznie.pl\/en\/wp-json\/wp\/v2\/product\/565","targetHints":{"allow":["GET"]}}],"collection":[{"href":"https:\/\/los-odpowiedzialni-spolecznie.pl\/en\/wp-json\/wp\/v2\/product"}],"about":[{"href":"https:\/\/los-odpowiedzialni-spolecznie.pl\/en\/wp-json\/wp\/v2\/types\/product"}],"wp:featuredmedia":[{"embeddable":true,"href":"https:\/\/los-odpowiedzialni-spolecznie.pl\/en\/wp-json\/wp\/v2\/media\/617"}],"wp:attachment":[{"href":"https:\/\/los-odpowiedzialni-spolecznie.pl\/en\/wp-json\/wp\/v2\/media?parent=565"}],"wp:term":[{"taxonomy":"product_cat","embeddable":true,"href":"https:\/\/los-odpowiedzialni-spolecznie.pl\/en\/wp-json\/wp\/v2\/product_cat?post=565"},{"taxonomy":"product_tag","embeddable":true,"href":"https:\/\/los-odpowiedzialni-spolecznie.pl\/en\/wp-json\/wp\/v2\/product_tag?post=565"}],"curies":[{"name":"wp","href":"https:\/\/api.w.org\/{rel}","templated":true}]}}