{"id":557,"date":"2024-12-23T15:46:03","date_gmt":"2024-12-23T14:46:03","guid":{"rendered":"https:\/\/los-odpowiedzialni-spolecznie.pl\/?post_type=product&#038;p=557"},"modified":"2024-12-23T15:48:13","modified_gmt":"2024-12-23T14:48:13","slug":"bio-sezamki-ania-80g","status":"publish","type":"product","link":"https:\/\/los-odpowiedzialni-spolecznie.pl\/en\/sklep\/produkty-spozywcze\/przekaski\/slodkie\/bio-sezamki-ania-80g\/","title":{"rendered":"Bio sezamki -Ania 80g"},"content":{"rendered":"<h3>Opis Produktu<\/h3>\n<p><strong>Bio sezamki Ania-80g<\/strong><\/p>\n<p><strong>Bio sezamki Mini Ania<\/strong> to idealna alternatywa dla tradycyjnych ciastek. S\u0105 pyszne, a jednocze\u015bnie zdrowe, co sprawia, \u017ce s\u0105 doskona\u0142\u0105 przek\u0105sk\u0105 zar\u00f3wno dla dzieci, jak i doros\u0142ych.<\/p>\n<p><strong>Sezamki Mini Ania<\/strong> maj\u0105 w sobie wszystko, czego potrzeba w przek\u0105sce. Bogate w b\u0142onnik, witaminy i minera\u0142y, zapewniaj\u0105 odpowiedni\u0105 porcj\u0119 sk\u0142adnik\u00f3w od\u017cywczych. Dodatkowo, sezamki nie zawieraj\u0105 sztucznych dodatk\u00f3w ani konserwant\u00f3w, co sprawia, \u017ce s\u0105 jeszcze bardziej warto\u015bciow\u0105 przek\u0105sk\u0105.<\/p>\n<p>Nie tylko s\u0105 zdrowe, ale tak\u017ce zabawne. Sezamki Mini Ania maj\u0105 r\u00f3\u017cne kszta\u0142ty i kolory, co sprawia, \u017ce jedzenie ich staje si\u0119 przyjemno\u015bci\u0105 i ciekaw\u0105 zabaw\u0105. Dzieci b\u0119d\u0105 zachwycone ich wygl\u0105dem, a jednocze\u015bnie rodzice mog\u0105 by\u0107 spokojni o ich zdrowie.<\/p>\n<p><strong>Dzi\u0119ki Bio sezamkom Mini Ania mo\u017cesz zapewni\u0107 swojej rodzinie przek\u0105sk\u0119, kt\u00f3ra jest smaczna, zdrowa i zabawna. Zast\u0105p tradycyjne ciastka tym pysznym, naturalnym produktem i ciesz si\u0119 chwilami rado\u015bci i zdrowia, kt\u00f3re przynosi ona ka\u017cdemu.<\/strong><\/p>\n<p><b>Sk\u0142adniki:<\/b><br \/>\nBio sezam 49%, bio m\u0105ka pszenna, bio cukier, bio mas\u0142o, bio siemi\u0119 lniane.<br \/>\n<strong>Produkt mo\u017ce zawiera\u0107<\/strong>: mleko, (\u0142\u0105cznie z laktoz\u0105), jaja, orzechy i soj\u0119.<\/p>\n<p><strong>Warunki przechowywania:<\/strong><br \/>\nPrzechowywac w suchym i ch\u0142odnym miejscu z dala od \u017ar\u00f3d\u0142a ciep\u0142a<\/p>\n<p>&nbsp;<\/p>\n<p><b>Warto\u015b\u0107 od\u017cywcza w 100g produktu:<\/b><\/p>\n<table>\n<tbody>\n<tr>\n<td><strong>Warto\u015b\u0107 energetyczna:<\/strong><\/td>\n<td>2264kJ\/ 543cal<\/td>\n<\/tr>\n<tr>\n<td><strong>Bia\u0142ko:<\/strong><\/td>\n<td>11,29 g<\/td>\n<\/tr>\n<tr>\n<td><strong>W\u0119glowodany:<\/strong><\/td>\n<td>44,94 g<\/td>\n<\/tr>\n<tr>\n<td><strong>w tym cukry:<\/strong><\/td>\n<td>21,16 g<\/td>\n<\/tr>\n<tr>\n<td><strong>T\u0142uszcz:<\/strong><\/td>\n<td>33,95 g<\/td>\n<\/tr>\n<tr>\n<td><strong>w tym kwasy t\u0142uszczowe nasycone:<\/strong><\/td>\n<td>11,66 g<\/td>\n<\/tr>\n<tr>\n<td><strong>S\u00f3l:<\/strong><\/td>\n<td>0,11 g<\/td>\n<\/tr>\n<\/tbody>\n<\/table>","protected":false},"excerpt":{"rendered":"<p>Opis Produktu Bio sezamki Ania-80g Bio sezamki Mini Ania to idealna alternatywa dla tradycyjnych ciastek. S\u0105 pyszne, a jednocze\u015bnie zdrowe, co sprawia, \u017ce s\u0105 doskona\u0142\u0105 przek\u0105sk\u0105 zar\u00f3wno dla dzieci, jak i doros\u0142ych. Sezamki Mini Ania maj\u0105 w sobie wszystko, czego potrzeba w przek\u0105sce. Bogate w b\u0142onnik, witaminy i minera\u0142y, zapewniaj\u0105 odpowiedni\u0105 porcj\u0119 sk\u0142adnik\u00f3w od\u017cywczych. Dodatkowo, [&hellip;]<\/p>","protected":false},"featured_media":609,"template":"","meta":{"site-sidebar-layout":"default","site-content-layout":"","ast-site-content-layout":"default","site-content-style":"default","site-sidebar-style":"default","ast-global-header-display":"","ast-banner-title-visibility":"","ast-main-header-display":"","ast-hfb-above-header-display":"","ast-hfb-below-header-display":"","ast-hfb-mobile-header-display":"","site-post-title":"","ast-breadcrumbs-content":"","ast-featured-img":"","footer-sml-layout":"","theme-transparent-header-meta":"default","adv-header-id-meta":"","stick-header-meta":"","header-above-stick-meta":"","header-main-stick-meta":"","header-below-stick-meta":"","astra-migrate-meta-layouts":"set","ast-page-background-enabled":"default","ast-page-background-meta":{"desktop":{"background-color":"var(--ast-global-color-4)","background-image":"","background-repeat":"repeat","background-position":"center center","background-size":"auto","background-attachment":"scroll","background-type":"","background-media":"","overlay-type":"","overlay-color":"","overlay-opacity":"","overlay-gradient":""},"tablet":{"background-color":"","background-image":"","background-repeat":"repeat","background-position":"center center","background-size":"auto","background-attachment":"scroll","background-type":"","background-media":"","overlay-type":"","overlay-color":"","overlay-opacity":"","overlay-gradient":""},"mobile":{"background-color":"","background-image":"","background-repeat":"repeat","background-position":"center center","background-size":"auto","background-attachment":"scroll","background-type":"","background-media":"","overlay-type":"","overlay-color":"","overlay-opacity":"","overlay-gradient":""}},"ast-content-background-meta":{"desktop":{"background-color":"var(--ast-global-color-5)","background-image":"","background-repeat":"repeat","background-position":"center center","background-size":"auto","background-attachment":"scroll","background-type":"","background-media":"","overlay-type":"","overlay-color":"","overlay-opacity":"","overlay-gradient":""},"tablet":{"background-color":"var(--ast-global-color-5)","background-image":"","background-repeat":"repeat","background-position":"center center","background-size":"auto","background-attachment":"scroll","background-type":"","background-media":"","overlay-type":"","overlay-color":"","overlay-opacity":"","overlay-gradient":""},"mobile":{"background-color":"var(--ast-global-color-5)","background-image":"","background-repeat":"repeat","background-position":"center center","background-size":"auto","background-attachment":"scroll","background-type":"","background-media":"","overlay-type":"","overlay-color":"","overlay-opacity":"","overlay-gradient":""}}},"product_cat":[25,24],"product_tag":[34],"class_list":{"0":"post-557","1":"product","2":"type-product","3":"status-publish","4":"has-post-thumbnail","6":"product_cat-slodkie","7":"product_cat-przekaski","8":"product_tag-etykieta-eko","9":"desktop-align-center","10":"tablet-align-left","11":"mobile-align-left","13":"first","14":"instock","15":"taxable","16":"shipping-taxable","17":"purchasable","18":"product-type-simple"},"_links":{"self":[{"href":"https:\/\/los-odpowiedzialni-spolecznie.pl\/en\/wp-json\/wp\/v2\/product\/557","targetHints":{"allow":["GET"]}}],"collection":[{"href":"https:\/\/los-odpowiedzialni-spolecznie.pl\/en\/wp-json\/wp\/v2\/product"}],"about":[{"href":"https:\/\/los-odpowiedzialni-spolecznie.pl\/en\/wp-json\/wp\/v2\/types\/product"}],"wp:featuredmedia":[{"embeddable":true,"href":"https:\/\/los-odpowiedzialni-spolecznie.pl\/en\/wp-json\/wp\/v2\/media\/609"}],"wp:attachment":[{"href":"https:\/\/los-odpowiedzialni-spolecznie.pl\/en\/wp-json\/wp\/v2\/media?parent=557"}],"wp:term":[{"taxonomy":"product_cat","embeddable":true,"href":"https:\/\/los-odpowiedzialni-spolecznie.pl\/en\/wp-json\/wp\/v2\/product_cat?post=557"},{"taxonomy":"product_tag","embeddable":true,"href":"https:\/\/los-odpowiedzialni-spolecznie.pl\/en\/wp-json\/wp\/v2\/product_tag?post=557"}],"curies":[{"name":"wp","href":"https:\/\/api.w.org\/{rel}","templated":true}]}}