{"id":551,"date":"2024-12-23T15:46:03","date_gmt":"2024-12-23T14:46:03","guid":{"rendered":"https:\/\/los-odpowiedzialni-spolecznie.pl\/?post_type=product&#038;p=551"},"modified":"2024-12-23T15:47:53","modified_gmt":"2024-12-23T14:47:53","slug":"krazki-ananasa-suszone-bio-100-g-bio-planet","status":"publish","type":"product","link":"https:\/\/los-odpowiedzialni-spolecznie.pl\/en\/sklep\/produkty-spozywcze\/przekaski\/owocowe\/krazki-ananasa-suszone-bio-100-g-bio-planet\/","title":{"rendered":"KR\u0104\u017bKI ANANASA SUSZONE BIO 100 g &#8211; BIO PLANET"},"content":{"rendered":"<h3>Opis Produktu<\/h3>\n<p><strong>KR\u0104\u017bKI ANANASA SUSZONE BIO 100 g &#8211; BIO PLANET<\/strong><\/p>\n<p><strong>Suszone kr\u0105\u017cki ananasa s\u0105 nie tylko pyszn\u0105 przek\u0105sk\u0105, ale r\u00f3wnie\u017c \u015bwietnym dodatkiem do r\u00f3\u017cnych potraw<\/strong>. S\u0105 doskona\u0142ym uzupe\u0142nieniem s\u0142odkich sa\u0142atek, dodaj\u0105c im egzotycznego smaku i chrupko\u015bci. Mo\u017cna je r\u00f3wnie\u017c dodawa\u0107 do sos\u00f3w bakaliowych, kt\u00f3re nadadz\u0105 daniom nutk\u0119 s\u0142odyczy i egzotyki. Suszone kr\u0105\u017cki ananasa \u015bwietnie sprawdzaj\u0105 si\u0119 r\u00f3wnie\u017c jako dodatek do deser\u00f3w, takich jak lody, ciasta czy owsianki. Mo\u017cna je r\u00f3wnie\u017c wrzuci\u0107 do koktajli, aby doda\u0107 im tropikalnego smaku. Dzi\u0119ki swojej naturalnej s\u0142odyczy i intensywnemu smakowi, suszone kr\u0105\u017cki ananasa s\u0105 idealn\u0105 alternatyw\u0105 dla tradycyjnych s\u0142odyczy i idealnie wpisuj\u0105 si\u0119 w zdrowy, ekologiczny styl \u017cycia.<\/p>\n<p><strong>WARTO\u015a\u0106 OD\u017bYWCZA W 100 g<\/strong><br \/>\n<strong>Warto\u015b\u0107 energetyczna<\/strong> &#8211; 1327 kJ \/ 313 kcal<br \/>\n<strong>T\u0142uszcz<\/strong> &#8211; 0,8 g<br \/>\n<strong>w tym kwasy t\u0142uszczowe nasycone<\/strong> &#8211; 0,1 g<br \/>\n<strong>W\u0119glowodany<\/strong> &#8211; 70 g<br \/>\n<strong>w tym cukry<\/strong> &#8211; 70 g<br \/>\n<strong>B\u0142onnik<\/strong> &#8211; 7,5 g<br \/>\n<strong>Bia\u0142ko<\/strong> &#8211; 2,5 g<br \/>\n<strong>S\u00f3l<\/strong> &#8211; 0,03 g<\/p>\n<p><strong>ZALECANE WARUNKI PRZECHOWYWANIA<\/strong><br \/>\nPrzechowywa\u0107 w suchym i ch\u0142odnym miejscu.<\/p>","protected":false},"excerpt":{"rendered":"<p>Opis Produktu KR\u0104\u017bKI ANANASA SUSZONE BIO 100 g &#8211; BIO PLANET Suszone kr\u0105\u017cki ananasa s\u0105 nie tylko pyszn\u0105 przek\u0105sk\u0105, ale r\u00f3wnie\u017c \u015bwietnym dodatkiem do r\u00f3\u017cnych potraw. S\u0105 doskona\u0142ym uzupe\u0142nieniem s\u0142odkich sa\u0142atek, dodaj\u0105c im egzotycznego smaku i chrupko\u015bci. Mo\u017cna je r\u00f3wnie\u017c dodawa\u0107 do sos\u00f3w bakaliowych, kt\u00f3re nadadz\u0105 daniom nutk\u0119 s\u0142odyczy i egzotyki. Suszone kr\u0105\u017cki ananasa \u015bwietnie [&hellip;]<\/p>","protected":false},"featured_media":598,"template":"","meta":{"site-sidebar-layout":"default","site-content-layout":"","ast-site-content-layout":"default","site-content-style":"default","site-sidebar-style":"default","ast-global-header-display":"","ast-banner-title-visibility":"","ast-main-header-display":"","ast-hfb-above-header-display":"","ast-hfb-below-header-display":"","ast-hfb-mobile-header-display":"","site-post-title":"","ast-breadcrumbs-content":"","ast-featured-img":"","footer-sml-layout":"","theme-transparent-header-meta":"default","adv-header-id-meta":"","stick-header-meta":"","header-above-stick-meta":"","header-main-stick-meta":"","header-below-stick-meta":"","astra-migrate-meta-layouts":"set","ast-page-background-enabled":"default","ast-page-background-meta":{"desktop":{"background-color":"var(--ast-global-color-4)","background-image":"","background-repeat":"repeat","background-position":"center center","background-size":"auto","background-attachment":"scroll","background-type":"","background-media":"","overlay-type":"","overlay-color":"","overlay-opacity":"","overlay-gradient":""},"tablet":{"background-color":"","background-image":"","background-repeat":"repeat","background-position":"center center","background-size":"auto","background-attachment":"scroll","background-type":"","background-media":"","overlay-type":"","overlay-color":"","overlay-opacity":"","overlay-gradient":""},"mobile":{"background-color":"","background-image":"","background-repeat":"repeat","background-position":"center center","background-size":"auto","background-attachment":"scroll","background-type":"","background-media":"","overlay-type":"","overlay-color":"","overlay-opacity":"","overlay-gradient":""}},"ast-content-background-meta":{"desktop":{"background-color":"var(--ast-global-color-5)","background-image":"","background-repeat":"repeat","background-position":"center center","background-size":"auto","background-attachment":"scroll","background-type":"","background-media":"","overlay-type":"","overlay-color":"","overlay-opacity":"","overlay-gradient":""},"tablet":{"background-color":"var(--ast-global-color-5)","background-image":"","background-repeat":"repeat","background-position":"center center","background-size":"auto","background-attachment":"scroll","background-type":"","background-media":"","overlay-type":"","overlay-color":"","overlay-opacity":"","overlay-gradient":""},"mobile":{"background-color":"var(--ast-global-color-5)","background-image":"","background-repeat":"repeat","background-position":"center center","background-size":"auto","background-attachment":"scroll","background-type":"","background-media":"","overlay-type":"","overlay-color":"","overlay-opacity":"","overlay-gradient":""}}},"product_cat":[37,24],"product_tag":[34],"class_list":{"0":"post-551","1":"product","2":"type-product","3":"status-publish","4":"has-post-thumbnail","6":"product_cat-owocowe","7":"product_cat-przekaski","8":"product_tag-etykieta-eko","9":"desktop-align-center","10":"tablet-align-left","11":"mobile-align-left","13":"first","14":"onbackorder","15":"purchasable","16":"product-type-simple"},"_links":{"self":[{"href":"https:\/\/los-odpowiedzialni-spolecznie.pl\/en\/wp-json\/wp\/v2\/product\/551","targetHints":{"allow":["GET"]}}],"collection":[{"href":"https:\/\/los-odpowiedzialni-spolecznie.pl\/en\/wp-json\/wp\/v2\/product"}],"about":[{"href":"https:\/\/los-odpowiedzialni-spolecznie.pl\/en\/wp-json\/wp\/v2\/types\/product"}],"wp:featuredmedia":[{"embeddable":true,"href":"https:\/\/los-odpowiedzialni-spolecznie.pl\/en\/wp-json\/wp\/v2\/media\/598"}],"wp:attachment":[{"href":"https:\/\/los-odpowiedzialni-spolecznie.pl\/en\/wp-json\/wp\/v2\/media?parent=551"}],"wp:term":[{"taxonomy":"product_cat","embeddable":true,"href":"https:\/\/los-odpowiedzialni-spolecznie.pl\/en\/wp-json\/wp\/v2\/product_cat?post=551"},{"taxonomy":"product_tag","embeddable":true,"href":"https:\/\/los-odpowiedzialni-spolecznie.pl\/en\/wp-json\/wp\/v2\/product_tag?post=551"}],"curies":[{"name":"wp","href":"https:\/\/api.w.org\/{rel}","templated":true}]}}