{"id":543,"date":"2024-12-23T15:45:42","date_gmt":"2024-12-23T14:45:42","guid":{"rendered":"https:\/\/los-odpowiedzialni-spolecznie.pl\/?post_type=product&#038;p=543"},"modified":"2024-12-23T15:47:47","modified_gmt":"2024-12-23T14:47:47","slug":"groszek-ptysiowy-bez-dodatku-cukru-bio-70-g-ania","status":"publish","type":"product","link":"https:\/\/los-odpowiedzialni-spolecznie.pl\/en\/sklep\/produkty-spozywcze\/przekaski\/slodkie\/groszek-ptysiowy-bez-dodatku-cukru-bio-70-g-ania\/","title":{"rendered":"Groszek Ptysiowy Bez Dodatku Cukru Bio 70 g &#8211; Ania"},"content":{"rendered":"<h3>Opis Produktu<\/h3>\n<p><strong>BIO Groszek Ptysiowy Ania 70g<\/strong><\/p>\n<p>Jest idealnym wyborem dla os\u00f3b poszukuj\u0105cych zdrowych alternatyw i produkt\u00f3w bez sztucznych dodatk\u00f3w. Groszek orkiszowy Bio Ania mo\u017ce by\u0107 r\u00f3wnie\u017c wykorzystany jako sk\u0142adnik do ciastek czy innych wypiek\u00f3w, dodaj\u0105c im oryginalnego smaku i chrupko\u015bci. Produkt ten jest odpowiedni r\u00f3wnie\u017c dla os\u00f3b unikaj\u0105cych cukru w diecie. Dzi\u0119ki sk\u0142adnikom ekologicznym mo\u017cemy mie\u0107 pewno\u015b\u0107, \u017ce spo\u017cywamy warto\u015bciowe i naturalne sk\u0142adniki. <strong>Ekologiczny groszek orkiszowy Bio marki Bio Ania<\/strong> to smaczna, zdrowa i ekologiczna propozycja dla wszystkich mi\u0142o\u015bnik\u00f3w naturalnych przek\u0105sek.<\/p>\n<p><strong>Zawarto\u015b\u0107 netto:<\/strong> 70 g<\/p>\n<p><strong>Sk\u0142adniki:<\/strong> m\u0105ka\u00a0<strong>pszenna<\/strong>*, masa\u00a0<strong>jajowa<\/strong>\u00a0(z\u00a0<strong>jaj<\/strong>)*, t\u0142uszcz kokosowy*, s\u00f3l<\/p>\n<p><strong>Informacja dla alergik\u00f3w<\/strong>: Mo\u017ce zawiera\u0107\u00a0<strong>mleko<\/strong>,\u00a0<strong>sezam<\/strong>,\u00a0<strong>orzechy<\/strong>,\u00a0<strong>soj\u0119<\/strong>.<\/p>\n<p><strong>Warunki przechowania<\/strong>: Przechowywa\u0107 w suchym i ch\u0142odnym miejscu, z dala od \u017ar\u00f3de\u0142 ciep\u0142a i nas\u0142onecznienia.<\/p>\n<p>&nbsp;<\/p>\n<p><strong>Warto\u015b\u0107 od\u017cywcza w 100 g:<\/strong><\/p>\n<p><strong>Warto\u015b\u0107 energetyczna: 2225 kJ\/533 kcal<\/strong><\/p>\n<p><strong>T\u0142uszcz:<\/strong> 30,2 g<\/p>\n<p><strong>w tym kwasy nasycone:<\/strong> 12,7 g<\/p>\n<p><strong>W\u0119glowodany:<\/strong> 47,5 g<\/p>\n<p><strong>w tym cukry:<\/strong> 1,0 g<\/p>\n<p><strong>Bia\u0142ko:<\/strong> 19,3 g<\/p>\n<p><strong>S\u00f3l:<\/strong> 1,0 g<\/p>\n<p>&nbsp;<\/p>\n<p>&nbsp;<\/p>\n<p>&nbsp;<\/p>\n<p>&nbsp;<\/p>","protected":false},"excerpt":{"rendered":"<p>Opis Produktu BIO Groszek Ptysiowy Ania 70g Jest idealnym wyborem dla os\u00f3b poszukuj\u0105cych zdrowych alternatyw i produkt\u00f3w bez sztucznych dodatk\u00f3w. Groszek orkiszowy Bio Ania mo\u017ce by\u0107 r\u00f3wnie\u017c wykorzystany jako sk\u0142adnik do ciastek czy innych wypiek\u00f3w, dodaj\u0105c im oryginalnego smaku i chrupko\u015bci. Produkt ten jest odpowiedni r\u00f3wnie\u017c dla os\u00f3b unikaj\u0105cych cukru w diecie. Dzi\u0119ki sk\u0142adnikom ekologicznym [&hellip;]<\/p>","protected":false},"featured_media":597,"template":"","meta":{"site-sidebar-layout":"default","site-content-layout":"","ast-site-content-layout":"default","site-content-style":"default","site-sidebar-style":"default","ast-global-header-display":"","ast-banner-title-visibility":"","ast-main-header-display":"","ast-hfb-above-header-display":"","ast-hfb-below-header-display":"","ast-hfb-mobile-header-display":"","site-post-title":"","ast-breadcrumbs-content":"","ast-featured-img":"","footer-sml-layout":"","theme-transparent-header-meta":"default","adv-header-id-meta":"","stick-header-meta":"","header-above-stick-meta":"","header-main-stick-meta":"","header-below-stick-meta":"","astra-migrate-meta-layouts":"set","ast-page-background-enabled":"default","ast-page-background-meta":{"desktop":{"background-color":"var(--ast-global-color-4)","background-image":"","background-repeat":"repeat","background-position":"center center","background-size":"auto","background-attachment":"scroll","background-type":"","background-media":"","overlay-type":"","overlay-color":"","overlay-opacity":"","overlay-gradient":""},"tablet":{"background-color":"","background-image":"","background-repeat":"repeat","background-position":"center center","background-size":"auto","background-attachment":"scroll","background-type":"","background-media":"","overlay-type":"","overlay-color":"","overlay-opacity":"","overlay-gradient":""},"mobile":{"background-color":"","background-image":"","background-repeat":"repeat","background-position":"center center","background-size":"auto","background-attachment":"scroll","background-type":"","background-media":"","overlay-type":"","overlay-color":"","overlay-opacity":"","overlay-gradient":""}},"ast-content-background-meta":{"desktop":{"background-color":"var(--ast-global-color-5)","background-image":"","background-repeat":"repeat","background-position":"center center","background-size":"auto","background-attachment":"scroll","background-type":"","background-media":"","overlay-type":"","overlay-color":"","overlay-opacity":"","overlay-gradient":""},"tablet":{"background-color":"var(--ast-global-color-5)","background-image":"","background-repeat":"repeat","background-position":"center center","background-size":"auto","background-attachment":"scroll","background-type":"","background-media":"","overlay-type":"","overlay-color":"","overlay-opacity":"","overlay-gradient":""},"mobile":{"background-color":"var(--ast-global-color-5)","background-image":"","background-repeat":"repeat","background-position":"center center","background-size":"auto","background-attachment":"scroll","background-type":"","background-media":"","overlay-type":"","overlay-color":"","overlay-opacity":"","overlay-gradient":""}}},"product_cat":[25,24],"product_tag":[34],"class_list":{"0":"post-543","1":"product","2":"type-product","3":"status-publish","4":"has-post-thumbnail","6":"product_cat-slodkie","7":"product_cat-przekaski","8":"product_tag-etykieta-eko","9":"desktop-align-center","10":"tablet-align-left","11":"mobile-align-left","13":"first","14":"instock","15":"purchasable","16":"product-type-simple"},"_links":{"self":[{"href":"https:\/\/los-odpowiedzialni-spolecznie.pl\/en\/wp-json\/wp\/v2\/product\/543","targetHints":{"allow":["GET"]}}],"collection":[{"href":"https:\/\/los-odpowiedzialni-spolecznie.pl\/en\/wp-json\/wp\/v2\/product"}],"about":[{"href":"https:\/\/los-odpowiedzialni-spolecznie.pl\/en\/wp-json\/wp\/v2\/types\/product"}],"wp:featuredmedia":[{"embeddable":true,"href":"https:\/\/los-odpowiedzialni-spolecznie.pl\/en\/wp-json\/wp\/v2\/media\/597"}],"wp:attachment":[{"href":"https:\/\/los-odpowiedzialni-spolecznie.pl\/en\/wp-json\/wp\/v2\/media?parent=543"}],"wp:term":[{"taxonomy":"product_cat","embeddable":true,"href":"https:\/\/los-odpowiedzialni-spolecznie.pl\/en\/wp-json\/wp\/v2\/product_cat?post=543"},{"taxonomy":"product_tag","embeddable":true,"href":"https:\/\/los-odpowiedzialni-spolecznie.pl\/en\/wp-json\/wp\/v2\/product_tag?post=543"}],"curies":[{"name":"wp","href":"https:\/\/api.w.org\/{rel}","templated":true}]}}