{"id":540,"date":"2024-12-23T15:45:42","date_gmt":"2024-12-23T14:45:42","guid":{"rendered":"https:\/\/los-odpowiedzialni-spolecznie.pl\/?post_type=product&#038;p=540"},"modified":"2024-12-23T15:47:32","modified_gmt":"2024-12-23T14:47:32","slug":"ciastka-zoledziowe-z-nasionami-konopi-eko-100g","status":"publish","type":"product","link":"https:\/\/los-odpowiedzialni-spolecznie.pl\/en\/sklep\/produkty-spozywcze\/przekaski\/slodkie\/ciastka-zoledziowe-z-nasionami-konopi-eko-100g\/","title":{"rendered":"Ciastka \u017bo\u0142\u0119dziowe z Nasionami Konopi EKO 100g"},"content":{"rendered":"<h3>Opis Produktu<\/h3>\n<p class=\"title\"><strong>Ciastka \u017co\u0142\u0119dziowe z nasionami konopi eko 100g<\/strong><\/p>\n<h3 class=\"subTitle\"><strong><span style=\"font-size: 16px\">Doskona\u0142e ciasteczka wyprodukowane z najwy\u017cszej jako\u015bci ekologicznej m\u0105ki \u017co\u0142\u0119dziowej. \u015awietnie sprawdz\u0105 si\u0119 jako smaczna i zdrowa przek\u0105ska. S\u0105 \u017ar\u00f3d\u0142em magnezu, cynku, manganu oraz miedzi i stanowi\u0105 \u015bwietn\u0105 alternatyw\u0119 dla tradycyjnych s\u0142odyczy.<\/span><\/strong><\/h3>\n<div class=\"attributes\">\n<div class=\"item\">\n<div class=\"attr-name\">\n<div><strong>Sk\u0142adniki:<\/strong><\/div>\n<\/div>\n<div class=\"attr-value\">\n<p>m\u0105ka \u017co\u0142\u0119dziowa* 23%,\u00a0<strong>m\u0105ka pszenna*, mas\u0142o*<\/strong>, olej kokosowy*, cukier trzcinowy*,\u00a0<strong>jaja*, \u015bmietana*<\/strong>, nasiona konopi* 1%, proszek do pieczenia* ( w r\u00f3\u017cnych proporcjach).<\/p>\n<p>*produkt rolnictwa ekologicznego<\/p>\n<\/div>\n<\/div>\n<\/div>\n<p>&nbsp;<\/p>\n<p><strong>Opakowanie:<\/strong><\/p>\n<p>100g<\/p>\n<h3 class=\"tab-title\">Dodatkowe informacje<\/h3>\n<div class=\"resetcss\">\n<p>Doskona\u0142e ciasteczka wyprodukowane z najwy\u017cszej jako\u015bci ekologicznej m\u0105ki \u017co\u0142\u0119dziowej. \u015awietnie sprawdz\u0105 si\u0119 jako smaczna i zdrowa przek\u0105ska. S\u0105 \u017ar\u00f3d\u0142em magnezu, cynku, manganu oraz miedzi i stanowi\u0105 \u015bwietn\u0105 alternatyw\u0119 dla tradycyjnych s\u0142odyczy.<\/p>\n<\/div>","protected":false},"excerpt":{"rendered":"<p>Opis Produktu Ciastka \u017co\u0142\u0119dziowe z nasionami konopi eko 100g Doskona\u0142e ciasteczka wyprodukowane z najwy\u017cszej jako\u015bci ekologicznej m\u0105ki \u017co\u0142\u0119dziowej. \u015awietnie sprawdz\u0105 si\u0119 jako smaczna i zdrowa przek\u0105ska. S\u0105 \u017ar\u00f3d\u0142em magnezu, cynku, manganu oraz miedzi i stanowi\u0105 \u015bwietn\u0105 alternatyw\u0119 dla tradycyjnych s\u0142odyczy. Sk\u0142adniki: m\u0105ka \u017co\u0142\u0119dziowa* 23%,\u00a0m\u0105ka pszenna*, mas\u0142o*, olej kokosowy*, cukier trzcinowy*,\u00a0jaja*, \u015bmietana*, nasiona konopi* 1%, proszek [&hellip;]<\/p>","protected":false},"featured_media":592,"template":"","meta":{"site-sidebar-layout":"default","site-content-layout":"","ast-site-content-layout":"default","site-content-style":"default","site-sidebar-style":"default","ast-global-header-display":"","ast-banner-title-visibility":"","ast-main-header-display":"","ast-hfb-above-header-display":"","ast-hfb-below-header-display":"","ast-hfb-mobile-header-display":"","site-post-title":"","ast-breadcrumbs-content":"","ast-featured-img":"","footer-sml-layout":"","theme-transparent-header-meta":"default","adv-header-id-meta":"","stick-header-meta":"","header-above-stick-meta":"","header-main-stick-meta":"","header-below-stick-meta":"","astra-migrate-meta-layouts":"set","ast-page-background-enabled":"default","ast-page-background-meta":{"desktop":{"background-color":"var(--ast-global-color-4)","background-image":"","background-repeat":"repeat","background-position":"center center","background-size":"auto","background-attachment":"scroll","background-type":"","background-media":"","overlay-type":"","overlay-color":"","overlay-opacity":"","overlay-gradient":""},"tablet":{"background-color":"","background-image":"","background-repeat":"repeat","background-position":"center center","background-size":"auto","background-attachment":"scroll","background-type":"","background-media":"","overlay-type":"","overlay-color":"","overlay-opacity":"","overlay-gradient":""},"mobile":{"background-color":"","background-image":"","background-repeat":"repeat","background-position":"center center","background-size":"auto","background-attachment":"scroll","background-type":"","background-media":"","overlay-type":"","overlay-color":"","overlay-opacity":"","overlay-gradient":""}},"ast-content-background-meta":{"desktop":{"background-color":"var(--ast-global-color-5)","background-image":"","background-repeat":"repeat","background-position":"center center","background-size":"auto","background-attachment":"scroll","background-type":"","background-media":"","overlay-type":"","overlay-color":"","overlay-opacity":"","overlay-gradient":""},"tablet":{"background-color":"var(--ast-global-color-5)","background-image":"","background-repeat":"repeat","background-position":"center center","background-size":"auto","background-attachment":"scroll","background-type":"","background-media":"","overlay-type":"","overlay-color":"","overlay-opacity":"","overlay-gradient":""},"mobile":{"background-color":"var(--ast-global-color-5)","background-image":"","background-repeat":"repeat","background-position":"center center","background-size":"auto","background-attachment":"scroll","background-type":"","background-media":"","overlay-type":"","overlay-color":"","overlay-opacity":"","overlay-gradient":""}}},"product_cat":[25,24],"product_tag":[34],"class_list":{"0":"post-540","1":"product","2":"type-product","3":"status-publish","4":"has-post-thumbnail","6":"product_cat-slodkie","7":"product_cat-przekaski","8":"product_tag-etykieta-eko","9":"desktop-align-center","10":"tablet-align-left","11":"mobile-align-left","13":"first","14":"onbackorder","15":"purchasable","16":"product-type-simple"},"_links":{"self":[{"href":"https:\/\/los-odpowiedzialni-spolecznie.pl\/en\/wp-json\/wp\/v2\/product\/540","targetHints":{"allow":["GET"]}}],"collection":[{"href":"https:\/\/los-odpowiedzialni-spolecznie.pl\/en\/wp-json\/wp\/v2\/product"}],"about":[{"href":"https:\/\/los-odpowiedzialni-spolecznie.pl\/en\/wp-json\/wp\/v2\/types\/product"}],"wp:featuredmedia":[{"embeddable":true,"href":"https:\/\/los-odpowiedzialni-spolecznie.pl\/en\/wp-json\/wp\/v2\/media\/592"}],"wp:attachment":[{"href":"https:\/\/los-odpowiedzialni-spolecznie.pl\/en\/wp-json\/wp\/v2\/media?parent=540"}],"wp:term":[{"taxonomy":"product_cat","embeddable":true,"href":"https:\/\/los-odpowiedzialni-spolecznie.pl\/en\/wp-json\/wp\/v2\/product_cat?post=540"},{"taxonomy":"product_tag","embeddable":true,"href":"https:\/\/los-odpowiedzialni-spolecznie.pl\/en\/wp-json\/wp\/v2\/product_tag?post=540"}],"curies":[{"name":"wp","href":"https:\/\/api.w.org\/{rel}","templated":true}]}}