{"id":529,"date":"2024-12-23T15:45:18","date_gmt":"2024-12-23T14:45:18","guid":{"rendered":"https:\/\/los-odpowiedzialni-spolecznie.pl\/?post_type=product&#038;p=529"},"modified":"2024-12-23T15:47:02","modified_gmt":"2024-12-23T14:47:02","slug":"biopont-bio-slony-precel-100-g","status":"publish","type":"product","link":"https:\/\/los-odpowiedzialni-spolecznie.pl\/en\/sklep\/produkty-spozywcze\/przekaski\/slone\/biopont-bio-slony-precel-100-g\/","title":{"rendered":"Biopont Bio S\u0142ony Precel &#8211; 100 g"},"content":{"rendered":"<h3>Opis Produktu<\/h3>\n<p class=\"ozund6-0 sc-1kg8irq-4 eCZFVO bipZBm\"><strong>Biopont Bio S\u0142ony Precel &#8211; 100 g<\/strong><\/p>\n<p>Organoleptyczne i zdrowotne w\u0142a\u015bciwo\u015bci tych precli s\u0105 znacznie wy\u017csze ni\u017c tradycyjnych precli z bia\u0142ej m\u0105ki.<\/p>\n<p><strong>Dodatkowo, w produkcji u\u017cywa si\u0119 jedynie naturalnych konserwant\u00f3w<\/strong>, bez sztucznych barwnik\u00f3w i aromat\u00f3w. S\u0142one precle organiczne s\u0105 doskona\u0142ym pomys\u0142em na smaczny i zdrowy przek\u0105sek dla ca\u0142ej rodziny &#8211; nie tylko dla najm\u0142odszych!<\/p>\n<p>Ich chrupi\u0105ca sk\u00f3rka i delikatne wn\u0119trze sprawiaj\u0105, \u017ce s\u0105 pysznym dodatkiem do r\u00f3\u017cnego rodzaju sos\u00f3w i dip\u00f3w. Mo\u017cna je podawa\u0107 na imprezach, piknikach czy jako przek\u0105sk\u0119 do filmu. S\u0142one precle pasuj\u0105 r\u00f3wnie\u017c jako dodatek do sa\u0142atek, zup czy kanapek &#8211; ogranicza nas tylko wyobra\u017ania!<\/p>\n<p><strong>Warto r\u00f3wnie\u017c podkre\u015bli\u0107, \u017ce s\u0142one precle organiczne s\u0105 \u017ar\u00f3d\u0142em sk\u0142adnik\u00f3w od\u017cywczych<\/strong>, takich jak b\u0142onnik, witaminy z grupy B i minera\u0142y. B\u0142onnik wp\u0142ywa korzystnie na prawid\u0142owe funkcjonowanie jelit i utrzymanie prawid\u0142owej masy cia\u0142a, natomiast witaminy i minera\u0142y s\u0105 niezb\u0119dne do prawid\u0142owego funkcjonowania organizmu.<\/p>\n<p>Dlatego, je\u015bli szukasz pysznej alternatywy dla tradycyjnych przek\u0105sek i chcesz zadba\u0107 o zdrowie swoje i swojej rodziny, si\u0119gnij po s\u0142one precle organiczne. Nie tylko najm\u0142odsi b\u0119d\u0105 zadowoleni z ich smaku, ale tak\u017ce doro\u015bli doceni\u0105 ich warto\u015b\u0107 od\u017cywcz\u0105.<\/p>\n<p><strong> Spr\u00f3buj i przekonaj si\u0119 sam!<\/strong><\/p>\n<h3>Sk\u0142ad<\/h3>\n<p><strong>Sk\u0142adniki:<\/strong><\/p>\n<p>m\u0105ka pszenna* (m\u0105ka pszenna drobna*, m\u0105ka pszenna pe\u0142noziarnista*), woda pitna, t\u0142uszcz palmowy*, cukier trzcinowy*, s\u00f3l morska (min. 2%), dro\u017cd\u017ce,<\/p>\n<p><strong>\u015arednia warto\u015b\u0107 od\u017cywcza w 100g produktu:<\/strong><\/p>\n<ul>\n<li>Warto\u015b\u0107 energetyczna 1,616 kJ \/ 383,0 KCAL<\/li>\n<li>T\u0142uszcz 7,4 g W tym kwasy t\u0142uszczowe nasycone 3,0 g<\/li>\n<li>W\u0119glowodany 66,0 g W tym cukry 4,1 g<\/li>\n<li>S\u00f3l 4,30 g<\/li>\n<li>Bia\u0142ko 10,0 g<\/li>\n<\/ul>\n<p>substancja glazuruj\u0105ca (wodorotlenek sodu).<\/p>\n<div class=\"font-weight-bold\"><strong>Zawarto\u015b\u0107<\/strong>: 100 g<\/div>\n<div class=\"product-page-summary\">\n<ul class=\"feature-list\">\n<li>Idealny zamiast frytek<\/li>\n<li>Wykonane wy\u0142\u0105cznie z organicznych sk\u0142adnik\u00f3w<\/li>\n<\/ul>\n<\/div>\n<div><span style=\"font-size: 16px;font-style: normal;font-weight: 400\"><strong>EAN<\/strong> <\/span>\u00a05998858704858<\/div>\n<p>&nbsp;<\/p>\n<p>&nbsp;<\/p>","protected":false},"excerpt":{"rendered":"<p>Opis Produktu Biopont Bio S\u0142ony Precel &#8211; 100 g Organoleptyczne i zdrowotne w\u0142a\u015bciwo\u015bci tych precli s\u0105 znacznie wy\u017csze ni\u017c tradycyjnych precli z bia\u0142ej m\u0105ki. Dodatkowo, w produkcji u\u017cywa si\u0119 jedynie naturalnych konserwant\u00f3w, bez sztucznych barwnik\u00f3w i aromat\u00f3w. S\u0142one precle organiczne s\u0105 doskona\u0142ym pomys\u0142em na smaczny i zdrowy przek\u0105sek dla ca\u0142ej rodziny &#8211; nie tylko dla [&hellip;]<\/p>","protected":false},"featured_media":583,"template":"","meta":{"site-sidebar-layout":"default","site-content-layout":"","ast-site-content-layout":"default","site-content-style":"default","site-sidebar-style":"default","ast-global-header-display":"","ast-banner-title-visibility":"","ast-main-header-display":"","ast-hfb-above-header-display":"","ast-hfb-below-header-display":"","ast-hfb-mobile-header-display":"","site-post-title":"","ast-breadcrumbs-content":"","ast-featured-img":"","footer-sml-layout":"","theme-transparent-header-meta":"default","adv-header-id-meta":"","stick-header-meta":"","header-above-stick-meta":"","header-main-stick-meta":"","header-below-stick-meta":"","astra-migrate-meta-layouts":"set","ast-page-background-enabled":"default","ast-page-background-meta":{"desktop":{"background-color":"var(--ast-global-color-4)","background-image":"","background-repeat":"repeat","background-position":"center center","background-size":"auto","background-attachment":"scroll","background-type":"","background-media":"","overlay-type":"","overlay-color":"","overlay-opacity":"","overlay-gradient":""},"tablet":{"background-color":"","background-image":"","background-repeat":"repeat","background-position":"center center","background-size":"auto","background-attachment":"scroll","background-type":"","background-media":"","overlay-type":"","overlay-color":"","overlay-opacity":"","overlay-gradient":""},"mobile":{"background-color":"","background-image":"","background-repeat":"repeat","background-position":"center center","background-size":"auto","background-attachment":"scroll","background-type":"","background-media":"","overlay-type":"","overlay-color":"","overlay-opacity":"","overlay-gradient":""}},"ast-content-background-meta":{"desktop":{"background-color":"var(--ast-global-color-5)","background-image":"","background-repeat":"repeat","background-position":"center center","background-size":"auto","background-attachment":"scroll","background-type":"","background-media":"","overlay-type":"","overlay-color":"","overlay-opacity":"","overlay-gradient":""},"tablet":{"background-color":"var(--ast-global-color-5)","background-image":"","background-repeat":"repeat","background-position":"center center","background-size":"auto","background-attachment":"scroll","background-type":"","background-media":"","overlay-type":"","overlay-color":"","overlay-opacity":"","overlay-gradient":""},"mobile":{"background-color":"var(--ast-global-color-5)","background-image":"","background-repeat":"repeat","background-position":"center center","background-size":"auto","background-attachment":"scroll","background-type":"","background-media":"","overlay-type":"","overlay-color":"","overlay-opacity":"","overlay-gradient":""}}},"product_cat":[66,24],"product_tag":[],"class_list":{"0":"post-529","1":"product","2":"type-product","3":"status-publish","4":"has-post-thumbnail","6":"product_cat-slone","7":"product_cat-przekaski","8":"desktop-align-center","9":"tablet-align-left","10":"mobile-align-left","12":"first","13":"onbackorder","14":"taxable","15":"shipping-taxable","16":"purchasable","17":"product-type-simple"},"_links":{"self":[{"href":"https:\/\/los-odpowiedzialni-spolecznie.pl\/en\/wp-json\/wp\/v2\/product\/529","targetHints":{"allow":["GET"]}}],"collection":[{"href":"https:\/\/los-odpowiedzialni-spolecznie.pl\/en\/wp-json\/wp\/v2\/product"}],"about":[{"href":"https:\/\/los-odpowiedzialni-spolecznie.pl\/en\/wp-json\/wp\/v2\/types\/product"}],"wp:featuredmedia":[{"embeddable":true,"href":"https:\/\/los-odpowiedzialni-spolecznie.pl\/en\/wp-json\/wp\/v2\/media\/583"}],"wp:attachment":[{"href":"https:\/\/los-odpowiedzialni-spolecznie.pl\/en\/wp-json\/wp\/v2\/media?parent=529"}],"wp:term":[{"taxonomy":"product_cat","embeddable":true,"href":"https:\/\/los-odpowiedzialni-spolecznie.pl\/en\/wp-json\/wp\/v2\/product_cat?post=529"},{"taxonomy":"product_tag","embeddable":true,"href":"https:\/\/los-odpowiedzialni-spolecznie.pl\/en\/wp-json\/wp\/v2\/product_tag?post=529"}],"curies":[{"name":"wp","href":"https:\/\/api.w.org\/{rel}","templated":true}]}}