{"id":528,"date":"2024-12-23T15:45:18","date_gmt":"2024-12-23T14:45:18","guid":{"rendered":"https:\/\/los-odpowiedzialni-spolecznie.pl\/?post_type=product&#038;p=528"},"modified":"2024-12-23T15:46:59","modified_gmt":"2024-12-23T14:46:59","slug":"jagody-goji-w-surowej-czekoladzie-70g-cocoa","status":"publish","type":"product","link":"https:\/\/los-odpowiedzialni-spolecznie.pl\/en\/sklep\/produkty-spozywcze\/przekaski\/slodkie\/jagody-goji-w-surowej-czekoladzie-70g-cocoa\/","title":{"rendered":"JAGODY GOJI W SUROWEJ CZEKOLADZIE 70g Cocoa"},"content":{"rendered":"<h3>Opis Produktu<\/h3>\n<p><strong>Jagody Goji w Surowej Czekoladzie 70g &#8211; CO COA EKO<\/strong><\/p>\n<p><strong>Jagody goji zawieraj\u0105 wiele korzystnych sk\u0142adnik\u00f3w od\u017cywczych<\/strong>, takich jak witaminy C, E, A, sole mineralne (\u017celazo, wap\u0144, potas) oraz przeciwutleniacze, kt\u00f3re pomagaj\u0105 w ochronie organizmu przed szkodliwymi wolnymi rodnikami. Maj\u0105 tak\u017ce zdolno\u015b\u0107 wspomagania odporno\u015bci, poprawy funkcjonowania uk\u0142adu trawiennego, obni\u017cania poziomu cholesterolu i stabilizowania poziomu cukru we krwi.<\/p>\n<p><strong>Czekolada z surowych ziaren kakaowca<\/strong>, w przeciwie\u0144stwie do standardowej czekolady, jest bogatsza w sk\u0142adniki od\u017cywcze, takie jak flawonoidy, kt\u00f3re r\u00f3wnie\u017c posiadaj\u0105 w\u0142a\u015bciwo\u015bci przeciwutleniaj\u0105ce. Dodanie jag\u00f3d goji dostarcza dodatkowych witamin i minera\u0142\u00f3w, tworz\u0105c smakow\u0105 eksplozj\u0119 i r\u00f3wnocze\u015bnie korzystnie wp\u0142ywaj\u0105c na zdrowie.<\/p>\n<p><strong>To po\u0142\u0105czenie jest idealnym przyk\u0142adem harmonii mi\u0119dzy smakiem a warto\u015bciami od\u017cywczymi<\/strong>. Dodatkowo, oba sk\u0142adniki s\u0105 pochodzenia naturalnego, a jagody goji pochodz\u0105 z upraw ekologicznych, co sprawia, \u017ce ta kombinacja jest jeszcze bardziej atrakcyjna dla os\u00f3b dbaj\u0105cych o zdrowy styl \u017cycia.<\/p>\n<p>Og\u00f3lnie rzecz bior\u0105c, czekolada z jagodami goji to smaczne i zdrowe po\u0142\u0105czenie, kt\u00f3re z pewno\u015bci\u0105 zaspokoi nasze podniebienie i dostarczy cennych sk\u0142adnik\u00f3w od\u017cywczych.<\/p>\n<h3>Sk\u0142ad<\/h3>\n<p><strong>SK\u0141ADNIKI:<\/strong> czekolada* 65% (ziarno kakaowca*, cukier palmowy*, mas\u0142o kakaowe* zawarto\u015b\u0107 masy kakaowej (60%)), jagody goji*35%<br \/>\n*certyfikowany sk\u0142adnik ekologiczny<\/p>\n<p>&nbsp;<\/p>\n<p><strong>WARTO\u015aCI OD\u017bYWCZE w 100g:<\/strong><br \/>\n<strong>Warto\u015b\u0107 energetyczna 2015 kJ \/ 483 kcal,<\/strong><br \/>\n<strong>T\u0142uszcze<\/strong> 29 g <strong>w tym kwasy t\u0142uszczowe<\/strong> 18 g,<br \/>\n<strong>W\u0119glowodany<\/strong> 44 g <strong>w tym cukry<\/strong> 42 g,<br \/>\n<strong>B\u0142onnik<\/strong> -9 g,<br \/>\n<strong>Bia\u0142ko<\/strong> 9 g,<br \/>\n<strong>S\u00f3l<\/strong> 0,4 g<\/p>\n<p>&nbsp;<\/p>\n<p>&nbsp;<\/p>","protected":false},"excerpt":{"rendered":"<p>Opis Produktu Jagody Goji w Surowej Czekoladzie 70g &#8211; CO COA EKO Jagody goji zawieraj\u0105 wiele korzystnych sk\u0142adnik\u00f3w od\u017cywczych, takich jak witaminy C, E, A, sole mineralne (\u017celazo, wap\u0144, potas) oraz przeciwutleniacze, kt\u00f3re pomagaj\u0105 w ochronie organizmu przed szkodliwymi wolnymi rodnikami. Maj\u0105 tak\u017ce zdolno\u015b\u0107 wspomagania odporno\u015bci, poprawy funkcjonowania uk\u0142adu trawiennego, obni\u017cania poziomu cholesterolu i stabilizowania [&hellip;]<\/p>","protected":false},"featured_media":582,"template":"","meta":{"site-sidebar-layout":"default","site-content-layout":"","ast-site-content-layout":"default","site-content-style":"default","site-sidebar-style":"default","ast-global-header-display":"","ast-banner-title-visibility":"","ast-main-header-display":"","ast-hfb-above-header-display":"","ast-hfb-below-header-display":"","ast-hfb-mobile-header-display":"","site-post-title":"","ast-breadcrumbs-content":"","ast-featured-img":"","footer-sml-layout":"","theme-transparent-header-meta":"default","adv-header-id-meta":"","stick-header-meta":"","header-above-stick-meta":"","header-main-stick-meta":"","header-below-stick-meta":"","astra-migrate-meta-layouts":"set","ast-page-background-enabled":"default","ast-page-background-meta":{"desktop":{"background-color":"var(--ast-global-color-4)","background-image":"","background-repeat":"repeat","background-position":"center center","background-size":"auto","background-attachment":"scroll","background-type":"","background-media":"","overlay-type":"","overlay-color":"","overlay-opacity":"","overlay-gradient":""},"tablet":{"background-color":"","background-image":"","background-repeat":"repeat","background-position":"center center","background-size":"auto","background-attachment":"scroll","background-type":"","background-media":"","overlay-type":"","overlay-color":"","overlay-opacity":"","overlay-gradient":""},"mobile":{"background-color":"","background-image":"","background-repeat":"repeat","background-position":"center center","background-size":"auto","background-attachment":"scroll","background-type":"","background-media":"","overlay-type":"","overlay-color":"","overlay-opacity":"","overlay-gradient":""}},"ast-content-background-meta":{"desktop":{"background-color":"var(--ast-global-color-5)","background-image":"","background-repeat":"repeat","background-position":"center center","background-size":"auto","background-attachment":"scroll","background-type":"","background-media":"","overlay-type":"","overlay-color":"","overlay-opacity":"","overlay-gradient":""},"tablet":{"background-color":"var(--ast-global-color-5)","background-image":"","background-repeat":"repeat","background-position":"center center","background-size":"auto","background-attachment":"scroll","background-type":"","background-media":"","overlay-type":"","overlay-color":"","overlay-opacity":"","overlay-gradient":""},"mobile":{"background-color":"var(--ast-global-color-5)","background-image":"","background-repeat":"repeat","background-position":"center center","background-size":"auto","background-attachment":"scroll","background-type":"","background-media":"","overlay-type":"","overlay-color":"","overlay-opacity":"","overlay-gradient":""}}},"product_cat":[25,24],"product_tag":[34],"class_list":{"0":"post-528","1":"product","2":"type-product","3":"status-publish","4":"has-post-thumbnail","6":"product_cat-slodkie","7":"product_cat-przekaski","8":"product_tag-etykieta-eko","9":"desktop-align-center","10":"tablet-align-left","11":"mobile-align-left","13":"first","14":"onbackorder","15":"purchasable","16":"product-type-simple"},"_links":{"self":[{"href":"https:\/\/los-odpowiedzialni-spolecznie.pl\/en\/wp-json\/wp\/v2\/product\/528","targetHints":{"allow":["GET"]}}],"collection":[{"href":"https:\/\/los-odpowiedzialni-spolecznie.pl\/en\/wp-json\/wp\/v2\/product"}],"about":[{"href":"https:\/\/los-odpowiedzialni-spolecznie.pl\/en\/wp-json\/wp\/v2\/types\/product"}],"wp:featuredmedia":[{"embeddable":true,"href":"https:\/\/los-odpowiedzialni-spolecznie.pl\/en\/wp-json\/wp\/v2\/media\/582"}],"wp:attachment":[{"href":"https:\/\/los-odpowiedzialni-spolecznie.pl\/en\/wp-json\/wp\/v2\/media?parent=528"}],"wp:term":[{"taxonomy":"product_cat","embeddable":true,"href":"https:\/\/los-odpowiedzialni-spolecznie.pl\/en\/wp-json\/wp\/v2\/product_cat?post=528"},{"taxonomy":"product_tag","embeddable":true,"href":"https:\/\/los-odpowiedzialni-spolecznie.pl\/en\/wp-json\/wp\/v2\/product_tag?post=528"}],"curies":[{"name":"wp","href":"https:\/\/api.w.org\/{rel}","templated":true}]}}