{"id":527,"date":"2024-12-23T15:45:18","date_gmt":"2024-12-23T14:45:18","guid":{"rendered":"https:\/\/los-odpowiedzialni-spolecznie.pl\/?post_type=product&#038;p=527"},"modified":"2024-12-23T15:46:55","modified_gmt":"2024-12-23T14:46:55","slug":"super-fudgio-ciastka-z-bananem-bez-dodatku-cukru-130g-bio","status":"publish","type":"product","link":"https:\/\/los-odpowiedzialni-spolecznie.pl\/en\/sklep\/produkty-spozywcze\/przekaski\/slodkie\/super-fudgio-ciastka-z-bananem-bez-dodatku-cukru-130g-bio\/","title":{"rendered":"SUPER FUDGIO Ciastka z bananem bez dodatku cukru 130g &#8211; BIO"},"content":{"rendered":"<h3>Opis Produktu<\/h3>\n<p><strong>SUPER FUDGIO Ciastka z bananem bez dodatku cukru 130g &#8211; BIO<\/strong><\/p>\n<p>Ekologiczne ciastka z bananem, s\u0142odzone agaw\u0105. Wega\u0144skie.<\/p>\n<h3>Sk\u0142adniki<\/h3>\n<div class=\"collapse fade py-2 show\">\n<p class=\"cs2654AE3A\">M\u0105ka pszenna, olej kokosowy*, agawa w proszku* (16%), pe\u0142noziarnista m\u0105ka <strong>pszenna<\/strong>*, m\u0105ka ry\u017cowa*, banan w proszku*(2%), naturalny aromat bananowy, lecytyna s\u0142onecznikowa*.<\/p>\n<p>Mo\u017ce zawiera\u0107:\u00a0<strong>jaja<\/strong>,\u00a0<strong>orzeszki ziemne<\/strong>,\u00a0<strong>soj\u0119<\/strong>\u00a0i<strong>\u00a0mleko<\/strong>.<\/p>\n<p>*Surowce pochodz\u0105ce z upraw ekologicznych.<\/p>\n<div>\n<p><b>WARTO\u015aCI OD\u017bYWCZE<\/b><\/p>\n<table class=\"table table-striped\">\n<thead>\n<tr>\n<th scope=\"col\">\u015arednia warto\u015b\u0107 od\u017cywcza<\/th>\n<th scope=\"col\">w 100 g:<\/th>\n<\/tr>\n<\/thead>\n<tbody>\n<tr>\n<th scope=\"row\">Warto\u015b\u0107 energetyczna<\/th>\n<td>2177 kJ \/ 519 kcal<\/td>\n<\/tr>\n<tr>\n<th scope=\"row\">T\u0142uszcz, w tym:<\/th>\n<td>31 g<\/td>\n<\/tr>\n<tr>\n<th scope=\"row\">&#8211; kwasy t\u0142uszczowe nasycone<\/th>\n<td>27 g<\/td>\n<\/tr>\n<tr>\n<th scope=\"row\">W\u0119glowodany, w tym:<\/th>\n<td>53 g<\/td>\n<\/tr>\n<tr>\n<th scope=\"row\">&#8211; cukry<\/th>\n<td>18 g<\/td>\n<\/tr>\n<tr>\n<th scope=\"row\">B\u0142onnik<\/th>\n<td>5,3 g<\/td>\n<\/tr>\n<tr>\n<th scope=\"row\">Bia\u0142ko<\/th>\n<td>5,6 g<\/td>\n<\/tr>\n<tr>\n<th scope=\"row\">S\u00f3l<\/th>\n<td>&lt;0,01 g<\/td>\n<\/tr>\n<\/tbody>\n<\/table>\n<\/div>\n<div>\n<p><b>PRZYGOTOWANIE I STOSOWANIE<\/b><\/p>\n<p class=\"cs2654AE3A\">Przechowywa\u0107 w suchym i ch\u0142odnym miejscu.<\/p>\n<\/div>\n<div>\n<p><b>OSTRZE\u017bENIA DOTYCZ\u0104CE BEZPIECZE\u0143STWA<\/b><\/p>\n<p class=\"cs2654AE3A\">Mo\u017ce zawiera\u0107:\u00a0<strong>jaja<\/strong>,\u00a0<strong>orzeszki ziemne<\/strong>,\u00a0<strong>soj\u0119<\/strong>\u00a0i<strong>\u00a0mleko<\/strong>.<\/p>\n<\/div>\n<div>\n<p><b>ADRES PRODUCENTA \/ DYSTRYBUTORA<\/b>ME GUSTO Sp. zo.o., ul. Ba\u0142tycka 4a lok. 3, 01-707 Sopot<\/p>\n<\/div>\n<div><b>Kod EAN<\/b><br \/>\n5 907713 371128<\/div>\n<\/div>","protected":false},"excerpt":{"rendered":"<p>Opis Produktu SUPER FUDGIO Ciastka z bananem bez dodatku cukru 130g &#8211; BIO Ekologiczne ciastka z bananem, s\u0142odzone agaw\u0105. Wega\u0144skie. Sk\u0142adniki M\u0105ka pszenna, olej kokosowy*, agawa w proszku* (16%), pe\u0142noziarnista m\u0105ka pszenna*, m\u0105ka ry\u017cowa*, banan w proszku*(2%), naturalny aromat bananowy, lecytyna s\u0142onecznikowa*. Mo\u017ce zawiera\u0107:\u00a0jaja,\u00a0orzeszki ziemne,\u00a0soj\u0119\u00a0i\u00a0mleko. *Surowce pochodz\u0105ce z upraw ekologicznych. WARTO\u015aCI OD\u017bYWCZE \u015arednia warto\u015b\u0107 od\u017cywcza [&hellip;]<\/p>","protected":false},"featured_media":581,"template":"","meta":{"site-sidebar-layout":"default","site-content-layout":"","ast-site-content-layout":"default","site-content-style":"default","site-sidebar-style":"default","ast-global-header-display":"","ast-banner-title-visibility":"","ast-main-header-display":"","ast-hfb-above-header-display":"","ast-hfb-below-header-display":"","ast-hfb-mobile-header-display":"","site-post-title":"","ast-breadcrumbs-content":"","ast-featured-img":"","footer-sml-layout":"","theme-transparent-header-meta":"default","adv-header-id-meta":"","stick-header-meta":"","header-above-stick-meta":"","header-main-stick-meta":"","header-below-stick-meta":"","astra-migrate-meta-layouts":"set","ast-page-background-enabled":"default","ast-page-background-meta":{"desktop":{"background-color":"var(--ast-global-color-4)","background-image":"","background-repeat":"repeat","background-position":"center center","background-size":"auto","background-attachment":"scroll","background-type":"","background-media":"","overlay-type":"","overlay-color":"","overlay-opacity":"","overlay-gradient":""},"tablet":{"background-color":"","background-image":"","background-repeat":"repeat","background-position":"center center","background-size":"auto","background-attachment":"scroll","background-type":"","background-media":"","overlay-type":"","overlay-color":"","overlay-opacity":"","overlay-gradient":""},"mobile":{"background-color":"","background-image":"","background-repeat":"repeat","background-position":"center center","background-size":"auto","background-attachment":"scroll","background-type":"","background-media":"","overlay-type":"","overlay-color":"","overlay-opacity":"","overlay-gradient":""}},"ast-content-background-meta":{"desktop":{"background-color":"var(--ast-global-color-5)","background-image":"","background-repeat":"repeat","background-position":"center center","background-size":"auto","background-attachment":"scroll","background-type":"","background-media":"","overlay-type":"","overlay-color":"","overlay-opacity":"","overlay-gradient":""},"tablet":{"background-color":"var(--ast-global-color-5)","background-image":"","background-repeat":"repeat","background-position":"center center","background-size":"auto","background-attachment":"scroll","background-type":"","background-media":"","overlay-type":"","overlay-color":"","overlay-opacity":"","overlay-gradient":""},"mobile":{"background-color":"var(--ast-global-color-5)","background-image":"","background-repeat":"repeat","background-position":"center center","background-size":"auto","background-attachment":"scroll","background-type":"","background-media":"","overlay-type":"","overlay-color":"","overlay-opacity":"","overlay-gradient":""}}},"product_cat":[25,37,24],"product_tag":[34],"class_list":{"0":"post-527","1":"product","2":"type-product","3":"status-publish","4":"has-post-thumbnail","6":"product_cat-slodkie","7":"product_cat-owocowe","8":"product_cat-przekaski","9":"product_tag-etykieta-eko","10":"desktop-align-center","11":"tablet-align-left","12":"mobile-align-left","14":"first","15":"onbackorder","16":"purchasable","17":"product-type-simple"},"_links":{"self":[{"href":"https:\/\/los-odpowiedzialni-spolecznie.pl\/en\/wp-json\/wp\/v2\/product\/527","targetHints":{"allow":["GET"]}}],"collection":[{"href":"https:\/\/los-odpowiedzialni-spolecznie.pl\/en\/wp-json\/wp\/v2\/product"}],"about":[{"href":"https:\/\/los-odpowiedzialni-spolecznie.pl\/en\/wp-json\/wp\/v2\/types\/product"}],"wp:featuredmedia":[{"embeddable":true,"href":"https:\/\/los-odpowiedzialni-spolecznie.pl\/en\/wp-json\/wp\/v2\/media\/581"}],"wp:attachment":[{"href":"https:\/\/los-odpowiedzialni-spolecznie.pl\/en\/wp-json\/wp\/v2\/media?parent=527"}],"wp:term":[{"taxonomy":"product_cat","embeddable":true,"href":"https:\/\/los-odpowiedzialni-spolecznie.pl\/en\/wp-json\/wp\/v2\/product_cat?post=527"},{"taxonomy":"product_tag","embeddable":true,"href":"https:\/\/los-odpowiedzialni-spolecznie.pl\/en\/wp-json\/wp\/v2\/product_tag?post=527"}],"curies":[{"name":"wp","href":"https:\/\/api.w.org\/{rel}","templated":true}]}}