{"id":526,"date":"2024-12-23T15:45:17","date_gmt":"2024-12-23T14:45:17","guid":{"rendered":"https:\/\/los-odpowiedzialni-spolecznie.pl\/?post_type=product&#038;p=526"},"modified":"2024-12-23T15:46:51","modified_gmt":"2024-12-23T14:46:51","slug":"cocoa-rodzynki-w-surowej-czekoladzie-bio-70g","status":"publish","type":"product","link":"https:\/\/los-odpowiedzialni-spolecznie.pl\/en\/sklep\/produkty-spozywcze\/przekaski\/owocowe\/cocoa-rodzynki-w-surowej-czekoladzie-bio-70g\/","title":{"rendered":"COCOA Rodzynki w surowej czekoladzie BIO 70g"},"content":{"rendered":"<h3>Opis Produktu<\/h3>\n<p class=\"title product large-title\"><strong>COCOA Rodzynki w surowej\u00a0 czekoladzie BIO 70g<\/strong><\/p>\n<p>Rodzynki w surowej czekoladzie Bio Cocoa s\u0105\u00a0 ekologiczne, co oznacza, \u017ce zosta\u0142y wyprodukowane zgodnie z zasadami zr\u00f3wnowa\u017conego rozwoju. Nie zawieraj\u0105 sztucznych dodatk\u00f3w ani konserwant\u00f3w, co czyni je jeszcze bardziej zdrow\u0105 i naturaln\u0105 przek\u0105sk\u0105.<\/p>\n<p>Rodzynki to doskona\u0142e \u017ar\u00f3d\u0142o b\u0142onnika, \u017celaza, wapnia i witamin z grupy B. Dzi\u0119ki temu s\u0105 nie tylko smaczne, ale r\u00f3wnie\u017c korzystne dla zdrowia. Zawarte w nich antyoksydanty wspomagaj\u0105 uk\u0142ad odporno\u015bciowy i wzmacniaj\u0105 organizm.<\/p>\n<p>Przek\u0105ska idealnie sprawdzi si\u0119 jako dodatek do \u015bniadania, deseru czy te\u017c jako zdrowa przek\u0105ska mi\u0119dzy posi\u0142kami. Mo\u017ce by\u0107 r\u00f3wnie\u017c \u015bwietnym prezentem dla bliskiej osoby lub dodatkiem do upominku. Rodzynki w surowej czekoladzie Bio Cocoa to smakowa uczta i zdrowa przek\u0105ska w jednym!<\/p>\n<h3>Sk\u0142adniki<\/h3>\n<p>czekolada* (50 %)<br \/>\n(niepra\u017cone ziarno kakaowca*, cukier z kwiatu palmy kokosowej*, t\u0142uszcz<br \/>\nkakaowy*, wanilia Bourbon*), rodzynki* (50 %) (*certyfikowany sk\u0142adnik<br \/>\nekologiczny).\u00a0Zawarto\u015b\u0107 masy kakaowej min. 65 %.<\/p>\n<p>Produkt mo\u017ce zawiera\u0107 orzechy.<\/p>\n<p><strong>Gramatura<\/strong>: 70g<\/p>\n<section class=\"wd-negative-gap elementor-section elementor-top-section elementor-element elementor-element-9007244 elementor-section-content-middle elementor-section-boxed elementor-section-height-default elementor-section-height-default wd-section-disabled\" data-id=\"9007244\" data-element_type=\"section\">\n<div class=\"elementor-container elementor-column-gap-default\">\n<div class=\"elementor-column elementor-col-50 elementor-top-column elementor-element elementor-element-4369d00d\" data-id=\"4369d00d\" data-element_type=\"column\">\n<div class=\"elementor-widget-wrap elementor-element-populated\">\n<div class=\"elementor-element elementor-element-6ee16628 elementor-widget elementor-widget-wd_title\" data-id=\"6ee16628\" data-element_type=\"widget\" data-widget_type=\"wd_title.default\">\n<div class=\"elementor-widget-container\">\n<div class=\"title-wrapper set-mb-s reset-last-child wd-title-color-default wd-title-style-bordered wd-title-size-extra-large text-left\">\n<div class=\"liner-continer\">\n<h4 class=\"woodmart-title-container title wd-fontsize-xxxl\">Warto\u015bci od\u017cywcze<\/h4>\n<\/div>\n<\/div>\n<\/div>\n<\/div>\n<div class=\"elementor-element elementor-element-13a7a0c2 elementor-widget elementor-widget-wd_text_block\" data-id=\"13a7a0c2\" data-element_type=\"widget\" data-widget_type=\"wd_text_block.default\">\n<div class=\"elementor-widget-container\">\n<div class=\"wd-text-block reset-last-child text-left\">\n<table width=\"419\">\n<tbody>\n<tr>\n<th><strong>Energia<\/strong><\/th>\n<td>1940kJ \/ 465kcal<\/td>\n<\/tr>\n<tr>\n<th><strong>T\u0142uszcz<\/strong><\/th>\n<td>25 g<\/td>\n<\/tr>\n<tr>\n<th>w tym kwasy t\u0142uszczowe nasycone<\/th>\n<td>16 g<\/td>\n<\/tr>\n<tr>\n<th><strong>W\u0119glowodany<\/strong><\/th>\n<td>51 g<\/td>\n<\/tr>\n<tr>\n<th>w tym cukry<\/th>\n<td>49 g<\/td>\n<\/tr>\n<tr>\n<th><strong>B\u0142onnik<\/strong><\/th>\n<td>7 g<\/td>\n<\/tr>\n<tr>\n<th><strong>Bia\u0142ko<\/strong><\/th>\n<td>4 g<\/td>\n<\/tr>\n<tr>\n<th><strong>S\u00f3l<\/strong><\/th>\n<td>0,1 g<\/td>\n<\/tr>\n<\/tbody>\n<\/table>\n<\/div>\n<\/div>\n<\/div>\n<\/div>\n<\/div>\n<\/div>\n<\/section>\n<section class=\"wd-negative-gap elementor-section elementor-top-section elementor-element elementor-element-9ae298e elementor-section-boxed elementor-section-height-default elementor-section-height-default wd-section-disabled\" data-id=\"9ae298e\" data-element_type=\"section\">\n<div class=\"elementor-container elementor-column-gap-default\">\n<div class=\"elementor-column elementor-col-100 elementor-top-column elementor-element elementor-element-e0c00e4\" data-id=\"e0c00e4\" data-element_type=\"column\">\n<div class=\"elementor-widget-wrap elementor-element-populated\">\n<div class=\"elementor-element elementor-element-2120591 elementor-widget elementor-widget-wd_image_or_svg\" data-id=\"2120591\" data-element_type=\"widget\" data-widget_type=\"wd_image_or_svg.default\">\n<div class=\"elementor-widget-container\"><\/div>\n<\/div>\n<\/div>\n<\/div>\n<\/div>\n<\/section>","protected":false},"excerpt":{"rendered":"<p>Opis Produktu COCOA Rodzynki w surowej\u00a0 czekoladzie BIO 70g Rodzynki w surowej czekoladzie Bio Cocoa s\u0105\u00a0 ekologiczne, co oznacza, \u017ce zosta\u0142y wyprodukowane zgodnie z zasadami zr\u00f3wnowa\u017conego rozwoju. Nie zawieraj\u0105 sztucznych dodatk\u00f3w ani konserwant\u00f3w, co czyni je jeszcze bardziej zdrow\u0105 i naturaln\u0105 przek\u0105sk\u0105. Rodzynki to doskona\u0142e \u017ar\u00f3d\u0142o b\u0142onnika, \u017celaza, wapnia i witamin z grupy B. Dzi\u0119ki [&hellip;]<\/p>","protected":false},"featured_media":580,"template":"","meta":{"site-sidebar-layout":"default","site-content-layout":"","ast-site-content-layout":"default","site-content-style":"default","site-sidebar-style":"default","ast-global-header-display":"","ast-banner-title-visibility":"","ast-main-header-display":"","ast-hfb-above-header-display":"","ast-hfb-below-header-display":"","ast-hfb-mobile-header-display":"","site-post-title":"","ast-breadcrumbs-content":"","ast-featured-img":"","footer-sml-layout":"","theme-transparent-header-meta":"default","adv-header-id-meta":"","stick-header-meta":"","header-above-stick-meta":"","header-main-stick-meta":"","header-below-stick-meta":"","astra-migrate-meta-layouts":"set","ast-page-background-enabled":"default","ast-page-background-meta":{"desktop":{"background-color":"var(--ast-global-color-4)","background-image":"","background-repeat":"repeat","background-position":"center center","background-size":"auto","background-attachment":"scroll","background-type":"","background-media":"","overlay-type":"","overlay-color":"","overlay-opacity":"","overlay-gradient":""},"tablet":{"background-color":"","background-image":"","background-repeat":"repeat","background-position":"center center","background-size":"auto","background-attachment":"scroll","background-type":"","background-media":"","overlay-type":"","overlay-color":"","overlay-opacity":"","overlay-gradient":""},"mobile":{"background-color":"","background-image":"","background-repeat":"repeat","background-position":"center center","background-size":"auto","background-attachment":"scroll","background-type":"","background-media":"","overlay-type":"","overlay-color":"","overlay-opacity":"","overlay-gradient":""}},"ast-content-background-meta":{"desktop":{"background-color":"var(--ast-global-color-5)","background-image":"","background-repeat":"repeat","background-position":"center center","background-size":"auto","background-attachment":"scroll","background-type":"","background-media":"","overlay-type":"","overlay-color":"","overlay-opacity":"","overlay-gradient":""},"tablet":{"background-color":"var(--ast-global-color-5)","background-image":"","background-repeat":"repeat","background-position":"center center","background-size":"auto","background-attachment":"scroll","background-type":"","background-media":"","overlay-type":"","overlay-color":"","overlay-opacity":"","overlay-gradient":""},"mobile":{"background-color":"var(--ast-global-color-5)","background-image":"","background-repeat":"repeat","background-position":"center center","background-size":"auto","background-attachment":"scroll","background-type":"","background-media":"","overlay-type":"","overlay-color":"","overlay-opacity":"","overlay-gradient":""}}},"product_cat":[78,37,24],"product_tag":[34],"class_list":{"0":"post-526","1":"product","2":"type-product","3":"status-publish","4":"has-post-thumbnail","6":"product_cat-bakalie","7":"product_cat-owocowe","8":"product_cat-przekaski","9":"product_tag-etykieta-eko","10":"desktop-align-center","11":"tablet-align-left","12":"mobile-align-left","14":"first","15":"onbackorder","16":"purchasable","17":"product-type-simple"},"_links":{"self":[{"href":"https:\/\/los-odpowiedzialni-spolecznie.pl\/en\/wp-json\/wp\/v2\/product\/526","targetHints":{"allow":["GET"]}}],"collection":[{"href":"https:\/\/los-odpowiedzialni-spolecznie.pl\/en\/wp-json\/wp\/v2\/product"}],"about":[{"href":"https:\/\/los-odpowiedzialni-spolecznie.pl\/en\/wp-json\/wp\/v2\/types\/product"}],"wp:featuredmedia":[{"embeddable":true,"href":"https:\/\/los-odpowiedzialni-spolecznie.pl\/en\/wp-json\/wp\/v2\/media\/580"}],"wp:attachment":[{"href":"https:\/\/los-odpowiedzialni-spolecznie.pl\/en\/wp-json\/wp\/v2\/media?parent=526"}],"wp:term":[{"taxonomy":"product_cat","embeddable":true,"href":"https:\/\/los-odpowiedzialni-spolecznie.pl\/en\/wp-json\/wp\/v2\/product_cat?post=526"},{"taxonomy":"product_tag","embeddable":true,"href":"https:\/\/los-odpowiedzialni-spolecznie.pl\/en\/wp-json\/wp\/v2\/product_tag?post=526"}],"curies":[{"name":"wp","href":"https:\/\/api.w.org\/{rel}","templated":true}]}}