{"id":513,"date":"2024-12-23T15:44:54","date_gmt":"2024-12-23T14:44:54","guid":{"rendered":"https:\/\/los-odpowiedzialni-spolecznie.pl\/?post_type=product&#038;p=513"},"modified":"2024-12-23T15:46:21","modified_gmt":"2024-12-23T14:46:21","slug":"cukierki-z-nadzieniem-o-smaku-imbirowo-limonkowym-i-imbirowo-pomaranczowym-bio-90-g-alpenbauer","status":"publish","type":"product","link":"https:\/\/los-odpowiedzialni-spolecznie.pl\/en\/sklep\/produkty-spozywcze\/przekaski\/slodkie\/cukierki-z-nadzieniem-o-smaku-imbirowo-limonkowym-i-imbirowo-pomaranczowym-bio-90-g-alpenbauer\/","title":{"rendered":"CUKIERKI Z NADZIENIEM O SMAKU IMBIROWO &#8211; LIMONKOWYM I IMBIROWO &#8211; POMARA\u0143CZOWYM BIO 90 g &#8211; ALPENBAUER"},"content":{"rendered":"<h3>Opis Produktu<\/h3>\n<p><strong>CUKIERKI Z NADZIENIEM O SMAKU IMBIROWO &#8211; LIMONKOWYM I IMBIROWO &#8211; POMARA\u0143CZOWYM BIO 90 g<\/strong><\/p>\n<p><strong>SK\u0141ADNIKI<\/strong><br \/>\nsyrop glukozowy*, cukier*, kwas: kwas cytrynowy, ekstrakt z imbiru* (0,6 %), koncentrat soku z limonki* (0,2 %), koncentrat soku z pomara\u0144czy* (0,2 %), naturalny aromat imbirowy, naturalny aromat limonki, naturalny aromat z pomara\u0144czy, naturalny aromat kurkumy, koncentrat soku z aronii* (*certyfikowany sk\u0142adnik ekologiczny)<\/p>\n<p><strong>WARTO\u015a\u0106 OD\u017bYWCZA W 100 g<\/strong><br \/>\n<strong>Warto\u015b\u0107 energetyczna &#8211; 1599 kJ\/375 kcal<\/strong><br \/>\n<strong>T\u0142uszcz<\/strong> &#8211; 0 g<br \/>\n<strong>w tym kwasy t\u0142uszczowe nasycone<\/strong> &#8211; 0 g<br \/>\n<strong>W\u0119glowodany<\/strong> &#8211; 93 g<br \/>\n<strong>w tym cukry<\/strong> &#8211; 76 g<br \/>\n<strong>Bia\u0142ko<\/strong> &#8211; 0 g<br \/>\n<strong>S\u00f3l<\/strong> &#8211; 0 g<\/p>\n<p><strong>ZALECANE WARUNKI PRZECHOWYWANIA<\/strong><br \/>\nPrzechowywa\u0107 w suchym i ch\u0142odnym miejscu<\/p>\n<p>&nbsp;<\/p>","protected":false},"excerpt":{"rendered":"<p>Opis Produktu CUKIERKI Z NADZIENIEM O SMAKU IMBIROWO &#8211; LIMONKOWYM I IMBIROWO &#8211; POMARA\u0143CZOWYM BIO 90 g SK\u0141ADNIKI syrop glukozowy*, cukier*, kwas: kwas cytrynowy, ekstrakt z imbiru* (0,6 %), koncentrat soku z limonki* (0,2 %), koncentrat soku z pomara\u0144czy* (0,2 %), naturalny aromat imbirowy, naturalny aromat limonki, naturalny aromat z pomara\u0144czy, naturalny aromat kurkumy, koncentrat [&hellip;]<\/p>","protected":false},"featured_media":562,"template":"","meta":{"site-sidebar-layout":"default","site-content-layout":"","ast-site-content-layout":"default","site-content-style":"default","site-sidebar-style":"default","ast-global-header-display":"","ast-banner-title-visibility":"","ast-main-header-display":"","ast-hfb-above-header-display":"","ast-hfb-below-header-display":"","ast-hfb-mobile-header-display":"","site-post-title":"","ast-breadcrumbs-content":"","ast-featured-img":"","footer-sml-layout":"","theme-transparent-header-meta":"default","adv-header-id-meta":"","stick-header-meta":"","header-above-stick-meta":"","header-main-stick-meta":"","header-below-stick-meta":"","astra-migrate-meta-layouts":"set","ast-page-background-enabled":"default","ast-page-background-meta":{"desktop":{"background-color":"var(--ast-global-color-4)","background-image":"","background-repeat":"repeat","background-position":"center center","background-size":"auto","background-attachment":"scroll","background-type":"","background-media":"","overlay-type":"","overlay-color":"","overlay-opacity":"","overlay-gradient":""},"tablet":{"background-color":"","background-image":"","background-repeat":"repeat","background-position":"center center","background-size":"auto","background-attachment":"scroll","background-type":"","background-media":"","overlay-type":"","overlay-color":"","overlay-opacity":"","overlay-gradient":""},"mobile":{"background-color":"","background-image":"","background-repeat":"repeat","background-position":"center center","background-size":"auto","background-attachment":"scroll","background-type":"","background-media":"","overlay-type":"","overlay-color":"","overlay-opacity":"","overlay-gradient":""}},"ast-content-background-meta":{"desktop":{"background-color":"var(--ast-global-color-5)","background-image":"","background-repeat":"repeat","background-position":"center center","background-size":"auto","background-attachment":"scroll","background-type":"","background-media":"","overlay-type":"","overlay-color":"","overlay-opacity":"","overlay-gradient":""},"tablet":{"background-color":"var(--ast-global-color-5)","background-image":"","background-repeat":"repeat","background-position":"center center","background-size":"auto","background-attachment":"scroll","background-type":"","background-media":"","overlay-type":"","overlay-color":"","overlay-opacity":"","overlay-gradient":""},"mobile":{"background-color":"var(--ast-global-color-5)","background-image":"","background-repeat":"repeat","background-position":"center center","background-size":"auto","background-attachment":"scroll","background-type":"","background-media":"","overlay-type":"","overlay-color":"","overlay-opacity":"","overlay-gradient":""}}},"product_cat":[25,24],"product_tag":[34],"class_list":{"0":"post-513","1":"product","2":"type-product","3":"status-publish","4":"has-post-thumbnail","6":"product_cat-slodkie","7":"product_cat-przekaski","8":"product_tag-etykieta-eko","9":"desktop-align-center","10":"tablet-align-left","11":"mobile-align-left","13":"first","14":"instock","15":"purchasable","16":"product-type-simple"},"_links":{"self":[{"href":"https:\/\/los-odpowiedzialni-spolecznie.pl\/en\/wp-json\/wp\/v2\/product\/513","targetHints":{"allow":["GET"]}}],"collection":[{"href":"https:\/\/los-odpowiedzialni-spolecznie.pl\/en\/wp-json\/wp\/v2\/product"}],"about":[{"href":"https:\/\/los-odpowiedzialni-spolecznie.pl\/en\/wp-json\/wp\/v2\/types\/product"}],"wp:featuredmedia":[{"embeddable":true,"href":"https:\/\/los-odpowiedzialni-spolecznie.pl\/en\/wp-json\/wp\/v2\/media\/562"}],"wp:attachment":[{"href":"https:\/\/los-odpowiedzialni-spolecznie.pl\/en\/wp-json\/wp\/v2\/media?parent=513"}],"wp:term":[{"taxonomy":"product_cat","embeddable":true,"href":"https:\/\/los-odpowiedzialni-spolecznie.pl\/en\/wp-json\/wp\/v2\/product_cat?post=513"},{"taxonomy":"product_tag","embeddable":true,"href":"https:\/\/los-odpowiedzialni-spolecznie.pl\/en\/wp-json\/wp\/v2\/product_tag?post=513"}],"curies":[{"name":"wp","href":"https:\/\/api.w.org\/{rel}","templated":true}]}}