{"id":503,"date":"2024-12-23T15:44:26","date_gmt":"2024-12-23T14:44:26","guid":{"rendered":"https:\/\/los-odpowiedzialni-spolecznie.pl\/?post_type=product&#038;p=503"},"modified":"2024-12-23T15:46:07","modified_gmt":"2024-12-23T14:46:07","slug":"ciasteczka-owsiane-z-miodem-bez-dodatku-cukrow-bio-150-g-ania","status":"publish","type":"product","link":"https:\/\/los-odpowiedzialni-spolecznie.pl\/en\/sklep\/produkty-spozywcze\/przekaski\/slodkie\/ciasteczka-owsiane-z-miodem-bez-dodatku-cukrow-bio-150-g-ania\/","title":{"rendered":"Ciasteczka owsiane z miodem bez dodatku cukr\u00f3w BIO 150 g &#8211; ANIA"},"content":{"rendered":"<h3>Opis Produktu<\/h3>\n<p><strong>Ciasteczka Osiane z miodem bez dodatku cukr\u00f3w Bio 150 g Ania<\/strong><\/p>\n<p><strong>SK\u0141ADNIKI<\/strong><br \/>\nm\u0105ka PSZENNA*, p\u0142atki OWSIANE* (30 %), MLEKO w proszku*, s\u00f3l, t\u0142uszcz kokosowy*, mi\u00f3d naturalny* (0,3 %) (*certyfikowany sk\u0142adnik ekologiczny)<\/p>\n<p><strong>WARTO\u015a\u0106 OD\u017bYWCZA W 100 g<\/strong><br \/>\n<strong>Warto\u015b\u0107 energetyczna 1515kJ \/ 362 kcal<\/strong><br \/>\n<strong>T\u0142uszcz<\/strong>: 8,4 g<br \/>\n<strong>w tym kwasy tluszczowe nasycone<\/strong>: 5,8 g<br \/>\n<strong>W\u0119glowodany:<\/strong> 63 g<br \/>\n<strong>w tym cukry:<\/strong> 0,9 g<br \/>\n<strong>B\u0142onnik:<\/strong> 2,1 g<br \/>\n<strong>Bia\u0142ko:<\/strong> 9,1 g<\/p>\n<p><strong>INFORMACJA ALERGENNA<\/strong><\/p>\n<p>Produkt mo\u017ce zawiera\u0107 jaja, sezam, soj\u0119.<\/p>\n<p><strong>ZALECANE WARUNKI PRZECHOWYWANIA<\/strong><\/p>\n<p>Przechowywa\u0107 w suchym i ch\u0142odnym miejscu, z dala od \u017ar\u00f3de\u0142 ciep\u0142a.<\/p>\n<p>&nbsp;<\/p>","protected":false},"excerpt":{"rendered":"<p>Opis Produktu Ciasteczka Osiane z miodem bez dodatku cukr\u00f3w Bio 150 g Ania SK\u0141ADNIKI m\u0105ka PSZENNA*, p\u0142atki OWSIANE* (30 %), MLEKO w proszku*, s\u00f3l, t\u0142uszcz kokosowy*, mi\u00f3d naturalny* (0,3 %) (*certyfikowany sk\u0142adnik ekologiczny) WARTO\u015a\u0106 OD\u017bYWCZA W 100 g Warto\u015b\u0107 energetyczna 1515kJ \/ 362 kcal T\u0142uszcz: 8,4 g w tym kwasy tluszczowe nasycone: 5,8 g W\u0119glowodany: [&hellip;]<\/p>","protected":false},"featured_media":558,"template":"","meta":{"site-sidebar-layout":"default","site-content-layout":"","ast-site-content-layout":"default","site-content-style":"default","site-sidebar-style":"default","ast-global-header-display":"","ast-banner-title-visibility":"","ast-main-header-display":"","ast-hfb-above-header-display":"","ast-hfb-below-header-display":"","ast-hfb-mobile-header-display":"","site-post-title":"","ast-breadcrumbs-content":"","ast-featured-img":"","footer-sml-layout":"","theme-transparent-header-meta":"default","adv-header-id-meta":"","stick-header-meta":"","header-above-stick-meta":"","header-main-stick-meta":"","header-below-stick-meta":"","astra-migrate-meta-layouts":"set","ast-page-background-enabled":"default","ast-page-background-meta":{"desktop":{"background-color":"var(--ast-global-color-4)","background-image":"","background-repeat":"repeat","background-position":"center center","background-size":"auto","background-attachment":"scroll","background-type":"","background-media":"","overlay-type":"","overlay-color":"","overlay-opacity":"","overlay-gradient":""},"tablet":{"background-color":"","background-image":"","background-repeat":"repeat","background-position":"center center","background-size":"auto","background-attachment":"scroll","background-type":"","background-media":"","overlay-type":"","overlay-color":"","overlay-opacity":"","overlay-gradient":""},"mobile":{"background-color":"","background-image":"","background-repeat":"repeat","background-position":"center center","background-size":"auto","background-attachment":"scroll","background-type":"","background-media":"","overlay-type":"","overlay-color":"","overlay-opacity":"","overlay-gradient":""}},"ast-content-background-meta":{"desktop":{"background-color":"var(--ast-global-color-5)","background-image":"","background-repeat":"repeat","background-position":"center center","background-size":"auto","background-attachment":"scroll","background-type":"","background-media":"","overlay-type":"","overlay-color":"","overlay-opacity":"","overlay-gradient":""},"tablet":{"background-color":"var(--ast-global-color-5)","background-image":"","background-repeat":"repeat","background-position":"center center","background-size":"auto","background-attachment":"scroll","background-type":"","background-media":"","overlay-type":"","overlay-color":"","overlay-opacity":"","overlay-gradient":""},"mobile":{"background-color":"var(--ast-global-color-5)","background-image":"","background-repeat":"repeat","background-position":"center center","background-size":"auto","background-attachment":"scroll","background-type":"","background-media":"","overlay-type":"","overlay-color":"","overlay-opacity":"","overlay-gradient":""}}},"product_cat":[25,24],"product_tag":[34],"class_list":{"0":"post-503","1":"product","2":"type-product","3":"status-publish","4":"has-post-thumbnail","6":"product_cat-slodkie","7":"product_cat-przekaski","8":"product_tag-etykieta-eko","9":"desktop-align-center","10":"tablet-align-left","11":"mobile-align-left","13":"first","14":"onbackorder","15":"purchasable","16":"product-type-simple"},"_links":{"self":[{"href":"https:\/\/los-odpowiedzialni-spolecznie.pl\/en\/wp-json\/wp\/v2\/product\/503","targetHints":{"allow":["GET"]}}],"collection":[{"href":"https:\/\/los-odpowiedzialni-spolecznie.pl\/en\/wp-json\/wp\/v2\/product"}],"about":[{"href":"https:\/\/los-odpowiedzialni-spolecznie.pl\/en\/wp-json\/wp\/v2\/types\/product"}],"wp:featuredmedia":[{"embeddable":true,"href":"https:\/\/los-odpowiedzialni-spolecznie.pl\/en\/wp-json\/wp\/v2\/media\/558"}],"wp:attachment":[{"href":"https:\/\/los-odpowiedzialni-spolecznie.pl\/en\/wp-json\/wp\/v2\/media?parent=503"}],"wp:term":[{"taxonomy":"product_cat","embeddable":true,"href":"https:\/\/los-odpowiedzialni-spolecznie.pl\/en\/wp-json\/wp\/v2\/product_cat?post=503"},{"taxonomy":"product_tag","embeddable":true,"href":"https:\/\/los-odpowiedzialni-spolecznie.pl\/en\/wp-json\/wp\/v2\/product_tag?post=503"}],"curies":[{"name":"wp","href":"https:\/\/api.w.org\/{rel}","templated":true}]}}