{"id":499,"date":"2024-12-23T15:44:26","date_gmt":"2024-12-23T14:44:26","guid":{"rendered":"https:\/\/los-odpowiedzialni-spolecznie.pl\/?post_type=product&#038;p=499"},"modified":"2024-12-23T15:45:54","modified_gmt":"2024-12-23T14:45:54","slug":"alce-nero-ciastka-owsiano-gryczane-z-oliwa-z-oliwek-bio-250-g","status":"publish","type":"product","link":"https:\/\/los-odpowiedzialni-spolecznie.pl\/en\/sklep\/produkty-spozywcze\/przekaski\/slodkie\/alce-nero-ciastka-owsiano-gryczane-z-oliwa-z-oliwek-bio-250-g\/","title":{"rendered":"Alce Nero ciastka owsiano &#8211; gryczane z oliw\u0105 z oliwek BIO 250 g"},"content":{"rendered":"<h3>Opis Produktu<\/h3>\n<p><b>Alce Nero Frollini Avena e Grano Saraceno\u00a0<\/b>to ciastka owsiano-gryczane z oliw\u0105 z oliwek extra virgin (14%) BIO. Te ekologiczne ciastka wytwarzane s\u0105 wy\u0142\u0105cznie w 100% z w\u0142oskich zb\u00f3\u017c z dodatkiem oliwy z oliwek z pierwszego t\u0142oczenia. Ich receptura jest prosta. Sk\u0142ada si\u0119 z kilku sk\u0142adnik\u00f3w, bez aromat\u00f3w i produkt\u00f3w pochodzenia zwierz\u0119cego, takich jak mas\u0142o czy jajka. Ciasteczka te s\u0105 \u017ar\u00f3d\u0142em b\u0142onnika, magnezu, miedzi i cynku, s\u0105 bogate w fosfor. To zdrowa i smaczna przek\u0105ska dla ka\u017cdego.<\/p>\n<p><b>Sk\u0142adniki:<\/b>\u00a0m\u0105ka owsiana pe\u0142noziarnista 32%, cukier trzcinowy, m\u0105ka gryczana 15%, oliwa z oliwek extra virgin 14%, m\u0105ka ry\u017cowa 14%, przecier z jab\u0142ek, syrop ry\u017cowy, substancje spulchniaj\u0105ce (w\u0119glany amonu, w\u0119glany sodu), *sk\u0142adniki ekologiczne.<\/p>\n<p>Produkt mo\u017ce zawiera\u0107 inne zbo\u017ca zawieraj\u0105ce gluten, mleko (\u0142\u0105cznie z laktoz\u0105), jaja, orzechy i soj\u0119.<\/p>\n<p><b>Warto\u015bci od\u017cywcze w 100g:\u00a0<\/b>Warto\u015bci energetyczne 1957 kJ \/ 466 kcal, T\u0142uszcze 19 g, w tym kwasy t\u0142uszczowe nasycone 2,9 g, W\u0119glowodany 64 g, w tym cukry 19 g, B\u0142onnik 4,3 g, Bia\u0142ko 7,6 g, S\u00f3l 0,2 g.<\/p>\n<p><strong>Przechowywa\u0107 w suchym i ch\u0142odnym miejscu, z dala od \u017ar\u00f3de\u0142 \u015bwiat\u0142a.<\/strong><\/p>\n<p>Po otwarciu szczelnie zamyka\u0107 opakowanie.<\/p>\n<p>Rolnictwo UE\/spoza UE.<\/p>","protected":false},"excerpt":{"rendered":"<p>Opis Produktu Alce Nero Frollini Avena e Grano Saraceno\u00a0to ciastka owsiano-gryczane z oliw\u0105 z oliwek extra virgin (14%) BIO. Te ekologiczne ciastka wytwarzane s\u0105 wy\u0142\u0105cznie w 100% z w\u0142oskich zb\u00f3\u017c z dodatkiem oliwy z oliwek z pierwszego t\u0142oczenia. Ich receptura jest prosta. Sk\u0142ada si\u0119 z kilku sk\u0142adnik\u00f3w, bez aromat\u00f3w i produkt\u00f3w pochodzenia zwierz\u0119cego, takich jak [&hellip;]<\/p>","protected":false},"featured_media":547,"template":"","meta":{"site-sidebar-layout":"default","site-content-layout":"","ast-site-content-layout":"default","site-content-style":"default","site-sidebar-style":"default","ast-global-header-display":"","ast-banner-title-visibility":"","ast-main-header-display":"","ast-hfb-above-header-display":"","ast-hfb-below-header-display":"","ast-hfb-mobile-header-display":"","site-post-title":"","ast-breadcrumbs-content":"","ast-featured-img":"","footer-sml-layout":"","theme-transparent-header-meta":"default","adv-header-id-meta":"","stick-header-meta":"","header-above-stick-meta":"","header-main-stick-meta":"","header-below-stick-meta":"","astra-migrate-meta-layouts":"set","ast-page-background-enabled":"default","ast-page-background-meta":{"desktop":{"background-color":"var(--ast-global-color-4)","background-image":"","background-repeat":"repeat","background-position":"center center","background-size":"auto","background-attachment":"scroll","background-type":"","background-media":"","overlay-type":"","overlay-color":"","overlay-opacity":"","overlay-gradient":""},"tablet":{"background-color":"","background-image":"","background-repeat":"repeat","background-position":"center center","background-size":"auto","background-attachment":"scroll","background-type":"","background-media":"","overlay-type":"","overlay-color":"","overlay-opacity":"","overlay-gradient":""},"mobile":{"background-color":"","background-image":"","background-repeat":"repeat","background-position":"center center","background-size":"auto","background-attachment":"scroll","background-type":"","background-media":"","overlay-type":"","overlay-color":"","overlay-opacity":"","overlay-gradient":""}},"ast-content-background-meta":{"desktop":{"background-color":"var(--ast-global-color-5)","background-image":"","background-repeat":"repeat","background-position":"center center","background-size":"auto","background-attachment":"scroll","background-type":"","background-media":"","overlay-type":"","overlay-color":"","overlay-opacity":"","overlay-gradient":""},"tablet":{"background-color":"var(--ast-global-color-5)","background-image":"","background-repeat":"repeat","background-position":"center center","background-size":"auto","background-attachment":"scroll","background-type":"","background-media":"","overlay-type":"","overlay-color":"","overlay-opacity":"","overlay-gradient":""},"mobile":{"background-color":"var(--ast-global-color-5)","background-image":"","background-repeat":"repeat","background-position":"center center","background-size":"auto","background-attachment":"scroll","background-type":"","background-media":"","overlay-type":"","overlay-color":"","overlay-opacity":"","overlay-gradient":""}}},"product_cat":[25,24],"product_tag":[34],"class_list":{"0":"post-499","1":"product","2":"type-product","3":"status-publish","4":"has-post-thumbnail","6":"product_cat-slodkie","7":"product_cat-przekaski","8":"product_tag-etykieta-eko","9":"desktop-align-center","10":"tablet-align-left","11":"mobile-align-left","13":"first","14":"instock","15":"purchasable","16":"product-type-simple"},"_links":{"self":[{"href":"https:\/\/los-odpowiedzialni-spolecznie.pl\/en\/wp-json\/wp\/v2\/product\/499","targetHints":{"allow":["GET"]}}],"collection":[{"href":"https:\/\/los-odpowiedzialni-spolecznie.pl\/en\/wp-json\/wp\/v2\/product"}],"about":[{"href":"https:\/\/los-odpowiedzialni-spolecznie.pl\/en\/wp-json\/wp\/v2\/types\/product"}],"wp:featuredmedia":[{"embeddable":true,"href":"https:\/\/los-odpowiedzialni-spolecznie.pl\/en\/wp-json\/wp\/v2\/media\/547"}],"wp:attachment":[{"href":"https:\/\/los-odpowiedzialni-spolecznie.pl\/en\/wp-json\/wp\/v2\/media?parent=499"}],"wp:term":[{"taxonomy":"product_cat","embeddable":true,"href":"https:\/\/los-odpowiedzialni-spolecznie.pl\/en\/wp-json\/wp\/v2\/product_cat?post=499"},{"taxonomy":"product_tag","embeddable":true,"href":"https:\/\/los-odpowiedzialni-spolecznie.pl\/en\/wp-json\/wp\/v2\/product_tag?post=499"}],"curies":[{"name":"wp","href":"https:\/\/api.w.org\/{rel}","templated":true}]}}